{"id":30520,"date":"2022-08-04T14:46:21","date_gmt":"2022-08-04T12:46:21","guid":{"rendered":"https:\/\/vss.yoho.pl\/produkt\/modulowy-panel-dachowy-fit\/"},"modified":"2023-01-18T12:13:31","modified_gmt":"2023-01-18T11:13:31","slug":"fit-modular-panel","status":"publish","type":"product","link":"https:\/\/vss.yoho.pl\/cs\/produkt\/fit-modular-panel\/","title":{"rendered":"Modulov\u00fd St\u0159e\u0161n\u00ed Panel FIT"},"content":{"rendered":"","protected":false},"featured_media":11655,"menu_order":2,"template":"","product_category":[1011],"warranty":[1040],"product_serie":[],"class_list":["post-30520","product","type-product","status-publish","has-post-thumbnail","hentry","product_category-stresni-panel","warranty-55-let"],"acf":[],"yoast_head":"<!-- This site is optimized with the Yoast SEO plugin v26.5 - https:\/\/yoast.com\/wordpress\/plugins\/seo\/ -->\n<title>Modulov\u00fd St\u0159e\u0161n\u00ed Panel FIT - VSS<\/title>\n<meta name=\"robots\" content=\"noindex, follow, max-snippet:-1, max-image-preview:large, max-video-preview:-1\" \/>\n<meta property=\"og:locale\" content=\"cs_CZ\" \/>\n<meta property=\"og:type\" content=\"article\" \/>\n<meta property=\"og:title\" content=\"Modulov\u00fd St\u0159e\u0161n\u00ed Panel FIT - VSS\" \/>\n<meta property=\"og:url\" content=\"https:\/\/vss.yoho.pl\/vyrobok\/modulovy-stresny-panel-fit\/\" \/>\n<meta property=\"og:site_name\" content=\"VSS\" \/>\n<meta property=\"article:modified_time\" content=\"2023-01-18T11:13:31+00:00\" \/>\n<meta property=\"og:image\" content=\"https:\/\/vss.yoho.pl\/wp-content\/uploads\/2022\/06\/FIT.jpeg\" \/>\n\t<meta property=\"og:image:width\" content=\"1500\" \/>\n\t<meta property=\"og:image:height\" content=\"1000\" \/>\n\t<meta property=\"og:image:type\" content=\"image\/jpeg\" \/>\n<meta name=\"twitter:card\" content=\"summary_large_image\" \/>\n<script type=\"application\/ld+json\" class=\"yoast-schema-graph\">{\"@context\":\"https:\/\/schema.org\",\"@graph\":[{\"@type\":\"WebPage\",\"@id\":\"https:\/\/vss.yoho.pl\/vyrobok\/modulovy-stresny-panel-fit\/\",\"url\":\"https:\/\/vss.yoho.pl\/vyrobok\/modulovy-stresny-panel-fit\/\",\"name\":\"Modulov\u00fd St\u0159e\u0161n\u00ed Panel FIT - VSS\",\"isPartOf\":{\"@id\":\"https:\/\/vss.yoho.pl\/#website\"},\"primaryImageOfPage\":{\"@id\":\"https:\/\/vss.yoho.pl\/vyrobok\/modulovy-stresny-panel-fit\/#primaryimage\"},\"image\":{\"@id\":\"https:\/\/vss.yoho.pl\/vyrobok\/modulovy-stresny-panel-fit\/#primaryimage\"},\"thumbnailUrl\":\"https:\/\/vss.yoho.pl\/wp-content\/uploads\/2022\/06\/FIT.jpeg\",\"datePublished\":\"2022-08-04T12:46:21+00:00\",\"dateModified\":\"2023-01-18T11:13:31+00:00\",\"breadcrumb\":{\"@id\":\"https:\/\/vss.yoho.pl\/vyrobok\/modulovy-stresny-panel-fit\/#breadcrumb\"},\"inLanguage\":\"cs\",\"potentialAction\":[{\"@type\":\"ReadAction\",\"target\":[\"https:\/\/vss.yoho.pl\/vyrobok\/modulovy-stresny-panel-fit\/\"]}]},{\"@type\":\"ImageObject\",\"inLanguage\":\"cs\",\"@id\":\"https:\/\/vss.yoho.pl\/vyrobok\/modulovy-stresny-panel-fit\/#primaryimage\",\"url\":\"https:\/\/vss.yoho.pl\/wp-content\/uploads\/2022\/06\/FIT.jpeg\",\"contentUrl\":\"https:\/\/vss.yoho.pl\/wp-content\/uploads\/2022\/06\/FIT.jpeg\",\"width\":1500,\"height\":1000},{\"@type\":\"BreadcrumbList\",\"@id\":\"https:\/\/vss.yoho.pl\/vyrobok\/modulovy-stresny-panel-fit\/#breadcrumb\",\"itemListElement\":[{\"@type\":\"ListItem\",\"position\":1,\"name\":\"Home\",\"item\":\"https:\/\/vss.yoho.pl\/\"},{\"@type\":\"ListItem\",\"position\":2,\"name\":\"Modulov\u00fd St\u0159e\u0161n\u00ed Panel FIT\"}]},{\"@type\":\"WebSite\",\"@id\":\"https:\/\/vss.yoho.pl\/#website\",\"url\":\"https:\/\/vss.yoho.pl\/\",\"name\":\"VSS\",\"description\":\"Ocelov\u00e9 servisn\u00ed centrum VSS\",\"potentialAction\":[{\"@type\":\"SearchAction\",\"target\":{\"@type\":\"EntryPoint\",\"urlTemplate\":\"https:\/\/vss.yoho.pl\/?s={search_term_string}\"},\"query-input\":{\"@type\":\"PropertyValueSpecification\",\"valueRequired\":true,\"valueName\":\"search_term_string\"}}],\"inLanguage\":\"cs\"}]}<\/script>\n<!-- \/ Yoast SEO plugin. -->","yoast_head_json":{"title":"Modulov\u00fd St\u0159e\u0161n\u00ed Panel FIT - VSS","robots":{"index":"noindex","follow":"follow","max-snippet":"max-snippet:-1","max-image-preview":"max-image-preview:large","max-video-preview":"max-video-preview:-1"},"og_locale":"cs_CZ","og_type":"article","og_title":"Modulov\u00fd St\u0159e\u0161n\u00ed Panel FIT - VSS","og_url":"https:\/\/vss.yoho.pl\/vyrobok\/modulovy-stresny-panel-fit\/","og_site_name":"VSS","article_modified_time":"2023-01-18T11:13:31+00:00","og_image":[{"width":1500,"height":1000,"url":"https:\/\/vss.yoho.pl\/wp-content\/uploads\/2022\/06\/FIT.jpeg","type":"image\/jpeg"}],"twitter_card":"summary_large_image","schema":{"@context":"https:\/\/schema.org","@graph":[{"@type":"WebPage","@id":"https:\/\/vss.yoho.pl\/vyrobok\/modulovy-stresny-panel-fit\/","url":"https:\/\/vss.yoho.pl\/vyrobok\/modulovy-stresny-panel-fit\/","name":"Modulov\u00fd St\u0159e\u0161n\u00ed Panel FIT - VSS","isPartOf":{"@id":"https:\/\/vss.yoho.pl\/#website"},"primaryImageOfPage":{"@id":"https:\/\/vss.yoho.pl\/vyrobok\/modulovy-stresny-panel-fit\/#primaryimage"},"image":{"@id":"https:\/\/vss.yoho.pl\/vyrobok\/modulovy-stresny-panel-fit\/#primaryimage"},"thumbnailUrl":"https:\/\/vss.yoho.pl\/wp-content\/uploads\/2022\/06\/FIT.jpeg","datePublished":"2022-08-04T12:46:21+00:00","dateModified":"2023-01-18T11:13:31+00:00","breadcrumb":{"@id":"https:\/\/vss.yoho.pl\/vyrobok\/modulovy-stresny-panel-fit\/#breadcrumb"},"inLanguage":"cs","potentialAction":[{"@type":"ReadAction","target":["https:\/\/vss.yoho.pl\/vyrobok\/modulovy-stresny-panel-fit\/"]}]},{"@type":"ImageObject","inLanguage":"cs","@id":"https:\/\/vss.yoho.pl\/vyrobok\/modulovy-stresny-panel-fit\/#primaryimage","url":"https:\/\/vss.yoho.pl\/wp-content\/uploads\/2022\/06\/FIT.jpeg","contentUrl":"https:\/\/vss.yoho.pl\/wp-content\/uploads\/2022\/06\/FIT.jpeg","width":1500,"height":1000},{"@type":"BreadcrumbList","@id":"https:\/\/vss.yoho.pl\/vyrobok\/modulovy-stresny-panel-fit\/#breadcrumb","itemListElement":[{"@type":"ListItem","position":1,"name":"Home","item":"https:\/\/vss.yoho.pl\/"},{"@type":"ListItem","position":2,"name":"Modulov\u00fd St\u0159e\u0161n\u00ed Panel FIT"}]},{"@type":"WebSite","@id":"https:\/\/vss.yoho.pl\/#website","url":"https:\/\/vss.yoho.pl\/","name":"VSS","description":"Ocelov\u00e9 servisn\u00ed centrum VSS","potentialAction":[{"@type":"SearchAction","target":{"@type":"EntryPoint","urlTemplate":"https:\/\/vss.yoho.pl\/?s={search_term_string}"},"query-input":{"@type":"PropertyValueSpecification","valueRequired":true,"valueName":"search_term_string"}}],"inLanguage":"cs"}]}},"_links":{"self":[{"href":"https:\/\/vss.yoho.pl\/cs\/wp-json\/wp\/v2\/product\/30520","targetHints":{"allow":["GET"]}}],"collection":[{"href":"https:\/\/vss.yoho.pl\/cs\/wp-json\/wp\/v2\/product"}],"about":[{"href":"https:\/\/vss.yoho.pl\/cs\/wp-json\/wp\/v2\/types\/product"}],"wp:featuredmedia":[{"embeddable":true,"href":"https:\/\/vss.yoho.pl\/cs\/wp-json\/wp\/v2\/media\/11655"}],"wp:attachment":[{"href":"https:\/\/vss.yoho.pl\/cs\/wp-json\/wp\/v2\/media?parent=30520"}],"wp:term":[{"taxonomy":"product_category","embeddable":true,"href":"https:\/\/vss.yoho.pl\/cs\/wp-json\/wp\/v2\/product_category?post=30520"},{"taxonomy":"warranty","embeddable":true,"href":"https:\/\/vss.yoho.pl\/cs\/wp-json\/wp\/v2\/warranty?post=30520"},{"taxonomy":"product_serie","embeddable":true,"href":"https:\/\/vss.yoho.pl\/cs\/wp-json\/wp\/v2\/product_serie?post=30520"}],"curies":[{"name":"wp","href":"https:\/\/api.w.org\/{rel}","templated":true}]}}