{"id":48335,"date":"2022-03-25T13:03:02","date_gmt":"2022-03-25T12:03:02","guid":{"rendered":"https:\/\/vss.yoho.pl\/produkt\/blachy-plaskie\/"},"modified":"2023-01-18T13:24:37","modified_gmt":"2023-01-18T12:24:37","slug":"blachy-plaskie","status":"publish","type":"product","link":"https:\/\/vss.yoho.pl\/cs\/produkt\/blachy-plaskie\/","title":{"rendered":"Ploch\u00e9 plechy"},"content":{"rendered":"\n<div class=\"wp-block-group\"><div class=\"wp-block-group__inner-container is-layout-flow wp-block-group-is-layout-flow\">\n<div style=\"height:100px\" aria-hidden=\"true\" class=\"wp-block-spacer is-style-small-spacer\"><\/div>\n\n\n\n<div class=\"wp-block-columns has-dark-gray-background-color has-background is-layout-flex wp-container-core-columns-is-layout-9d6595d7 wp-block-columns-is-layout-flex\">\n<div class=\"wp-block-column is-layout-flow wp-block-column-is-layout-flow\">\n<h2 class=\"has-text-align-center is-style-h3 wp-block-heading\">Plechy pozinkovan\u00e9<\/h2>\n\n\n\n<figure class=\"wp-block-table\"><table><tbody><tr><td class=\"has-text-align-center\" data-align=\"center\">0,50 mm x 1000 mm x 2000 mm1000<\/td><\/tr><tr><td class=\"has-text-align-center\" data-align=\"center\">0,50 mm x 1250 mm x 2000 mm<\/td><\/tr><tr><td class=\"has-text-align-center\" data-align=\"center\">0,70 mm x 1250 mm x 2000 mm<\/td><\/tr><tr><td class=\"has-text-align-center\" data-align=\"center\">1,00 mm x 1250 mm x 2000 mm<\/td><\/tr><\/tbody><\/table><\/figure>\n<\/div>\n\n\n\n<div class=\"wp-block-column is-layout-flow wp-block-column-is-layout-flow\">\n<h2 class=\"has-text-align-center is-style-h3 wp-block-heading\">Plechy Aluzinc<\/h2>\n\n\n\n<figure class=\"wp-block-table\"><table><tbody><tr><td class=\"has-text-align-center\" data-align=\"center\">0,50 mm x 1250 mm x 2000 mm<\/td><\/tr><tr><td class=\"has-text-align-center\" data-align=\"center\">0,70 mm x 1250 mm x 2000 mm<\/td><\/tr><\/tbody><\/table><\/figure>\n<\/div>\n\n\n\n<div class=\"wp-block-column is-layout-flow wp-block-column-is-layout-flow\">\n<h2 class=\"has-text-align-center is-style-h3 wp-block-heading\">Plechy s povlake<\/h2>\n\n\n\n<figure class=\"wp-block-table\"><table><tbody><tr><td class=\"has-text-align-center\" data-align=\"center\">0,50&nbsp; mm x 1250 mm x 2000 mm<\/td><\/tr><tr><td class=\"has-text-align-center\" data-align=\"center\">0,70&nbsp; mm x 1250 mm x 2000 mm<\/td><\/tr><\/tbody><\/table><\/figure>\n<\/div>\n\n\n\n<div class=\"wp-block-column is-layout-flow wp-block-column-is-layout-flow\">\n<h2 class=\"has-text-align-center is-style-h3 wp-block-heading\">K\u0159\u00ed\u017eov\u00e9 \u0159ez\u00e1n\u00ed na listy a form\u00e1ty podle individu\u00e1ln\u00edch po\u017eadavk\u016f.<\/h2>\n\n\n\n<p class=\"has-text-align-center\"><strong>Technick\u00e9 specifikace<\/strong>*<\/p>\n\n\n\n<figure class=\"wp-block-table\"><table><tbody><tr><td class=\"has-text-align-center\" data-align=\"center\">Tlou\u0161\u0165ka plechu<br>0,4\u20132,0 mm<\/td><\/tr><tr><td class=\"has-text-align-center\" data-align=\"center\">Minim\u00e1ln\u00ed velikost form\u00e1tu<br>70\u00d7100 mm<\/td><\/tr><tr><td class=\"has-text-align-center\" data-align=\"center\">Maxim\u00e1ln\u00ed d\u00e9lka<br>6000 mm<\/td><\/tr><\/tbody><\/table><\/figure>\n<\/div>\n<\/div>\n<\/div><\/div>\n\n\n\n<div class=\"wp-block-group\"><div class=\"wp-block-group__inner-container is-layout-flow wp-block-group-is-layout-flow\">\n<div style=\"height:100px\" aria-hidden=\"true\" class=\"wp-block-spacer is-style-small-spacer\"><\/div>\n\n\n\n<h2 class=\"has-text-align-center is-style-h3 wp-block-heading\">SLU\u017dBY \u0158EZ\u00c1N\u00cd A P\u0158EVINOV\u00c1N\u00cd<\/h2>\n\n\n\n<p class=\"has-text-align-center\">(na indywidualne zam\u00f3wienie)<\/p>\n\n\n\n<div style=\"height:100px\" aria-hidden=\"true\" class=\"wp-block-spacer is-style-small-spacer\"><\/div>\n\n\n\n<div class=\"wp-block-columns is-layout-flex wp-container-core-columns-is-layout-9d6595d7 wp-block-columns-is-layout-flex\">\n<div class=\"wp-block-column is-layout-flow wp-block-column-is-layout-flow\"><div class=\"wp-block-image\">\n<figure class=\"aligncenter size-full is-resized\"><img loading=\"lazy\" decoding=\"async\" src=\"https:\/\/vss.yoho.pl\/wp-content\/uploads\/2022\/03\/SCS_ciecie_przewijanie_1.png\" alt=\"\" class=\"wp-image-5130\" width=\"383\" height=\"162\"\/><\/figure>\n<\/div>\n\n\n<p class=\"has-text-align-center\">P\u0159ed r\u0159ez\u00e1n\u00edm plech\u016f je m\u016f\u017eeme olepit ochrannou f\u00f3li\u00ed nebo<br>antikondenza\u010dn\u00edm povlakem.<\/p>\n<\/div>\n\n\n\n<div class=\"wp-block-column is-layout-flow wp-block-column-is-layout-flow\"><div class=\"wp-block-image\">\n<figure class=\"aligncenter size-full is-resized\"><img loading=\"lazy\" decoding=\"async\" src=\"https:\/\/vss.yoho.pl\/wp-content\/uploads\/2022\/03\/SCS_ciecie_przewijanie_2.png\" alt=\"\" class=\"wp-image-5139\" width=\"383\" height=\"162\"\/><\/figure>\n<\/div>\n\n\n<p class=\"has-text-align-center\">P\u0159ev\u00edjen\u00ed svitk\u016f bez \u0159ez\u00e1n\u00ed.<\/p>\n<\/div>\n\n\n\n<div class=\"wp-block-column is-layout-flow wp-block-column-is-layout-flow\"><div class=\"wp-block-image\">\n<figure class=\"aligncenter size-full is-resized\"><img loading=\"lazy\" decoding=\"async\" src=\"https:\/\/vss.yoho.pl\/wp-content\/uploads\/2022\/03\/SCS_ciecie_przewijanie_3.png\" alt=\"\" class=\"wp-image-5144\" width=\"383\" height=\"162\"\/><\/figure>\n<\/div>\n\n\n<p class=\"has-text-align-center\">P\u0159\u00ed\u010dn\u00e9 \u0159ez\u00e1n\u00ed na listy a form\u00e1ty dle individu\u00e1ln\u00edch po\u017eadavk\u016f.<\/p>\n<\/div>\n<\/div>\n\n\n\n<div style=\"height:100px\" aria-hidden=\"true\" class=\"wp-block-spacer is-style-small-spacer\"><\/div>\n\n\n\n<div class=\"wp-block-columns is-layout-flex wp-container-core-columns-is-layout-9d6595d7 wp-block-columns-is-layout-flex\">\n<div class=\"wp-block-column is-layout-flow wp-block-column-is-layout-flow\"><div class=\"wp-block-image\">\n<figure class=\"aligncenter size-full is-resized\"><img loading=\"lazy\" decoding=\"async\" src=\"https:\/\/vss.yoho.pl\/wp-content\/uploads\/2022\/03\/SCS_ciecie_przewijanie_4.png\" alt=\"\" class=\"wp-image-5149\" width=\"383\" height=\"162\"\/><\/figure>\n<\/div>\n\n\n<p class=\"has-text-align-center\">Pod\u00e9ln\u00e9 \u0159ez\u00e1n\u00ed na p\u00e1sy dle individu\u00e1ln\u00edch po\u017eadavk\u016f.<\/p>\n<\/div>\n\n\n\n<div class=\"wp-block-column is-layout-flow wp-block-column-is-layout-flow\"><div class=\"wp-block-image\">\n<figure class=\"aligncenter size-full is-resized\"><img loading=\"lazy\" decoding=\"async\" src=\"https:\/\/vss.yoho.pl\/wp-content\/uploads\/2022\/03\/blachy_plaskie_perforacja-1.jpg\" alt=\"\" class=\"wp-image-5942\" width=\"383\" height=\"162\"\/><\/figure>\n<\/div>\n\n\n<p>Nab\u00edz\u00edme perforaci ploch\u00fdch plech\u016f. Podrobnosti (tvar,<br>velikost, vzor otvor\u016f a jin\u00e9) jsou dohadovan\u00e9 individu\u00e1ln\u011b<br>s obchodn\u00edm odd\u011blen\u00edm.<\/p>\n<\/div>\n\n\n\n<div class=\"wp-block-column is-layout-flow wp-block-column-is-layout-flow\"><\/div>\n<\/div>\n<\/div><\/div>\n","protected":false},"featured_media":25570,"menu_order":252,"template":"","product_category":[1008],"warranty":[1041,1045,1039,1043,1044],"product_serie":[],"class_list":["post-48335","product","type-product","status-publish","has-post-thumbnail","hentry","product_category-ploche-plechy","warranty-10-let","warranty-25-let","warranty-30-let","warranty-35-let","warranty-40-let"],"acf":[],"yoast_head":"<!-- This site is optimized with the Yoast SEO plugin v26.5 - https:\/\/yoast.com\/wordpress\/plugins\/seo\/ -->\n<title>Ploch\u00e9 plechy - VSS<\/title>\n<meta name=\"robots\" content=\"noindex, follow, max-snippet:-1, max-image-preview:large, max-video-preview:-1\" \/>\n<meta property=\"og:locale\" content=\"cs_CZ\" \/>\n<meta property=\"og:type\" content=\"article\" \/>\n<meta property=\"og:title\" content=\"Ploch\u00e9 plechy - VSS\" \/>\n<meta property=\"og:description\" content=\"Plechy pozinkovan\u00e9 0,50 mm x 1000 mm x 2000 mm1000 0,50 mm x 1250 mm x 2000 mm 0,70 mm x 1250 mm x 2000 mm 1,00 mm x 1250 mm x 2000 mm Plechy Aluzinc 0,50 mm x 1250 mm x 2000 mm 0,70 mm x 1250 mm x 2000 mm Plechy s povlake [&hellip;]\" \/>\n<meta property=\"og:url\" content=\"https:\/\/vss.yoho.pl\/vyrobok\/plechy-ploche\/\" \/>\n<meta property=\"og:site_name\" content=\"VSS\" \/>\n<meta property=\"article:modified_time\" content=\"2023-01-18T12:24:37+00:00\" \/>\n<meta property=\"og:image\" content=\"https:\/\/vss.yoho.pl\/wp-content\/uploads\/2022\/03\/BLACHYPLASKIE.png\" \/>\n\t<meta property=\"og:image:width\" content=\"820\" \/>\n\t<meta property=\"og:image:height\" content=\"547\" \/>\n\t<meta property=\"og:image:type\" content=\"image\/png\" \/>\n<meta name=\"twitter:card\" content=\"summary_large_image\" \/>\n<meta name=\"twitter:label1\" content=\"Est. reading time\" \/>\n\t<meta name=\"twitter:data1\" content=\"1 minuta\" \/>\n<script type=\"application\/ld+json\" class=\"yoast-schema-graph\">{\"@context\":\"https:\/\/schema.org\",\"@graph\":[{\"@type\":\"WebPage\",\"@id\":\"https:\/\/vss.yoho.pl\/vyrobok\/plechy-ploche\/\",\"url\":\"https:\/\/vss.yoho.pl\/vyrobok\/plechy-ploche\/\",\"name\":\"Ploch\u00e9 plechy - VSS\",\"isPartOf\":{\"@id\":\"https:\/\/vss.yoho.pl\/#website\"},\"primaryImageOfPage\":{\"@id\":\"https:\/\/vss.yoho.pl\/vyrobok\/plechy-ploche\/#primaryimage\"},\"image\":{\"@id\":\"https:\/\/vss.yoho.pl\/vyrobok\/plechy-ploche\/#primaryimage\"},\"thumbnailUrl\":\"https:\/\/vss.yoho.pl\/wp-content\/uploads\/2022\/03\/BLACHYPLASKIE.png\",\"datePublished\":\"2022-03-25T12:03:02+00:00\",\"dateModified\":\"2023-01-18T12:24:37+00:00\",\"breadcrumb\":{\"@id\":\"https:\/\/vss.yoho.pl\/vyrobok\/plechy-ploche\/#breadcrumb\"},\"inLanguage\":\"cs\",\"potentialAction\":[{\"@type\":\"ReadAction\",\"target\":[\"https:\/\/vss.yoho.pl\/vyrobok\/plechy-ploche\/\"]}]},{\"@type\":\"ImageObject\",\"inLanguage\":\"cs\",\"@id\":\"https:\/\/vss.yoho.pl\/vyrobok\/plechy-ploche\/#primaryimage\",\"url\":\"https:\/\/vss.yoho.pl\/wp-content\/uploads\/2022\/03\/BLACHYPLASKIE.png\",\"contentUrl\":\"https:\/\/vss.yoho.pl\/wp-content\/uploads\/2022\/03\/BLACHYPLASKIE.png\",\"width\":820,\"height\":547},{\"@type\":\"BreadcrumbList\",\"@id\":\"https:\/\/vss.yoho.pl\/vyrobok\/plechy-ploche\/#breadcrumb\",\"itemListElement\":[{\"@type\":\"ListItem\",\"position\":1,\"name\":\"Home\",\"item\":\"https:\/\/vss.yoho.pl\/\"},{\"@type\":\"ListItem\",\"position\":2,\"name\":\"Ploch\u00e9 plechy\"}]},{\"@type\":\"WebSite\",\"@id\":\"https:\/\/vss.yoho.pl\/#website\",\"url\":\"https:\/\/vss.yoho.pl\/\",\"name\":\"VSS\",\"description\":\"Ocelov\u00e9 servisn\u00ed centrum VSS\",\"potentialAction\":[{\"@type\":\"SearchAction\",\"target\":{\"@type\":\"EntryPoint\",\"urlTemplate\":\"https:\/\/vss.yoho.pl\/?s={search_term_string}\"},\"query-input\":{\"@type\":\"PropertyValueSpecification\",\"valueRequired\":true,\"valueName\":\"search_term_string\"}}],\"inLanguage\":\"cs\"}]}<\/script>\n<!-- \/ Yoast SEO plugin. -->","yoast_head_json":{"title":"Ploch\u00e9 plechy - VSS","robots":{"index":"noindex","follow":"follow","max-snippet":"max-snippet:-1","max-image-preview":"max-image-preview:large","max-video-preview":"max-video-preview:-1"},"og_locale":"cs_CZ","og_type":"article","og_title":"Ploch\u00e9 plechy - VSS","og_description":"Plechy pozinkovan\u00e9 0,50 mm x 1000 mm x 2000 mm1000 0,50 mm x 1250 mm x 2000 mm 0,70 mm x 1250 mm x 2000 mm 1,00 mm x 1250 mm x 2000 mm Plechy Aluzinc 0,50 mm x 1250 mm x 2000 mm 0,70 mm x 1250 mm x 2000 mm Plechy s povlake [&hellip;]","og_url":"https:\/\/vss.yoho.pl\/vyrobok\/plechy-ploche\/","og_site_name":"VSS","article_modified_time":"2023-01-18T12:24:37+00:00","og_image":[{"width":820,"height":547,"url":"https:\/\/vss.yoho.pl\/wp-content\/uploads\/2022\/03\/BLACHYPLASKIE.png","type":"image\/png"}],"twitter_card":"summary_large_image","twitter_misc":{"Est. reading time":"1 minuta"},"schema":{"@context":"https:\/\/schema.org","@graph":[{"@type":"WebPage","@id":"https:\/\/vss.yoho.pl\/vyrobok\/plechy-ploche\/","url":"https:\/\/vss.yoho.pl\/vyrobok\/plechy-ploche\/","name":"Ploch\u00e9 plechy - VSS","isPartOf":{"@id":"https:\/\/vss.yoho.pl\/#website"},"primaryImageOfPage":{"@id":"https:\/\/vss.yoho.pl\/vyrobok\/plechy-ploche\/#primaryimage"},"image":{"@id":"https:\/\/vss.yoho.pl\/vyrobok\/plechy-ploche\/#primaryimage"},"thumbnailUrl":"https:\/\/vss.yoho.pl\/wp-content\/uploads\/2022\/03\/BLACHYPLASKIE.png","datePublished":"2022-03-25T12:03:02+00:00","dateModified":"2023-01-18T12:24:37+00:00","breadcrumb":{"@id":"https:\/\/vss.yoho.pl\/vyrobok\/plechy-ploche\/#breadcrumb"},"inLanguage":"cs","potentialAction":[{"@type":"ReadAction","target":["https:\/\/vss.yoho.pl\/vyrobok\/plechy-ploche\/"]}]},{"@type":"ImageObject","inLanguage":"cs","@id":"https:\/\/vss.yoho.pl\/vyrobok\/plechy-ploche\/#primaryimage","url":"https:\/\/vss.yoho.pl\/wp-content\/uploads\/2022\/03\/BLACHYPLASKIE.png","contentUrl":"https:\/\/vss.yoho.pl\/wp-content\/uploads\/2022\/03\/BLACHYPLASKIE.png","width":820,"height":547},{"@type":"BreadcrumbList","@id":"https:\/\/vss.yoho.pl\/vyrobok\/plechy-ploche\/#breadcrumb","itemListElement":[{"@type":"ListItem","position":1,"name":"Home","item":"https:\/\/vss.yoho.pl\/"},{"@type":"ListItem","position":2,"name":"Ploch\u00e9 plechy"}]},{"@type":"WebSite","@id":"https:\/\/vss.yoho.pl\/#website","url":"https:\/\/vss.yoho.pl\/","name":"VSS","description":"Ocelov\u00e9 servisn\u00ed centrum VSS","potentialAction":[{"@type":"SearchAction","target":{"@type":"EntryPoint","urlTemplate":"https:\/\/vss.yoho.pl\/?s={search_term_string}"},"query-input":{"@type":"PropertyValueSpecification","valueRequired":true,"valueName":"search_term_string"}}],"inLanguage":"cs"}]}},"_links":{"self":[{"href":"https:\/\/vss.yoho.pl\/cs\/wp-json\/wp\/v2\/product\/48335","targetHints":{"allow":["GET"]}}],"collection":[{"href":"https:\/\/vss.yoho.pl\/cs\/wp-json\/wp\/v2\/product"}],"about":[{"href":"https:\/\/vss.yoho.pl\/cs\/wp-json\/wp\/v2\/types\/product"}],"wp:featuredmedia":[{"embeddable":true,"href":"https:\/\/vss.yoho.pl\/cs\/wp-json\/wp\/v2\/media\/25570"}],"wp:attachment":[{"href":"https:\/\/vss.yoho.pl\/cs\/wp-json\/wp\/v2\/media?parent=48335"}],"wp:term":[{"taxonomy":"product_category","embeddable":true,"href":"https:\/\/vss.yoho.pl\/cs\/wp-json\/wp\/v2\/product_category?post=48335"},{"taxonomy":"warranty","embeddable":true,"href":"https:\/\/vss.yoho.pl\/cs\/wp-json\/wp\/v2\/warranty?post=48335"},{"taxonomy":"product_serie","embeddable":true,"href":"https:\/\/vss.yoho.pl\/cs\/wp-json\/wp\/v2\/product_serie?post=48335"}],"curies":[{"name":"wp","href":"https:\/\/api.w.org\/{rel}","templated":true}]}}