{"id":48369,"date":"2022-03-23T10:08:47","date_gmt":"2022-03-23T09:08:47","guid":{"rendered":"https:\/\/vss.yoho.pl\/produkt\/uslugi-przewijania-i-rozkroje\/"},"modified":"2023-01-18T13:24:47","modified_gmt":"2023-01-18T12:24:47","slug":"slyzby-rezani","status":"publish","type":"product","link":"https:\/\/vss.yoho.pl\/cs\/produkt\/slyzby-rezani\/","title":{"rendered":"SLU\u017dBY \u0158EZ\u00c1N\u00cd A P\u0158EVINOV\u00c1N\u00cd"},"content":{"rendered":"\n<div class=\"wp-block-group\"><div class=\"wp-block-group__inner-container is-layout-flow wp-block-group-is-layout-flow\">\n<div style=\"height:100px\" aria-hidden=\"true\" class=\"wp-block-spacer is-style-small-spacer\"><\/div>\n\n\n\n<div class=\"wp-block-columns is-style-mobile-reverse is-layout-flex wp-container-core-columns-is-layout-9d6595d7 wp-block-columns-is-layout-flex\">\n<div class=\"wp-block-column has-dark-gray-background-color has-background is-layout-flow wp-block-column-is-layout-flow\">\n<div class=\"wp-block-cover is-light is-style-full-height\"><span aria-hidden=\"true\" class=\"wp-block-cover__background has-dark-gray-background-color has-background-dim-100 has-background-dim\"><\/span><div class=\"wp-block-cover__inner-container is-layout-flow wp-block-cover-is-layout-flow\">\n<p>P\u0159ed r\u0159ez\u00e1n\u00edm plech\u016f je m\u016f\u017eeme olepit ochrannou f\u00f3li\u00ed nebo antikondenza\u010dn\u00edm povlakem.<\/p>\n\n\n\n<p><strong>Vstupn\u00ed parametry<\/strong><\/p>\n\n\n\n<figure class=\"wp-block-table\"><table class=\"has-fixed-layout\"><tbody><tr><td>Maxim\u00e1ln\u00ed hmotnost svitk\u016f<\/td><td>10 T<\/td><\/tr><tr><td>Maxim\u00e1ln\u00ed \u0161\u00ed\u0159ka p\u00e1su<\/td><td>1500 mm<\/td><\/tr><tr><td>Tlou\u0161\u0165ka plechu<\/td><td>0,4\u20132,0 mm<\/td><\/tr><\/tbody><\/table><\/figure>\n<\/div><\/div>\n<\/div>\n\n\n\n<div class=\"wp-block-column is-vertically-aligned-center has-white-background-color has-background is-layout-flow wp-block-column-is-layout-flow\"><div class=\"wp-block-image\">\n<figure class=\"aligncenter size-full\"><img loading=\"lazy\" decoding=\"async\" width=\"510\" height=\"216\" src=\"https:\/\/vss.yoho.pl\/wp-content\/uploads\/2022\/03\/SCS_ciecie_przewijanie_1.png\" alt=\"\" class=\"wp-image-5130\"\/><\/figure>\n<\/div><\/div>\n<\/div>\n\n\n\n<div class=\"wp-block-columns is-style-default is-layout-flex wp-container-core-columns-is-layout-9d6595d7 wp-block-columns-is-layout-flex\">\n<div class=\"wp-block-column is-vertically-aligned-center is-layout-flow wp-block-column-is-layout-flow\"><div class=\"wp-block-image\">\n<figure class=\"aligncenter size-full\"><img loading=\"lazy\" decoding=\"async\" width=\"510\" height=\"216\" src=\"https:\/\/vss.yoho.pl\/wp-content\/uploads\/2022\/03\/SCS_ciecie_przewijanie_2.png\" alt=\"\" class=\"wp-image-5139\"\/><\/figure>\n<\/div><\/div>\n\n\n\n<div class=\"wp-block-column is-vertically-aligned-center has-white-background-color has-background is-layout-flow wp-block-column-is-layout-flow\">\n<div class=\"wp-block-cover is-light is-style-full-height\"><span aria-hidden=\"true\" class=\"wp-block-cover__background has-dark-gray-background-color has-background-dim-100 has-background-dim\"><\/span><div class=\"wp-block-cover__inner-container is-layout-flow wp-block-cover-is-layout-flow\">\n<p>P\u0159ev\u00edjen\u00ed svitk\u016f bez \u0159ez\u00e1n\u00ed.<\/p>\n\n\n\n<p><strong>Technick\u00e9 specifikace*<\/strong><\/p>\n\n\n\n<figure class=\"wp-block-table\"><table class=\"has-fixed-layout\"><tbody><tr><td>Maxim\u00e1ln\u00ed hmotnost svitk\u016f<\/td><td>10 T<\/td><\/tr><tr><td>Maxim\u00e1ln\u00ed \u0161\u00ed\u0159ka p\u00e1su<\/td><td>1500 mm<\/td><\/tr><tr><td>Tlou\u0161\u0165ka plechu<\/td><td>0,4\u20132,0 mm<\/td><\/tr><\/tbody><\/table><\/figure>\n<\/div><\/div>\n<\/div>\n<\/div>\n\n\n\n<div class=\"wp-block-columns is-style-mobile-reverse is-layout-flex wp-container-core-columns-is-layout-9d6595d7 wp-block-columns-is-layout-flex\">\n<div class=\"wp-block-column has-dark-gray-background-color has-background is-layout-flow wp-block-column-is-layout-flow\">\n<div class=\"wp-block-cover is-light is-style-full-height\"><span aria-hidden=\"true\" class=\"wp-block-cover__background has-dark-gray-background-color has-background-dim-100 has-background-dim\"><\/span><div class=\"wp-block-cover__inner-container is-layout-flow wp-block-cover-is-layout-flow\">\n<p>P\u0159\u00ed\u010dn\u00e9 \u0159ez\u00e1n\u00ed na listy a form\u00e1ty dle individu\u00e1ln\u00edch po\u017eadavk\u016f.<\/p>\n\n\n\n<p><strong>Technick\u00e1 specifikace*<\/strong><\/p>\n\n\n\n<figure class=\"wp-block-table\"><table class=\"has-fixed-layout\"><tbody><tr><td>Tlou\u0161\u0165ka plechu<\/td><td>0,4\u20132,0 mm<\/td><\/tr><tr><td>Minim\u00e1ln\u00ed velikost form\u00e1tu <\/td><td>70\u00d7100 mm<\/td><\/tr><tr><td>Maxim\u00e1ln\u00ed d\u00e9lka tabule<\/td><td>6000 mm<\/td><\/tr><\/tbody><\/table><\/figure>\n<\/div><\/div>\n<\/div>\n\n\n\n<div class=\"wp-block-column is-vertically-aligned-center has-white-background-color has-background is-layout-flow wp-block-column-is-layout-flow\"><div class=\"wp-block-image\">\n<figure class=\"aligncenter size-full\"><img loading=\"lazy\" decoding=\"async\" width=\"510\" height=\"216\" src=\"https:\/\/vss.yoho.pl\/wp-content\/uploads\/2022\/03\/SCS_ciecie_przewijanie_3.png\" alt=\"\" class=\"wp-image-5144\"\/><\/figure>\n<\/div><\/div>\n<\/div>\n\n\n\n<div class=\"wp-block-columns is-style-default is-layout-flex wp-container-core-columns-is-layout-9d6595d7 wp-block-columns-is-layout-flex\">\n<div class=\"wp-block-column is-vertically-aligned-center is-layout-flow wp-block-column-is-layout-flow\"><div class=\"wp-block-image\">\n<figure class=\"aligncenter size-full\"><img loading=\"lazy\" decoding=\"async\" width=\"510\" height=\"216\" src=\"https:\/\/vss.yoho.pl\/wp-content\/uploads\/2022\/03\/SCS_ciecie_przewijanie_4.png\" alt=\"\" class=\"wp-image-5149\"\/><\/figure>\n<\/div><\/div>\n\n\n\n<div class=\"wp-block-column is-vertically-aligned-center has-white-background-color has-background is-layout-flow wp-block-column-is-layout-flow\">\n<div class=\"wp-block-cover is-light is-style-full-height\"><span aria-hidden=\"true\" class=\"wp-block-cover__background has-dark-gray-background-color has-background-dim-100 has-background-dim\"><\/span><div class=\"wp-block-cover__inner-container is-layout-flow wp-block-cover-is-layout-flow\">\n<p>Pod\u00e9ln\u00e9 \u0159ez\u00e1n\u00ed na p\u00e1sy dle individu\u00e1ln\u00edch po\u017eadavk\u016f.<\/p>\n\n\n\n<p><strong>Technick\u00e1 specifikace*<\/strong><\/p>\n\n\n\n<figure class=\"wp-block-table\"><table class=\"has-fixed-layout\"><tbody><tr><td>Tlou\u0161\u0165ka plechu<\/td><td>0,4\u20132,0 mm<\/td><\/tr><tr><td>Minim\u00e1ln\u00ed \u0161\u00ed\u0159ka p\u00e1su<\/td><td>70 mm<\/td><\/tr><\/tbody><\/table><\/figure>\n<\/div><\/div>\n<\/div>\n<\/div>\n\n\n\n<p>* P\u0159edlo\u017een\u00e9 \u00fadaje se t\u00fdkaj\u00ed vs\u00e1zkov\u00e9ho materi\u00e1lu z nab\u00eddky BP2. Stanoven\u00ed parametr\u016f pro pov\u011b\u0159en\u00fd materi\u00e1l vy\u017eaduje konzultaci s odd\u011blen\u00edm<br>prodeje. P\u0159i p\u0159ev\u00edjen\u00ed a pod\u00e9ln\u00e9m \u0159ez\u00e1n\u00ed bez z\u00e1sahu do \u0161\u00ed\u0159ky vs\u00e1zky plat\u00ed tolerance dle t\u011bchto norem pro hutnictv\u00ed:<\/p>\n\n\n\n<ul class=\"wp-block-list\">\n<li>tolerance rozm\u011br\u016f a tvaru: EN 10143,<\/li>\n\n\n\n<li>kovov\u00fd povlak a kvalita povrchu: EN 10326, EN 10327,<\/li>\n\n\n\n<li>organick\u00fd povlak a kvalita povrchu: EN 10169.<\/li>\n<\/ul>\n<\/div><\/div>\n","protected":false},"featured_media":29190,"menu_order":264,"template":"","product_category":[996,1013,1016],"warranty":[],"product_serie":[],"class_list":["post-48369","product","type-product","status-publish","has-post-thumbnail","hentry","product_category-investicni-stavebnictvi","product_category-ocelove-servisni-centrum-vss","product_category-rezy"],"acf":[],"yoast_head":"<!-- This site is optimized with the Yoast SEO plugin v26.5 - https:\/\/yoast.com\/wordpress\/plugins\/seo\/ -->\n<title>SLU\u017dBY \u0158EZ\u00c1N\u00cd A P\u0158EVINOV\u00c1N\u00cd - VSS<\/title>\n<meta name=\"robots\" content=\"noindex, follow, max-snippet:-1, max-image-preview:large, max-video-preview:-1\" \/>\n<meta property=\"og:locale\" content=\"cs_CZ\" \/>\n<meta property=\"og:type\" content=\"article\" \/>\n<meta property=\"og:title\" content=\"SLU\u017dBY \u0158EZ\u00c1N\u00cd A P\u0158EVINOV\u00c1N\u00cd - VSS\" \/>\n<meta property=\"og:description\" content=\"* P\u0159edlo\u017een\u00e9 \u00fadaje se t\u00fdkaj\u00ed vs\u00e1zkov\u00e9ho materi\u00e1lu z nab\u00eddky BP2. Stanoven\u00ed parametr\u016f pro pov\u011b\u0159en\u00fd materi\u00e1l vy\u017eaduje konzultaci s odd\u011blen\u00edmprodeje. P\u0159i p\u0159ev\u00edjen\u00ed a pod\u00e9ln\u00e9m \u0159ez\u00e1n\u00ed bez z\u00e1sahu do \u0161\u00ed\u0159ky vs\u00e1zky plat\u00ed tolerance dle t\u011bchto norem pro hutnictv\u00ed:\" \/>\n<meta property=\"og:url\" content=\"https:\/\/vss.yoho.pl\/vyrobok\/sluzby-previjania-a-rezania\/\" \/>\n<meta property=\"og:site_name\" content=\"VSS\" \/>\n<meta property=\"article:modified_time\" content=\"2023-01-18T12:24:47+00:00\" \/>\n<meta property=\"og:image\" content=\"https:\/\/vss.yoho.pl\/wp-content\/uploads\/2022\/03\/ciecie-i-przewijanie-1.png\" \/>\n\t<meta property=\"og:image:width\" content=\"820\" \/>\n\t<meta property=\"og:image:height\" content=\"547\" \/>\n\t<meta property=\"og:image:type\" content=\"image\/png\" \/>\n<meta name=\"twitter:card\" content=\"summary_large_image\" \/>\n<meta name=\"twitter:label1\" content=\"Est. reading time\" \/>\n\t<meta name=\"twitter:data1\" content=\"1 minuta\" \/>\n<script type=\"application\/ld+json\" class=\"yoast-schema-graph\">{\"@context\":\"https:\/\/schema.org\",\"@graph\":[{\"@type\":\"WebPage\",\"@id\":\"https:\/\/vss.yoho.pl\/vyrobok\/sluzby-previjania-a-rezania\/\",\"url\":\"https:\/\/vss.yoho.pl\/vyrobok\/sluzby-previjania-a-rezania\/\",\"name\":\"SLU\u017dBY \u0158EZ\u00c1N\u00cd A P\u0158EVINOV\u00c1N\u00cd - VSS\",\"isPartOf\":{\"@id\":\"https:\/\/vss.yoho.pl\/#website\"},\"primaryImageOfPage\":{\"@id\":\"https:\/\/vss.yoho.pl\/vyrobok\/sluzby-previjania-a-rezania\/#primaryimage\"},\"image\":{\"@id\":\"https:\/\/vss.yoho.pl\/vyrobok\/sluzby-previjania-a-rezania\/#primaryimage\"},\"thumbnailUrl\":\"https:\/\/vss.yoho.pl\/wp-content\/uploads\/2022\/03\/ciecie-i-przewijanie-1.png\",\"datePublished\":\"2022-03-23T09:08:47+00:00\",\"dateModified\":\"2023-01-18T12:24:47+00:00\",\"breadcrumb\":{\"@id\":\"https:\/\/vss.yoho.pl\/vyrobok\/sluzby-previjania-a-rezania\/#breadcrumb\"},\"inLanguage\":\"cs\",\"potentialAction\":[{\"@type\":\"ReadAction\",\"target\":[\"https:\/\/vss.yoho.pl\/vyrobok\/sluzby-previjania-a-rezania\/\"]}]},{\"@type\":\"ImageObject\",\"inLanguage\":\"cs\",\"@id\":\"https:\/\/vss.yoho.pl\/vyrobok\/sluzby-previjania-a-rezania\/#primaryimage\",\"url\":\"https:\/\/vss.yoho.pl\/wp-content\/uploads\/2022\/03\/ciecie-i-przewijanie-1.png\",\"contentUrl\":\"https:\/\/vss.yoho.pl\/wp-content\/uploads\/2022\/03\/ciecie-i-przewijanie-1.png\",\"width\":820,\"height\":547},{\"@type\":\"BreadcrumbList\",\"@id\":\"https:\/\/vss.yoho.pl\/vyrobok\/sluzby-previjania-a-rezania\/#breadcrumb\",\"itemListElement\":[{\"@type\":\"ListItem\",\"position\":1,\"name\":\"Home\",\"item\":\"https:\/\/vss.yoho.pl\/\"},{\"@type\":\"ListItem\",\"position\":2,\"name\":\"SLU\u017dBY \u0158EZ\u00c1N\u00cd A P\u0158EVINOV\u00c1N\u00cd\"}]},{\"@type\":\"WebSite\",\"@id\":\"https:\/\/vss.yoho.pl\/#website\",\"url\":\"https:\/\/vss.yoho.pl\/\",\"name\":\"VSS\",\"description\":\"Ocelov\u00e9 servisn\u00ed centrum VSS\",\"potentialAction\":[{\"@type\":\"SearchAction\",\"target\":{\"@type\":\"EntryPoint\",\"urlTemplate\":\"https:\/\/vss.yoho.pl\/?s={search_term_string}\"},\"query-input\":{\"@type\":\"PropertyValueSpecification\",\"valueRequired\":true,\"valueName\":\"search_term_string\"}}],\"inLanguage\":\"cs\"}]}<\/script>\n<!-- \/ Yoast SEO plugin. -->","yoast_head_json":{"title":"SLU\u017dBY \u0158EZ\u00c1N\u00cd A P\u0158EVINOV\u00c1N\u00cd - VSS","robots":{"index":"noindex","follow":"follow","max-snippet":"max-snippet:-1","max-image-preview":"max-image-preview:large","max-video-preview":"max-video-preview:-1"},"og_locale":"cs_CZ","og_type":"article","og_title":"SLU\u017dBY \u0158EZ\u00c1N\u00cd A P\u0158EVINOV\u00c1N\u00cd - VSS","og_description":"* P\u0159edlo\u017een\u00e9 \u00fadaje se t\u00fdkaj\u00ed vs\u00e1zkov\u00e9ho materi\u00e1lu z nab\u00eddky BP2. Stanoven\u00ed parametr\u016f pro pov\u011b\u0159en\u00fd materi\u00e1l vy\u017eaduje konzultaci s odd\u011blen\u00edmprodeje. P\u0159i p\u0159ev\u00edjen\u00ed a pod\u00e9ln\u00e9m \u0159ez\u00e1n\u00ed bez z\u00e1sahu do \u0161\u00ed\u0159ky vs\u00e1zky plat\u00ed tolerance dle t\u011bchto norem pro hutnictv\u00ed:","og_url":"https:\/\/vss.yoho.pl\/vyrobok\/sluzby-previjania-a-rezania\/","og_site_name":"VSS","article_modified_time":"2023-01-18T12:24:47+00:00","og_image":[{"width":820,"height":547,"url":"https:\/\/vss.yoho.pl\/wp-content\/uploads\/2022\/03\/ciecie-i-przewijanie-1.png","type":"image\/png"}],"twitter_card":"summary_large_image","twitter_misc":{"Est. reading time":"1 minuta"},"schema":{"@context":"https:\/\/schema.org","@graph":[{"@type":"WebPage","@id":"https:\/\/vss.yoho.pl\/vyrobok\/sluzby-previjania-a-rezania\/","url":"https:\/\/vss.yoho.pl\/vyrobok\/sluzby-previjania-a-rezania\/","name":"SLU\u017dBY \u0158EZ\u00c1N\u00cd A P\u0158EVINOV\u00c1N\u00cd - VSS","isPartOf":{"@id":"https:\/\/vss.yoho.pl\/#website"},"primaryImageOfPage":{"@id":"https:\/\/vss.yoho.pl\/vyrobok\/sluzby-previjania-a-rezania\/#primaryimage"},"image":{"@id":"https:\/\/vss.yoho.pl\/vyrobok\/sluzby-previjania-a-rezania\/#primaryimage"},"thumbnailUrl":"https:\/\/vss.yoho.pl\/wp-content\/uploads\/2022\/03\/ciecie-i-przewijanie-1.png","datePublished":"2022-03-23T09:08:47+00:00","dateModified":"2023-01-18T12:24:47+00:00","breadcrumb":{"@id":"https:\/\/vss.yoho.pl\/vyrobok\/sluzby-previjania-a-rezania\/#breadcrumb"},"inLanguage":"cs","potentialAction":[{"@type":"ReadAction","target":["https:\/\/vss.yoho.pl\/vyrobok\/sluzby-previjania-a-rezania\/"]}]},{"@type":"ImageObject","inLanguage":"cs","@id":"https:\/\/vss.yoho.pl\/vyrobok\/sluzby-previjania-a-rezania\/#primaryimage","url":"https:\/\/vss.yoho.pl\/wp-content\/uploads\/2022\/03\/ciecie-i-przewijanie-1.png","contentUrl":"https:\/\/vss.yoho.pl\/wp-content\/uploads\/2022\/03\/ciecie-i-przewijanie-1.png","width":820,"height":547},{"@type":"BreadcrumbList","@id":"https:\/\/vss.yoho.pl\/vyrobok\/sluzby-previjania-a-rezania\/#breadcrumb","itemListElement":[{"@type":"ListItem","position":1,"name":"Home","item":"https:\/\/vss.yoho.pl\/"},{"@type":"ListItem","position":2,"name":"SLU\u017dBY \u0158EZ\u00c1N\u00cd A P\u0158EVINOV\u00c1N\u00cd"}]},{"@type":"WebSite","@id":"https:\/\/vss.yoho.pl\/#website","url":"https:\/\/vss.yoho.pl\/","name":"VSS","description":"Ocelov\u00e9 servisn\u00ed centrum VSS","potentialAction":[{"@type":"SearchAction","target":{"@type":"EntryPoint","urlTemplate":"https:\/\/vss.yoho.pl\/?s={search_term_string}"},"query-input":{"@type":"PropertyValueSpecification","valueRequired":true,"valueName":"search_term_string"}}],"inLanguage":"cs"}]}},"_links":{"self":[{"href":"https:\/\/vss.yoho.pl\/cs\/wp-json\/wp\/v2\/product\/48369","targetHints":{"allow":["GET"]}}],"collection":[{"href":"https:\/\/vss.yoho.pl\/cs\/wp-json\/wp\/v2\/product"}],"about":[{"href":"https:\/\/vss.yoho.pl\/cs\/wp-json\/wp\/v2\/types\/product"}],"wp:featuredmedia":[{"embeddable":true,"href":"https:\/\/vss.yoho.pl\/cs\/wp-json\/wp\/v2\/media\/29190"}],"wp:attachment":[{"href":"https:\/\/vss.yoho.pl\/cs\/wp-json\/wp\/v2\/media?parent=48369"}],"wp:term":[{"taxonomy":"product_category","embeddable":true,"href":"https:\/\/vss.yoho.pl\/cs\/wp-json\/wp\/v2\/product_category?post=48369"},{"taxonomy":"warranty","embeddable":true,"href":"https:\/\/vss.yoho.pl\/cs\/wp-json\/wp\/v2\/warranty?post=48369"},{"taxonomy":"product_serie","embeddable":true,"href":"https:\/\/vss.yoho.pl\/cs\/wp-json\/wp\/v2\/product_serie?post=48369"}],"curies":[{"name":"wp","href":"https:\/\/api.w.org\/{rel}","templated":true}]}}