{"id":48383,"date":"2022-03-23T11:22:49","date_gmt":"2022-03-23T10:22:49","guid":{"rendered":"https:\/\/vss.yoho.pl\/produkt\/perforacja-blach\/"},"modified":"2023-01-18T13:24:50","modified_gmt":"2023-01-18T12:24:50","slug":"perforace-plechu","status":"publish","type":"product","link":"https:\/\/vss.yoho.pl\/cs\/produkt\/perforace-plechu\/","title":{"rendered":"PERFORACE PLECH\u016e"},"content":{"rendered":"\n<div class=\"wp-block-group\"><div class=\"wp-block-group__inner-container is-layout-flow wp-block-group-is-layout-flow\">\n<div style=\"height:100px\" aria-hidden=\"true\" class=\"wp-block-spacer is-style-small-spacer\"><\/div>\n\n\n\n<h2 class=\"is-style-h3 wp-block-heading\"><strong>Prov\u00e1d\u00edme perforaci v \u0161irok\u00e9m rozsahu velikost\u00ed a tvar\u016f:<\/strong><\/h2>\n\n\n\n<div style=\"height:100px\" aria-hidden=\"true\" class=\"wp-block-spacer is-style-small-spacer\"><\/div>\n\n\n\n<div class=\"wp-block-columns is-layout-flex wp-container-core-columns-is-layout-9d6595d7 wp-block-columns-is-layout-flex\">\n<div class=\"wp-block-column is-layout-flow wp-block-column-is-layout-flow\">\n<div class=\"wp-block-columns is-layout-flex wp-container-core-columns-is-layout-9d6595d7 wp-block-columns-is-layout-flex\">\n<div class=\"wp-block-column is-layout-flow wp-block-column-is-layout-flow\"><div class=\"wp-block-image\">\n<figure class=\"aligncenter size-full\"><img loading=\"lazy\" decoding=\"async\" width=\"96\" height=\"96\" src=\"https:\/\/vss.yoho.pl\/wp-content\/uploads\/2022\/03\/SCS_perforacja_icon_1.png\" alt=\"\" class=\"wp-image-5206\"\/><\/figure>\n<\/div>\n\n\n<p class=\"has-text-align-center\">kulat\u00e9<\/p>\n<\/div>\n\n\n\n<div class=\"wp-block-column is-layout-flow wp-block-column-is-layout-flow\"><div class=\"wp-block-image\">\n<figure class=\"aligncenter size-full\"><img loading=\"lazy\" decoding=\"async\" width=\"150\" height=\"96\" src=\"https:\/\/vss.yoho.pl\/wp-content\/uploads\/2022\/03\/SCS_perforacja_icon_5.png\" alt=\"\" class=\"wp-image-5231\"\/><\/figure>\n<\/div>\n\n\n<p class=\"has-text-align-center\">pod\u00e9ln\u00e9 (tzv. fazolky)<\/p>\n<\/div>\n\n\n\n<div class=\"wp-block-column is-layout-flow wp-block-column-is-layout-flow\"><div class=\"wp-block-image\">\n<figure class=\"aligncenter size-full\"><img loading=\"lazy\" decoding=\"async\" width=\"150\" height=\"96\" src=\"https:\/\/vss.yoho.pl\/wp-content\/uploads\/2022\/03\/SCS_perforacja_icon_6.png\" alt=\"\" class=\"wp-image-5227\"\/><\/figure>\n<\/div>\n\n\n<p class=\"has-text-align-center\">obd\u00e9ln\u00edkov\u00e9<\/p>\n<\/div>\n<\/div>\n\n\n\n<div class=\"wp-block-columns is-layout-flex wp-container-core-columns-is-layout-9d6595d7 wp-block-columns-is-layout-flex\">\n<div class=\"wp-block-column is-layout-flow wp-block-column-is-layout-flow\"><div class=\"wp-block-image\">\n<figure class=\"aligncenter size-full\"><img loading=\"lazy\" decoding=\"async\" width=\"96\" height=\"96\" src=\"https:\/\/vss.yoho.pl\/wp-content\/uploads\/2022\/03\/SCS_perforacja_icon_2.png\" alt=\"\" class=\"wp-image-5214\"\/><\/figure>\n<\/div>\n\n\n<p class=\"has-text-align-center\">\u0161estihrann\u00e9<\/p>\n<\/div>\n\n\n\n<div class=\"wp-block-column is-layout-flow wp-block-column-is-layout-flow\"><div class=\"wp-block-image\">\n<figure class=\"aligncenter size-full\"><img loading=\"lazy\" decoding=\"async\" width=\"96\" height=\"96\" src=\"https:\/\/vss.yoho.pl\/wp-content\/uploads\/2022\/03\/SCS_perforacja_icon_3.png\" alt=\"\" class=\"wp-image-5218\"\/><\/figure>\n<\/div>\n\n\n<p class=\"has-text-align-center\">hv\u011bzdi\u010dky<\/p>\n<\/div>\n\n\n\n<div class=\"wp-block-column is-layout-flow wp-block-column-is-layout-flow\"><div class=\"wp-block-image\">\n<figure class=\"aligncenter size-full\"><img loading=\"lazy\" decoding=\"async\" width=\"96\" height=\"96\" src=\"https:\/\/vss.yoho.pl\/wp-content\/uploads\/2022\/03\/SCS_perforacja_icon_4.png\" alt=\"\" class=\"wp-image-5223\"\/><\/figure>\n<\/div>\n\n\n<p class=\"has-text-align-center\">nepravideln\u00e9<\/p>\n<\/div>\n<\/div>\n<\/div>\n\n\n\n<div class=\"wp-block-column is-layout-flow wp-block-column-is-layout-flow\">\n<div class=\"wp-block-cover is-light is-style-full-height\"><span aria-hidden=\"true\" class=\"wp-block-cover__background has-dark-gray-background-color has-background-dim-100 has-background-dim\"><\/span><div class=\"wp-block-cover__inner-container is-layout-flow wp-block-cover-is-layout-flow\">\n<p class=\"has-text-align-left\"><strong><strong>Technick\u00e1 specifikace<\/strong><\/strong><\/p>\n\n\n\n<figure class=\"wp-block-table\"><table><tbody><tr><td>Maxim\u00e1ln\u00ed \u0161\u00ed\u0159ka p\u00e1su<\/td><td>1500 mm<\/td><\/tr><tr><td>Tlou\u0161\u0165ka plechu<\/td><td>0,4\u20132,0 mm<\/td><\/tr><\/tbody><\/table><\/figure>\n<\/div><\/div>\n<\/div>\n<\/div>\n\n\n\n<p><\/p>\n\n\n\n<p>*Dodate\u010dn\u011b nab\u00edz\u00edme perforaci pov\u011b\u0159en\u00e9ho materi\u00e1lu. Podrobnosti jsou dohadovan\u00e9 individu\u00e1ln\u011b s obchodn\u00edm odd\u011blen\u00edm.<\/p>\n<\/div><\/div>\n","protected":false},"featured_media":29113,"menu_order":270,"template":"","product_category":[1013,1015],"warranty":[],"product_serie":[],"class_list":["post-48383","product","type-product","status-publish","has-post-thumbnail","hentry","product_category-ocelove-servisni-centrum-vss","product_category-perforace"],"acf":[],"yoast_head":"<!-- This site is optimized with the Yoast SEO plugin v26.5 - https:\/\/yoast.com\/wordpress\/plugins\/seo\/ -->\n<title>PERFORACE PLECH\u016e - VSS<\/title>\n<meta name=\"robots\" content=\"noindex, follow, max-snippet:-1, max-image-preview:large, max-video-preview:-1\" \/>\n<meta property=\"og:locale\" content=\"cs_CZ\" \/>\n<meta property=\"og:type\" content=\"article\" \/>\n<meta property=\"og:title\" content=\"PERFORACE PLECH\u016e - VSS\" \/>\n<meta property=\"og:description\" content=\"Prov\u00e1d\u00edme perforaci v \u0161irok\u00e9m rozsahu velikost\u00ed a tvar\u016f: kulat\u00e9 pod\u00e9ln\u00e9 (tzv. fazolky) obd\u00e9ln\u00edkov\u00e9 \u0161estihrann\u00e9 hv\u011bzdi\u010dky nepravideln\u00e9 *Dodate\u010dn\u011b nab\u00edz\u00edme perforaci pov\u011b\u0159en\u00e9ho materi\u00e1lu. Podrobnosti jsou dohadovan\u00e9 individu\u00e1ln\u011b s obchodn\u00edm odd\u011blen\u00edm.\" \/>\n<meta property=\"og:url\" content=\"https:\/\/vss.yoho.pl\/vyrobok\/perforacia-plechov\/\" \/>\n<meta property=\"og:site_name\" content=\"VSS\" \/>\n<meta property=\"article:modified_time\" content=\"2023-01-18T12:24:50+00:00\" \/>\n<meta property=\"og:image\" content=\"https:\/\/vss.yoho.pl\/wp-content\/uploads\/2022\/03\/perforacja.png\" \/>\n\t<meta property=\"og:image:width\" content=\"820\" \/>\n\t<meta property=\"og:image:height\" content=\"547\" \/>\n\t<meta property=\"og:image:type\" content=\"image\/png\" \/>\n<meta name=\"twitter:card\" content=\"summary_large_image\" \/>\n<script type=\"application\/ld+json\" class=\"yoast-schema-graph\">{\"@context\":\"https:\/\/schema.org\",\"@graph\":[{\"@type\":\"WebPage\",\"@id\":\"https:\/\/vss.yoho.pl\/vyrobok\/perforacia-plechov\/\",\"url\":\"https:\/\/vss.yoho.pl\/vyrobok\/perforacia-plechov\/\",\"name\":\"PERFORACE PLECH\u016e - VSS\",\"isPartOf\":{\"@id\":\"https:\/\/vss.yoho.pl\/#website\"},\"primaryImageOfPage\":{\"@id\":\"https:\/\/vss.yoho.pl\/vyrobok\/perforacia-plechov\/#primaryimage\"},\"image\":{\"@id\":\"https:\/\/vss.yoho.pl\/vyrobok\/perforacia-plechov\/#primaryimage\"},\"thumbnailUrl\":\"https:\/\/vss.yoho.pl\/wp-content\/uploads\/2022\/03\/perforacja.png\",\"datePublished\":\"2022-03-23T10:22:49+00:00\",\"dateModified\":\"2023-01-18T12:24:50+00:00\",\"breadcrumb\":{\"@id\":\"https:\/\/vss.yoho.pl\/vyrobok\/perforacia-plechov\/#breadcrumb\"},\"inLanguage\":\"cs\",\"potentialAction\":[{\"@type\":\"ReadAction\",\"target\":[\"https:\/\/vss.yoho.pl\/vyrobok\/perforacia-plechov\/\"]}]},{\"@type\":\"ImageObject\",\"inLanguage\":\"cs\",\"@id\":\"https:\/\/vss.yoho.pl\/vyrobok\/perforacia-plechov\/#primaryimage\",\"url\":\"https:\/\/vss.yoho.pl\/wp-content\/uploads\/2022\/03\/perforacja.png\",\"contentUrl\":\"https:\/\/vss.yoho.pl\/wp-content\/uploads\/2022\/03\/perforacja.png\",\"width\":820,\"height\":547},{\"@type\":\"BreadcrumbList\",\"@id\":\"https:\/\/vss.yoho.pl\/vyrobok\/perforacia-plechov\/#breadcrumb\",\"itemListElement\":[{\"@type\":\"ListItem\",\"position\":1,\"name\":\"Home\",\"item\":\"https:\/\/vss.yoho.pl\/\"},{\"@type\":\"ListItem\",\"position\":2,\"name\":\"PERFORACE PLECH\u016e\"}]},{\"@type\":\"WebSite\",\"@id\":\"https:\/\/vss.yoho.pl\/#website\",\"url\":\"https:\/\/vss.yoho.pl\/\",\"name\":\"VSS\",\"description\":\"Ocelov\u00e9 servisn\u00ed centrum VSS\",\"potentialAction\":[{\"@type\":\"SearchAction\",\"target\":{\"@type\":\"EntryPoint\",\"urlTemplate\":\"https:\/\/vss.yoho.pl\/?s={search_term_string}\"},\"query-input\":{\"@type\":\"PropertyValueSpecification\",\"valueRequired\":true,\"valueName\":\"search_term_string\"}}],\"inLanguage\":\"cs\"}]}<\/script>\n<!-- \/ Yoast SEO plugin. -->","yoast_head_json":{"title":"PERFORACE PLECH\u016e - VSS","robots":{"index":"noindex","follow":"follow","max-snippet":"max-snippet:-1","max-image-preview":"max-image-preview:large","max-video-preview":"max-video-preview:-1"},"og_locale":"cs_CZ","og_type":"article","og_title":"PERFORACE PLECH\u016e - VSS","og_description":"Prov\u00e1d\u00edme perforaci v \u0161irok\u00e9m rozsahu velikost\u00ed a tvar\u016f: kulat\u00e9 pod\u00e9ln\u00e9 (tzv. fazolky) obd\u00e9ln\u00edkov\u00e9 \u0161estihrann\u00e9 hv\u011bzdi\u010dky nepravideln\u00e9 *Dodate\u010dn\u011b nab\u00edz\u00edme perforaci pov\u011b\u0159en\u00e9ho materi\u00e1lu. Podrobnosti jsou dohadovan\u00e9 individu\u00e1ln\u011b s obchodn\u00edm odd\u011blen\u00edm.","og_url":"https:\/\/vss.yoho.pl\/vyrobok\/perforacia-plechov\/","og_site_name":"VSS","article_modified_time":"2023-01-18T12:24:50+00:00","og_image":[{"width":820,"height":547,"url":"https:\/\/vss.yoho.pl\/wp-content\/uploads\/2022\/03\/perforacja.png","type":"image\/png"}],"twitter_card":"summary_large_image","schema":{"@context":"https:\/\/schema.org","@graph":[{"@type":"WebPage","@id":"https:\/\/vss.yoho.pl\/vyrobok\/perforacia-plechov\/","url":"https:\/\/vss.yoho.pl\/vyrobok\/perforacia-plechov\/","name":"PERFORACE PLECH\u016e - VSS","isPartOf":{"@id":"https:\/\/vss.yoho.pl\/#website"},"primaryImageOfPage":{"@id":"https:\/\/vss.yoho.pl\/vyrobok\/perforacia-plechov\/#primaryimage"},"image":{"@id":"https:\/\/vss.yoho.pl\/vyrobok\/perforacia-plechov\/#primaryimage"},"thumbnailUrl":"https:\/\/vss.yoho.pl\/wp-content\/uploads\/2022\/03\/perforacja.png","datePublished":"2022-03-23T10:22:49+00:00","dateModified":"2023-01-18T12:24:50+00:00","breadcrumb":{"@id":"https:\/\/vss.yoho.pl\/vyrobok\/perforacia-plechov\/#breadcrumb"},"inLanguage":"cs","potentialAction":[{"@type":"ReadAction","target":["https:\/\/vss.yoho.pl\/vyrobok\/perforacia-plechov\/"]}]},{"@type":"ImageObject","inLanguage":"cs","@id":"https:\/\/vss.yoho.pl\/vyrobok\/perforacia-plechov\/#primaryimage","url":"https:\/\/vss.yoho.pl\/wp-content\/uploads\/2022\/03\/perforacja.png","contentUrl":"https:\/\/vss.yoho.pl\/wp-content\/uploads\/2022\/03\/perforacja.png","width":820,"height":547},{"@type":"BreadcrumbList","@id":"https:\/\/vss.yoho.pl\/vyrobok\/perforacia-plechov\/#breadcrumb","itemListElement":[{"@type":"ListItem","position":1,"name":"Home","item":"https:\/\/vss.yoho.pl\/"},{"@type":"ListItem","position":2,"name":"PERFORACE PLECH\u016e"}]},{"@type":"WebSite","@id":"https:\/\/vss.yoho.pl\/#website","url":"https:\/\/vss.yoho.pl\/","name":"VSS","description":"Ocelov\u00e9 servisn\u00ed centrum VSS","potentialAction":[{"@type":"SearchAction","target":{"@type":"EntryPoint","urlTemplate":"https:\/\/vss.yoho.pl\/?s={search_term_string}"},"query-input":{"@type":"PropertyValueSpecification","valueRequired":true,"valueName":"search_term_string"}}],"inLanguage":"cs"}]}},"_links":{"self":[{"href":"https:\/\/vss.yoho.pl\/cs\/wp-json\/wp\/v2\/product\/48383","targetHints":{"allow":["GET"]}}],"collection":[{"href":"https:\/\/vss.yoho.pl\/cs\/wp-json\/wp\/v2\/product"}],"about":[{"href":"https:\/\/vss.yoho.pl\/cs\/wp-json\/wp\/v2\/types\/product"}],"wp:featuredmedia":[{"embeddable":true,"href":"https:\/\/vss.yoho.pl\/cs\/wp-json\/wp\/v2\/media\/29113"}],"wp:attachment":[{"href":"https:\/\/vss.yoho.pl\/cs\/wp-json\/wp\/v2\/media?parent=48383"}],"wp:term":[{"taxonomy":"product_category","embeddable":true,"href":"https:\/\/vss.yoho.pl\/cs\/wp-json\/wp\/v2\/product_category?post=48383"},{"taxonomy":"warranty","embeddable":true,"href":"https:\/\/vss.yoho.pl\/cs\/wp-json\/wp\/v2\/warranty?post=48383"},{"taxonomy":"product_serie","embeddable":true,"href":"https:\/\/vss.yoho.pl\/cs\/wp-json\/wp\/v2\/product_serie?post=48383"}],"curies":[{"name":"wp","href":"https:\/\/api.w.org\/{rel}","templated":true}]}}