{"id":48389,"date":"2022-03-23T10:33:34","date_gmt":"2022-03-23T09:33:34","guid":{"rendered":"https:\/\/vss.yoho.pl\/produkt\/zabezpieczenie-i-pakowanie\/"},"modified":"2023-01-18T13:24:54","modified_gmt":"2023-01-18T12:24:54","slug":"zabezpeceni-a-baleni","status":"publish","type":"product","link":"https:\/\/vss.yoho.pl\/cs\/produkt\/zabezpeceni-a-baleni\/","title":{"rendered":"ZABEZPE\u010cEN\u00cd A BALEN\u00cd"},"content":{"rendered":"\n<div class=\"wp-block-group\"><div class=\"wp-block-group__inner-container is-layout-flow wp-block-group-is-layout-flow\">\n<h2 class=\"is-style-h3 wp-block-heading\"><strong>Zabezpe\u010den\u00ed \u2013 druhy f\u00f3li\u00ed<\/strong><\/h2>\n\n\n\n<p>Pro zabezpe\u010den\u00ed plechu je on na p\u0159\u00e1n\u00ed z\u00e1kazn\u00edka pota\u017een\u00fd ochrannou f\u00f3li\u00ed. Standardn\u011b pou\u017e\u00edv\u00e1me f\u00f3lie ve slo\u017een\u00ed individu\u00e1ln\u011b zvolen\u00e9m v d\u016fsledku test\u016f pro dan\u00fd povlak plechu: druh a tlou\u0161\u0165ka vrstvy lepidla i f\u00f3lii byly tak stanoven\u00e9, aby zajistily odpov\u00eddaj\u00edc\u00ed p\u0159il\u00e9havost a p\u0159i stahov\u00e1n\u00ed nepo\u0161kodily povlak. <\/p>\n\n\n\n<p>Nab\u00edz\u00edme f\u00f3lie s rozd\u00edln\u00fdmi parametry, kter\u00e9 m\u016f\u017eeme volit individu\u00e1ln\u011b s ohledem na:<\/p>\n\n\n\n<div style=\"height:100px\" aria-hidden=\"true\" class=\"wp-block-spacer is-style-small-spacer\"><\/div>\n\n\n\n<div class=\"wp-block-columns is-layout-flex wp-container-core-columns-is-layout-9d6595d7 wp-block-columns-is-layout-flex\">\n<div class=\"wp-block-column is-layout-flow wp-block-column-is-layout-flow\"><div class=\"wp-block-image\">\n<figure class=\"aligncenter size-full\"><img loading=\"lazy\" decoding=\"async\" width=\"96\" height=\"96\" src=\"https:\/\/vss.yoho.pl\/wp-content\/uploads\/2022\/03\/SCS_zabezpieczenie_pakowanie_icon_1.png\" alt=\"\" class=\"wp-image-5165\"\/><\/figure>\n<\/div>\n\n\n<p class=\"has-text-align-center\"><strong><strong>Lepidlo<\/strong><\/strong><\/p>\n\n\n\n<ul class=\"wp-block-list\">\n<li>akrylov\u00e9, vodn\u00ed &#8211; ekologick\u00e9, omyvateln\u00fd vodou,<\/li>\n\n\n\n<li>akrylov\u00e9, na b\u00e1zi rozpou\u0161t\u011bdel \u2013 nerozpou\u0161t\u00ed se ve vod\u011b, pou\u017e\u00edv\u00e1 se na matov\u00e9 povlaky,<\/li>\n\n\n\n<li>kau\u010dukov\u00e9, na b\u00e1zi rozpou\u0161t\u011bdel &#8211; nerozpou\u0161t\u00ed se ve vod\u011b, pou\u017e\u00edv\u00e1 se polyesterov\u00e9 povlaky.<\/li>\n<\/ul>\n<\/div>\n\n\n\n<div class=\"wp-block-column is-layout-flow wp-block-column-is-layout-flow\"><div class=\"wp-block-image\">\n<figure class=\"aligncenter size-full\"><img loading=\"lazy\" decoding=\"async\" width=\"96\" height=\"96\" src=\"https:\/\/vss.yoho.pl\/wp-content\/uploads\/2022\/03\/SCS_zabezpieczenie_pakowanie_icon_2.png\" alt=\"\" class=\"wp-image-5171\"\/><\/figure>\n<\/div>\n\n\n<p class=\"has-text-align-center\"><strong><strong>Propustnost sv\u011btla<\/strong><\/strong><\/p>\n\n\n\n<p class=\"has-text-align-center\">kryc\u00ed a transparentn\u00ed f\u00f3lie.<\/p>\n<\/div>\n\n\n\n<div class=\"wp-block-column is-layout-flow wp-block-column-is-layout-flow\"><div class=\"wp-block-image\">\n<figure class=\"aligncenter size-full\"><img loading=\"lazy\" decoding=\"async\" width=\"96\" height=\"96\" src=\"https:\/\/vss.yoho.pl\/wp-content\/uploads\/2022\/03\/SCS_zabezpieczenie_pakowanie_icon_3.png\" alt=\"\" class=\"wp-image-5175\"\/><\/figure>\n<\/div>\n\n\n<p class=\"has-text-align-center\"><strong><strong>Odolnost proti UV z\u00e1\u0159en\u00ed<\/strong><\/strong><\/p>\n\n\n\n<p class=\"has-text-align-center\">od 1 a\u017e do 12 m\u011bs\u00edc\u016f.<\/p>\n<\/div>\n<\/div>\n\n\n\n<div class=\"wp-block-columns is-layout-flex wp-container-core-columns-is-layout-9d6595d7 wp-block-columns-is-layout-flex\">\n<div class=\"wp-block-column is-layout-flow wp-block-column-is-layout-flow\"><div class=\"wp-block-image\">\n<figure class=\"aligncenter size-full\"><img loading=\"lazy\" decoding=\"async\" width=\"172\" height=\"96\" src=\"https:\/\/vss.yoho.pl\/wp-content\/uploads\/2022\/03\/SCS_zabezpieczenie_pakowanie_icon_4.png\" alt=\"\" class=\"wp-image-5188\"\/><\/figure>\n<\/div>\n\n\n<p class=\"has-text-align-center\"><strong><strong>Tlou\u0161\u0165ka f\u00f3lii<\/strong><\/strong><\/p>\n\n\n\n<p class=\"has-text-align-center\">35\u2013100\u03bcm<\/p>\n\n\n\n<p class=\"has-text-align-center\"><strong><strong>Druh f\u00f3lie<\/strong><\/strong><\/p>\n\n\n\n<p class=\"has-text-align-center\">MAT\/LESK<\/p>\n<\/div>\n\n\n\n<div class=\"wp-block-column is-layout-flow wp-block-column-is-layout-flow\"><div class=\"wp-block-image\">\n<figure class=\"aligncenter size-full\"><img loading=\"lazy\" decoding=\"async\" width=\"96\" height=\"96\" src=\"https:\/\/vss.yoho.pl\/wp-content\/uploads\/2022\/03\/SCS_zabezpieczenie_pakowanie_icon_5.png\" alt=\"\" class=\"wp-image-5180\"\/><\/figure>\n<\/div>\n\n\n<p class=\"has-text-align-center\"><strong><strong>Kondenzace vodn\u00ed p\u00e1ry<\/strong><\/strong><\/p>\n\n\n\n<p class=\"has-text-align-center\">antikondenza\u010dn\u00ed povlak<\/p>\n<\/div>\n\n\n\n<div class=\"wp-block-column is-layout-flow wp-block-column-is-layout-flow\"><div class=\"wp-block-image\">\n<figure class=\"aligncenter size-full\"><img loading=\"lazy\" decoding=\"async\" width=\"96\" height=\"96\" src=\"https:\/\/vss.yoho.pl\/wp-content\/uploads\/2022\/03\/SCS_zabezpieczenie_pakowanie_icon_6.png\" alt=\"\" class=\"wp-image-5184\"\/><\/figure>\n<\/div>\n\n\n<p class=\"has-text-align-center\"><strong><strong>Pou\u017eit\u00ed<\/strong><\/strong><\/p>\n\n\n\n<p class=\"has-text-align-center\">Univerz\u00e1ln\u00ed f\u00f3lie ur\u010den\u00e9 pro dan\u00fd druh povlaku a ke speci\u00e1ln\u00edmu pou\u017eit\u00ed, nap\u0159. k laserov\u00e9mu \u0159ez\u00e1n\u00ed (Fiber).<\/p>\n<\/div>\n<\/div>\n<\/div><\/div>\n\n\n\n<p><\/p>\n","protected":false},"featured_media":26426,"menu_order":276,"template":"","product_category":[1013],"warranty":[],"product_serie":[],"class_list":["post-48389","product","type-product","status-publish","has-post-thumbnail","hentry","product_category-ocelove-servisni-centrum-vss"],"acf":[],"yoast_head":"<!-- This site is optimized with the Yoast SEO plugin v26.5 - https:\/\/yoast.com\/wordpress\/plugins\/seo\/ -->\n<title>ZABEZPE\u010cEN\u00cd A BALEN\u00cd - VSS<\/title>\n<meta name=\"robots\" content=\"noindex, follow, max-snippet:-1, max-image-preview:large, max-video-preview:-1\" \/>\n<meta property=\"og:locale\" content=\"cs_CZ\" \/>\n<meta property=\"og:type\" content=\"article\" \/>\n<meta property=\"og:title\" content=\"ZABEZPE\u010cEN\u00cd A BALEN\u00cd - VSS\" \/>\n<meta property=\"og:description\" content=\"Zabezpe\u010den\u00ed \u2013 druhy f\u00f3li\u00ed Pro zabezpe\u010den\u00ed plechu je on na p\u0159\u00e1n\u00ed z\u00e1kazn\u00edka pota\u017een\u00fd ochrannou f\u00f3li\u00ed. Standardn\u011b pou\u017e\u00edv\u00e1me f\u00f3lie ve slo\u017een\u00ed individu\u00e1ln\u011b zvolen\u00e9m v d\u016fsledku test\u016f pro dan\u00fd povlak plechu: druh a tlou\u0161\u0165ka vrstvy lepidla i f\u00f3lii byly tak stanoven\u00e9, aby zajistily odpov\u00eddaj\u00edc\u00ed p\u0159il\u00e9havost a p\u0159i stahov\u00e1n\u00ed nepo\u0161kodily povlak. Nab\u00edz\u00edme f\u00f3lie s rozd\u00edln\u00fdmi parametry, kter\u00e9 m\u016f\u017eeme [&hellip;]\" \/>\n<meta property=\"og:url\" content=\"https:\/\/vss.yoho.pl\/vyrobok\/zabezpecenie-a-balenie\/\" \/>\n<meta property=\"og:site_name\" content=\"VSS\" \/>\n<meta property=\"article:modified_time\" content=\"2023-01-18T12:24:54+00:00\" \/>\n<meta property=\"og:image\" content=\"https:\/\/vss.yoho.pl\/wp-content\/uploads\/2022\/03\/bezpieczne-pakowanie-1.png\" \/>\n\t<meta property=\"og:image:width\" content=\"820\" \/>\n\t<meta property=\"og:image:height\" content=\"547\" \/>\n\t<meta property=\"og:image:type\" content=\"image\/png\" \/>\n<meta name=\"twitter:card\" content=\"summary_large_image\" \/>\n<meta name=\"twitter:label1\" content=\"Est. reading time\" \/>\n\t<meta name=\"twitter:data1\" content=\"1 minuta\" \/>\n<script type=\"application\/ld+json\" class=\"yoast-schema-graph\">{\"@context\":\"https:\/\/schema.org\",\"@graph\":[{\"@type\":\"WebPage\",\"@id\":\"https:\/\/vss.yoho.pl\/vyrobok\/zabezpecenie-a-balenie\/\",\"url\":\"https:\/\/vss.yoho.pl\/vyrobok\/zabezpecenie-a-balenie\/\",\"name\":\"ZABEZPE\u010cEN\u00cd A BALEN\u00cd - VSS\",\"isPartOf\":{\"@id\":\"https:\/\/vss.yoho.pl\/#website\"},\"primaryImageOfPage\":{\"@id\":\"https:\/\/vss.yoho.pl\/vyrobok\/zabezpecenie-a-balenie\/#primaryimage\"},\"image\":{\"@id\":\"https:\/\/vss.yoho.pl\/vyrobok\/zabezpecenie-a-balenie\/#primaryimage\"},\"thumbnailUrl\":\"https:\/\/vss.yoho.pl\/wp-content\/uploads\/2022\/03\/bezpieczne-pakowanie-1.png\",\"datePublished\":\"2022-03-23T09:33:34+00:00\",\"dateModified\":\"2023-01-18T12:24:54+00:00\",\"breadcrumb\":{\"@id\":\"https:\/\/vss.yoho.pl\/vyrobok\/zabezpecenie-a-balenie\/#breadcrumb\"},\"inLanguage\":\"cs\",\"potentialAction\":[{\"@type\":\"ReadAction\",\"target\":[\"https:\/\/vss.yoho.pl\/vyrobok\/zabezpecenie-a-balenie\/\"]}]},{\"@type\":\"ImageObject\",\"inLanguage\":\"cs\",\"@id\":\"https:\/\/vss.yoho.pl\/vyrobok\/zabezpecenie-a-balenie\/#primaryimage\",\"url\":\"https:\/\/vss.yoho.pl\/wp-content\/uploads\/2022\/03\/bezpieczne-pakowanie-1.png\",\"contentUrl\":\"https:\/\/vss.yoho.pl\/wp-content\/uploads\/2022\/03\/bezpieczne-pakowanie-1.png\",\"width\":820,\"height\":547},{\"@type\":\"BreadcrumbList\",\"@id\":\"https:\/\/vss.yoho.pl\/vyrobok\/zabezpecenie-a-balenie\/#breadcrumb\",\"itemListElement\":[{\"@type\":\"ListItem\",\"position\":1,\"name\":\"Home\",\"item\":\"https:\/\/vss.yoho.pl\/\"},{\"@type\":\"ListItem\",\"position\":2,\"name\":\"ZABEZPE\u010cEN\u00cd A BALEN\u00cd\"}]},{\"@type\":\"WebSite\",\"@id\":\"https:\/\/vss.yoho.pl\/#website\",\"url\":\"https:\/\/vss.yoho.pl\/\",\"name\":\"VSS\",\"description\":\"Ocelov\u00e9 servisn\u00ed centrum VSS\",\"potentialAction\":[{\"@type\":\"SearchAction\",\"target\":{\"@type\":\"EntryPoint\",\"urlTemplate\":\"https:\/\/vss.yoho.pl\/?s={search_term_string}\"},\"query-input\":{\"@type\":\"PropertyValueSpecification\",\"valueRequired\":true,\"valueName\":\"search_term_string\"}}],\"inLanguage\":\"cs\"}]}<\/script>\n<!-- \/ Yoast SEO plugin. -->","yoast_head_json":{"title":"ZABEZPE\u010cEN\u00cd A BALEN\u00cd - VSS","robots":{"index":"noindex","follow":"follow","max-snippet":"max-snippet:-1","max-image-preview":"max-image-preview:large","max-video-preview":"max-video-preview:-1"},"og_locale":"cs_CZ","og_type":"article","og_title":"ZABEZPE\u010cEN\u00cd A BALEN\u00cd - VSS","og_description":"Zabezpe\u010den\u00ed \u2013 druhy f\u00f3li\u00ed Pro zabezpe\u010den\u00ed plechu je on na p\u0159\u00e1n\u00ed z\u00e1kazn\u00edka pota\u017een\u00fd ochrannou f\u00f3li\u00ed. Standardn\u011b pou\u017e\u00edv\u00e1me f\u00f3lie ve slo\u017een\u00ed individu\u00e1ln\u011b zvolen\u00e9m v d\u016fsledku test\u016f pro dan\u00fd povlak plechu: druh a tlou\u0161\u0165ka vrstvy lepidla i f\u00f3lii byly tak stanoven\u00e9, aby zajistily odpov\u00eddaj\u00edc\u00ed p\u0159il\u00e9havost a p\u0159i stahov\u00e1n\u00ed nepo\u0161kodily povlak. Nab\u00edz\u00edme f\u00f3lie s rozd\u00edln\u00fdmi parametry, kter\u00e9 m\u016f\u017eeme [&hellip;]","og_url":"https:\/\/vss.yoho.pl\/vyrobok\/zabezpecenie-a-balenie\/","og_site_name":"VSS","article_modified_time":"2023-01-18T12:24:54+00:00","og_image":[{"width":820,"height":547,"url":"https:\/\/vss.yoho.pl\/wp-content\/uploads\/2022\/03\/bezpieczne-pakowanie-1.png","type":"image\/png"}],"twitter_card":"summary_large_image","twitter_misc":{"Est. reading time":"1 minuta"},"schema":{"@context":"https:\/\/schema.org","@graph":[{"@type":"WebPage","@id":"https:\/\/vss.yoho.pl\/vyrobok\/zabezpecenie-a-balenie\/","url":"https:\/\/vss.yoho.pl\/vyrobok\/zabezpecenie-a-balenie\/","name":"ZABEZPE\u010cEN\u00cd A BALEN\u00cd - VSS","isPartOf":{"@id":"https:\/\/vss.yoho.pl\/#website"},"primaryImageOfPage":{"@id":"https:\/\/vss.yoho.pl\/vyrobok\/zabezpecenie-a-balenie\/#primaryimage"},"image":{"@id":"https:\/\/vss.yoho.pl\/vyrobok\/zabezpecenie-a-balenie\/#primaryimage"},"thumbnailUrl":"https:\/\/vss.yoho.pl\/wp-content\/uploads\/2022\/03\/bezpieczne-pakowanie-1.png","datePublished":"2022-03-23T09:33:34+00:00","dateModified":"2023-01-18T12:24:54+00:00","breadcrumb":{"@id":"https:\/\/vss.yoho.pl\/vyrobok\/zabezpecenie-a-balenie\/#breadcrumb"},"inLanguage":"cs","potentialAction":[{"@type":"ReadAction","target":["https:\/\/vss.yoho.pl\/vyrobok\/zabezpecenie-a-balenie\/"]}]},{"@type":"ImageObject","inLanguage":"cs","@id":"https:\/\/vss.yoho.pl\/vyrobok\/zabezpecenie-a-balenie\/#primaryimage","url":"https:\/\/vss.yoho.pl\/wp-content\/uploads\/2022\/03\/bezpieczne-pakowanie-1.png","contentUrl":"https:\/\/vss.yoho.pl\/wp-content\/uploads\/2022\/03\/bezpieczne-pakowanie-1.png","width":820,"height":547},{"@type":"BreadcrumbList","@id":"https:\/\/vss.yoho.pl\/vyrobok\/zabezpecenie-a-balenie\/#breadcrumb","itemListElement":[{"@type":"ListItem","position":1,"name":"Home","item":"https:\/\/vss.yoho.pl\/"},{"@type":"ListItem","position":2,"name":"ZABEZPE\u010cEN\u00cd A BALEN\u00cd"}]},{"@type":"WebSite","@id":"https:\/\/vss.yoho.pl\/#website","url":"https:\/\/vss.yoho.pl\/","name":"VSS","description":"Ocelov\u00e9 servisn\u00ed centrum VSS","potentialAction":[{"@type":"SearchAction","target":{"@type":"EntryPoint","urlTemplate":"https:\/\/vss.yoho.pl\/?s={search_term_string}"},"query-input":{"@type":"PropertyValueSpecification","valueRequired":true,"valueName":"search_term_string"}}],"inLanguage":"cs"}]}},"_links":{"self":[{"href":"https:\/\/vss.yoho.pl\/cs\/wp-json\/wp\/v2\/product\/48389","targetHints":{"allow":["GET"]}}],"collection":[{"href":"https:\/\/vss.yoho.pl\/cs\/wp-json\/wp\/v2\/product"}],"about":[{"href":"https:\/\/vss.yoho.pl\/cs\/wp-json\/wp\/v2\/types\/product"}],"wp:featuredmedia":[{"embeddable":true,"href":"https:\/\/vss.yoho.pl\/cs\/wp-json\/wp\/v2\/media\/26426"}],"wp:attachment":[{"href":"https:\/\/vss.yoho.pl\/cs\/wp-json\/wp\/v2\/media?parent=48389"}],"wp:term":[{"taxonomy":"product_category","embeddable":true,"href":"https:\/\/vss.yoho.pl\/cs\/wp-json\/wp\/v2\/product_category?post=48389"},{"taxonomy":"warranty","embeddable":true,"href":"https:\/\/vss.yoho.pl\/cs\/wp-json\/wp\/v2\/warranty?post=48389"},{"taxonomy":"product_serie","embeddable":true,"href":"https:\/\/vss.yoho.pl\/cs\/wp-json\/wp\/v2\/product_serie?post=48389"}],"curies":[{"name":"wp","href":"https:\/\/api.w.org\/{rel}","templated":true}]}}