{"id":30392,"date":"2022-01-05T14:17:50","date_gmt":"2022-01-05T13:17:50","guid":{"rendered":"https:\/\/vss.yoho.pl\/dla-profesjonalistow\/"},"modified":"2022-12-07T12:48:00","modified_gmt":"2022-12-07T11:48:00","slug":"for-professionals","status":"publish","type":"page","link":"https:\/\/vss.yoho.pl\/en\/for-professionals\/","title":{"rendered":"For professionals"},"content":{"rendered":"\n<div class=\"wp-block-group is-style-with-b2-background\"><div class=\"wp-block-group__inner-container is-layout-flow wp-block-group-is-layout-flow\">\n<div style=\"height:100px\" aria-hidden=\"true\" class=\"wp-block-spacer is-style-small-spacer\"><\/div>\n\n\n\n<p class=\"has-text-align-center noMarginBottom has-red-color has-text-color\"><strong>S\u0104 FIRMY, KT\u00d3RE STAWIAJ\u0104 NA PROFESJONALIZM.<\/strong><\/p>\n\n\n\n<h1 class=\"has-text-align-center is-style-h1 noMarginTop noMarginBottom wp-block-heading\" style=\"font-size:3.5em\">PROFESSIONAL ZONE<\/h1>\n\n\n\n<div style=\"height:100px\" aria-hidden=\"true\" class=\"wp-block-spacer is-style-small-spacer\"><\/div>\n<\/div><\/div>\n\n\n\n<div class=\"wp-block-group is-style-narrow-group\"><div class=\"wp-block-group__inner-container is-layout-flow wp-block-group-is-layout-flow\">\n<p class=\"has-text-align-center\" style=\"font-size:22px\">The Professional Zone is a collection of industry materials for distributors, roofers and architects. It comprises e.g. assembly instructions and BP2 product sheets, marketing offer, inspirations, practical data and additional downloadable files.<\/p>\n\n\n\n<div style=\"height:100px\" aria-hidden=\"true\" class=\"wp-block-spacer is-style-small-spacer\"><\/div>\n<\/div><\/div>\n\n\n\n<div class=\"wp-block-group\"><div class=\"wp-block-group__inner-container is-layout-flow wp-block-group-is-layout-flow\">\n<div class=\"wp-block-columns is-style-mobile-reverse is-style-grid fade-in is-layout-flex wp-container-core-columns-is-layout-9d6595d7 wp-block-columns-is-layout-flex\">\n<div class=\"wp-block-column is-layout-flow wp-block-column-is-layout-flow\">\n<div class=\"wp-block-cover is-light is-style-full-height\"><span aria-hidden=\"true\" class=\"wp-block-cover__background has-dark-gray-background-color has-background-dim-100 has-background-dim\"><\/span><div class=\"wp-block-cover__inner-container is-layout-flow wp-block-cover-is-layout-flow\">\n<h3 class=\"header-with-icon \">\n<span class=\"header-with-icon__icon\"><img decoding=\"async\" src=\"https:\/\/vss.yoho.pl\/wp-content\/uploads\/2022\/08\/ikonki_www_bp2_new_budownictwo-inwestycyjne.svg\" alt=\"INVESTMENT CONSTRUCTION SITES\"><\/span>\n<span class=\"header-with-icon__content\">INVESTMENT CONSTRUCTION SITES<\/span>\n<\/h3>\n\n\n<ul class=\"links-list links-list--multiple \">\n                    <li class=\"links-list__item\">\n            <a href=\"https:\/\/vss.yoho.pl\/en\/offer\/residential-roofing\/?type=trapezoidal-sheets-commercial\">\n                <span class=\"links-list__smallTitle\">Roof and fa\u00e7ade panels<\/span>                <span class=\"links-list__title\">Trapezoidal sheets <\/span>            <\/a>\n        <\/li>\n                    <li class=\"links-list__item\">\n            <a href=\"https:\/\/vss.yoho.pl\/en\/offer\/commercial-roofing\/?type=roof-composite-panels\">\n                <span class=\"links-list__smallTitle\">Roof sandwich panels<\/span>                <span class=\"links-list__title\">CorePIR, CorePUR, CoreWOOL<\/span>            <\/a>\n        <\/li>\n                    <li class=\"links-list__item\">\n            <a href=\"#\">\n                                <span class=\"links-list__title\">Z and C construction sections<\/span>            <\/a>\n        <\/li>\n                    <li class=\"links-list__item\">\n            <a href=\"https:\/\/vss.yoho.pl\/en\/offer\/commercial-roofing\/?type=wall-composite-panels\">\n                <span class=\"links-list__smallTitle\">Wall sandwich panels<\/span>                <span class=\"links-list__title\">CorePIR, CorePUR, CoreWOOL<\/span>            <\/a>\n        <\/li>\n                    <li class=\"links-list__item\">\n            <a href=\"https:\/\/vss.yoho.pl\/en\/offer\/commercial-roofing\/?type=facade-cladding\">\n                <span class=\"links-list__smallTitle\">Fa\u00e7ade cladding<\/span>                <span class=\"links-list__title\">SKRIN, LINEA, SINUS<\/span>            <\/a>\n        <\/li>\n                    <li class=\"links-list__item\">\n            <a href=\"https:\/\/vss.yoho.pl\/en\/offer\/commercial-roofing\/?type=wall-cassette-prosystherm\">\n                                <span class=\"links-list__title\">Wall cassettes and<\/span>            <\/a>\n        <\/li>\n    <\/ul><\/div><\/div>\n<\/div>\n\n\n\n<div class=\"wp-block-column is-layout-flow wp-block-column-is-layout-flow\">\n<div class=\"wp-block-cover is-light is-style-full-height\"><span aria-hidden=\"true\" class=\"wp-block-cover__background has-background-dim-0 has-background-dim\"><\/span><img loading=\"lazy\" decoding=\"async\" width=\"804\" height=\"487\" class=\"wp-block-cover__image-background wp-image-789\" alt=\"\" src=\"https:\/\/vss.yoho.pl\/wp-content\/uploads\/2022\/02\/bp2_oferta_2.png\" data-object-fit=\"cover\" srcset=\"https:\/\/vss.yoho.pl\/wp-content\/uploads\/2022\/02\/bp2_oferta_2.png 804w, https:\/\/vss.yoho.pl\/wp-content\/uploads\/2022\/02\/bp2_oferta_2-768x465.png 768w\" sizes=\"auto, (max-width: 804px) 100vw, 804px\" \/><div class=\"wp-block-cover__inner-container is-layout-flow wp-block-cover-is-layout-flow\">\n<p class=\"has-text-align-center has-large-font-size\"><\/p>\n<\/div><\/div>\n<\/div>\n<\/div>\n\n\n\n<div class=\"wp-block-columns is-style-grid is-layout-flex wp-container-core-columns-is-layout-9d6595d7 wp-block-columns-is-layout-flex\">\n<div class=\"wp-block-column is-layout-flow wp-block-column-is-layout-flow\">\n<div class=\"wp-block-cover is-light is-style-full-height\"><span aria-hidden=\"true\" class=\"wp-block-cover__background has-background-dim-0 has-background-dim\"><\/span><img loading=\"lazy\" decoding=\"async\" width=\"804\" height=\"461\" class=\"wp-block-cover__image-background wp-image-4009\" alt=\"\" src=\"https:\/\/vss.yoho.pl\/wp-content\/uploads\/2022\/03\/shutterstock_2031138518.png\" data-object-fit=\"cover\" srcset=\"https:\/\/vss.yoho.pl\/wp-content\/uploads\/2022\/03\/shutterstock_2031138518.png 804w, https:\/\/vss.yoho.pl\/wp-content\/uploads\/2022\/03\/shutterstock_2031138518-768x440.png 768w\" sizes=\"auto, (max-width: 804px) 100vw, 804px\" \/><div class=\"wp-block-cover__inner-container is-layout-flow wp-block-cover-is-layout-flow\">\n<p class=\"has-text-align-center\"><\/p>\n<\/div><\/div>\n<\/div>\n\n\n\n<div class=\"wp-block-column is-layout-flow wp-block-column-is-layout-flow\">\n<div class=\"wp-block-cover is-light is-style-full-height\"><span aria-hidden=\"true\" class=\"wp-block-cover__background has-dark-gray-background-color has-background-dim-100 has-background-dim\"><\/span><div class=\"wp-block-cover__inner-container is-layout-flow wp-block-cover-is-layout-flow\">\n<h3 class=\"header-with-icon \">\n<span class=\"header-with-icon__icon\"><img decoding=\"async\" src=\"https:\/\/vss.yoho.pl\/wp-content\/uploads\/2022\/08\/ikonki_www_bp2_new_dystrybutorzy.svg\" alt=\"Distributors\"><\/span>\n<span class=\"header-with-icon__content\">Distributors<\/span>\n<\/h3>\n\n\n<ul class=\"links-list links-list--single \">\n                    <li class=\"links-list__item\">\n            <a href=\"https:\/\/eprofil.bp2.eu\/xpertis\/en\">\n                                <span class=\"links-list__title\">Customer zone &#8211; eProfil<\/span>            <\/a>\n        <\/li>\n                    <li class=\"links-list__item\">\n            <a href=\"https:\/\/vss.yoho.pl\/en\/download-centre\/\">\n                                <span class=\"links-list__title\">Files to download<\/span>            <\/a>\n        <\/li>\n                    <li class=\"links-list__item\">\n            <a href=\"https:\/\/vss.yoho.pl\/en\/distributors\/#marketing-offer\">\n                                <span class=\"links-list__title\">Marketing offer<\/span>            <\/a>\n        <\/li>\n                    <li class=\"links-list__item\">\n            <a href=\"#\">\n                                <span class=\"links-list__title\">Optimize your roof<\/span>            <\/a>\n        <\/li>\n    <\/ul><\/div><\/div>\n<\/div>\n<\/div>\n\n\n\n<div class=\"wp-block-columns is-style-mobile-reverse is-style-grid fade-in is-layout-flex wp-container-core-columns-is-layout-9d6595d7 wp-block-columns-is-layout-flex\">\n<div class=\"wp-block-column is-layout-flow wp-block-column-is-layout-flow\">\n<div class=\"wp-block-cover is-light is-style-full-height\"><span aria-hidden=\"true\" class=\"wp-block-cover__background has-dark-gray-background-color has-background-dim-100 has-background-dim\"><\/span><div class=\"wp-block-cover__inner-container is-layout-flow wp-block-cover-is-layout-flow\">\n<h3 class=\"header-with-icon \">\n<span class=\"header-with-icon__icon\"><img decoding=\"async\" src=\"https:\/\/vss.yoho.pl\/wp-content\/uploads\/2022\/08\/ikonki_www_bp2_new_dekrze.svg\" alt=\"Contractors\"><\/span>\n<span class=\"header-with-icon__content\">Contractors<\/span>\n<\/h3>\n\n\n<ul class=\"links-list links-list--single \">\n                    <li class=\"links-list__item\">\n            <a href=\"https:\/\/vss.yoho.pl\/en\/roofers-and-contractors\/#academy-of-masters\">\n                                <span class=\"links-list__title\">Academy of Masters<\/span>            <\/a>\n        <\/li>\n                    <li class=\"links-list__item\">\n            <a href=\"https:\/\/vss.yoho.pl\/en\/roofers-and-contractors\/#practical-training\">\n                                <span class=\"links-list__title\">Practical training<\/span>            <\/a>\n        <\/li>\n                    <li class=\"links-list__item\">\n            <a href=\"https:\/\/vss.yoho.pl\/en\/roofers-and-contractors\/#mobile-academy\">\n                                <span class=\"links-list__title\">Mobile Academy of Masters<\/span>            <\/a>\n        <\/li>\n                    <li class=\"links-list__item\">\n            <a href=\"https:\/\/vss.yoho.pl\/en\/roofers-and-contractors\/#installation-instructions\">\n                                <span class=\"links-list__title\">Assembly manuals<\/span>            <\/a>\n        <\/li>\n                    <li class=\"links-list__item\">\n            <a href=\"https:\/\/vss.yoho.pl\/en\/roofers-and-contractors\/#technical-support\">\n                                <span class=\"links-list__title\">Technical support<\/span>            <\/a>\n        <\/li>\n                    <li class=\"links-list__item\">\n            <a href=\"https:\/\/vss.yoho.pl\/en\/roofers-and-contractors\/#master-roofer\">\n                                <span class=\"links-list__title\">MASTER ROOFER<\/span>            <\/a>\n        <\/li>\n                    <li class=\"links-list__item\">\n            <a href=\"https:\/\/vss.yoho.pl\/en\/download-centre\/\">\n                                <span class=\"links-list__title\">Files to download<\/span>            <\/a>\n        <\/li>\n                    <li class=\"links-list__item\">\n            <a href=\"#\">\n                                <span class=\"links-list__title\">Optimize your roof<\/span>            <\/a>\n        <\/li>\n    <\/ul><\/div><\/div>\n<\/div>\n\n\n\n<div class=\"wp-block-column is-layout-flow wp-block-column-is-layout-flow\">\n<div class=\"wp-block-cover is-light is-style-full-height\"><span aria-hidden=\"true\" class=\"wp-block-cover__background has-background-dim-0 has-background-dim\"><\/span><img loading=\"lazy\" decoding=\"async\" width=\"804\" height=\"603\" class=\"wp-block-cover__image-background wp-image-4027\" alt=\"\" src=\"https:\/\/vss.yoho.pl\/wp-content\/uploads\/2022\/03\/shutterstock_1622771839.png\" data-object-fit=\"cover\" srcset=\"https:\/\/vss.yoho.pl\/wp-content\/uploads\/2022\/03\/shutterstock_1622771839.png 804w, https:\/\/vss.yoho.pl\/wp-content\/uploads\/2022\/03\/shutterstock_1622771839-768x576.png 768w\" sizes=\"auto, (max-width: 804px) 100vw, 804px\" \/><div class=\"wp-block-cover__inner-container is-layout-flow wp-block-cover-is-layout-flow\">\n<p class=\"has-text-align-center has-large-font-size\"><\/p>\n<\/div><\/div>\n<\/div>\n<\/div>\n\n\n\n<div class=\"wp-block-columns is-style-grid is-layout-flex wp-container-core-columns-is-layout-9d6595d7 wp-block-columns-is-layout-flex\">\n<div class=\"wp-block-column is-layout-flow wp-block-column-is-layout-flow\">\n<div class=\"wp-block-cover is-light is-style-full-height\"><span aria-hidden=\"true\" class=\"wp-block-cover__background has-background-dim-0 has-background-dim\"><\/span><img loading=\"lazy\" decoding=\"async\" width=\"804\" height=\"499\" class=\"wp-block-cover__image-background wp-image-4034\" alt=\"\" src=\"https:\/\/vss.yoho.pl\/wp-content\/uploads\/2022\/03\/shutterstock_1017750082.png\" data-object-fit=\"cover\" srcset=\"https:\/\/vss.yoho.pl\/wp-content\/uploads\/2022\/03\/shutterstock_1017750082.png 804w, https:\/\/vss.yoho.pl\/wp-content\/uploads\/2022\/03\/shutterstock_1017750082-768x477.png 768w\" sizes=\"auto, (max-width: 804px) 100vw, 804px\" \/><div class=\"wp-block-cover__inner-container is-layout-flow wp-block-cover-is-layout-flow\">\n\n<p class=\"has-text-align-center\"><\/p>\n\n<\/div><\/div>\n<\/div>\n\n\n\n<div class=\"wp-block-column is-layout-flow wp-block-column-is-layout-flow\">\n<div class=\"wp-block-cover is-light is-style-full-height\"><span aria-hidden=\"true\" class=\"wp-block-cover__background has-dark-gray-background-color has-background-dim-100 has-background-dim\"><\/span><div class=\"wp-block-cover__inner-container is-layout-flow wp-block-cover-is-layout-flow\">\n<h3 class=\"header-with-icon \">\n<span class=\"header-with-icon__icon\"><img decoding=\"async\" src=\"https:\/\/vss.yoho.pl\/wp-content\/uploads\/2022\/08\/ikonki_www_bp2_new_architekci.svg\" alt=\"Architects\"><\/span>\n<span class=\"header-with-icon__content\">Architects<\/span>\n<\/h3>\n\n\n<ul class=\"links-list links-list--single \">\n                    <li class=\"links-list__item\">\n            <a href=\"https:\/\/vss.yoho.pl\/en\/architects\/\">\n                                <span class=\"links-list__title\">BIM library<\/span>            <\/a>\n        <\/li>\n                    <li class=\"links-list__item\">\n            <a href=\"https:\/\/vss.yoho.pl\/architekci\/#modele-3d\">\n                                <span class=\"links-list__title\">3D Models<\/span>            <\/a>\n        <\/li>\n                    <li class=\"links-list__item\">\n            <a href=\"https:\/\/vss.yoho.pl\/architekci\/#plugin-revit\">\n                                <span class=\"links-list__title\">Revit BP2 Plugin<\/span>            <\/a>\n        <\/li>\n    <\/ul><\/div><\/div>\n<\/div>\n<\/div>\n\n\n\n<div class=\"wp-block-columns is-style-mobile-reverse is-style-grid fade-in is-layout-flex wp-container-core-columns-is-layout-9d6595d7 wp-block-columns-is-layout-flex\">\n<div class=\"wp-block-column is-layout-flow wp-block-column-is-layout-flow\" style=\"flex-basis:63%\">\n<div class=\"wp-block-cover is-light is-style-full-height\"><span aria-hidden=\"true\" class=\"wp-block-cover__background has-dark-gray-background-color has-background-dim-100 has-background-dim\"><\/span><div class=\"wp-block-cover__inner-container is-layout-flow wp-block-cover-is-layout-flow\">\n<h3 class=\"header-with-icon \">\n<span class=\"header-with-icon__icon\"><img decoding=\"async\" src=\"https:\/\/vss.yoho.pl\/wp-content\/uploads\/2022\/08\/ikonki_www_bp2_new_pomocne-linki-1.svg\" alt=\"Helpful links\"><\/span>\n<span class=\"header-with-icon__content\">Helpful links<\/span>\n<\/h3>\n\n\n<ul class=\"links-list links-list--single \">\n                    <li class=\"links-list__item\">\n            <a href=\"https:\/\/vss.yoho.pl\/en\/coatings-and-colours\/\">\n                                <span class=\"links-list__title\">Coatings, colours and warranties<\/span>            <\/a>\n        <\/li>\n                    <li class=\"links-list__item\">\n            <a href=\"https:\/\/warranty.bp2.eu\/\">\n                                <span class=\"links-list__title\">Guarantee registration<\/span>            <\/a>\n        <\/li>\n                    <li class=\"links-list__item\">\n            <a href=\"https:\/\/vss.yoho.pl\/en\/type\/individual-customer\/\">\n                                <span class=\"links-list__title\">Implementations and inspirations<\/span>            <\/a>\n        <\/li>\n                    <li class=\"links-list__item\">\n            <a href=\"https:\/\/vss.yoho.pl\/en\/download-centre\/\">\n                                <span class=\"links-list__title\">Files to download<\/span>            <\/a>\n        <\/li>\n                    <li class=\"links-list__item\">\n            <a href=\"https:\/\/vss.yoho.pl\/en\/contact\/?cat=0&#038;subcat=2\">\n                                <span class=\"links-list__title\">Where to buy?<\/span>            <\/a>\n        <\/li>\n                    <li class=\"links-list__item\">\n            <a href=\"https:\/\/vss.yoho.pl\/en\/contact\/?cat=0&#038;subcat=3\">\n                                <span class=\"links-list__title\">Find a contractor<\/span>            <\/a>\n        <\/li>\n                    <li class=\"links-list__item\">\n            <a href=\"http:\/\/vss.yoho.pl\/architects\">\n                                <span class=\"links-list__title\">BIM libraries<\/span>            <\/a>\n        <\/li>\n                    <li class=\"links-list__item\">\n            <a href=\"https:\/\/vss.yoho.pl\/en\/faq\/\">\n                                <span class=\"links-list__title\">Frequently Asked Questions (FAQ)<\/span>            <\/a>\n        <\/li>\n    <\/ul><\/div><\/div>\n<\/div>\n\n\n\n<div class=\"wp-block-column is-layout-flow wp-block-column-is-layout-flow\">\n<div class=\"wp-block-cover is-light is-style-content-from-bottom\"><span aria-hidden=\"true\" class=\"wp-block-cover__background has-background-dim-30 has-background-dim\"><\/span><img loading=\"lazy\" decoding=\"async\" width=\"526\" height=\"444\" class=\"wp-block-cover__image-background wp-image-4963\" alt=\"\" src=\"https:\/\/vss.yoho.pl\/wp-content\/uploads\/2022\/03\/DSC_3447.png\" data-object-fit=\"cover\"\/><div class=\"wp-block-cover__inner-container is-layout-flow wp-block-cover-is-layout-flow\">\n\n<h2 class=\"is-style-h3 has-white-color has-text-color wp-block-heading\">PRODUCENCI ELEMENT\u00d3W METALOWYCH<\/h2>\n\n\n<div class=\"wp-block-group\"><div class=\"wp-block-group__inner-container is-layout-flow wp-block-group-is-layout-flow\">\n\n<a href=\"#\"  class=\"button button--red \">ZOBACZ WI\u0118CEJ<\/a>\n<\/div><\/div>\n\n<\/div><\/div>\n<\/div>\n<\/div>\n\n\n\n<div style=\"height:100px\" aria-hidden=\"true\" class=\"wp-block-spacer is-style-small-spacer\"><\/div>\n<\/div><\/div>\n","protected":false},"excerpt":{"rendered":"<p>S\u0104 FIRMY, KT\u00d3RE STAWIAJ\u0104 NA PROFESJONALIZM. PROFESSIONAL ZONE The Professional Zone is a collection of industry materials for distributors, roofers and architects. It comprises e.g. assembly instructions and BP2 product sheets, marketing offer, inspirations, practical data and additional downloadable files.<\/p>\n","protected":false},"author":1,"featured_media":0,"parent":0,"menu_order":87,"comment_status":"closed","ping_status":"closed","template":"","meta":{"_acf_changed":false,"inline_featured_image":false,"footnotes":""},"class_list":["post-30392","page","type-page","status-publish","hentry"],"acf":[],"yoast_head":"<!-- This site is optimized with the Yoast SEO plugin v26.5 - https:\/\/yoast.com\/wordpress\/plugins\/seo\/ -->\n<title>For professionals - VSS<\/title>\n<meta name=\"robots\" content=\"noindex, follow, max-snippet:-1, max-image-preview:large, max-video-preview:-1\" \/>\n<meta property=\"og:locale\" content=\"en_US\" \/>\n<meta property=\"og:type\" content=\"article\" \/>\n<meta property=\"og:title\" content=\"For professionals - VSS\" \/>\n<meta property=\"og:description\" content=\"S\u0104 FIRMY, KT\u00d3RE STAWIAJ\u0104 NA PROFESJONALIZM. PROFESSIONAL ZONE The Professional Zone is a collection of industry materials for distributors, roofers and architects. It comprises e.g. assembly instructions and BP2 product sheets, marketing offer, inspirations, practical data and additional downloadable files.\" \/>\n<meta property=\"og:url\" content=\"https:\/\/vss.yoho.pl\/en\/for-professionals\/\" \/>\n<meta property=\"og:site_name\" content=\"VSS\" \/>\n<meta property=\"article:modified_time\" content=\"2022-12-07T11:48:00+00:00\" \/>\n<meta property=\"og:image\" content=\"https:\/\/vss.yoho.pl\/wp-content\/uploads\/2022\/02\/bp2_oferta_2.png\" \/>\n<meta name=\"twitter:card\" content=\"summary_large_image\" \/>\n<script type=\"application\/ld+json\" class=\"yoast-schema-graph\">{\"@context\":\"https:\/\/schema.org\",\"@graph\":[{\"@type\":\"WebPage\",\"@id\":\"https:\/\/vss.yoho.pl\/en\/for-professionals\/\",\"url\":\"https:\/\/vss.yoho.pl\/en\/for-professionals\/\",\"name\":\"For professionals - VSS\",\"isPartOf\":{\"@id\":\"https:\/\/vss.yoho.pl\/#website\"},\"primaryImageOfPage\":{\"@id\":\"https:\/\/vss.yoho.pl\/en\/for-professionals\/#primaryimage\"},\"image\":{\"@id\":\"https:\/\/vss.yoho.pl\/en\/for-professionals\/#primaryimage\"},\"thumbnailUrl\":\"https:\/\/vss.yoho.pl\/wp-content\/uploads\/2022\/02\/bp2_oferta_2.png\",\"datePublished\":\"2022-01-05T13:17:50+00:00\",\"dateModified\":\"2022-12-07T11:48:00+00:00\",\"breadcrumb\":{\"@id\":\"https:\/\/vss.yoho.pl\/en\/for-professionals\/#breadcrumb\"},\"inLanguage\":\"en-US\",\"potentialAction\":[{\"@type\":\"ReadAction\",\"target\":[\"https:\/\/vss.yoho.pl\/en\/for-professionals\/\"]}]},{\"@type\":\"ImageObject\",\"inLanguage\":\"en-US\",\"@id\":\"https:\/\/vss.yoho.pl\/en\/for-professionals\/#primaryimage\",\"url\":\"https:\/\/vss.yoho.pl\/wp-content\/uploads\/2022\/02\/bp2_oferta_2.png\",\"contentUrl\":\"https:\/\/vss.yoho.pl\/wp-content\/uploads\/2022\/02\/bp2_oferta_2.png\"},{\"@type\":\"BreadcrumbList\",\"@id\":\"https:\/\/vss.yoho.pl\/en\/for-professionals\/#breadcrumb\",\"itemListElement\":[{\"@type\":\"ListItem\",\"position\":1,\"name\":\"Home\",\"item\":\"https:\/\/vss.yoho.pl\/\"},{\"@type\":\"ListItem\",\"position\":2,\"name\":\"For professionals\"}]},{\"@type\":\"WebSite\",\"@id\":\"https:\/\/vss.yoho.pl\/#website\",\"url\":\"https:\/\/vss.yoho.pl\/\",\"name\":\"VSS\",\"description\":\"Steel Service Centre\",\"potentialAction\":[{\"@type\":\"SearchAction\",\"target\":{\"@type\":\"EntryPoint\",\"urlTemplate\":\"https:\/\/vss.yoho.pl\/?s={search_term_string}\"},\"query-input\":{\"@type\":\"PropertyValueSpecification\",\"valueRequired\":true,\"valueName\":\"search_term_string\"}}],\"inLanguage\":\"en-US\"}]}<\/script>\n<!-- \/ Yoast SEO plugin. -->","yoast_head_json":{"title":"For professionals - VSS","robots":{"index":"noindex","follow":"follow","max-snippet":"max-snippet:-1","max-image-preview":"max-image-preview:large","max-video-preview":"max-video-preview:-1"},"og_locale":"en_US","og_type":"article","og_title":"For professionals - VSS","og_description":"S\u0104 FIRMY, KT\u00d3RE STAWIAJ\u0104 NA PROFESJONALIZM. PROFESSIONAL ZONE The Professional Zone is a collection of industry materials for distributors, roofers and architects. It comprises e.g. assembly instructions and BP2 product sheets, marketing offer, inspirations, practical data and additional downloadable files.","og_url":"https:\/\/vss.yoho.pl\/en\/for-professionals\/","og_site_name":"VSS","article_modified_time":"2022-12-07T11:48:00+00:00","og_image":[{"url":"https:\/\/vss.yoho.pl\/wp-content\/uploads\/2022\/02\/bp2_oferta_2.png","type":"","width":"","height":""}],"twitter_card":"summary_large_image","schema":{"@context":"https:\/\/schema.org","@graph":[{"@type":"WebPage","@id":"https:\/\/vss.yoho.pl\/en\/for-professionals\/","url":"https:\/\/vss.yoho.pl\/en\/for-professionals\/","name":"For professionals - VSS","isPartOf":{"@id":"https:\/\/vss.yoho.pl\/#website"},"primaryImageOfPage":{"@id":"https:\/\/vss.yoho.pl\/en\/for-professionals\/#primaryimage"},"image":{"@id":"https:\/\/vss.yoho.pl\/en\/for-professionals\/#primaryimage"},"thumbnailUrl":"https:\/\/vss.yoho.pl\/wp-content\/uploads\/2022\/02\/bp2_oferta_2.png","datePublished":"2022-01-05T13:17:50+00:00","dateModified":"2022-12-07T11:48:00+00:00","breadcrumb":{"@id":"https:\/\/vss.yoho.pl\/en\/for-professionals\/#breadcrumb"},"inLanguage":"en-US","potentialAction":[{"@type":"ReadAction","target":["https:\/\/vss.yoho.pl\/en\/for-professionals\/"]}]},{"@type":"ImageObject","inLanguage":"en-US","@id":"https:\/\/vss.yoho.pl\/en\/for-professionals\/#primaryimage","url":"https:\/\/vss.yoho.pl\/wp-content\/uploads\/2022\/02\/bp2_oferta_2.png","contentUrl":"https:\/\/vss.yoho.pl\/wp-content\/uploads\/2022\/02\/bp2_oferta_2.png"},{"@type":"BreadcrumbList","@id":"https:\/\/vss.yoho.pl\/en\/for-professionals\/#breadcrumb","itemListElement":[{"@type":"ListItem","position":1,"name":"Home","item":"https:\/\/vss.yoho.pl\/"},{"@type":"ListItem","position":2,"name":"For professionals"}]},{"@type":"WebSite","@id":"https:\/\/vss.yoho.pl\/#website","url":"https:\/\/vss.yoho.pl\/","name":"VSS","description":"Steel Service Centre","potentialAction":[{"@type":"SearchAction","target":{"@type":"EntryPoint","urlTemplate":"https:\/\/vss.yoho.pl\/?s={search_term_string}"},"query-input":{"@type":"PropertyValueSpecification","valueRequired":true,"valueName":"search_term_string"}}],"inLanguage":"en-US"}]}},"_links":{"self":[{"href":"https:\/\/vss.yoho.pl\/en\/wp-json\/wp\/v2\/pages\/30392","targetHints":{"allow":["GET"]}}],"collection":[{"href":"https:\/\/vss.yoho.pl\/en\/wp-json\/wp\/v2\/pages"}],"about":[{"href":"https:\/\/vss.yoho.pl\/en\/wp-json\/wp\/v2\/types\/page"}],"author":[{"embeddable":true,"href":"https:\/\/vss.yoho.pl\/en\/wp-json\/wp\/v2\/users\/1"}],"replies":[{"embeddable":true,"href":"https:\/\/vss.yoho.pl\/en\/wp-json\/wp\/v2\/comments?post=30392"}],"version-history":[{"count":14,"href":"https:\/\/vss.yoho.pl\/en\/wp-json\/wp\/v2\/pages\/30392\/revisions"}],"predecessor-version":[{"id":46490,"href":"https:\/\/vss.yoho.pl\/en\/wp-json\/wp\/v2\/pages\/30392\/revisions\/46490"}],"wp:attachment":[{"href":"https:\/\/vss.yoho.pl\/en\/wp-json\/wp\/v2\/media?parent=30392"}],"curies":[{"name":"wp","href":"https:\/\/api.w.org\/{rel}","templated":true}]}}