{"id":46676,"date":"2022-10-10T10:47:56","date_gmt":"2022-10-10T08:47:56","guid":{"rendered":"https:\/\/vss.yoho.pl\/program-bp2-eshop\/"},"modified":"2022-12-12T11:44:07","modified_gmt":"2022-12-12T10:44:07","slug":"bp2-eshop","status":"publish","type":"page","link":"https:\/\/vss.yoho.pl\/hu\/bp2-eshop\/","title":{"rendered":"BP2 ESHOP"},"content":{"rendered":"\n<div class=\"wp-block-group is-style-with-b2-background\"><div class=\"wp-block-group__inner-container is-layout-flow wp-block-group-is-layout-flow\">\n<div style=\"height:100px\" aria-hidden=\"true\" class=\"wp-block-spacer is-style-small-spacer\"><\/div>\n\n\n\n<p class=\"has-text-align-center noMarginBottom has-red-color has-text-color\"><strong><strong>KEZDJE EL AZ ONLINE \u00c9RT\u00c9KES\u00cdT\u00c9ST KORL\u00c1TOK N\u00c9LK\u00dcL<\/strong><\/strong><\/p>\n\n\n\n<h2 class=\"has-text-align-center noMarginTop noMarginBottom is-style-h1 wp-block-heading\" style=\"font-size:3.5em\">BP2 ESHOP<\/h2>\n\n\n\n<div style=\"height:100px\" aria-hidden=\"true\" class=\"wp-block-spacer is-style-small-spacer\"><\/div>\n<\/div><\/div>\n\n\n\n<div class=\"wp-block-group is-style-narrower-group\"><div class=\"wp-block-group__inner-container is-layout-flow wp-block-group-is-layout-flow\">\n<p class=\"has-text-align-center\" style=\"font-size:22px\">A BP2 \u00e1ltal egy meghatalmazott forgalmaz\u00f3val egy\u00fctt kezelt webalap\u00fa \u00e9rt\u00e9kes\u00edt\u00e9si platform. A platform megfelel\u0151 m\u0171k\u00f6d\u00e9s\u00e9t informatikai szempontb\u00f3l teljes m\u00e9rt\u00e9kben a BP2 garant\u00e1lja. A forgalmaz\u00f3 szabadon alak\u00edthatja a honlapot \u00e9s az aj\u00e1nlatot, valamint a kereskedelmi felt\u00e9teleket.<\/p>\n<\/div><\/div>\n\n\n\n<div style=\"height:100px\" aria-hidden=\"true\" class=\"wp-block-spacer is-style-smaller-spacer\"><\/div>\n\n\n\n<div class=\"wp-block-group\"><div class=\"wp-block-group__inner-container is-layout-flow wp-block-group-is-layout-flow\">\n<div class=\"wp-block-columns is-style-grid fade-in is-layout-flex wp-container-core-columns-is-layout-9d6595d7 wp-block-columns-is-layout-flex\">\n<div class=\"wp-block-column is-layout-flow wp-block-column-is-layout-flow\">\n<div class=\"wp-block-cover is-light is-style-full-height\"><span aria-hidden=\"true\" class=\"wp-block-cover__background has-background-dim-0 has-background-dim\"><\/span><img loading=\"lazy\" decoding=\"async\" width=\"1306\" height=\"1864\" class=\"wp-block-cover__image-background wp-image-31207\" alt=\"\" src=\"https:\/\/vss.yoho.pl\/wp-content\/uploads\/2022\/10\/BPACK.jpg\" style=\"object-position:33% 46%\" data-object-fit=\"cover\" data-object-position=\"33% 46%\" srcset=\"https:\/\/vss.yoho.pl\/wp-content\/uploads\/2022\/10\/BPACK.jpg 1306w, https:\/\/vss.yoho.pl\/wp-content\/uploads\/2022\/10\/BPACK-673x960.jpg 673w, https:\/\/vss.yoho.pl\/wp-content\/uploads\/2022\/10\/BPACK-717x1024.jpg 717w, https:\/\/vss.yoho.pl\/wp-content\/uploads\/2022\/10\/BPACK-768x1096.jpg 768w, https:\/\/vss.yoho.pl\/wp-content\/uploads\/2022\/10\/BPACK-1076x1536.jpg 1076w\" sizes=\"auto, (max-width: 1306px) 100vw, 1306px\" \/><div class=\"wp-block-cover__inner-container is-layout-flow wp-block-cover-is-layout-flow\">\n<p class=\"has-text-align-center\"><\/p>\n<\/div><\/div>\n<\/div>\n\n\n\n<div class=\"wp-block-column is-vertically-aligned-center is-layout-flow wp-block-column-is-layout-flow\">\n<div class=\"wp-block-cover is-light is-style-full-width wp-duotone-8c00b7-fcff41-1\"><span aria-hidden=\"true\" class=\"wp-block-cover__background has-dark-gray-background-color has-background-dim-100 has-background-dim\"><\/span><div class=\"wp-block-cover__inner-container is-layout-flow wp-block-cover-is-layout-flow\">\n<figure class=\"wp-block-image size-large is-resized\"><img loading=\"lazy\" decoding=\"async\" src=\"https:\/\/vss.yoho.pl\/wp-content\/uploads\/2022\/12\/bp2eshop.svg\" alt=\"\" class=\"wp-image-46330\" width=\"185\" height=\"113\"\/><\/figure>\n\n\n\n<p>Az online \u00e9rt\u00e9kes\u00edt\u00e9s jelent\u0151sen b\u0151v\u00fclt az elm\u00falt \u00e9vekben. <strong>A Gemius jelent\u00e9se szerint 2021-ben az online felhaszn\u00e1l\u00f3k 77%-a legal\u00e1bb egyszer haszn\u00e1lta az online v\u00e1s\u00e1rl\u00e1si form\u00e1t. <\/strong>Mivel korunk megk\u00f6veteli, hogy v\u00e1ltoztassunk marketingeszk\u00f6zeinken \u00e9s az \u00fcgyfelekkel val\u00f3 kommunik\u00e1ci\u00f3 m\u00f3dj\u00e1n, ez\u00e9rt \u00fagy d\u00f6nt\u00f6tt\u00fcnk, hogy bevezet\u00fcnk egy k\u00fcl\u00f6n megold\u00e1st az online \u00e9rt\u00e9kes\u00edt\u00e9sre.<\/p>\n\n\n\n<p>A mi megold\u00e1sunkkal \u00d6n n\u00e9h\u00e1ny nap alatt egy m\u0171k\u00f6d\u0151k\u00e9pes \u00e9s szemreval\u00f3 web\u00e1ruh\u00e1zat hozhat l\u00e9tre.<\/p>\n\n\n\n<p>A platform megfelel\u0151 informatikai m\u0171k\u00f6d\u00e9s\u00e9t a BP2 teljes m\u00e9rt\u00e9kben garant\u00e1lja. Megold\u00e1sunk haszn\u00e1lata sor\u00e1n nem kell agg\u00f3dnia a digit\u00e1lis biztons\u00e1g miatt, nem kell \u00fajabb t\u00e1rhelyet v\u00e1s\u00e1rolnia, \u00e9s mag\u00e1nak a web\u00e1ruh\u00e1znak a kezel\u00e9se sem ig\u00e9nyel magas szint\u0171 m\u0171szaki ismereteket.<\/p>\n\n\n\n<p>A forgalmaz\u00f3 szabadon alak\u00edthatja weboldal\u00e1t \u00e9s aj\u00e1nlat\u00e1t, valamint kereskedelmi felt\u00e9teleit. A v\u00e1s\u00e1rl\u00f3k az \u00e1ltaluk v\u00e1lasztott eszk\u00f6z\u00f6n \u00e9lvezhetik majd a v\u00e1s\u00e1rl\u00e1si \u00e9lm\u00e9nyt a web\u00e1ruh\u00e1z be\u00e9p\u00edtett fizet\u00e9si modulja pedig lehet\u0151v\u00e9 teszi, hogy \u00d6n probl\u00e9mamentesen hozz\u00e1juthat term\u00e9kei ellen\u00e9rt\u00e9k\u00e9hez a PayU fizet\u00e9si szolg\u00e1ltat\u00f3 k\u00f6zrem\u0171k\u00f6d\u00e9s\u00e9vel.<\/p>\n\n\n\n<p><strong>Megold\u00e1sunkkal \u00d6n az \u00e9rt\u00e9kes\u00edt\u00e9sre \u00f6sszpontos\u00edthat, a t\u00f6bbi a mi dolgunk. Tov\u00e1bbi inform\u00e1ci\u00f3\u00e9rt, k\u00e9rj\u00fck, vegye fel a kapcsolatot kereskedelmi k\u00e9pvisel\u0151nkkel.<\/strong><\/p>\n\n\n\n<a href=\"https:\/\/vss.yoho.pl\/hu\/kapcsolat\/\"  class=\"button button--red \">KAPCSOLAT FELV\u00c9TELE A KERESKEDELMI K\u00c9PVISEL\u0150VEL<\/a>\n\n\n<div style=\"height:100px\" aria-hidden=\"true\" class=\"wp-block-spacer\"><\/div>\n<\/div><\/div>\n<\/div>\n<\/div>\n<\/div><\/div>\n\n\n\n<div class=\"wp-block-group has-white-background-color has-background\"><div class=\"wp-block-group__inner-container is-layout-flow wp-block-group-is-layout-flow\">\n<div style=\"height:100px\" aria-hidden=\"true\" class=\"wp-block-spacer is-style-smaller-spacer\"><\/div>\n\n\n\n<div class=\"wp-block-columns is-style-grid is-layout-flex wp-container-core-columns-is-layout-9d6595d7 wp-block-columns-is-layout-flex\">\n<div class=\"wp-block-column is-layout-flow wp-block-column-is-layout-flow\">\n<div class=\"wp-block-cover is-style-content-from-bottom\"><span aria-hidden=\"true\" class=\"wp-block-cover__background has-background-dim\"><\/span><img loading=\"lazy\" decoding=\"async\" width=\"1306\" height=\"1864\" class=\"wp-block-cover__image-background wp-image-30254\" alt=\"\" src=\"https:\/\/vss.yoho.pl\/wp-content\/uploads\/2022\/09\/50-50-1.jpg\" style=\"object-position:83% 100%\" data-object-fit=\"cover\" data-object-position=\"83% 100%\" srcset=\"https:\/\/vss.yoho.pl\/wp-content\/uploads\/2022\/09\/50-50-1.jpg 1306w, https:\/\/vss.yoho.pl\/wp-content\/uploads\/2022\/09\/50-50-1-673x960.jpg 673w, https:\/\/vss.yoho.pl\/wp-content\/uploads\/2022\/09\/50-50-1-717x1024.jpg 717w, https:\/\/vss.yoho.pl\/wp-content\/uploads\/2022\/09\/50-50-1-768x1096.jpg 768w, https:\/\/vss.yoho.pl\/wp-content\/uploads\/2022\/09\/50-50-1-1076x1536.jpg 1076w\" sizes=\"auto, (max-width: 1306px) 100vw, 1306px\" \/><div class=\"wp-block-cover__inner-container is-layout-flow wp-block-cover-is-layout-flow\">\n<div style=\"height:100px\" aria-hidden=\"true\" class=\"wp-block-spacer is-style-medium-spacer\"><\/div>\n\n\n\n<figure class=\"wp-block-image size-large is-resized\"><img loading=\"lazy\" decoding=\"async\" src=\"https:\/\/vss.yoho.pl\/wp-content\/uploads\/2022\/12\/bp2-50-50.svg\" alt=\"\" class=\"wp-image-46309\" width=\"185\" height=\"113\"\/><\/figure>\n\n\n\n<p class=\"has-white-color has-text-color\">Forgalmaz\u00f3knak \u00e9s a tet\u0151fed\u0151knek sz\u00f3l\u00f3 program, amelyben a megb\u00edzhat\u00f3 munkaruh\u00e1zat \u00e9s a kiv\u00e1l\u00f3 min\u0151s\u00e9g\u0171 szersz\u00e1mok el\u0151\u00e1ll\u00edt\u00e1si k\u00f6lts\u00e9geit a BP2 \u00e9s az \u00fcgyf\u00e9l fele-fele ar\u00e1nyban osztj\u00e1k meg. A term\u00e9keken a BP2 50:50 program partnereinek log\u00f3ja l\u00e1that\u00f3.<\/p>\n\n\n\n<div class=\"wp-block-group\"><div class=\"wp-block-group__inner-container is-layout-flow wp-block-group-is-layout-flow\">\n<a href=\"https:\/\/vss.yoho.pl\/hu\/bp2-50-50\/\"  class=\"button button--red \">TOV\u00c1BBI R\u00c9SZLETEK<\/a><\/div><\/div>\n<\/div><\/div>\n<\/div>\n\n\n\n<div class=\"wp-block-column is-layout-flow wp-block-column-is-layout-flow\">\n<div class=\"wp-block-cover is-light is-style-content-from-bottom\"><span aria-hidden=\"true\" class=\"wp-block-cover__background has-background-dim\"><\/span><img loading=\"lazy\" decoding=\"async\" width=\"1306\" height=\"1864\" class=\"wp-block-cover__image-background wp-image-31334\" alt=\"\" src=\"https:\/\/vss.yoho.pl\/wp-content\/uploads\/2022\/10\/AD.jpg\" style=\"object-position:52% 97%\" data-object-fit=\"cover\" data-object-position=\"52% 97%\" srcset=\"https:\/\/vss.yoho.pl\/wp-content\/uploads\/2022\/10\/AD.jpg 1306w, https:\/\/vss.yoho.pl\/wp-content\/uploads\/2022\/10\/AD-673x960.jpg 673w, https:\/\/vss.yoho.pl\/wp-content\/uploads\/2022\/10\/AD-717x1024.jpg 717w, https:\/\/vss.yoho.pl\/wp-content\/uploads\/2022\/10\/AD-768x1096.jpg 768w, https:\/\/vss.yoho.pl\/wp-content\/uploads\/2022\/10\/AD-1076x1536.jpg 1076w\" sizes=\"auto, (max-width: 1306px) 100vw, 1306px\" \/><div class=\"wp-block-cover__inner-container is-layout-flow wp-block-cover-is-layout-flow\">\n<div style=\"height:100px\" aria-hidden=\"true\" class=\"wp-block-spacer is-style-medium-spacer\"><\/div>\n\n\n\n<figure class=\"wp-block-image size-large is-resized\"><img loading=\"lazy\" decoding=\"async\" src=\"https:\/\/vss.yoho.pl\/wp-content\/uploads\/2022\/12\/bp2-ad.svg\" alt=\"\" class=\"wp-image-46316\" width=\"185\" height=\"113\"\/><\/figure>\n\n\n\n<p class=\"has-white-color has-text-color\">Hogy megfelelj\u00fcnk a forgalmaz\u00f3k elv\u00e1r\u00e1sainak l\u00e9trehoztuk egy \u00e1tfog\u00f3 programot a BP2 term\u00e9kek \u00e9rt\u00e9kes\u00edt\u00e9s\u00e9nek t\u00e1mogat\u00e1s\u00e1ra. Jelenleg az \u00e9rt\u00e9kes\u00edt\u00e9st t\u00e1mogat\u00f3 tev\u00e9kenys\u00e9gek a digit\u00e1lis marketingre \u00e9s a helyi internetes kamp\u00e1nyokra \u00f6sszpontos\u00edtanak. Oszt\u00e1lyunk k\u00e9szen \u00e1ll arra, hogy minden sz\u00fcks\u00e9ges tan\u00e1csot megadjon.<\/p>\n\n\n\n<div class=\"wp-block-group\"><div class=\"wp-block-group__inner-container is-layout-flow wp-block-group-is-layout-flow\">\n<a href=\"https:\/\/vss.yoho.pl\/hu\/bp2-hivatalos-forgalmazoja\/\"  class=\"button button--red \">TOV\u00c1BBI R\u00c9SZLETEK<\/a><\/div><\/div>\n<\/div><\/div>\n<\/div>\n\n\n\n<div class=\"wp-block-column is-layout-flow wp-block-column-is-layout-flow\">\n<div class=\"wp-block-cover is-light is-style-content-from-bottom\"><span aria-hidden=\"true\" class=\"wp-block-cover__background has-background-dim\"><\/span><img loading=\"lazy\" decoding=\"async\" width=\"1306\" height=\"1864\" class=\"wp-block-cover__image-background wp-image-31260\" alt=\"\" src=\"https:\/\/vss.yoho.pl\/wp-content\/uploads\/2022\/10\/BPACK-v2.jpg\" style=\"object-position:54% 90%\" data-object-fit=\"cover\" data-object-position=\"54% 90%\" srcset=\"https:\/\/vss.yoho.pl\/wp-content\/uploads\/2022\/10\/BPACK-v2.jpg 1306w, https:\/\/vss.yoho.pl\/wp-content\/uploads\/2022\/10\/BPACK-v2-673x960.jpg 673w, https:\/\/vss.yoho.pl\/wp-content\/uploads\/2022\/10\/BPACK-v2-717x1024.jpg 717w, https:\/\/vss.yoho.pl\/wp-content\/uploads\/2022\/10\/BPACK-v2-768x1096.jpg 768w, https:\/\/vss.yoho.pl\/wp-content\/uploads\/2022\/10\/BPACK-v2-1076x1536.jpg 1076w\" sizes=\"auto, (max-width: 1306px) 100vw, 1306px\" \/><div class=\"wp-block-cover__inner-container is-layout-flow wp-block-cover-is-layout-flow\">\n<div style=\"height:100px\" aria-hidden=\"true\" class=\"wp-block-spacer is-style-medium-spacer\"><\/div>\n\n\n\n<figure class=\"wp-block-image size-large is-resized\"><img loading=\"lazy\" decoding=\"async\" src=\"https:\/\/vss.yoho.pl\/wp-content\/uploads\/2022\/12\/bp2-bpack.svg\" alt=\"\" class=\"wp-image-46323\" width=\"163\" height=\"113\"\/><\/figure>\n\n\n\n<p class=\"has-white-color has-text-color\">A forgalmaz\u00f3knak sz\u00f3l\u00f3 marketingakci\u00f3, melynek keret\u00e9ben a forgalmaz\u00f3 a szolg\u00e1ltat\u00e1sunkon kereszt\u00fcl \u00e9vente k\u00e9tszer az elnyert pontok alapj\u00e1n \u00f6n\u00e1ll\u00f3an \u00e1ll\u00edthatja \u00f6ssze a program aktu\u00e1lis kiad\u00e1s\u00e1ban k\u00edn\u00e1lt marketinganyagok kosar\u00e1t.<\/p>\n\n\n\n<div class=\"wp-block-group\"><div class=\"wp-block-group__inner-container is-layout-flow wp-block-group-is-layout-flow\">\n<a href=\"https:\/\/vss.yoho.pl\/hu\/bp2-bpack\/\"  class=\"button button--red \">TOV\u00c1BBI R\u00c9SZLETEK<\/a><\/div><\/div>\n<\/div><\/div>\n<\/div>\n<\/div>\n\n\n\n<div style=\"height:100px\" aria-hidden=\"true\" class=\"wp-block-spacer is-style-small-spacer\"><\/div>\n<\/div><\/div>\n\n\n\n<div style=\"height:100px\" aria-hidden=\"true\" class=\"wp-block-spacer is-style-smaller-spacer\"><\/div>\n","protected":false},"excerpt":{"rendered":"<p>KEZDJE EL AZ ONLINE \u00c9RT\u00c9KES\u00cdT\u00c9ST KORL\u00c1TOK N\u00c9LK\u00dcL BP2 ESHOP A BP2 \u00e1ltal egy meghatalmazott forgalmaz\u00f3val egy\u00fctt kezelt webalap\u00fa \u00e9rt\u00e9kes\u00edt\u00e9si platform. A platform megfelel\u0151 m\u0171k\u00f6d\u00e9s\u00e9t informatikai szempontb\u00f3l teljes m\u00e9rt\u00e9kben a BP2 garant\u00e1lja. A forgalmaz\u00f3 szabadon alak\u00edthatja a honlapot \u00e9s az aj\u00e1nlatot, valamint a kereskedelmi felt\u00e9teleket.<\/p>\n","protected":false},"author":6,"featured_media":0,"parent":0,"menu_order":35,"comment_status":"closed","ping_status":"closed","template":"","meta":{"_acf_changed":false,"inline_featured_image":false,"footnotes":""},"class_list":["post-46676","page","type-page","status-publish","hentry"],"acf":[],"yoast_head":"<!-- This site is optimized with the Yoast SEO plugin v26.5 - https:\/\/yoast.com\/wordpress\/plugins\/seo\/ -->\n<title>BP2 ESHOP - VSS<\/title>\n<meta name=\"robots\" content=\"noindex, follow, max-snippet:-1, max-image-preview:large, max-video-preview:-1\" \/>\n<meta property=\"og:locale\" content=\"hu_HU\" \/>\n<meta property=\"og:type\" content=\"article\" \/>\n<meta property=\"og:title\" content=\"BP2 ESHOP - VSS\" \/>\n<meta property=\"og:description\" content=\"KEZDJE EL AZ ONLINE \u00c9RT\u00c9KES\u00cdT\u00c9ST KORL\u00c1TOK N\u00c9LK\u00dcL BP2 ESHOP A BP2 \u00e1ltal egy meghatalmazott forgalmaz\u00f3val egy\u00fctt kezelt webalap\u00fa \u00e9rt\u00e9kes\u00edt\u00e9si platform. A platform megfelel\u0151 m\u0171k\u00f6d\u00e9s\u00e9t informatikai szempontb\u00f3l teljes m\u00e9rt\u00e9kben a BP2 garant\u00e1lja. A forgalmaz\u00f3 szabadon alak\u00edthatja a honlapot \u00e9s az aj\u00e1nlatot, valamint a kereskedelmi felt\u00e9teleket.\" \/>\n<meta property=\"og:url\" content=\"https:\/\/vss.yoho.pl\/hu\/bp2-eshop\/\" \/>\n<meta property=\"og:site_name\" content=\"VSS\" \/>\n<meta property=\"article:modified_time\" content=\"2022-12-12T10:44:07+00:00\" \/>\n<meta property=\"og:image\" content=\"https:\/\/vss.yoho.pl\/wp-content\/uploads\/2022\/10\/BPACK.jpg\" \/>\n<meta name=\"twitter:card\" content=\"summary_large_image\" \/>\n<meta name=\"twitter:label1\" content=\"Est. reading time\" \/>\n\t<meta name=\"twitter:data1\" content=\"2 perc\" \/>\n<script type=\"application\/ld+json\" class=\"yoast-schema-graph\">{\"@context\":\"https:\/\/schema.org\",\"@graph\":[{\"@type\":\"WebPage\",\"@id\":\"https:\/\/vss.yoho.pl\/hu\/bp2-eshop\/\",\"url\":\"https:\/\/vss.yoho.pl\/hu\/bp2-eshop\/\",\"name\":\"BP2 ESHOP - VSS\",\"isPartOf\":{\"@id\":\"https:\/\/vss.yoho.pl\/#website\"},\"primaryImageOfPage\":{\"@id\":\"https:\/\/vss.yoho.pl\/hu\/bp2-eshop\/#primaryimage\"},\"image\":{\"@id\":\"https:\/\/vss.yoho.pl\/hu\/bp2-eshop\/#primaryimage\"},\"thumbnailUrl\":\"https:\/\/vss.yoho.pl\/wp-content\/uploads\/2022\/10\/BPACK.jpg\",\"datePublished\":\"2022-10-10T08:47:56+00:00\",\"dateModified\":\"2022-12-12T10:44:07+00:00\",\"breadcrumb\":{\"@id\":\"https:\/\/vss.yoho.pl\/hu\/bp2-eshop\/#breadcrumb\"},\"inLanguage\":\"hu\",\"potentialAction\":[{\"@type\":\"ReadAction\",\"target\":[\"https:\/\/vss.yoho.pl\/hu\/bp2-eshop\/\"]}]},{\"@type\":\"ImageObject\",\"inLanguage\":\"hu\",\"@id\":\"https:\/\/vss.yoho.pl\/hu\/bp2-eshop\/#primaryimage\",\"url\":\"https:\/\/vss.yoho.pl\/wp-content\/uploads\/2022\/10\/BPACK.jpg\",\"contentUrl\":\"https:\/\/vss.yoho.pl\/wp-content\/uploads\/2022\/10\/BPACK.jpg\"},{\"@type\":\"BreadcrumbList\",\"@id\":\"https:\/\/vss.yoho.pl\/hu\/bp2-eshop\/#breadcrumb\",\"itemListElement\":[{\"@type\":\"ListItem\",\"position\":1,\"name\":\"Home\",\"item\":\"https:\/\/vss.yoho.pl\/hu\/\"},{\"@type\":\"ListItem\",\"position\":2,\"name\":\"BP2 ESHOP\"}]},{\"@type\":\"WebSite\",\"@id\":\"https:\/\/vss.yoho.pl\/#website\",\"url\":\"https:\/\/vss.yoho.pl\/\",\"name\":\"VSS\",\"description\":\"Ac\u00e9lipari Szolg\u00e1ltat\u00f3k\u00f6zpont\",\"potentialAction\":[{\"@type\":\"SearchAction\",\"target\":{\"@type\":\"EntryPoint\",\"urlTemplate\":\"https:\/\/vss.yoho.pl\/?s={search_term_string}\"},\"query-input\":{\"@type\":\"PropertyValueSpecification\",\"valueRequired\":true,\"valueName\":\"search_term_string\"}}],\"inLanguage\":\"hu\"}]}<\/script>\n<!-- \/ Yoast SEO plugin. -->","yoast_head_json":{"title":"BP2 ESHOP - VSS","robots":{"index":"noindex","follow":"follow","max-snippet":"max-snippet:-1","max-image-preview":"max-image-preview:large","max-video-preview":"max-video-preview:-1"},"og_locale":"hu_HU","og_type":"article","og_title":"BP2 ESHOP - VSS","og_description":"KEZDJE EL AZ ONLINE \u00c9RT\u00c9KES\u00cdT\u00c9ST KORL\u00c1TOK N\u00c9LK\u00dcL BP2 ESHOP A BP2 \u00e1ltal egy meghatalmazott forgalmaz\u00f3val egy\u00fctt kezelt webalap\u00fa \u00e9rt\u00e9kes\u00edt\u00e9si platform. A platform megfelel\u0151 m\u0171k\u00f6d\u00e9s\u00e9t informatikai szempontb\u00f3l teljes m\u00e9rt\u00e9kben a BP2 garant\u00e1lja. A forgalmaz\u00f3 szabadon alak\u00edthatja a honlapot \u00e9s az aj\u00e1nlatot, valamint a kereskedelmi felt\u00e9teleket.","og_url":"https:\/\/vss.yoho.pl\/hu\/bp2-eshop\/","og_site_name":"VSS","article_modified_time":"2022-12-12T10:44:07+00:00","og_image":[{"url":"https:\/\/vss.yoho.pl\/wp-content\/uploads\/2022\/10\/BPACK.jpg","type":"","width":"","height":""}],"twitter_card":"summary_large_image","twitter_misc":{"Est. reading time":"2 perc"},"schema":{"@context":"https:\/\/schema.org","@graph":[{"@type":"WebPage","@id":"https:\/\/vss.yoho.pl\/hu\/bp2-eshop\/","url":"https:\/\/vss.yoho.pl\/hu\/bp2-eshop\/","name":"BP2 ESHOP - VSS","isPartOf":{"@id":"https:\/\/vss.yoho.pl\/#website"},"primaryImageOfPage":{"@id":"https:\/\/vss.yoho.pl\/hu\/bp2-eshop\/#primaryimage"},"image":{"@id":"https:\/\/vss.yoho.pl\/hu\/bp2-eshop\/#primaryimage"},"thumbnailUrl":"https:\/\/vss.yoho.pl\/wp-content\/uploads\/2022\/10\/BPACK.jpg","datePublished":"2022-10-10T08:47:56+00:00","dateModified":"2022-12-12T10:44:07+00:00","breadcrumb":{"@id":"https:\/\/vss.yoho.pl\/hu\/bp2-eshop\/#breadcrumb"},"inLanguage":"hu","potentialAction":[{"@type":"ReadAction","target":["https:\/\/vss.yoho.pl\/hu\/bp2-eshop\/"]}]},{"@type":"ImageObject","inLanguage":"hu","@id":"https:\/\/vss.yoho.pl\/hu\/bp2-eshop\/#primaryimage","url":"https:\/\/vss.yoho.pl\/wp-content\/uploads\/2022\/10\/BPACK.jpg","contentUrl":"https:\/\/vss.yoho.pl\/wp-content\/uploads\/2022\/10\/BPACK.jpg"},{"@type":"BreadcrumbList","@id":"https:\/\/vss.yoho.pl\/hu\/bp2-eshop\/#breadcrumb","itemListElement":[{"@type":"ListItem","position":1,"name":"Home","item":"https:\/\/vss.yoho.pl\/hu\/"},{"@type":"ListItem","position":2,"name":"BP2 ESHOP"}]},{"@type":"WebSite","@id":"https:\/\/vss.yoho.pl\/#website","url":"https:\/\/vss.yoho.pl\/","name":"VSS","description":"Ac\u00e9lipari Szolg\u00e1ltat\u00f3k\u00f6zpont","potentialAction":[{"@type":"SearchAction","target":{"@type":"EntryPoint","urlTemplate":"https:\/\/vss.yoho.pl\/?s={search_term_string}"},"query-input":{"@type":"PropertyValueSpecification","valueRequired":true,"valueName":"search_term_string"}}],"inLanguage":"hu"}]}},"_links":{"self":[{"href":"https:\/\/vss.yoho.pl\/hu\/wp-json\/wp\/v2\/pages\/46676","targetHints":{"allow":["GET"]}}],"collection":[{"href":"https:\/\/vss.yoho.pl\/hu\/wp-json\/wp\/v2\/pages"}],"about":[{"href":"https:\/\/vss.yoho.pl\/hu\/wp-json\/wp\/v2\/types\/page"}],"author":[{"embeddable":true,"href":"https:\/\/vss.yoho.pl\/hu\/wp-json\/wp\/v2\/users\/6"}],"replies":[{"embeddable":true,"href":"https:\/\/vss.yoho.pl\/hu\/wp-json\/wp\/v2\/comments?post=46676"}],"version-history":[{"count":9,"href":"https:\/\/vss.yoho.pl\/hu\/wp-json\/wp\/v2\/pages\/46676\/revisions"}],"predecessor-version":[{"id":47263,"href":"https:\/\/vss.yoho.pl\/hu\/wp-json\/wp\/v2\/pages\/46676\/revisions\/47263"}],"wp:attachment":[{"href":"https:\/\/vss.yoho.pl\/hu\/wp-json\/wp\/v2\/media?parent=46676"}],"curies":[{"name":"wp","href":"https:\/\/api.w.org\/{rel}","templated":true}]}}