{"id":46715,"date":"2022-01-05T14:18:15","date_gmt":"2022-01-05T13:18:15","guid":{"rendered":"https:\/\/vss.yoho.pl\/kontakt\/"},"modified":"2022-12-16T09:26:25","modified_gmt":"2022-12-16T08:26:25","slug":"kapcsolat","status":"publish","type":"page","link":"https:\/\/vss.yoho.pl\/hu\/kapcsolat\/","title":{"rendered":"Kapcsolat"},"content":{"rendered":"","protected":false},"excerpt":{"rendered":"","protected":false},"author":1,"featured_media":0,"parent":0,"menu_order":99,"comment_status":"closed","ping_status":"closed","template":"templates\/contact.php","meta":{"_acf_changed":false,"inline_featured_image":false,"footnotes":""},"class_list":["post-46715","page","type-page","status-publish","hentry"],"acf":[],"yoast_head":"<!-- This site is optimized with the Yoast SEO plugin v26.5 - https:\/\/yoast.com\/wordpress\/plugins\/seo\/ -->\n<title>Kapcsolat - VSS<\/title>\n<meta name=\"robots\" content=\"noindex, follow, max-snippet:-1, max-image-preview:large, max-video-preview:-1\" \/>\n<meta property=\"og:locale\" content=\"hu_HU\" \/>\n<meta property=\"og:type\" content=\"article\" \/>\n<meta property=\"og:title\" content=\"Kapcsolat - VSS\" \/>\n<meta property=\"og:url\" content=\"https:\/\/vss.yoho.pl\/hu\/kapcsolat\/\" \/>\n<meta property=\"og:site_name\" content=\"VSS\" \/>\n<meta property=\"article:modified_time\" content=\"2022-12-16T08:26:25+00:00\" \/>\n<meta name=\"twitter:card\" content=\"summary_large_image\" \/>\n<script type=\"application\/ld+json\" class=\"yoast-schema-graph\">{\"@context\":\"https:\/\/schema.org\",\"@graph\":[{\"@type\":\"WebPage\",\"@id\":\"https:\/\/vss.yoho.pl\/hu\/kapcsolat\/\",\"url\":\"https:\/\/vss.yoho.pl\/hu\/kapcsolat\/\",\"name\":\"Kapcsolat - VSS\",\"isPartOf\":{\"@id\":\"https:\/\/vss.yoho.pl\/#website\"},\"datePublished\":\"2022-01-05T13:18:15+00:00\",\"dateModified\":\"2022-12-16T08:26:25+00:00\",\"breadcrumb\":{\"@id\":\"https:\/\/vss.yoho.pl\/hu\/kapcsolat\/#breadcrumb\"},\"inLanguage\":\"hu\",\"potentialAction\":[{\"@type\":\"ReadAction\",\"target\":[\"https:\/\/vss.yoho.pl\/hu\/kapcsolat\/\"]}]},{\"@type\":\"BreadcrumbList\",\"@id\":\"https:\/\/vss.yoho.pl\/hu\/kapcsolat\/#breadcrumb\",\"itemListElement\":[{\"@type\":\"ListItem\",\"position\":1,\"name\":\"Home\",\"item\":\"https:\/\/vss.yoho.pl\/hu\/\"},{\"@type\":\"ListItem\",\"position\":2,\"name\":\"Kapcsolat\"}]},{\"@type\":\"WebSite\",\"@id\":\"https:\/\/vss.yoho.pl\/#website\",\"url\":\"https:\/\/vss.yoho.pl\/\",\"name\":\"VSS\",\"description\":\"Ac\u00e9lipari Szolg\u00e1ltat\u00f3k\u00f6zpont\",\"potentialAction\":[{\"@type\":\"SearchAction\",\"target\":{\"@type\":\"EntryPoint\",\"urlTemplate\":\"https:\/\/vss.yoho.pl\/?s={search_term_string}\"},\"query-input\":{\"@type\":\"PropertyValueSpecification\",\"valueRequired\":true,\"valueName\":\"search_term_string\"}}],\"inLanguage\":\"hu\"}]}<\/script>\n<!-- \/ Yoast SEO plugin. -->","yoast_head_json":{"title":"Kapcsolat - VSS","robots":{"index":"noindex","follow":"follow","max-snippet":"max-snippet:-1","max-image-preview":"max-image-preview:large","max-video-preview":"max-video-preview:-1"},"og_locale":"hu_HU","og_type":"article","og_title":"Kapcsolat - VSS","og_url":"https:\/\/vss.yoho.pl\/hu\/kapcsolat\/","og_site_name":"VSS","article_modified_time":"2022-12-16T08:26:25+00:00","twitter_card":"summary_large_image","schema":{"@context":"https:\/\/schema.org","@graph":[{"@type":"WebPage","@id":"https:\/\/vss.yoho.pl\/hu\/kapcsolat\/","url":"https:\/\/vss.yoho.pl\/hu\/kapcsolat\/","name":"Kapcsolat - VSS","isPartOf":{"@id":"https:\/\/vss.yoho.pl\/#website"},"datePublished":"2022-01-05T13:18:15+00:00","dateModified":"2022-12-16T08:26:25+00:00","breadcrumb":{"@id":"https:\/\/vss.yoho.pl\/hu\/kapcsolat\/#breadcrumb"},"inLanguage":"hu","potentialAction":[{"@type":"ReadAction","target":["https:\/\/vss.yoho.pl\/hu\/kapcsolat\/"]}]},{"@type":"BreadcrumbList","@id":"https:\/\/vss.yoho.pl\/hu\/kapcsolat\/#breadcrumb","itemListElement":[{"@type":"ListItem","position":1,"name":"Home","item":"https:\/\/vss.yoho.pl\/hu\/"},{"@type":"ListItem","position":2,"name":"Kapcsolat"}]},{"@type":"WebSite","@id":"https:\/\/vss.yoho.pl\/#website","url":"https:\/\/vss.yoho.pl\/","name":"VSS","description":"Ac\u00e9lipari Szolg\u00e1ltat\u00f3k\u00f6zpont","potentialAction":[{"@type":"SearchAction","target":{"@type":"EntryPoint","urlTemplate":"https:\/\/vss.yoho.pl\/?s={search_term_string}"},"query-input":{"@type":"PropertyValueSpecification","valueRequired":true,"valueName":"search_term_string"}}],"inLanguage":"hu"}]}},"_links":{"self":[{"href":"https:\/\/vss.yoho.pl\/hu\/wp-json\/wp\/v2\/pages\/46715","targetHints":{"allow":["GET"]}}],"collection":[{"href":"https:\/\/vss.yoho.pl\/hu\/wp-json\/wp\/v2\/pages"}],"about":[{"href":"https:\/\/vss.yoho.pl\/hu\/wp-json\/wp\/v2\/types\/page"}],"author":[{"embeddable":true,"href":"https:\/\/vss.yoho.pl\/hu\/wp-json\/wp\/v2\/users\/1"}],"replies":[{"embeddable":true,"href":"https:\/\/vss.yoho.pl\/hu\/wp-json\/wp\/v2\/comments?post=46715"}],"version-history":[{"count":10,"href":"https:\/\/vss.yoho.pl\/hu\/wp-json\/wp\/v2\/pages\/46715\/revisions"}],"predecessor-version":[{"id":48270,"href":"https:\/\/vss.yoho.pl\/hu\/wp-json\/wp\/v2\/pages\/46715\/revisions\/48270"}],"wp:attachment":[{"href":"https:\/\/vss.yoho.pl\/hu\/wp-json\/wp\/v2\/media?parent=46715"}],"curies":[{"name":"wp","href":"https:\/\/api.w.org\/{rel}","templated":true}]}}