{"id":33613,"date":"2022-03-25T13:03:02","date_gmt":"2022-03-25T12:03:02","guid":{"rendered":"https:\/\/vss.yoho.pl\/produkt\/blachy-plaskie\/"},"modified":"2023-01-18T13:23:37","modified_gmt":"2023-01-18T12:23:37","slug":"siklemezek","status":"publish","type":"product","link":"https:\/\/vss.yoho.pl\/hu\/termek\/siklemezek\/","title":{"rendered":"S\u00cdKLEMEZEK"},"content":{"rendered":"\n<div class=\"wp-block-group\"><div class=\"wp-block-group__inner-container is-layout-flow wp-block-group-is-layout-flow\">\n<div style=\"height:100px\" aria-hidden=\"true\" class=\"wp-block-spacer is-style-small-spacer\"><\/div>\n\n\n\n<div class=\"wp-block-columns has-dark-gray-background-color has-background is-layout-flex wp-container-core-columns-is-layout-9d6595d7 wp-block-columns-is-layout-flex\">\n<div class=\"wp-block-column is-layout-flow wp-block-column-is-layout-flow\">\n<h2 class=\"has-text-align-center is-style-h3 wp-block-heading\"><strong>Horganyzott lemezek [mm]<\/strong><\/h2>\n\n\n\n<figure class=\"wp-block-table\"><table><tbody><tr><td class=\"has-text-align-center\" data-align=\"center\">0,50 mm x 1000 mm x 2000 mm1000<\/td><\/tr><tr><td class=\"has-text-align-center\" data-align=\"center\">0,50 mm x 1250 mm x 2000 mm<\/td><\/tr><tr><td class=\"has-text-align-center\" data-align=\"center\">0,70 mm x 1250 mm x 2000 mm<\/td><\/tr><tr><td class=\"has-text-align-center\" data-align=\"center\">1,00 mm x 1250 mm x 2000 mm<\/td><\/tr><\/tbody><\/table><\/figure>\n<\/div>\n\n\n\n<div class=\"wp-block-column is-layout-flow wp-block-column-is-layout-flow\">\n<h2 class=\"has-text-align-center is-style-h3 wp-block-heading\"><strong>Alucink lemezek [mm]<\/strong><\/h2>\n\n\n\n<figure class=\"wp-block-table\"><table><tbody><tr><td class=\"has-text-align-center\" data-align=\"center\">0,50 mm x 1250 mm x 2000 mm<\/td><\/tr><tr><td class=\"has-text-align-center\" data-align=\"center\">0,70 mm x 1250 mm x 2000 mm<\/td><\/tr><\/tbody><\/table><\/figure>\n<\/div>\n\n\n\n<div class=\"wp-block-column is-layout-flow wp-block-column-is-layout-flow\">\n<h2 class=\"has-text-align-center is-style-h3 wp-block-heading\"><strong>Bevont lemezek [mm]<\/strong><\/h2>\n\n\n\n<figure class=\"wp-block-table\"><table><tbody><tr><td class=\"has-text-align-center\" data-align=\"center\">0,50&nbsp; mm x 1250 mm x 2000 mm<\/td><\/tr><tr><td class=\"has-text-align-center\" data-align=\"center\">0,70&nbsp; mm x 1250 mm x 2000 mm<\/td><\/tr><\/tbody><\/table><\/figure>\n<\/div>\n\n\n\n<div class=\"wp-block-column is-layout-flow wp-block-column-is-layout-flow\">\n<h2 class=\"has-text-align-center is-style-h3 wp-block-heading\">Ci\u0119cie poprzeczne na arkusze i formatki wg. indywidualnych wymaga\u0144.<\/h2>\n\n\n\n<p class=\"has-text-align-center\"><strong><strong>M\u0171szaki param\u00e9terek<\/strong>*<\/strong><\/p>\n\n\n\n<figure class=\"wp-block-table\"><table><tbody><tr><td class=\"has-text-align-center\" data-align=\"center\">Lemezvastags\u00e1g: <br>0,4\u20132,0 mm<\/td><\/tr><tr><td class=\"has-text-align-center\" data-align=\"center\">Minimalna wielko\u015b\u0107 formatki<br>70\u00d7100 mm<\/td><\/tr><tr><td class=\"has-text-align-center\" data-align=\"center\">Maksymalna d\u0142ugo\u015b\u0107 arkusza: <br>6000 mm<\/td><\/tr><\/tbody><\/table><\/figure>\n<\/div>\n<\/div>\n<\/div><\/div>\n\n\n\n<div class=\"wp-block-group\"><div class=\"wp-block-group__inner-container is-layout-flow wp-block-group-is-layout-flow\">\n<div style=\"height:100px\" aria-hidden=\"true\" class=\"wp-block-spacer is-style-small-spacer\"><\/div>\n\n\n\n<h2 class=\"has-text-align-center is-style-h3 wp-block-heading\">V\u00c1G\u00c1SI \u00c9S \u00c1TTEKERCSEL\u00c9SI SZOLG\u00c1LTAT\u00c1SOK<\/h2>\n\n\n\n<p class=\"has-text-align-center\">(egyedi megrendel\u00e9sre)<\/p>\n\n\n\n<div style=\"height:100px\" aria-hidden=\"true\" class=\"wp-block-spacer is-style-small-spacer\"><\/div>\n\n\n\n<div class=\"wp-block-columns is-layout-flex wp-container-core-columns-is-layout-9d6595d7 wp-block-columns-is-layout-flex\">\n<div class=\"wp-block-column is-layout-flow wp-block-column-is-layout-flow\"><div class=\"wp-block-image\">\n<figure class=\"aligncenter size-full is-resized\"><img loading=\"lazy\" decoding=\"async\" src=\"https:\/\/vss.yoho.pl\/wp-content\/uploads\/2022\/03\/SCS_ciecie_przewijanie_1.png\" alt=\"\" class=\"wp-image-5133\" width=\"383\" height=\"162\"\/><\/figure>\n<\/div>\n\n\n<p class=\"has-text-align-center\">V\u00e1g\u00e1s el\u0151tt a lemezt fel lehet v\u00e9d\u0151f\u00f3li\u00e1zni vagy p\u00e1ramentes\u00edt\u0151 bevonattal ell\u00e1tni.<\/p>\n<\/div>\n\n\n\n<div class=\"wp-block-column is-layout-flow wp-block-column-is-layout-flow\"><div class=\"wp-block-image\">\n<figure class=\"aligncenter size-full is-resized\"><img loading=\"lazy\" decoding=\"async\" src=\"https:\/\/vss.yoho.pl\/wp-content\/uploads\/2022\/03\/SCS_ciecie_przewijanie_2.png\" alt=\"\" class=\"wp-image-5142\" width=\"383\" height=\"162\"\/><\/figure>\n<\/div>\n\n\n<p class=\"has-text-align-center\">Hosszir\u00e1ny\u00fa v\u00e1g\u00e1s, szalagokra has\u00edt\u00e1s egyedi ig\u00e9nyek szerint.<\/p>\n<\/div>\n\n\n\n<div class=\"wp-block-column is-layout-flow wp-block-column-is-layout-flow\"><div class=\"wp-block-image\">\n<figure class=\"aligncenter size-full is-resized\"><img loading=\"lazy\" decoding=\"async\" src=\"https:\/\/vss.yoho.pl\/wp-content\/uploads\/2022\/03\/SCS_ciecie_przewijanie_3.png\" alt=\"\" class=\"wp-image-5147\" width=\"383\" height=\"162\"\/><\/figure>\n<\/div>\n\n\n<p class=\"has-text-align-center\">V\u00e1g\u00e1s lapokra \u00e9s form\u00e1tumokra egyedi megrendel\u00e9sek szerint. Maxim\u00e1lis lapvastags\u00e1g 3 mm, minim\u00e1lis form\u00e1tum 100 mm x 70 mm.<\/p>\n<\/div>\n<\/div>\n\n\n\n<div style=\"height:100px\" aria-hidden=\"true\" class=\"wp-block-spacer is-style-small-spacer\"><\/div>\n\n\n\n<div class=\"wp-block-columns is-layout-flex wp-container-core-columns-is-layout-9d6595d7 wp-block-columns-is-layout-flex\">\n<div class=\"wp-block-column is-layout-flow wp-block-column-is-layout-flow\"><div class=\"wp-block-image\">\n<figure class=\"aligncenter size-full is-resized\"><img loading=\"lazy\" decoding=\"async\" src=\"https:\/\/vss.yoho.pl\/wp-content\/uploads\/2022\/03\/SCS_ciecie_przewijanie_4.png\" alt=\"\" class=\"wp-image-5152\" width=\"383\" height=\"162\"\/><\/figure>\n<\/div>\n\n\n<p class=\"has-text-align-center\">Hosszir\u00e1ny\u00fa v\u00e1g\u00e1s, szalagokra has\u00edt\u00e1s egyedi ig\u00e9nyek szerint.<\/p>\n<\/div>\n\n\n\n<div class=\"wp-block-column is-layout-flow wp-block-column-is-layout-flow\"><div class=\"wp-block-image\">\n<figure class=\"aligncenter size-full is-resized\"><img loading=\"lazy\" decoding=\"async\" src=\"https:\/\/vss.yoho.pl\/wp-content\/uploads\/2022\/03\/blachy_plaskie_perforacja-1.jpg\" alt=\"\" class=\"wp-image-5945\" width=\"383\" height=\"162\"\/><\/figure>\n<\/div>\n\n\n<p class=\"has-text-align-center\">A lapos lapok perfor\u00e1lhat\u00f3k. A r\u00e9szleteket (alak, lyukak m\u00e9rete) egyedileg egyeztetj\u00fck az \u00e9rt\u00e9kes\u00edt\u00e9si oszt\u00e1llyal. Egyedi k\u00e9r\u00e9sre m\u00e1s lemezm\u00e9retek \u00e9s form\u00e1tumok, valamint lemezvastags\u00e1gok is rendelkez\u00e9sre \u00e1llnak.<\/p>\n<\/div>\n\n\n\n<div class=\"wp-block-column is-layout-flow wp-block-column-is-layout-flow\"><\/div>\n<\/div>\n<\/div><\/div>\n","protected":false},"featured_media":11071,"menu_order":250,"template":"","product_category":[554],"warranty":[564,568,562,566,567],"product_serie":[],"class_list":["post-33613","product","type-product","status-publish","has-post-thumbnail","hentry","product_category-siklemezek","warranty-10-ev","warranty-25-ev","warranty-30-ev","warranty-35-ev","warranty-40-ev"],"acf":[],"yoast_head":"<!-- This site is optimized with the Yoast SEO plugin v26.5 - https:\/\/yoast.com\/wordpress\/plugins\/seo\/ -->\n<title>S\u00cdKLEMEZEK - VSS<\/title>\n<meta name=\"robots\" content=\"noindex, follow, max-snippet:-1, max-image-preview:large, max-video-preview:-1\" \/>\n<meta property=\"og:locale\" content=\"hu_HU\" \/>\n<meta property=\"og:type\" content=\"article\" \/>\n<meta property=\"og:title\" content=\"S\u00cdKLEMEZEK - VSS\" \/>\n<meta property=\"og:description\" content=\"Horganyzott lemezek [mm] 0,50 mm x 1000 mm x 2000 mm1000 0,50 mm x 1250 mm x 2000 mm 0,70 mm x 1250 mm x 2000 mm 1,00 mm x 1250 mm x 2000 mm Alucink lemezek [mm] 0,50 mm x 1250 mm x 2000 mm 0,70 mm x 1250 mm x 2000 mm Bevont [&hellip;]\" \/>\n<meta property=\"og:url\" content=\"https:\/\/vss.yoho.pl\/termek\/plechy-ploche\/\" \/>\n<meta property=\"og:site_name\" content=\"VSS\" \/>\n<meta property=\"article:modified_time\" content=\"2023-01-18T12:23:37+00:00\" \/>\n<meta property=\"og:image\" content=\"https:\/\/vss.yoho.pl\/wp-content\/uploads\/2022\/03\/BLACHYPLASKIE.png\" \/>\n\t<meta property=\"og:image:width\" content=\"820\" \/>\n\t<meta property=\"og:image:height\" content=\"547\" \/>\n\t<meta property=\"og:image:type\" content=\"image\/png\" \/>\n<meta name=\"twitter:card\" content=\"summary_large_image\" \/>\n<meta name=\"twitter:label1\" content=\"Est. reading time\" \/>\n\t<meta name=\"twitter:data1\" content=\"1 perc\" \/>\n<script type=\"application\/ld+json\" class=\"yoast-schema-graph\">{\"@context\":\"https:\/\/schema.org\",\"@graph\":[{\"@type\":\"WebPage\",\"@id\":\"https:\/\/vss.yoho.pl\/termek\/plechy-ploche\/\",\"url\":\"https:\/\/vss.yoho.pl\/termek\/plechy-ploche\/\",\"name\":\"S\u00cdKLEMEZEK - VSS\",\"isPartOf\":{\"@id\":\"https:\/\/vss.yoho.pl\/#website\"},\"primaryImageOfPage\":{\"@id\":\"https:\/\/vss.yoho.pl\/termek\/plechy-ploche\/#primaryimage\"},\"image\":{\"@id\":\"https:\/\/vss.yoho.pl\/termek\/plechy-ploche\/#primaryimage\"},\"thumbnailUrl\":\"https:\/\/vss.yoho.pl\/wp-content\/uploads\/2022\/03\/BLACHYPLASKIE.png\",\"datePublished\":\"2022-03-25T12:03:02+00:00\",\"dateModified\":\"2023-01-18T12:23:37+00:00\",\"breadcrumb\":{\"@id\":\"https:\/\/vss.yoho.pl\/termek\/plechy-ploche\/#breadcrumb\"},\"inLanguage\":\"hu\",\"potentialAction\":[{\"@type\":\"ReadAction\",\"target\":[\"https:\/\/vss.yoho.pl\/termek\/plechy-ploche\/\"]}]},{\"@type\":\"ImageObject\",\"inLanguage\":\"hu\",\"@id\":\"https:\/\/vss.yoho.pl\/termek\/plechy-ploche\/#primaryimage\",\"url\":\"https:\/\/vss.yoho.pl\/wp-content\/uploads\/2022\/03\/BLACHYPLASKIE.png\",\"contentUrl\":\"https:\/\/vss.yoho.pl\/wp-content\/uploads\/2022\/03\/BLACHYPLASKIE.png\",\"width\":820,\"height\":547},{\"@type\":\"BreadcrumbList\",\"@id\":\"https:\/\/vss.yoho.pl\/termek\/plechy-ploche\/#breadcrumb\",\"itemListElement\":[{\"@type\":\"ListItem\",\"position\":1,\"name\":\"Home\",\"item\":\"https:\/\/vss.yoho.pl\/hu\/\"},{\"@type\":\"ListItem\",\"position\":2,\"name\":\"S\u00cdKLEMEZEK\"}]},{\"@type\":\"WebSite\",\"@id\":\"https:\/\/vss.yoho.pl\/#website\",\"url\":\"https:\/\/vss.yoho.pl\/\",\"name\":\"VSS\",\"description\":\"Ac\u00e9lipari Szolg\u00e1ltat\u00f3k\u00f6zpont\",\"potentialAction\":[{\"@type\":\"SearchAction\",\"target\":{\"@type\":\"EntryPoint\",\"urlTemplate\":\"https:\/\/vss.yoho.pl\/?s={search_term_string}\"},\"query-input\":{\"@type\":\"PropertyValueSpecification\",\"valueRequired\":true,\"valueName\":\"search_term_string\"}}],\"inLanguage\":\"hu\"}]}<\/script>\n<!-- \/ Yoast SEO plugin. -->","yoast_head_json":{"title":"S\u00cdKLEMEZEK - VSS","robots":{"index":"noindex","follow":"follow","max-snippet":"max-snippet:-1","max-image-preview":"max-image-preview:large","max-video-preview":"max-video-preview:-1"},"og_locale":"hu_HU","og_type":"article","og_title":"S\u00cdKLEMEZEK - VSS","og_description":"Horganyzott lemezek [mm] 0,50 mm x 1000 mm x 2000 mm1000 0,50 mm x 1250 mm x 2000 mm 0,70 mm x 1250 mm x 2000 mm 1,00 mm x 1250 mm x 2000 mm Alucink lemezek [mm] 0,50 mm x 1250 mm x 2000 mm 0,70 mm x 1250 mm x 2000 mm Bevont [&hellip;]","og_url":"https:\/\/vss.yoho.pl\/termek\/plechy-ploche\/","og_site_name":"VSS","article_modified_time":"2023-01-18T12:23:37+00:00","og_image":[{"width":820,"height":547,"url":"https:\/\/vss.yoho.pl\/wp-content\/uploads\/2022\/03\/BLACHYPLASKIE.png","type":"image\/png"}],"twitter_card":"summary_large_image","twitter_misc":{"Est. reading time":"1 perc"},"schema":{"@context":"https:\/\/schema.org","@graph":[{"@type":"WebPage","@id":"https:\/\/vss.yoho.pl\/termek\/plechy-ploche\/","url":"https:\/\/vss.yoho.pl\/termek\/plechy-ploche\/","name":"S\u00cdKLEMEZEK - VSS","isPartOf":{"@id":"https:\/\/vss.yoho.pl\/#website"},"primaryImageOfPage":{"@id":"https:\/\/vss.yoho.pl\/termek\/plechy-ploche\/#primaryimage"},"image":{"@id":"https:\/\/vss.yoho.pl\/termek\/plechy-ploche\/#primaryimage"},"thumbnailUrl":"https:\/\/vss.yoho.pl\/wp-content\/uploads\/2022\/03\/BLACHYPLASKIE.png","datePublished":"2022-03-25T12:03:02+00:00","dateModified":"2023-01-18T12:23:37+00:00","breadcrumb":{"@id":"https:\/\/vss.yoho.pl\/termek\/plechy-ploche\/#breadcrumb"},"inLanguage":"hu","potentialAction":[{"@type":"ReadAction","target":["https:\/\/vss.yoho.pl\/termek\/plechy-ploche\/"]}]},{"@type":"ImageObject","inLanguage":"hu","@id":"https:\/\/vss.yoho.pl\/termek\/plechy-ploche\/#primaryimage","url":"https:\/\/vss.yoho.pl\/wp-content\/uploads\/2022\/03\/BLACHYPLASKIE.png","contentUrl":"https:\/\/vss.yoho.pl\/wp-content\/uploads\/2022\/03\/BLACHYPLASKIE.png","width":820,"height":547},{"@type":"BreadcrumbList","@id":"https:\/\/vss.yoho.pl\/termek\/plechy-ploche\/#breadcrumb","itemListElement":[{"@type":"ListItem","position":1,"name":"Home","item":"https:\/\/vss.yoho.pl\/hu\/"},{"@type":"ListItem","position":2,"name":"S\u00cdKLEMEZEK"}]},{"@type":"WebSite","@id":"https:\/\/vss.yoho.pl\/#website","url":"https:\/\/vss.yoho.pl\/","name":"VSS","description":"Ac\u00e9lipari Szolg\u00e1ltat\u00f3k\u00f6zpont","potentialAction":[{"@type":"SearchAction","target":{"@type":"EntryPoint","urlTemplate":"https:\/\/vss.yoho.pl\/?s={search_term_string}"},"query-input":{"@type":"PropertyValueSpecification","valueRequired":true,"valueName":"search_term_string"}}],"inLanguage":"hu"}]}},"_links":{"self":[{"href":"https:\/\/vss.yoho.pl\/hu\/wp-json\/wp\/v2\/product\/33613","targetHints":{"allow":["GET"]}}],"collection":[{"href":"https:\/\/vss.yoho.pl\/hu\/wp-json\/wp\/v2\/product"}],"about":[{"href":"https:\/\/vss.yoho.pl\/hu\/wp-json\/wp\/v2\/types\/product"}],"wp:featuredmedia":[{"embeddable":true,"href":"https:\/\/vss.yoho.pl\/hu\/wp-json\/wp\/v2\/media\/11071"}],"wp:attachment":[{"href":"https:\/\/vss.yoho.pl\/hu\/wp-json\/wp\/v2\/media?parent=33613"}],"wp:term":[{"taxonomy":"product_category","embeddable":true,"href":"https:\/\/vss.yoho.pl\/hu\/wp-json\/wp\/v2\/product_category?post=33613"},{"taxonomy":"warranty","embeddable":true,"href":"https:\/\/vss.yoho.pl\/hu\/wp-json\/wp\/v2\/warranty?post=33613"},{"taxonomy":"product_serie","embeddable":true,"href":"https:\/\/vss.yoho.pl\/hu\/wp-json\/wp\/v2\/product_serie?post=33613"}],"curies":[{"name":"wp","href":"https:\/\/api.w.org\/{rel}","templated":true}]}}