{"id":48362,"date":"2022-09-29T12:50:26","date_gmt":"2022-09-29T10:50:26","guid":{"rendered":"https:\/\/vss.yoho.pl\/program-bp2-authorised-distributor\/"},"modified":"2022-12-16T11:42:41","modified_gmt":"2022-12-16T10:42:41","slug":"program-bp2-authorised-distributor","status":"publish","type":"page","link":"https:\/\/vss.yoho.pl\/lt\/program-bp2-authorised-distributor\/","title":{"rendered":"BP2 AUTHORISED DISTRIBUTOR"},"content":{"rendered":"\n<div class=\"wp-block-group is-style-with-b2-background\"><div class=\"wp-block-group__inner-container is-layout-flow wp-block-group-is-layout-flow\">\n<div style=\"height:100px\" aria-hidden=\"true\" class=\"wp-block-spacer is-style-small-spacer\"><\/div>\n\n\n\n<p class=\"has-text-align-center noMarginBottom has-red-color has-text-color\"><strong>PROGRAM WSPARCIA SPRZEDA\u017bY PRODUKT\u00d3W BP2<\/strong>.<\/p>\n\n\n\n<h2 class=\"has-text-align-center noMarginTop noMarginBottom is-style-h1 wp-block-heading\" style=\"font-size:3.5em\">BP2 AUTHORISED DISTRIBUTOR<\/h2>\n\n\n\n<div style=\"height:100px\" aria-hidden=\"true\" class=\"wp-block-spacer is-style-small-spacer\"><\/div>\n<\/div><\/div>\n\n\n\n<div class=\"wp-block-group is-style-narrower-group\"><div class=\"wp-block-group__inner-container is-layout-flow wp-block-group-is-layout-flow\">\n<p class=\"has-text-align-center\" style=\"font-size:22px\">Wychodz\u0105c naprzeciw oczekiwaniom naszych dystrybutor\u00f3w, stworzyli\u015bmy kompleksowy program wsparcia sprzeda\u017cy produkt\u00f3w BP2. Obecnie dzia\u0142ania wspieraj\u0105ce sprzeda\u017c koncentruj\u0105 si\u0119 wok\u00f3\u0142 digital marketingu oraz lokalnych kampanii internetowych. Nasz dzia\u0142 jest gotowy udzieli\u0107 wszelkich niezb\u0119dnych porad.<\/p>\n<\/div><\/div>\n\n\n\n<div style=\"height:100px\" aria-hidden=\"true\" class=\"wp-block-spacer is-style-smaller-spacer\"><\/div>\n\n\n\n<div class=\"wp-block-group\"><div class=\"wp-block-group__inner-container is-layout-flow wp-block-group-is-layout-flow\">\n<div class=\"wp-block-columns is-style-grid fade-in is-layout-flex wp-container-core-columns-is-layout-9d6595d7 wp-block-columns-is-layout-flex\">\n<div class=\"wp-block-column is-layout-flow wp-block-column-is-layout-flow\">\n<div class=\"wp-block-cover is-light is-style-full-height\"><span aria-hidden=\"true\" class=\"wp-block-cover__background has-background-dim-0 has-background-dim\"><\/span><img loading=\"lazy\" decoding=\"async\" width=\"1306\" height=\"1864\" class=\"wp-block-cover__image-background wp-image-31334\" alt=\"\" src=\"https:\/\/vss.yoho.pl\/wp-content\/uploads\/2022\/10\/AD.jpg\" style=\"object-position:54% 49%\" data-object-fit=\"cover\" data-object-position=\"54% 49%\" srcset=\"https:\/\/vss.yoho.pl\/wp-content\/uploads\/2022\/10\/AD.jpg 1306w, https:\/\/vss.yoho.pl\/wp-content\/uploads\/2022\/10\/AD-673x960.jpg 673w, https:\/\/vss.yoho.pl\/wp-content\/uploads\/2022\/10\/AD-717x1024.jpg 717w, https:\/\/vss.yoho.pl\/wp-content\/uploads\/2022\/10\/AD-768x1096.jpg 768w, https:\/\/vss.yoho.pl\/wp-content\/uploads\/2022\/10\/AD-1076x1536.jpg 1076w\" sizes=\"auto, (max-width: 1306px) 100vw, 1306px\" \/><div class=\"wp-block-cover__inner-container is-layout-flow wp-block-cover-is-layout-flow\">\n<p class=\"has-text-align-center\"><\/p>\n<\/div><\/div>\n<\/div>\n\n\n\n<div class=\"wp-block-column is-layout-flow wp-block-column-is-layout-flow\">\n<div class=\"wp-block-cover is-light is-style-full-width wp-duotone-8c00b7-fcff41-1\"><span aria-hidden=\"true\" class=\"wp-block-cover__background has-dark-gray-background-color has-background-dim-100 has-background-dim\"><\/span><div class=\"wp-block-cover__inner-container is-layout-flow wp-block-cover-is-layout-flow\">\n<figure class=\"wp-block-image size-large is-resized\"><img loading=\"lazy\" decoding=\"async\" src=\"https:\/\/vss.yoho.pl\/wp-content\/uploads\/2022\/12\/bp2-ad.svg\" alt=\"\" class=\"wp-image-46316\" width=\"185\" height=\"113\"\/><\/figure>\n\n\n\n<p>Stworzyli\u015bmy kompleksowy program wsparcia sprzeda\u017cy <strong>produkt\u00f3w BP2 <\/strong>pomagaj\u0105c naszym klientom opracowywa\u0107 strategi\u0119 handlow\u0105 lepiej, zwi\u0119kszaj\u0105c sprzeda\u017c przy optymalizacji czasu pracy.&nbsp;<\/p>\n\n\n\n<p>Jeste\u015bmy w stanie spojrze\u0107 na Twoj\u0105 firm\u0119 oczami klienta. Nasi dystrybutorzy mog\u0105 liczy\u0107 na pe\u0142ne wsparcie i profesjonalne przygotowanie efektywnych dzia\u0142a\u0144 sprzeda\u017cowych i marketingowych, dzi\u0119ki kt\u00f3rym nie tylko wzrosn\u0105 Twoje przychody, przy optymalizacji czasu pracy, ale r\u00f3wnie\u017c zwi\u0119kszysz rozpoznawalno\u015b\u0107 swojej marki w Internecie.&nbsp;<\/p>\n\n\n\n<p>Obecnie dzia\u0142ania wspieraj\u0105ce sprzeda\u017c koncentruj\u0105 si\u0119 wok\u00f3\u0142 digital marketingu oraz lokalnych kampanii internetowych.&nbsp;<\/p>\n\n\n\n<p><strong>Zostanie Autoryzowanym Dystrybutorem BP2 niesie ze sob\u0105 wiele korzy\u015bci <\/strong>takich jak: mo\u017cliwo\u015b\u0107 utworzenia w\u0142asnego sklepu internetowego wspieranego przez BP2, dost\u0119p do bogatej oferty gad\u017cet\u00f3w VIP, branding punkt\u00f3w sprzeda\u017cy, odzie\u017cy roboczej i floty samochodowej oraz wsp\u00f3\u0142finansowanie produkt\u00f3w w ramach programu <strong>BP 50:50.&nbsp;<\/strong><\/p>\n\n\n\n<a href=\"#\"  class=\"button button--red \">DOWIEDZ SI\u0118\u00a0WI\u0118CEJ<\/a>\n\n\n<div style=\"height:100px\" aria-hidden=\"true\" class=\"wp-block-spacer\"><\/div>\n<\/div><\/div>\n<\/div>\n<\/div>\n<\/div><\/div>\n\n\n\n<div class=\"wp-block-group has-white-background-color has-background\"><div class=\"wp-block-group__inner-container is-layout-flow wp-block-group-is-layout-flow\">\n<div style=\"height:100px\" aria-hidden=\"true\" class=\"wp-block-spacer is-style-smaller-spacer\"><\/div>\n\n\n\n<div class=\"wp-block-columns is-style-grid is-layout-flex wp-container-core-columns-is-layout-9d6595d7 wp-block-columns-is-layout-flex\">\n<div class=\"wp-block-column is-layout-flow wp-block-column-is-layout-flow\">\n<div class=\"wp-block-cover is-style-content-from-bottom\"><span aria-hidden=\"true\" class=\"wp-block-cover__background has-background-dim\"><\/span><img loading=\"lazy\" decoding=\"async\" width=\"1306\" height=\"1864\" class=\"wp-block-cover__image-background wp-image-30254\" alt=\"\" src=\"https:\/\/vss.yoho.pl\/wp-content\/uploads\/2022\/09\/50-50-1.jpg\" style=\"object-position:83% 100%\" data-object-fit=\"cover\" data-object-position=\"83% 100%\" srcset=\"https:\/\/vss.yoho.pl\/wp-content\/uploads\/2022\/09\/50-50-1.jpg 1306w, https:\/\/vss.yoho.pl\/wp-content\/uploads\/2022\/09\/50-50-1-673x960.jpg 673w, https:\/\/vss.yoho.pl\/wp-content\/uploads\/2022\/09\/50-50-1-717x1024.jpg 717w, https:\/\/vss.yoho.pl\/wp-content\/uploads\/2022\/09\/50-50-1-768x1096.jpg 768w, https:\/\/vss.yoho.pl\/wp-content\/uploads\/2022\/09\/50-50-1-1076x1536.jpg 1076w\" sizes=\"auto, (max-width: 1306px) 100vw, 1306px\" \/><div class=\"wp-block-cover__inner-container is-layout-flow wp-block-cover-is-layout-flow\">\n<div style=\"height:100px\" aria-hidden=\"true\" class=\"wp-block-spacer is-style-medium-spacer\"><\/div>\n\n\n\n<figure class=\"wp-block-image size-large is-resized\"><img loading=\"lazy\" decoding=\"async\" src=\"https:\/\/vss.yoho.pl\/wp-content\/uploads\/2022\/12\/bp2-50-50.svg\" alt=\"\" class=\"wp-image-46309\" width=\"185\" height=\"113\"\/><\/figure>\n\n\n\n<p>Program skierowany do dystrybutor\u00f3w oraz dekarzy, w kt\u00f3rym koszty produkcji oferowanej odzie\u017cy roboczej oraz gad\u017cet\u00f3w s\u0105 dzielone po po\u0142owie pomi\u0119dzy&nbsp;BP2, oraz zamawiaj\u0105cego. Na odzie\u017cy oraz gad\u017cetach s\u0105 umieszczone logotypy partner\u00f3w programu.&nbsp;<\/p>\n\n\n\n<div class=\"wp-block-group\"><div class=\"wp-block-group__inner-container is-layout-flow wp-block-group-is-layout-flow\">\n<a href=\"https:\/\/vss.yoho.pl\/program-bp2-50-50\/\"  class=\"button button--red \">DOWIEDZ SI\u0118\u00a0WI\u0118CEJ O PROGRAMIE<\/a><\/div><\/div>\n<\/div><\/div>\n<\/div>\n\n\n\n<div class=\"wp-block-column is-layout-flow wp-block-column-is-layout-flow\">\n<div class=\"wp-block-cover is-light is-style-content-from-bottom\"><span aria-hidden=\"true\" class=\"wp-block-cover__background has-background-dim\"><\/span><img loading=\"lazy\" decoding=\"async\" width=\"1306\" height=\"1864\" class=\"wp-block-cover__image-background wp-image-31260\" alt=\"\" src=\"https:\/\/vss.yoho.pl\/wp-content\/uploads\/2022\/10\/BPACK-v2.jpg\" style=\"object-position:54% 87%\" data-object-fit=\"cover\" data-object-position=\"54% 87%\" srcset=\"https:\/\/vss.yoho.pl\/wp-content\/uploads\/2022\/10\/BPACK-v2.jpg 1306w, https:\/\/vss.yoho.pl\/wp-content\/uploads\/2022\/10\/BPACK-v2-673x960.jpg 673w, https:\/\/vss.yoho.pl\/wp-content\/uploads\/2022\/10\/BPACK-v2-717x1024.jpg 717w, https:\/\/vss.yoho.pl\/wp-content\/uploads\/2022\/10\/BPACK-v2-768x1096.jpg 768w, https:\/\/vss.yoho.pl\/wp-content\/uploads\/2022\/10\/BPACK-v2-1076x1536.jpg 1076w\" sizes=\"auto, (max-width: 1306px) 100vw, 1306px\" \/><div class=\"wp-block-cover__inner-container is-layout-flow wp-block-cover-is-layout-flow\">\n<div style=\"height:100px\" aria-hidden=\"true\" class=\"wp-block-spacer is-style-medium-spacer\"><\/div>\n\n\n\n<figure class=\"wp-block-image size-large is-resized\"><img loading=\"lazy\" decoding=\"async\" src=\"https:\/\/vss.yoho.pl\/wp-content\/uploads\/2022\/12\/bp2-bpack.svg\" alt=\"\" class=\"wp-image-46323\" width=\"163\" height=\"113\"\/><\/figure>\n\n\n\n<p class=\"has-white-color has-text-color\">Akcja marketingowa skierowana do dystrybutor\u00f3w, w ramach kt\u00f3rej na podstawie przyznanych punkt\u00f3w, dwukrotnie w ci\u0105gu roku za po\u015brednictwem naszego serwisu dystrybutor samodzielnie kompletuje koszyk materia\u0142\u00f3w marketingowych oferowanych w aktualnej edycji programu.<\/p>\n\n\n\n<div class=\"wp-block-group\"><div class=\"wp-block-group__inner-container is-layout-flow wp-block-group-is-layout-flow\">\n<a href=\"https:\/\/vss.yoho.pl\/program-bp2-bpack\/\"  class=\"button button--red \">DOWIEDZ SI\u0118\u00a0WI\u0118CEJ O PROGRAMIE<\/a><\/div><\/div>\n<\/div><\/div>\n<\/div>\n\n\n\n<div class=\"wp-block-column is-layout-flow wp-block-column-is-layout-flow\">\n<div class=\"wp-block-cover is-light is-style-content-from-bottom\"><span aria-hidden=\"true\" class=\"wp-block-cover__background has-background-dim\"><\/span><img loading=\"lazy\" decoding=\"async\" width=\"1306\" height=\"1864\" class=\"wp-block-cover__image-background wp-image-31207\" alt=\"\" src=\"https:\/\/vss.yoho.pl\/wp-content\/uploads\/2022\/10\/BPACK.jpg\" style=\"object-position:54% 100%\" data-object-fit=\"cover\" data-object-position=\"54% 100%\" srcset=\"https:\/\/vss.yoho.pl\/wp-content\/uploads\/2022\/10\/BPACK.jpg 1306w, https:\/\/vss.yoho.pl\/wp-content\/uploads\/2022\/10\/BPACK-673x960.jpg 673w, https:\/\/vss.yoho.pl\/wp-content\/uploads\/2022\/10\/BPACK-717x1024.jpg 717w, https:\/\/vss.yoho.pl\/wp-content\/uploads\/2022\/10\/BPACK-768x1096.jpg 768w, https:\/\/vss.yoho.pl\/wp-content\/uploads\/2022\/10\/BPACK-1076x1536.jpg 1076w\" sizes=\"auto, (max-width: 1306px) 100vw, 1306px\" \/><div class=\"wp-block-cover__inner-container is-layout-flow wp-block-cover-is-layout-flow\">\n<div style=\"height:100px\" aria-hidden=\"true\" class=\"wp-block-spacer is-style-medium-spacer\"><\/div>\n\n\n\n<figure class=\"wp-block-image size-large is-resized\"><img loading=\"lazy\" decoding=\"async\" src=\"https:\/\/vss.yoho.pl\/wp-content\/uploads\/2022\/12\/bp2eshop.svg\" alt=\"\" class=\"wp-image-46330\" width=\"185\" height=\"113\"\/><\/figure>\n\n\n\n<p class=\"has-white-color has-text-color\">Internetowa platforma sprzeda\u017cowa, kt\u00f3rej administratorami s\u0105<strong>&nbsp;<\/strong>BP2&nbsp;wraz z autoryzowanym dystrybutorem. Poprawne dzia\u0142anie platformy pod k\u0105tem informatycznym jest w ca\u0142o\u015bci gwarantowane przez&nbsp;BP2. Dystrybutor posiada dowolno\u015b\u0107 w zakresie personalizacji strony oraz oferty, a tak\u017ce warunk\u00f3w handlowych.<\/p>\n\n\n\n<div class=\"wp-block-group\"><div class=\"wp-block-group__inner-container is-layout-flow wp-block-group-is-layout-flow\">\n<a href=\"https:\/\/vss.yoho.pl\/program-bp2-eshop\/\"  class=\"button button--red \">DOWIEDZ SI\u0118\u00a0WI\u0118CEJ O PROGRAMIE<\/a><\/div><\/div>\n<\/div><\/div>\n<\/div>\n<\/div>\n\n\n\n<div style=\"height:100px\" aria-hidden=\"true\" class=\"wp-block-spacer is-style-small-spacer\"><\/div>\n<\/div><\/div>\n\n\n\n<div style=\"height:100px\" aria-hidden=\"true\" class=\"wp-block-spacer is-style-smaller-spacer\"><\/div>\n","protected":false},"excerpt":{"rendered":"<p>PROGRAM WSPARCIA SPRZEDA\u017bY PRODUKT\u00d3W BP2. BP2 AUTHORISED DISTRIBUTOR Wychodz\u0105c naprzeciw oczekiwaniom naszych dystrybutor\u00f3w, stworzyli\u015bmy kompleksowy program wsparcia sprzeda\u017cy produkt\u00f3w BP2. Obecnie dzia\u0142ania wspieraj\u0105ce sprzeda\u017c koncentruj\u0105 si\u0119 wok\u00f3\u0142 digital marketingu oraz lokalnych kampanii internetowych. Nasz dzia\u0142 jest gotowy udzieli\u0107 wszelkich niezb\u0119dnych porad.<\/p>\n","protected":false},"author":6,"featured_media":0,"parent":0,"menu_order":29,"comment_status":"closed","ping_status":"closed","template":"","meta":{"_acf_changed":false,"inline_featured_image":false,"footnotes":""},"class_list":["post-48362","page","type-page","status-publish","hentry"],"acf":[],"yoast_head":"<!-- This site is optimized with the Yoast SEO plugin v26.5 - https:\/\/yoast.com\/wordpress\/plugins\/seo\/ -->\n<title>BP2 AUTHORISED DISTRIBUTOR - VSS<\/title>\n<meta name=\"robots\" content=\"noindex, follow, max-snippet:-1, max-image-preview:large, max-video-preview:-1\" \/>\n<meta property=\"og:locale\" content=\"lt_LT\" \/>\n<meta property=\"og:type\" content=\"article\" \/>\n<meta property=\"og:title\" content=\"BP2 AUTHORISED DISTRIBUTOR - VSS\" \/>\n<meta property=\"og:description\" content=\"PROGRAM WSPARCIA SPRZEDA\u017bY PRODUKT\u00d3W BP2. BP2 AUTHORISED DISTRIBUTOR Wychodz\u0105c naprzeciw oczekiwaniom naszych dystrybutor\u00f3w, stworzyli\u015bmy kompleksowy program wsparcia sprzeda\u017cy produkt\u00f3w BP2. Obecnie dzia\u0142ania wspieraj\u0105ce sprzeda\u017c koncentruj\u0105 si\u0119 wok\u00f3\u0142 digital marketingu oraz lokalnych kampanii internetowych. Nasz dzia\u0142 jest gotowy udzieli\u0107 wszelkich niezb\u0119dnych porad.\" \/>\n<meta property=\"og:url\" content=\"https:\/\/vss.yoho.pl\/lt\/program-bp2-authorised-distributor\/\" \/>\n<meta property=\"og:site_name\" content=\"VSS\" \/>\n<meta property=\"article:modified_time\" content=\"2022-12-16T10:42:41+00:00\" \/>\n<meta property=\"og:image\" content=\"https:\/\/vss.yoho.pl\/wp-content\/uploads\/2022\/10\/AD.jpg\" \/>\n<meta name=\"twitter:card\" content=\"summary_large_image\" \/>\n<meta name=\"twitter:label1\" content=\"Est. reading time\" \/>\n\t<meta name=\"twitter:data1\" content=\"2 minut\u0117s\" \/>\n<script type=\"application\/ld+json\" class=\"yoast-schema-graph\">{\"@context\":\"https:\/\/schema.org\",\"@graph\":[{\"@type\":\"WebPage\",\"@id\":\"https:\/\/vss.yoho.pl\/lt\/program-bp2-authorised-distributor\/\",\"url\":\"https:\/\/vss.yoho.pl\/lt\/program-bp2-authorised-distributor\/\",\"name\":\"BP2 AUTHORISED DISTRIBUTOR - VSS\",\"isPartOf\":{\"@id\":\"https:\/\/vss.yoho.pl\/#website\"},\"primaryImageOfPage\":{\"@id\":\"https:\/\/vss.yoho.pl\/lt\/program-bp2-authorised-distributor\/#primaryimage\"},\"image\":{\"@id\":\"https:\/\/vss.yoho.pl\/lt\/program-bp2-authorised-distributor\/#primaryimage\"},\"thumbnailUrl\":\"https:\/\/vss.yoho.pl\/wp-content\/uploads\/2022\/10\/AD.jpg\",\"datePublished\":\"2022-09-29T10:50:26+00:00\",\"dateModified\":\"2022-12-16T10:42:41+00:00\",\"breadcrumb\":{\"@id\":\"https:\/\/vss.yoho.pl\/lt\/program-bp2-authorised-distributor\/#breadcrumb\"},\"inLanguage\":\"lt-LT\",\"potentialAction\":[{\"@type\":\"ReadAction\",\"target\":[\"https:\/\/vss.yoho.pl\/lt\/program-bp2-authorised-distributor\/\"]}]},{\"@type\":\"ImageObject\",\"inLanguage\":\"lt-LT\",\"@id\":\"https:\/\/vss.yoho.pl\/lt\/program-bp2-authorised-distributor\/#primaryimage\",\"url\":\"https:\/\/vss.yoho.pl\/wp-content\/uploads\/2022\/10\/AD.jpg\",\"contentUrl\":\"https:\/\/vss.yoho.pl\/wp-content\/uploads\/2022\/10\/AD.jpg\"},{\"@type\":\"BreadcrumbList\",\"@id\":\"https:\/\/vss.yoho.pl\/lt\/program-bp2-authorised-distributor\/#breadcrumb\",\"itemListElement\":[{\"@type\":\"ListItem\",\"position\":1,\"name\":\"Home\",\"item\":\"https:\/\/vss.yoho.pl\/lt\/\"},{\"@type\":\"ListItem\",\"position\":2,\"name\":\"BP2 AUTHORISED DISTRIBUTOR\"}]},{\"@type\":\"WebSite\",\"@id\":\"https:\/\/vss.yoho.pl\/#website\",\"url\":\"https:\/\/vss.yoho.pl\/\",\"name\":\"VSS\",\"description\":\"Plieno paslaug\u0173 centras\",\"potentialAction\":[{\"@type\":\"SearchAction\",\"target\":{\"@type\":\"EntryPoint\",\"urlTemplate\":\"https:\/\/vss.yoho.pl\/?s={search_term_string}\"},\"query-input\":{\"@type\":\"PropertyValueSpecification\",\"valueRequired\":true,\"valueName\":\"search_term_string\"}}],\"inLanguage\":\"lt-LT\"}]}<\/script>\n<!-- \/ Yoast SEO plugin. -->","yoast_head_json":{"title":"BP2 AUTHORISED DISTRIBUTOR - VSS","robots":{"index":"noindex","follow":"follow","max-snippet":"max-snippet:-1","max-image-preview":"max-image-preview:large","max-video-preview":"max-video-preview:-1"},"og_locale":"lt_LT","og_type":"article","og_title":"BP2 AUTHORISED DISTRIBUTOR - VSS","og_description":"PROGRAM WSPARCIA SPRZEDA\u017bY PRODUKT\u00d3W BP2. BP2 AUTHORISED DISTRIBUTOR Wychodz\u0105c naprzeciw oczekiwaniom naszych dystrybutor\u00f3w, stworzyli\u015bmy kompleksowy program wsparcia sprzeda\u017cy produkt\u00f3w BP2. Obecnie dzia\u0142ania wspieraj\u0105ce sprzeda\u017c koncentruj\u0105 si\u0119 wok\u00f3\u0142 digital marketingu oraz lokalnych kampanii internetowych. Nasz dzia\u0142 jest gotowy udzieli\u0107 wszelkich niezb\u0119dnych porad.","og_url":"https:\/\/vss.yoho.pl\/lt\/program-bp2-authorised-distributor\/","og_site_name":"VSS","article_modified_time":"2022-12-16T10:42:41+00:00","og_image":[{"url":"https:\/\/vss.yoho.pl\/wp-content\/uploads\/2022\/10\/AD.jpg","type":"","width":"","height":""}],"twitter_card":"summary_large_image","twitter_misc":{"Est. reading time":"2 minut\u0117s"},"schema":{"@context":"https:\/\/schema.org","@graph":[{"@type":"WebPage","@id":"https:\/\/vss.yoho.pl\/lt\/program-bp2-authorised-distributor\/","url":"https:\/\/vss.yoho.pl\/lt\/program-bp2-authorised-distributor\/","name":"BP2 AUTHORISED DISTRIBUTOR - VSS","isPartOf":{"@id":"https:\/\/vss.yoho.pl\/#website"},"primaryImageOfPage":{"@id":"https:\/\/vss.yoho.pl\/lt\/program-bp2-authorised-distributor\/#primaryimage"},"image":{"@id":"https:\/\/vss.yoho.pl\/lt\/program-bp2-authorised-distributor\/#primaryimage"},"thumbnailUrl":"https:\/\/vss.yoho.pl\/wp-content\/uploads\/2022\/10\/AD.jpg","datePublished":"2022-09-29T10:50:26+00:00","dateModified":"2022-12-16T10:42:41+00:00","breadcrumb":{"@id":"https:\/\/vss.yoho.pl\/lt\/program-bp2-authorised-distributor\/#breadcrumb"},"inLanguage":"lt-LT","potentialAction":[{"@type":"ReadAction","target":["https:\/\/vss.yoho.pl\/lt\/program-bp2-authorised-distributor\/"]}]},{"@type":"ImageObject","inLanguage":"lt-LT","@id":"https:\/\/vss.yoho.pl\/lt\/program-bp2-authorised-distributor\/#primaryimage","url":"https:\/\/vss.yoho.pl\/wp-content\/uploads\/2022\/10\/AD.jpg","contentUrl":"https:\/\/vss.yoho.pl\/wp-content\/uploads\/2022\/10\/AD.jpg"},{"@type":"BreadcrumbList","@id":"https:\/\/vss.yoho.pl\/lt\/program-bp2-authorised-distributor\/#breadcrumb","itemListElement":[{"@type":"ListItem","position":1,"name":"Home","item":"https:\/\/vss.yoho.pl\/lt\/"},{"@type":"ListItem","position":2,"name":"BP2 AUTHORISED DISTRIBUTOR"}]},{"@type":"WebSite","@id":"https:\/\/vss.yoho.pl\/#website","url":"https:\/\/vss.yoho.pl\/","name":"VSS","description":"Plieno paslaug\u0173 centras","potentialAction":[{"@type":"SearchAction","target":{"@type":"EntryPoint","urlTemplate":"https:\/\/vss.yoho.pl\/?s={search_term_string}"},"query-input":{"@type":"PropertyValueSpecification","valueRequired":true,"valueName":"search_term_string"}}],"inLanguage":"lt-LT"}]}},"_links":{"self":[{"href":"https:\/\/vss.yoho.pl\/lt\/wp-json\/wp\/v2\/pages\/48362","targetHints":{"allow":["GET"]}}],"collection":[{"href":"https:\/\/vss.yoho.pl\/lt\/wp-json\/wp\/v2\/pages"}],"about":[{"href":"https:\/\/vss.yoho.pl\/lt\/wp-json\/wp\/v2\/types\/page"}],"author":[{"embeddable":true,"href":"https:\/\/vss.yoho.pl\/lt\/wp-json\/wp\/v2\/users\/6"}],"replies":[{"embeddable":true,"href":"https:\/\/vss.yoho.pl\/lt\/wp-json\/wp\/v2\/comments?post=48362"}],"version-history":[{"count":1,"href":"https:\/\/vss.yoho.pl\/lt\/wp-json\/wp\/v2\/pages\/48362\/revisions"}],"predecessor-version":[{"id":48364,"href":"https:\/\/vss.yoho.pl\/lt\/wp-json\/wp\/v2\/pages\/48362\/revisions\/48364"}],"wp:attachment":[{"href":"https:\/\/vss.yoho.pl\/lt\/wp-json\/wp\/v2\/media?parent=48362"}],"curies":[{"name":"wp","href":"https:\/\/api.w.org\/{rel}","templated":true}]}}