{"id":48375,"date":"2022-08-12T15:11:59","date_gmt":"2022-08-12T13:11:59","guid":{"rendered":"https:\/\/vss.yoho.pl\/program-bp2-50-50\/"},"modified":"2022-12-16T11:54:35","modified_gmt":"2022-12-16T10:54:35","slug":"program-bp2-50-50","status":"publish","type":"page","link":"https:\/\/vss.yoho.pl\/lt\/program-bp2-50-50\/","title":{"rendered":"BP2 50:50"},"content":{"rendered":"\n<div class=\"wp-block-group is-style-with-b2-background\"><div class=\"wp-block-group__inner-container is-layout-flow wp-block-group-is-layout-flow\">\n<div style=\"height:100px\" aria-hidden=\"true\" class=\"wp-block-spacer is-style-small-spacer\"><\/div>\n\n\n\n<p class=\"has-text-align-center noMarginBottom has-red-color has-text-color\"><strong><strong>WYGODNA I ZAPEWNIAJ\u0104CA BEZPIECZENSTWO PRACY ODZIE\u017b ROBOCZA Z NADRUKIEM TO DOSKONA\u0141A PREZENTACJA FIRMY<\/strong>&nbsp;<\/strong><\/p>\n\n\n\n<h2 class=\"has-text-align-center noMarginTop noMarginBottom is-style-h1 wp-block-heading\" style=\"font-size:3.5em\">BP2 50:50<\/h2>\n\n\n\n<div style=\"height:100px\" aria-hidden=\"true\" class=\"wp-block-spacer is-style-small-spacer\"><\/div>\n<\/div><\/div>\n\n\n\n<div class=\"wp-block-group is-style-narrower-group\"><div class=\"wp-block-group__inner-container is-layout-flow wp-block-group-is-layout-flow\">\n<p class=\"has-text-align-center\" style=\"font-size:22px\">Program skierowany do dystrybutor\u00f3w oraz dekarzy, w kt\u00f3rym koszty produkcji oferowanej, niezawodnej odzie\u017cy roboczej oraz wysokiej jako\u015bci narz\u0119dzi dzielone s\u0105 po po\u0142owie pomi\u0119dzy BP2 oraz zamawiaj\u0105cego. Na produktach umieszczane s\u0105 logotypy partner\u00f3w programu BP2 50:50.&nbsp;<\/p>\n<\/div><\/div>\n\n\n\n<div style=\"height:100px\" aria-hidden=\"true\" class=\"wp-block-spacer is-style-smaller-spacer\"><\/div>\n\n\n\n<div class=\"wp-block-group\"><div class=\"wp-block-group__inner-container is-layout-flow wp-block-group-is-layout-flow\">\n<div class=\"wp-block-columns is-style-grid fade-in is-layout-flex wp-container-core-columns-is-layout-9d6595d7 wp-block-columns-is-layout-flex\">\n<div class=\"wp-block-column is-layout-flow wp-block-column-is-layout-flow\">\n<div class=\"wp-block-cover is-style-full-height\"><span aria-hidden=\"true\" class=\"wp-block-cover__background has-background-dim-0 has-background-dim\"><\/span><img loading=\"lazy\" decoding=\"async\" width=\"1306\" height=\"1864\" class=\"wp-block-cover__image-background wp-image-30254\" alt=\"\" src=\"https:\/\/vss.yoho.pl\/wp-content\/uploads\/2022\/09\/50-50-1.jpg\" style=\"object-position:69% 43%\" data-object-fit=\"cover\" data-object-position=\"69% 43%\" srcset=\"https:\/\/vss.yoho.pl\/wp-content\/uploads\/2022\/09\/50-50-1.jpg 1306w, https:\/\/vss.yoho.pl\/wp-content\/uploads\/2022\/09\/50-50-1-673x960.jpg 673w, https:\/\/vss.yoho.pl\/wp-content\/uploads\/2022\/09\/50-50-1-717x1024.jpg 717w, https:\/\/vss.yoho.pl\/wp-content\/uploads\/2022\/09\/50-50-1-768x1096.jpg 768w, https:\/\/vss.yoho.pl\/wp-content\/uploads\/2022\/09\/50-50-1-1076x1536.jpg 1076w\" sizes=\"auto, (max-width: 1306px) 100vw, 1306px\" \/><div class=\"wp-block-cover__inner-container is-layout-flow wp-block-cover-is-layout-flow\">\n<p class=\"has-text-align-center\"><\/p>\n<\/div><\/div>\n<\/div>\n\n\n\n<div class=\"wp-block-column is-layout-flow wp-block-column-is-layout-flow\">\n<div class=\"wp-block-cover is-light is-style-full-width wp-duotone-8c00b7-fcff41-1\"><span aria-hidden=\"true\" class=\"wp-block-cover__background has-dark-gray-background-color has-background-dim-100 has-background-dim\"><\/span><div class=\"wp-block-cover__inner-container is-layout-flow wp-block-cover-is-layout-flow\">\n<figure class=\"wp-block-image size-large is-resized\"><img loading=\"lazy\" decoding=\"async\" src=\"https:\/\/vss.yoho.pl\/wp-content\/uploads\/2022\/12\/bp2-50-50.svg\" alt=\"\" class=\"wp-image-46309\" width=\"185\" height=\"113\"\/><\/figure>\n\n\n\n<p>Odzie\u017c robocza jest nieod\u0142\u0105cznym wyposa\u017ceniem ka\u017cdego pracownika. <strong>To doskona\u0142a wizyt\u00f3wka Twojej firmy<\/strong>, kt\u00f3ra pozwoli na wzrost rozpoznawalno\u015bci marki w oczach klient\u00f3w oraz wzmocni poczucie jedno\u015bci i przywi\u0105zania do firmy w\u015br\u00f3d twoich pracownik\u00f3w.&nbsp;<\/p>\n\n\n\n<p>Uzupe\u0142nieniem do odzie\u017cy roboczej s\u0105 gad\u017cety i narz\u0119dzia dekarskie, wykonane z wysokojako\u015bciowych materia\u0142\u00f3w, kt\u00f3re zapewniaj\u0105 komfort i bezpiecze\u0144stwo pracy.&nbsp;<\/p>\n\n\n\n<p><strong>W naszym programie oferujemy doskona\u0142ej jako\u015bci ubrania robocze<\/strong>, kt\u00f3re przystosowane s\u0105 do zr\u00f3\u017cnicowanych warunk\u00f3w \u2013 chroni\u0105 przed ewentualnymi zagro\u017ceniami, jednocze\u015bnie zapewniaj\u0105c pe\u0142n\u0105 swobod\u0119 ruchu, a ich wygl\u0105d przyci\u0105ga uwag\u0119 i zwi\u0119ksza rozpoznawalno\u015b\u0107 Twojej marki.&nbsp;<\/p>\n\n\n\n<a href=\"#\"  class=\"button button--red \">POBIERZ KATALOG NASZ\u0104 ODZIE\u017b\u0104<\/a>\n\n\n<div style=\"height:100px\" aria-hidden=\"true\" class=\"wp-block-spacer\"><\/div>\n<\/div><\/div>\n<\/div>\n<\/div>\n<\/div><\/div>\n\n\n\n<div class=\"wp-block-group has-white-background-color has-background\"><div class=\"wp-block-group__inner-container is-layout-flow wp-block-group-is-layout-flow\">\n<div style=\"height:100px\" aria-hidden=\"true\" class=\"wp-block-spacer is-style-smaller-spacer\"><\/div>\n\n\n\n<div class=\"wp-block-columns is-style-grid is-layout-flex wp-container-core-columns-is-layout-9d6595d7 wp-block-columns-is-layout-flex\">\n<div class=\"wp-block-column is-layout-flow wp-block-column-is-layout-flow\">\n<div class=\"wp-block-cover is-light is-style-content-from-bottom\"><span aria-hidden=\"true\" class=\"wp-block-cover__background has-background-dim\"><\/span><img loading=\"lazy\" decoding=\"async\" width=\"1306\" height=\"1864\" class=\"wp-block-cover__image-background wp-image-31260\" alt=\"\" src=\"https:\/\/vss.yoho.pl\/wp-content\/uploads\/2022\/10\/BPACK-v2.jpg\" style=\"object-position:48% 100%\" data-object-fit=\"cover\" data-object-position=\"48% 100%\" srcset=\"https:\/\/vss.yoho.pl\/wp-content\/uploads\/2022\/10\/BPACK-v2.jpg 1306w, https:\/\/vss.yoho.pl\/wp-content\/uploads\/2022\/10\/BPACK-v2-673x960.jpg 673w, https:\/\/vss.yoho.pl\/wp-content\/uploads\/2022\/10\/BPACK-v2-717x1024.jpg 717w, https:\/\/vss.yoho.pl\/wp-content\/uploads\/2022\/10\/BPACK-v2-768x1096.jpg 768w, https:\/\/vss.yoho.pl\/wp-content\/uploads\/2022\/10\/BPACK-v2-1076x1536.jpg 1076w\" sizes=\"auto, (max-width: 1306px) 100vw, 1306px\" \/><div class=\"wp-block-cover__inner-container is-layout-flow wp-block-cover-is-layout-flow\">\n<div style=\"height:100px\" aria-hidden=\"true\" class=\"wp-block-spacer is-style-medium-spacer\"><\/div>\n\n\n\n<figure class=\"wp-block-image size-large is-resized\"><img loading=\"lazy\" decoding=\"async\" src=\"https:\/\/vss.yoho.pl\/wp-content\/uploads\/2022\/12\/bp2-bpack.svg\" alt=\"\" class=\"wp-image-46323\" width=\"163\" height=\"113\"\/><\/figure>\n\n\n\n<p class=\"has-white-color has-text-color\">Akcja marketingowa skierowana do dystrybutor\u00f3w, w ramach kt\u00f3rej na podstawie przyznanych punkt\u00f3w,  dwukrotnie w ci\u0105gu roku za po\u015brednictwem naszego serwisu dystrybutor samodzielnie kompletuje koszyk materia\u0142\u00f3w marketingowych oferowanych w aktualnej edycji programu.<\/p>\n\n\n\n<div class=\"wp-block-group\"><div class=\"wp-block-group__inner-container is-layout-flow wp-block-group-is-layout-flow\">\n<a href=\"https:\/\/vss.yoho.pl\/program-bp2-bpack\/\"  class=\"button button--red \">DOWIEDZ SI\u0118\u00a0WI\u0118CEJ O PROGRAMIE<\/a><\/div><\/div>\n<\/div><\/div>\n<\/div>\n\n\n\n<div class=\"wp-block-column is-layout-flow wp-block-column-is-layout-flow\">\n<div class=\"wp-block-cover is-light is-style-content-from-bottom\"><span aria-hidden=\"true\" class=\"wp-block-cover__background has-background-dim\"><\/span><img loading=\"lazy\" decoding=\"async\" width=\"1306\" height=\"1864\" class=\"wp-block-cover__image-background wp-image-31334\" alt=\"\" src=\"https:\/\/vss.yoho.pl\/wp-content\/uploads\/2022\/10\/AD.jpg\" style=\"object-position:45% 100%\" data-object-fit=\"cover\" data-object-position=\"45% 100%\" srcset=\"https:\/\/vss.yoho.pl\/wp-content\/uploads\/2022\/10\/AD.jpg 1306w, https:\/\/vss.yoho.pl\/wp-content\/uploads\/2022\/10\/AD-673x960.jpg 673w, https:\/\/vss.yoho.pl\/wp-content\/uploads\/2022\/10\/AD-717x1024.jpg 717w, https:\/\/vss.yoho.pl\/wp-content\/uploads\/2022\/10\/AD-768x1096.jpg 768w, https:\/\/vss.yoho.pl\/wp-content\/uploads\/2022\/10\/AD-1076x1536.jpg 1076w\" sizes=\"auto, (max-width: 1306px) 100vw, 1306px\" \/><div class=\"wp-block-cover__inner-container is-layout-flow wp-block-cover-is-layout-flow\">\n<div style=\"height:100px\" aria-hidden=\"true\" class=\"wp-block-spacer is-style-medium-spacer\"><\/div>\n\n\n\n<figure class=\"wp-block-image size-large is-resized\"><img loading=\"lazy\" decoding=\"async\" src=\"https:\/\/vss.yoho.pl\/wp-content\/uploads\/2022\/12\/bp2-ad.svg\" alt=\"\" class=\"wp-image-46316\" width=\"185\" height=\"113\"\/><\/figure>\n\n\n\n<p class=\"has-white-color has-text-color\">Wychodz\u0105c naprzeciw oczekiwaniom naszych dystrybutor\u00f3w, stworzyli\u015bmy kompleksowy program wsparcia sprzeda\u017cy produkt\u00f3w&nbsp;BP2. Obecnie dzia\u0142ania wspieraj\u0105ce sprzeda\u017c koncentruj\u0105 si\u0119 wok\u00f3\u0142 digital marketingu, nasz dzia\u0142 jest got\u00f3w udzieli\u0107 wszelkich niezb\u0119dnych porad oraz aktywnie wsp\u00f3\u0142dzia\u0142a\u0107 dla uzyskania wsp\u00f3lnego celu.&nbsp;<\/p>\n\n\n\n<div class=\"wp-block-group\"><div class=\"wp-block-group__inner-container is-layout-flow wp-block-group-is-layout-flow\">\n<a href=\"https:\/\/vss.yoho.pl\/program-bp2-authorised-distributor\/\"  class=\"button button--red \">DOWIEDZ SI\u0118\u00a0WI\u0118CEJ O PROGRAMIE<\/a><\/div><\/div>\n<\/div><\/div>\n<\/div>\n\n\n\n<div class=\"wp-block-column is-layout-flow wp-block-column-is-layout-flow\">\n<div class=\"wp-block-cover is-light is-style-content-from-bottom\"><span aria-hidden=\"true\" class=\"wp-block-cover__background has-background-dim\"><\/span><img loading=\"lazy\" decoding=\"async\" width=\"1306\" height=\"1864\" class=\"wp-block-cover__image-background wp-image-31207\" alt=\"\" src=\"https:\/\/vss.yoho.pl\/wp-content\/uploads\/2022\/10\/BPACK.jpg\" style=\"object-position:51% 100%\" data-object-fit=\"cover\" data-object-position=\"51% 100%\" srcset=\"https:\/\/vss.yoho.pl\/wp-content\/uploads\/2022\/10\/BPACK.jpg 1306w, https:\/\/vss.yoho.pl\/wp-content\/uploads\/2022\/10\/BPACK-673x960.jpg 673w, https:\/\/vss.yoho.pl\/wp-content\/uploads\/2022\/10\/BPACK-717x1024.jpg 717w, https:\/\/vss.yoho.pl\/wp-content\/uploads\/2022\/10\/BPACK-768x1096.jpg 768w, https:\/\/vss.yoho.pl\/wp-content\/uploads\/2022\/10\/BPACK-1076x1536.jpg 1076w\" sizes=\"auto, (max-width: 1306px) 100vw, 1306px\" \/><div class=\"wp-block-cover__inner-container is-layout-flow wp-block-cover-is-layout-flow\">\n<div style=\"height:100px\" aria-hidden=\"true\" class=\"wp-block-spacer is-style-medium-spacer\"><\/div>\n\n\n\n<figure class=\"wp-block-image size-large is-resized\"><img loading=\"lazy\" decoding=\"async\" src=\"https:\/\/vss.yoho.pl\/wp-content\/uploads\/2022\/12\/bp2eshop.svg\" alt=\"\" class=\"wp-image-46330\" width=\"185\" height=\"113\"\/><\/figure>\n\n\n\n<p class=\"has-white-color has-text-color\">Internetowa platforma sprzeda\u017cowa, kt\u00f3rej administratorami s\u0105<strong>&nbsp;<\/strong>BP2&nbsp;wraz z autoryzowanym dystrybutorem. Poprawne dzia\u0142anie platformy pod k\u0105tem informatycznym jest w ca\u0142o\u015bci gwarantowane przez&nbsp;BP2. Dystrybutor posiada dowolno\u015b\u0107 w zakresie personalizacji strony oraz oferty, a tak\u017ce warunk\u00f3w handlowych.<\/p>\n\n\n\n<div class=\"wp-block-group\"><div class=\"wp-block-group__inner-container is-layout-flow wp-block-group-is-layout-flow\">\n<a href=\"https:\/\/vss.yoho.pl\/program-bp2-eshop\/\"  class=\"button button--red \">DOWIEDZ SI\u0118\u00a0WI\u0118CEJ O PROGRAMIE<\/a><\/div><\/div>\n<\/div><\/div>\n<\/div>\n<\/div>\n\n\n\n<div style=\"height:100px\" aria-hidden=\"true\" class=\"wp-block-spacer is-style-small-spacer\"><\/div>\n<\/div><\/div>\n\n\n\n<div style=\"height:100px\" aria-hidden=\"true\" class=\"wp-block-spacer is-style-smaller-spacer\"><\/div>\n","protected":false},"excerpt":{"rendered":"<p>WYGODNA I ZAPEWNIAJ\u0104CA BEZPIECZENSTWO PRACY ODZIE\u017b ROBOCZA Z NADRUKIEM TO DOSKONA\u0141A PREZENTACJA FIRMY&nbsp; BP2 50:50 Program skierowany do dystrybutor\u00f3w oraz dekarzy, w kt\u00f3rym koszty produkcji oferowanej, niezawodnej odzie\u017cy roboczej oraz wysokiej jako\u015bci narz\u0119dzi dzielone s\u0105 po po\u0142owie pomi\u0119dzy BP2 oraz zamawiaj\u0105cego. Na produktach umieszczane s\u0105 logotypy partner\u00f3w programu BP2 50:50.&nbsp;<\/p>\n","protected":false},"author":6,"featured_media":0,"parent":0,"menu_order":41,"comment_status":"closed","ping_status":"closed","template":"","meta":{"_acf_changed":false,"inline_featured_image":false,"footnotes":""},"class_list":["post-48375","page","type-page","status-publish","hentry"],"acf":[],"yoast_head":"<!-- This site is optimized with the Yoast SEO plugin v26.5 - https:\/\/yoast.com\/wordpress\/plugins\/seo\/ -->\n<title>BP2 50:50 - VSS<\/title>\n<meta name=\"robots\" content=\"noindex, follow, max-snippet:-1, max-image-preview:large, max-video-preview:-1\" \/>\n<meta property=\"og:locale\" content=\"lt_LT\" \/>\n<meta property=\"og:type\" content=\"article\" \/>\n<meta property=\"og:title\" content=\"BP2 50:50 - VSS\" \/>\n<meta property=\"og:description\" content=\"WYGODNA I ZAPEWNIAJ\u0104CA BEZPIECZENSTWO PRACY ODZIE\u017b ROBOCZA Z NADRUKIEM TO DOSKONA\u0141A PREZENTACJA FIRMY&nbsp; BP2 50:50 Program skierowany do dystrybutor\u00f3w oraz dekarzy, w kt\u00f3rym koszty produkcji oferowanej, niezawodnej odzie\u017cy roboczej oraz wysokiej jako\u015bci narz\u0119dzi dzielone s\u0105 po po\u0142owie pomi\u0119dzy BP2 oraz zamawiaj\u0105cego. Na produktach umieszczane s\u0105 logotypy partner\u00f3w programu BP2 50:50.&nbsp;\" \/>\n<meta property=\"og:url\" content=\"https:\/\/vss.yoho.pl\/lt\/program-bp2-50-50\/\" \/>\n<meta property=\"og:site_name\" content=\"VSS\" \/>\n<meta property=\"article:modified_time\" content=\"2022-12-16T10:54:35+00:00\" \/>\n<meta property=\"og:image\" content=\"https:\/\/vss.yoho.pl\/wp-content\/uploads\/2022\/09\/50-50-1.jpg\" \/>\n<meta name=\"twitter:card\" content=\"summary_large_image\" \/>\n<meta name=\"twitter:label1\" content=\"Est. reading time\" \/>\n\t<meta name=\"twitter:data1\" content=\"2 minut\u0117s\" \/>\n<script type=\"application\/ld+json\" class=\"yoast-schema-graph\">{\"@context\":\"https:\/\/schema.org\",\"@graph\":[{\"@type\":\"WebPage\",\"@id\":\"https:\/\/vss.yoho.pl\/lt\/program-bp2-50-50\/\",\"url\":\"https:\/\/vss.yoho.pl\/lt\/program-bp2-50-50\/\",\"name\":\"BP2 50:50 - VSS\",\"isPartOf\":{\"@id\":\"https:\/\/vss.yoho.pl\/#website\"},\"primaryImageOfPage\":{\"@id\":\"https:\/\/vss.yoho.pl\/lt\/program-bp2-50-50\/#primaryimage\"},\"image\":{\"@id\":\"https:\/\/vss.yoho.pl\/lt\/program-bp2-50-50\/#primaryimage\"},\"thumbnailUrl\":\"https:\/\/vss.yoho.pl\/wp-content\/uploads\/2022\/09\/50-50-1.jpg\",\"datePublished\":\"2022-08-12T13:11:59+00:00\",\"dateModified\":\"2022-12-16T10:54:35+00:00\",\"breadcrumb\":{\"@id\":\"https:\/\/vss.yoho.pl\/lt\/program-bp2-50-50\/#breadcrumb\"},\"inLanguage\":\"lt-LT\",\"potentialAction\":[{\"@type\":\"ReadAction\",\"target\":[\"https:\/\/vss.yoho.pl\/lt\/program-bp2-50-50\/\"]}]},{\"@type\":\"ImageObject\",\"inLanguage\":\"lt-LT\",\"@id\":\"https:\/\/vss.yoho.pl\/lt\/program-bp2-50-50\/#primaryimage\",\"url\":\"https:\/\/vss.yoho.pl\/wp-content\/uploads\/2022\/09\/50-50-1.jpg\",\"contentUrl\":\"https:\/\/vss.yoho.pl\/wp-content\/uploads\/2022\/09\/50-50-1.jpg\"},{\"@type\":\"BreadcrumbList\",\"@id\":\"https:\/\/vss.yoho.pl\/lt\/program-bp2-50-50\/#breadcrumb\",\"itemListElement\":[{\"@type\":\"ListItem\",\"position\":1,\"name\":\"Home\",\"item\":\"https:\/\/vss.yoho.pl\/lt\/\"},{\"@type\":\"ListItem\",\"position\":2,\"name\":\"BP2 50:50\"}]},{\"@type\":\"WebSite\",\"@id\":\"https:\/\/vss.yoho.pl\/#website\",\"url\":\"https:\/\/vss.yoho.pl\/\",\"name\":\"VSS\",\"description\":\"Plieno paslaug\u0173 centras\",\"potentialAction\":[{\"@type\":\"SearchAction\",\"target\":{\"@type\":\"EntryPoint\",\"urlTemplate\":\"https:\/\/vss.yoho.pl\/?s={search_term_string}\"},\"query-input\":{\"@type\":\"PropertyValueSpecification\",\"valueRequired\":true,\"valueName\":\"search_term_string\"}}],\"inLanguage\":\"lt-LT\"}]}<\/script>\n<!-- \/ Yoast SEO plugin. -->","yoast_head_json":{"title":"BP2 50:50 - VSS","robots":{"index":"noindex","follow":"follow","max-snippet":"max-snippet:-1","max-image-preview":"max-image-preview:large","max-video-preview":"max-video-preview:-1"},"og_locale":"lt_LT","og_type":"article","og_title":"BP2 50:50 - VSS","og_description":"WYGODNA I ZAPEWNIAJ\u0104CA BEZPIECZENSTWO PRACY ODZIE\u017b ROBOCZA Z NADRUKIEM TO DOSKONA\u0141A PREZENTACJA FIRMY&nbsp; BP2 50:50 Program skierowany do dystrybutor\u00f3w oraz dekarzy, w kt\u00f3rym koszty produkcji oferowanej, niezawodnej odzie\u017cy roboczej oraz wysokiej jako\u015bci narz\u0119dzi dzielone s\u0105 po po\u0142owie pomi\u0119dzy BP2 oraz zamawiaj\u0105cego. Na produktach umieszczane s\u0105 logotypy partner\u00f3w programu BP2 50:50.&nbsp;","og_url":"https:\/\/vss.yoho.pl\/lt\/program-bp2-50-50\/","og_site_name":"VSS","article_modified_time":"2022-12-16T10:54:35+00:00","og_image":[{"url":"https:\/\/vss.yoho.pl\/wp-content\/uploads\/2022\/09\/50-50-1.jpg","type":"","width":"","height":""}],"twitter_card":"summary_large_image","twitter_misc":{"Est. reading time":"2 minut\u0117s"},"schema":{"@context":"https:\/\/schema.org","@graph":[{"@type":"WebPage","@id":"https:\/\/vss.yoho.pl\/lt\/program-bp2-50-50\/","url":"https:\/\/vss.yoho.pl\/lt\/program-bp2-50-50\/","name":"BP2 50:50 - VSS","isPartOf":{"@id":"https:\/\/vss.yoho.pl\/#website"},"primaryImageOfPage":{"@id":"https:\/\/vss.yoho.pl\/lt\/program-bp2-50-50\/#primaryimage"},"image":{"@id":"https:\/\/vss.yoho.pl\/lt\/program-bp2-50-50\/#primaryimage"},"thumbnailUrl":"https:\/\/vss.yoho.pl\/wp-content\/uploads\/2022\/09\/50-50-1.jpg","datePublished":"2022-08-12T13:11:59+00:00","dateModified":"2022-12-16T10:54:35+00:00","breadcrumb":{"@id":"https:\/\/vss.yoho.pl\/lt\/program-bp2-50-50\/#breadcrumb"},"inLanguage":"lt-LT","potentialAction":[{"@type":"ReadAction","target":["https:\/\/vss.yoho.pl\/lt\/program-bp2-50-50\/"]}]},{"@type":"ImageObject","inLanguage":"lt-LT","@id":"https:\/\/vss.yoho.pl\/lt\/program-bp2-50-50\/#primaryimage","url":"https:\/\/vss.yoho.pl\/wp-content\/uploads\/2022\/09\/50-50-1.jpg","contentUrl":"https:\/\/vss.yoho.pl\/wp-content\/uploads\/2022\/09\/50-50-1.jpg"},{"@type":"BreadcrumbList","@id":"https:\/\/vss.yoho.pl\/lt\/program-bp2-50-50\/#breadcrumb","itemListElement":[{"@type":"ListItem","position":1,"name":"Home","item":"https:\/\/vss.yoho.pl\/lt\/"},{"@type":"ListItem","position":2,"name":"BP2 50:50"}]},{"@type":"WebSite","@id":"https:\/\/vss.yoho.pl\/#website","url":"https:\/\/vss.yoho.pl\/","name":"VSS","description":"Plieno paslaug\u0173 centras","potentialAction":[{"@type":"SearchAction","target":{"@type":"EntryPoint","urlTemplate":"https:\/\/vss.yoho.pl\/?s={search_term_string}"},"query-input":{"@type":"PropertyValueSpecification","valueRequired":true,"valueName":"search_term_string"}}],"inLanguage":"lt-LT"}]}},"_links":{"self":[{"href":"https:\/\/vss.yoho.pl\/lt\/wp-json\/wp\/v2\/pages\/48375","targetHints":{"allow":["GET"]}}],"collection":[{"href":"https:\/\/vss.yoho.pl\/lt\/wp-json\/wp\/v2\/pages"}],"about":[{"href":"https:\/\/vss.yoho.pl\/lt\/wp-json\/wp\/v2\/types\/page"}],"author":[{"embeddable":true,"href":"https:\/\/vss.yoho.pl\/lt\/wp-json\/wp\/v2\/users\/6"}],"replies":[{"embeddable":true,"href":"https:\/\/vss.yoho.pl\/lt\/wp-json\/wp\/v2\/comments?post=48375"}],"version-history":[{"count":1,"href":"https:\/\/vss.yoho.pl\/lt\/wp-json\/wp\/v2\/pages\/48375\/revisions"}],"predecessor-version":[{"id":48376,"href":"https:\/\/vss.yoho.pl\/lt\/wp-json\/wp\/v2\/pages\/48375\/revisions\/48376"}],"wp:attachment":[{"href":"https:\/\/vss.yoho.pl\/lt\/wp-json\/wp\/v2\/media?parent=48375"}],"curies":[{"name":"wp","href":"https:\/\/api.w.org\/{rel}","templated":true}]}}