{"id":48378,"date":"2022-08-12T14:53:11","date_gmt":"2022-08-12T12:53:11","guid":{"rendered":"https:\/\/vss.yoho.pl\/podstawowe-funkcje-systemu-eprofil\/"},"modified":"2022-12-16T11:55:06","modified_gmt":"2022-12-16T10:55:06","slug":"podstawowe-funkcje-systemu-eprofil","status":"publish","type":"page","link":"https:\/\/vss.yoho.pl\/lt\/podstawowe-funkcje-systemu-eprofil\/","title":{"rendered":"Podstawowe Funkcje Systemu \u2013 eProfil"},"content":{"rendered":"\n<div class=\"wp-block-group is-style-with-b2-background\"><div class=\"wp-block-group__inner-container is-layout-flow wp-block-group-is-layout-flow\">\n<div style=\"height:100px\" aria-hidden=\"true\" class=\"wp-block-spacer is-style-small-spacer\"><\/div>\n\n\n\n<p class=\"has-text-align-center noMarginBottom has-red-color has-text-color\"><strong>S\u0104 RZECZY, KT\u00d3RE MUSZ\u0104 BY\u0106 FUNKCJONALNE<\/strong><\/p>\n\n\n\n<h2 class=\"has-text-align-center noMarginTop noMarginBottom is-style-h1 wp-block-heading\" style=\"font-size:3.5em\">FUNKCJE SYSTEMU \u2013 EPROFIL<\/h2>\n\n\n\n<div style=\"height:100px\" aria-hidden=\"true\" class=\"wp-block-spacer is-style-small-spacer\"><\/div>\n<\/div><\/div>\n\n\n\n<div class=\"wp-block-group is-style-narrower-group\"><div class=\"wp-block-group__inner-container is-layout-flow wp-block-group-is-layout-flow\">\n<p class=\"has-text-align-center\" style=\"font-size:22px\">Poznaj dost\u0119pne funkcje naszego systemu i dowiedz si\u0119, jakie daje mo\u017cliwo\u015bci. Prosta w obs\u0142udze i intuicyjna platforma u\u0142atwi realizacj\u0119 celu Twojego przedsi\u0119biorstwa.<\/p>\n<\/div><\/div>\n\n\n\n<div class=\"wp-block-group\"><div class=\"wp-block-group__inner-container is-layout-flow wp-block-group-is-layout-flow\">\n<div style=\"height:100px\" aria-hidden=\"true\" class=\"wp-block-spacer is-style-smaller-spacer\"><\/div>\n\n\n\n<div class=\"wp-block-columns is-style-grid fade-in is-layout-flex wp-container-core-columns-is-layout-9d6595d7 wp-block-columns-is-layout-flex\">\n<div class=\"wp-block-column is-layout-flow wp-block-column-is-layout-flow\">\r\n<div class=\"section__data\" data-section=\"Podstawowe Funkcje Systemu \"><\/div>\n\n\n<div class=\"wp-block-cover is-light is-style-full-width wp-duotone-8c00b7-fcff41-1\"><span aria-hidden=\"true\" class=\"wp-block-cover__background has-dark-gray-background-color has-background-dim-100 has-background-dim\"><\/span><div class=\"wp-block-cover__inner-container is-layout-flow wp-block-cover-is-layout-flow\">\n<h2 class=\"is-style-h3 wp-block-heading\">Podstawowe Funkcje Systemu <\/h2>\n\n\n\n<p>Nasz serwis stanowi interaktywn\u0105 platform\u0119 wymiany danych umo\u017cliwiaj\u0105c\u0105 szybki i intuicyjny dost\u0119p do informacji niezb\u0119dnych do profesjonalnej obs\u0142ugi. <\/p>\n\n\n\n<h4 class=\"wp-block-heading\">Podstawowe funkcje dost\u0119pne w systemie:&nbsp;<\/h4>\n\n\n\n<div class=\"wp-block-group\"><div class=\"wp-block-group__inner-container is-layout-flow wp-block-group-is-layout-flow\">\n<div class=\"wp-block-columns is-not-stacked-on-mobile is-style-icon-and-text is-layout-flex wp-container-core-columns-is-layout-9d6595d7 wp-block-columns-is-layout-flex\">\n<div class=\"wp-block-column is-vertically-aligned-center is-layout-flow wp-block-column-is-layout-flow\"><div class=\"wp-block-image\">\n<figure class=\"alignright size-large is-resized\"><img loading=\"lazy\" decoding=\"async\" src=\"https:\/\/vss.yoho.pl\/wp-content\/uploads\/2022\/12\/eprofil_PDF.svg\" alt=\"\" class=\"wp-image-46577\" width=\"113\" height=\"113\"\/><\/figure>\n<\/div><\/div>\n\n\n\n<div class=\"wp-block-column is-vertically-aligned-center is-layout-flow wp-block-column-is-layout-flow\">\n<p class=\"has-text-align-left\">B\u0105d\u017a na bie\u017c\u0105co z aktualnym cennikiem produktowym i promocjami.<\/p>\n<\/div>\n<\/div>\n<\/div><\/div>\n\n\n\n<div class=\"wp-block-group\"><div class=\"wp-block-group__inner-container is-layout-flow wp-block-group-is-layout-flow\">\n<div class=\"wp-block-columns is-not-stacked-on-mobile is-style-icon-and-text is-layout-flex wp-container-core-columns-is-layout-9d6595d7 wp-block-columns-is-layout-flex\">\n<div class=\"wp-block-column is-vertically-aligned-center is-layout-flow wp-block-column-is-layout-flow\"><div class=\"wp-block-image\">\n<figure class=\"alignright size-large is-resized\"><img loading=\"lazy\" decoding=\"async\" src=\"https:\/\/vss.yoho.pl\/wp-content\/uploads\/2022\/12\/eprofil_dodaj-zamowenie.svg\" alt=\"\" class=\"wp-image-46570\" width=\"113\" height=\"113\"\/><\/figure>\n<\/div><\/div>\n\n\n\n<div class=\"wp-block-column is-vertically-aligned-center is-layout-flow wp-block-column-is-layout-flow\">\n<p class=\"has-text-align-left is-style-default\">Proste i szybkie wprowadzanie zam\u00f3wie\u0144 do systemu, kt\u00f3re znacz\u0105co przyspieszy Twoj\u0105&nbsp;prac\u0119.  <\/p>\n<\/div>\n<\/div>\n<\/div><\/div>\n\n\n\n<div class=\"wp-block-group\"><div class=\"wp-block-group__inner-container is-layout-flow wp-block-group-is-layout-flow\">\n<div class=\"wp-block-columns is-not-stacked-on-mobile is-style-icon-and-text is-layout-flex wp-container-core-columns-is-layout-9d6595d7 wp-block-columns-is-layout-flex\">\n<div class=\"wp-block-column is-vertically-aligned-center is-layout-flow wp-block-column-is-layout-flow\"><div class=\"wp-block-image\">\n<figure class=\"alignright size-large is-resized\"><img loading=\"lazy\" decoding=\"async\" src=\"https:\/\/vss.yoho.pl\/wp-content\/uploads\/2022\/12\/eprofil_profil.svg\" alt=\"\" class=\"wp-image-46563\" width=\"113\" height=\"113\"\/><\/figure>\n<\/div><\/div>\n\n\n\n<div class=\"wp-block-column is-vertically-aligned-center is-layout-flow wp-block-column-is-layout-flow\">\n<p class=\"has-text-align-left\">Wszystkie potrzebne informacje o realizacji zam\u00f3wienia i p\u0142atno\u015bci dost\u0119pne bezpo\u015brednio w systemie.<\/p>\n<\/div>\n<\/div>\n<\/div><\/div>\n\n\n\n<div class=\"wp-block-group\"><div class=\"wp-block-group__inner-container is-layout-flow wp-block-group-is-layout-flow\">\n<div class=\"wp-block-columns is-not-stacked-on-mobile is-style-icon-and-text is-layout-flex wp-container-core-columns-is-layout-9d6595d7 wp-block-columns-is-layout-flex\">\n<div class=\"wp-block-column is-vertically-aligned-center is-layout-flow wp-block-column-is-layout-flow\"><div class=\"wp-block-image\">\n<figure class=\"alignright size-large is-resized\"><img loading=\"lazy\" decoding=\"async\" src=\"https:\/\/vss.yoho.pl\/wp-content\/uploads\/2022\/12\/zloz-zamowienie_pop.svg\" alt=\"\" class=\"wp-image-46220\" width=\"118\" height=\"113\"\/><\/figure>\n<\/div><\/div>\n\n\n\n<div class=\"wp-block-column is-vertically-aligned-center is-layout-flow wp-block-column-is-layout-flow\">\n<p class=\"has-text-align-left\">Rozbudowany mechanizm sporz\u0105dzania ofert dla klient\u00f3w z mo\u017cliwo\u015bci\u0105 personalizacji i udzielania dowolnego rabatu.<\/p>\n<\/div>\n<\/div>\n<\/div><\/div>\n\n\n\n<div class=\"wp-block-group\"><div class=\"wp-block-group__inner-container is-layout-flow wp-block-group-is-layout-flow\">\n<div class=\"wp-block-columns is-not-stacked-on-mobile is-style-icon-and-text is-layout-flex wp-container-core-columns-is-layout-9d6595d7 wp-block-columns-is-layout-flex\">\n<div class=\"wp-block-column is-vertically-aligned-center is-layout-flow wp-block-column-is-layout-flow\"><div class=\"wp-block-image\">\n<figure class=\"alignright size-large is-resized\"><img loading=\"lazy\" decoding=\"async\" src=\"https:\/\/vss.yoho.pl\/wp-content\/uploads\/2022\/12\/aplikacja_pop.svg\" alt=\"\" class=\"wp-image-46232\" width=\"119\" height=\"113\"\/><\/figure>\n<\/div><\/div>\n\n\n\n<div class=\"wp-block-column is-vertically-aligned-center is-layout-flow wp-block-column-is-layout-flow\">\n<p class=\"has-text-align-left\">Dedykowana aplikacja do optymalizacji Twojego przysz\u0142ego dachu. <\/p>\n<\/div>\n<\/div>\n<\/div><\/div>\n<\/div><\/div>\n<\/div>\n\n\n\n<div class=\"wp-block-column is-layout-flow wp-block-column-is-layout-flow\">\n<div class=\"wp-block-cover is-light is-style-full-height\"><span aria-hidden=\"true\" class=\"wp-block-cover__background has-background-dim-0 has-background-dim\"><\/span><img loading=\"lazy\" decoding=\"async\" width=\"1306\" height=\"1864\" class=\"wp-block-cover__image-background wp-image-15221\" alt=\"\" src=\"https:\/\/vss.yoho.pl\/wp-content\/uploads\/2022\/08\/eprofil-mockup-funkcje.jpg\" style=\"object-position:51% 53%\" data-object-fit=\"cover\" data-object-position=\"51% 53%\" srcset=\"https:\/\/vss.yoho.pl\/wp-content\/uploads\/2022\/08\/eprofil-mockup-funkcje.jpg 1306w, https:\/\/vss.yoho.pl\/wp-content\/uploads\/2022\/08\/eprofil-mockup-funkcje-673x960.jpg 673w, https:\/\/vss.yoho.pl\/wp-content\/uploads\/2022\/08\/eprofil-mockup-funkcje-717x1024.jpg 717w, https:\/\/vss.yoho.pl\/wp-content\/uploads\/2022\/08\/eprofil-mockup-funkcje-768x1096.jpg 768w, https:\/\/vss.yoho.pl\/wp-content\/uploads\/2022\/08\/eprofil-mockup-funkcje-1076x1536.jpg 1076w\" sizes=\"auto, (max-width: 1306px) 100vw, 1306px\" \/><div class=\"wp-block-cover__inner-container is-layout-flow wp-block-cover-is-layout-flow\">\n<p class=\"has-text-align-center\"><\/p>\n<\/div><\/div>\n<\/div>\n<\/div>\n<\/div><\/div>\n\n\n\n\n\n<div class=\"wp-block-group\"><div class=\"wp-block-group__inner-container is-layout-flow wp-block-group-is-layout-flow\">\n<div class=\"wp-block-columns is-style-grid fade-in is-layout-flex wp-container-core-columns-is-layout-9d6595d7 wp-block-columns-is-layout-flex\">\n<div class=\"wp-block-column is-layout-flow wp-block-column-is-layout-flow\">\n<div class=\"wp-block-cover is-light is-style-full-width wp-duotone-8c00b7-fcff41-2\"><span aria-hidden=\"true\" class=\"wp-block-cover__background has-dark-gray-background-color has-background-dim-100 has-background-dim\"><\/span><div class=\"wp-block-cover__inner-container is-layout-flow wp-block-cover-is-layout-flow\">\r\n<div class=\"section__data\" data-section=\"Dost\u0119pno\u015b\u0107 z ka\u017cdego urz\u0105dzenia \"><\/div>\n\n\n<h2 class=\"is-style-h3 wp-block-heading\" id=\"eprofil\">Dost\u0119pno\u015b\u0107 na ka\u017cdym urz\u0105dzeniu <\/h2>\n\n\n\n<p>W obecnych czasach wiemy, jak istotnym czynnikiem dla naszych dystrybutor\u00f3w jest czas i natychmiastowa dost\u0119pno\u015b\u0107 do narz\u0119dzi pracy, dlatego kluczow\u0105 funkcjonalno\u015bci\u0105 naszego systemu jest jego mobilno\u015b\u0107. <\/p>\n\n\n\n<p>System <a rel=\"noreferrer noopener\" href=\"https:\/\/eprofil.bp2.eu\/xpertis\/prv\/view\/0x1d9be00\" target=\"_blank\"><span style=\"text-decoration: underline;\">eProfil<\/span><\/a> zosta\u0142 zaprojektowany w oparciu o technologi\u0119 Responsive Web Design, dzi\u0119ki kt\u00f3rej mo\u017cesz w \u0142atwy i wygodny spos\u00f3b porusza\u0107 si\u0119 po platformie na ka\u017cdym urz\u0105dzeniu pod\u0142\u0105czonym do internetu, bez konieczno\u015bci instalacji dedykowanej aplikacji.<\/p>\n\n\n\n<a href=\"itms-services:\/\/?action=download-manifest&#038;url=https:\/\/bp2.milenium.it\/apps\/BlachProfil.plist\" target=\"_blank\" class=\"button button--red \">ZALOGUJ SI\u0118\u00a0DO SYSTEMU<\/a><\/div><\/div>\n<\/div>\n\n\n\n<div class=\"wp-block-column is-layout-flow wp-block-column-is-layout-flow\">\n<div class=\"wp-block-cover is-light is-style-full-height\"><span aria-hidden=\"true\" class=\"wp-block-cover__background has-background-dim-0 has-background-dim\"><\/span><img loading=\"lazy\" decoding=\"async\" width=\"1306\" height=\"1864\" class=\"wp-block-cover__image-background wp-image-29820\" alt=\"\" src=\"https:\/\/vss.yoho.pl\/wp-content\/uploads\/2022\/09\/eprofil-aplikacja-mobilna.jpg\" style=\"object-position:50% 43%\" data-object-fit=\"cover\" data-object-position=\"50% 43%\" srcset=\"https:\/\/vss.yoho.pl\/wp-content\/uploads\/2022\/09\/eprofil-aplikacja-mobilna.jpg 1306w, https:\/\/vss.yoho.pl\/wp-content\/uploads\/2022\/09\/eprofil-aplikacja-mobilna-673x960.jpg 673w, https:\/\/vss.yoho.pl\/wp-content\/uploads\/2022\/09\/eprofil-aplikacja-mobilna-717x1024.jpg 717w, https:\/\/vss.yoho.pl\/wp-content\/uploads\/2022\/09\/eprofil-aplikacja-mobilna-768x1096.jpg 768w, https:\/\/vss.yoho.pl\/wp-content\/uploads\/2022\/09\/eprofil-aplikacja-mobilna-1076x1536.jpg 1076w\" sizes=\"auto, (max-width: 1306px) 100vw, 1306px\" \/><div class=\"wp-block-cover__inner-container is-layout-flow wp-block-cover-is-layout-flow\">\n<p class=\"has-text-align-center\"><\/p>\n<\/div><\/div>\n<\/div>\n<\/div>\n<\/div><\/div>\n","protected":false},"excerpt":{"rendered":"<p>S\u0104 RZECZY, KT\u00d3RE MUSZ\u0104 BY\u0106 FUNKCJONALNE FUNKCJE SYSTEMU \u2013 EPROFIL Poznaj dost\u0119pne funkcje naszego systemu i dowiedz si\u0119, jakie daje mo\u017cliwo\u015bci. Prosta w obs\u0142udze i intuicyjna platforma u\u0142atwi realizacj\u0119 celu Twojego przedsi\u0119biorstwa.<\/p>\n","protected":false},"author":6,"featured_media":0,"parent":0,"menu_order":48,"comment_status":"closed","ping_status":"closed","template":"","meta":{"_acf_changed":false,"inline_featured_image":false,"footnotes":""},"class_list":["post-48378","page","type-page","status-publish","hentry"],"acf":[],"yoast_head":"<!-- This site is optimized with the Yoast SEO plugin v26.5 - https:\/\/yoast.com\/wordpress\/plugins\/seo\/ -->\n<title>Podstawowe Funkcje Systemu \u2013 eProfil - VSS<\/title>\n<meta name=\"robots\" content=\"noindex, follow, max-snippet:-1, max-image-preview:large, max-video-preview:-1\" \/>\n<meta property=\"og:locale\" content=\"lt_LT\" \/>\n<meta property=\"og:type\" content=\"article\" \/>\n<meta property=\"og:title\" content=\"Podstawowe Funkcje Systemu \u2013 eProfil - VSS\" \/>\n<meta property=\"og:description\" content=\"S\u0104 RZECZY, KT\u00d3RE MUSZ\u0104 BY\u0106 FUNKCJONALNE FUNKCJE SYSTEMU \u2013 EPROFIL Poznaj dost\u0119pne funkcje naszego systemu i dowiedz si\u0119, jakie daje mo\u017cliwo\u015bci. Prosta w obs\u0142udze i intuicyjna platforma u\u0142atwi realizacj\u0119 celu Twojego przedsi\u0119biorstwa.\" \/>\n<meta property=\"og:url\" content=\"https:\/\/vss.yoho.pl\/lt\/podstawowe-funkcje-systemu-eprofil\/\" \/>\n<meta property=\"og:site_name\" content=\"VSS\" \/>\n<meta property=\"article:modified_time\" content=\"2022-12-16T10:55:06+00:00\" \/>\n<meta property=\"og:image\" content=\"https:\/\/vss.yoho.pl\/wp-content\/uploads\/2022\/12\/eprofil_PDF.svg\" \/>\n<meta name=\"twitter:card\" content=\"summary_large_image\" \/>\n<meta name=\"twitter:label1\" content=\"Est. reading time\" \/>\n\t<meta name=\"twitter:data1\" content=\"1 minut\u0117\" \/>\n<script type=\"application\/ld+json\" class=\"yoast-schema-graph\">{\"@context\":\"https:\/\/schema.org\",\"@graph\":[{\"@type\":\"WebPage\",\"@id\":\"https:\/\/vss.yoho.pl\/lt\/podstawowe-funkcje-systemu-eprofil\/\",\"url\":\"https:\/\/vss.yoho.pl\/lt\/podstawowe-funkcje-systemu-eprofil\/\",\"name\":\"Podstawowe Funkcje Systemu \u2013 eProfil - VSS\",\"isPartOf\":{\"@id\":\"https:\/\/vss.yoho.pl\/#website\"},\"primaryImageOfPage\":{\"@id\":\"https:\/\/vss.yoho.pl\/lt\/podstawowe-funkcje-systemu-eprofil\/#primaryimage\"},\"image\":{\"@id\":\"https:\/\/vss.yoho.pl\/lt\/podstawowe-funkcje-systemu-eprofil\/#primaryimage\"},\"thumbnailUrl\":\"https:\/\/vss.yoho.pl\/wp-content\/uploads\/2022\/12\/eprofil_PDF.svg\",\"datePublished\":\"2022-08-12T12:53:11+00:00\",\"dateModified\":\"2022-12-16T10:55:06+00:00\",\"breadcrumb\":{\"@id\":\"https:\/\/vss.yoho.pl\/lt\/podstawowe-funkcje-systemu-eprofil\/#breadcrumb\"},\"inLanguage\":\"lt-LT\",\"potentialAction\":[{\"@type\":\"ReadAction\",\"target\":[\"https:\/\/vss.yoho.pl\/lt\/podstawowe-funkcje-systemu-eprofil\/\"]}]},{\"@type\":\"ImageObject\",\"inLanguage\":\"lt-LT\",\"@id\":\"https:\/\/vss.yoho.pl\/lt\/podstawowe-funkcje-systemu-eprofil\/#primaryimage\",\"url\":\"https:\/\/vss.yoho.pl\/wp-content\/uploads\/2022\/12\/eprofil_PDF.svg\",\"contentUrl\":\"https:\/\/vss.yoho.pl\/wp-content\/uploads\/2022\/12\/eprofil_PDF.svg\"},{\"@type\":\"BreadcrumbList\",\"@id\":\"https:\/\/vss.yoho.pl\/lt\/podstawowe-funkcje-systemu-eprofil\/#breadcrumb\",\"itemListElement\":[{\"@type\":\"ListItem\",\"position\":1,\"name\":\"Home\",\"item\":\"https:\/\/vss.yoho.pl\/lt\/\"},{\"@type\":\"ListItem\",\"position\":2,\"name\":\"Podstawowe Funkcje Systemu \u2013 eProfil\"}]},{\"@type\":\"WebSite\",\"@id\":\"https:\/\/vss.yoho.pl\/#website\",\"url\":\"https:\/\/vss.yoho.pl\/\",\"name\":\"VSS\",\"description\":\"Plieno paslaug\u0173 centras\",\"potentialAction\":[{\"@type\":\"SearchAction\",\"target\":{\"@type\":\"EntryPoint\",\"urlTemplate\":\"https:\/\/vss.yoho.pl\/?s={search_term_string}\"},\"query-input\":{\"@type\":\"PropertyValueSpecification\",\"valueRequired\":true,\"valueName\":\"search_term_string\"}}],\"inLanguage\":\"lt-LT\"}]}<\/script>\n<!-- \/ Yoast SEO plugin. -->","yoast_head_json":{"title":"Podstawowe Funkcje Systemu \u2013 eProfil - VSS","robots":{"index":"noindex","follow":"follow","max-snippet":"max-snippet:-1","max-image-preview":"max-image-preview:large","max-video-preview":"max-video-preview:-1"},"og_locale":"lt_LT","og_type":"article","og_title":"Podstawowe Funkcje Systemu \u2013 eProfil - VSS","og_description":"S\u0104 RZECZY, KT\u00d3RE MUSZ\u0104 BY\u0106 FUNKCJONALNE FUNKCJE SYSTEMU \u2013 EPROFIL Poznaj dost\u0119pne funkcje naszego systemu i dowiedz si\u0119, jakie daje mo\u017cliwo\u015bci. Prosta w obs\u0142udze i intuicyjna platforma u\u0142atwi realizacj\u0119 celu Twojego przedsi\u0119biorstwa.","og_url":"https:\/\/vss.yoho.pl\/lt\/podstawowe-funkcje-systemu-eprofil\/","og_site_name":"VSS","article_modified_time":"2022-12-16T10:55:06+00:00","og_image":[{"url":"https:\/\/vss.yoho.pl\/wp-content\/uploads\/2022\/12\/eprofil_PDF.svg","type":"","width":"","height":""}],"twitter_card":"summary_large_image","twitter_misc":{"Est. reading time":"1 minut\u0117"},"schema":{"@context":"https:\/\/schema.org","@graph":[{"@type":"WebPage","@id":"https:\/\/vss.yoho.pl\/lt\/podstawowe-funkcje-systemu-eprofil\/","url":"https:\/\/vss.yoho.pl\/lt\/podstawowe-funkcje-systemu-eprofil\/","name":"Podstawowe Funkcje Systemu \u2013 eProfil - VSS","isPartOf":{"@id":"https:\/\/vss.yoho.pl\/#website"},"primaryImageOfPage":{"@id":"https:\/\/vss.yoho.pl\/lt\/podstawowe-funkcje-systemu-eprofil\/#primaryimage"},"image":{"@id":"https:\/\/vss.yoho.pl\/lt\/podstawowe-funkcje-systemu-eprofil\/#primaryimage"},"thumbnailUrl":"https:\/\/vss.yoho.pl\/wp-content\/uploads\/2022\/12\/eprofil_PDF.svg","datePublished":"2022-08-12T12:53:11+00:00","dateModified":"2022-12-16T10:55:06+00:00","breadcrumb":{"@id":"https:\/\/vss.yoho.pl\/lt\/podstawowe-funkcje-systemu-eprofil\/#breadcrumb"},"inLanguage":"lt-LT","potentialAction":[{"@type":"ReadAction","target":["https:\/\/vss.yoho.pl\/lt\/podstawowe-funkcje-systemu-eprofil\/"]}]},{"@type":"ImageObject","inLanguage":"lt-LT","@id":"https:\/\/vss.yoho.pl\/lt\/podstawowe-funkcje-systemu-eprofil\/#primaryimage","url":"https:\/\/vss.yoho.pl\/wp-content\/uploads\/2022\/12\/eprofil_PDF.svg","contentUrl":"https:\/\/vss.yoho.pl\/wp-content\/uploads\/2022\/12\/eprofil_PDF.svg"},{"@type":"BreadcrumbList","@id":"https:\/\/vss.yoho.pl\/lt\/podstawowe-funkcje-systemu-eprofil\/#breadcrumb","itemListElement":[{"@type":"ListItem","position":1,"name":"Home","item":"https:\/\/vss.yoho.pl\/lt\/"},{"@type":"ListItem","position":2,"name":"Podstawowe Funkcje Systemu \u2013 eProfil"}]},{"@type":"WebSite","@id":"https:\/\/vss.yoho.pl\/#website","url":"https:\/\/vss.yoho.pl\/","name":"VSS","description":"Plieno paslaug\u0173 centras","potentialAction":[{"@type":"SearchAction","target":{"@type":"EntryPoint","urlTemplate":"https:\/\/vss.yoho.pl\/?s={search_term_string}"},"query-input":{"@type":"PropertyValueSpecification","valueRequired":true,"valueName":"search_term_string"}}],"inLanguage":"lt-LT"}]}},"_links":{"self":[{"href":"https:\/\/vss.yoho.pl\/lt\/wp-json\/wp\/v2\/pages\/48378","targetHints":{"allow":["GET"]}}],"collection":[{"href":"https:\/\/vss.yoho.pl\/lt\/wp-json\/wp\/v2\/pages"}],"about":[{"href":"https:\/\/vss.yoho.pl\/lt\/wp-json\/wp\/v2\/types\/page"}],"author":[{"embeddable":true,"href":"https:\/\/vss.yoho.pl\/lt\/wp-json\/wp\/v2\/users\/6"}],"replies":[{"embeddable":true,"href":"https:\/\/vss.yoho.pl\/lt\/wp-json\/wp\/v2\/comments?post=48378"}],"version-history":[{"count":1,"href":"https:\/\/vss.yoho.pl\/lt\/wp-json\/wp\/v2\/pages\/48378\/revisions"}],"predecessor-version":[{"id":48379,"href":"https:\/\/vss.yoho.pl\/lt\/wp-json\/wp\/v2\/pages\/48378\/revisions\/48379"}],"wp:attachment":[{"href":"https:\/\/vss.yoho.pl\/lt\/wp-json\/wp\/v2\/media?parent=48378"}],"curies":[{"name":"wp","href":"https:\/\/api.w.org\/{rel}","templated":true}]}}