{"id":48387,"date":"2022-03-28T14:14:19","date_gmt":"2022-03-28T12:14:19","guid":{"rendered":"https:\/\/vss.yoho.pl\/architekci\/"},"modified":"2023-01-18T14:38:11","modified_gmt":"2023-01-18T13:38:11","slug":"architektai","status":"publish","type":"page","link":"https:\/\/vss.yoho.pl\/lt\/architektai\/","title":{"rendered":"Architektai"},"content":{"rendered":"\n<div class=\"wp-block-group is-style-with-b2-background\"><div class=\"wp-block-group__inner-container is-layout-flow wp-block-group-is-layout-flow\">\n<div style=\"height:100px\" aria-hidden=\"true\" class=\"wp-block-spacer is-style-small-spacer\"><\/div>\n\n\n\n<p class=\"has-text-align-center noMarginBottom has-red-color has-text-color\"><strong><strong>S\u0104 RZECZY, KT\u00d3RE MUSZ\u0104 BY\u0106 \u0141ATWO DOST\u0118PNE<\/strong><\/strong><\/p>\n\n\n\n<h2 class=\"has-text-align-center noMarginTop noMarginBottom is-style-h1 wp-block-heading\" style=\"font-size:3.5em\">BIBLIOTEKA BP2 BIM<\/h2>\n\n\n\n<div style=\"height:100px\" aria-hidden=\"true\" class=\"wp-block-spacer is-style-small-spacer\"><\/div>\n<\/div><\/div>\n\n\n\n<div class=\"wp-block-group is-style-narrower-group\"><div class=\"wp-block-group__inner-container is-layout-flow wp-block-group-is-layout-flow\">\n<p class=\"has-text-align-center\" style=\"font-size:22px\">Drogi Architekcie, doskonale wiemy, jak odpowiednie narz\u0119dzia potrafi\u0105 u\u0142atwi\u0107 prac\u0119. Jako producent kompleksowych rozwi\u0105za\u0144 dla budownictwa chcemy wyj\u015b\u0107 naprzeciwko Twoim potrzebom. Dok\u0142adamy wszelkich stara\u0144, aby w tej zak\u0142adce znalaz\u0142o si\u0119 wszystko, czego potrzebujesz do swojego projektu.&nbsp;<\/p>\n<\/div><\/div>\n\n\n\n<div class=\"wp-block-group\"><div class=\"wp-block-group__inner-container is-layout-flow wp-block-group-is-layout-flow\">\n<div class=\"wp-block-group alignCenter\"><div class=\"wp-block-group__inner-container is-layout-flow wp-block-group-is-layout-flow\">\n<a href=\"#biblioteka-bim\"  class=\"button button--red \">PRZEJD\u0179 DO BIBLIOTEKI BIM<\/a><\/div><\/div>\n\n\n\n<div style=\"height:100px\" aria-hidden=\"true\" class=\"wp-block-spacer is-style-small-spacer\"><\/div>\n\n\n\n<div class=\"wp-block-columns is-style-grid fade-in is-layout-flex wp-container-core-columns-is-layout-9d6595d7 wp-block-columns-is-layout-flex\">\n<div class=\"wp-block-column is-layout-flow wp-block-column-is-layout-flow\">\n<div class=\"wp-block-cover is-style-full-height\"><span aria-hidden=\"true\" class=\"wp-block-cover__background has-background-dim-0 has-background-dim\"><\/span><img loading=\"lazy\" decoding=\"async\" width=\"1537\" height=\"1000\" class=\"wp-block-cover__image-background wp-image-6375\" alt=\"\" src=\"https:\/\/vss.yoho.pl\/wp-content\/uploads\/2022\/03\/BIM_cmyk_250_sp.jpg\" data-object-fit=\"cover\" srcset=\"https:\/\/vss.yoho.pl\/wp-content\/uploads\/2022\/03\/BIM_cmyk_250_sp.jpg 1537w, https:\/\/vss.yoho.pl\/wp-content\/uploads\/2022\/03\/BIM_cmyk_250_sp-820x534.jpg 820w, https:\/\/vss.yoho.pl\/wp-content\/uploads\/2022\/03\/BIM_cmyk_250_sp-1024x666.jpg 1024w, https:\/\/vss.yoho.pl\/wp-content\/uploads\/2022\/03\/BIM_cmyk_250_sp-768x500.jpg 768w\" sizes=\"auto, (max-width: 1537px) 100vw, 1537px\" \/><div class=\"wp-block-cover__inner-container is-layout-flow wp-block-cover-is-layout-flow\">\n<p class=\"has-text-align-center\"><\/p>\n<\/div><\/div>\n<\/div>\n\n\n\n<div class=\"wp-block-column is-vertically-aligned-top is-layout-flow wp-block-column-is-layout-flow\">\n<div class=\"wp-block-cover is-light is-style-full-width\"><span aria-hidden=\"true\" class=\"wp-block-cover__background has-dark-gray-background-color has-background-dim-100 has-background-dim\"><\/span><div class=\"wp-block-cover__inner-container is-layout-flow wp-block-cover-is-layout-flow\">\n<figure style=\"padding:10px;\" class=\"wp-block-image size-full is-resized\"><img loading=\"lazy\" decoding=\"async\" src=\"https:\/\/vss.yoho.pl\/wp-content\/uploads\/2022\/07\/icon-bim.png\" alt=\"\" class=\"wp-image-11813\" width=\"60\" height=\"90\"\/><\/figure>\n\n\n\n<h2 class=\"has-text-align-left is-style-h2 has-large-font-size wp-block-heading\"><strong>Biblioteka BP2 BIM<\/strong><\/h2>\n\n\n\n<p>Pracujesz nad projektem dachu i szukasz najkorzystniejszego rozwi\u0105zania, kt\u00f3re spe\u0142ni Twoje wymagania?&nbsp;<\/p>\n\n\n\n<p>Oddajemy w Twoje r\u0119ce <strong>Bibliotek\u0119 BP2<\/strong> do projektowania zgodnie z <strong>BIM<\/strong>. Dzi\u0119ki precyzyjnym modelom przygotujesz kompletny projekt wykonawczy w 3D znacznie szybciej i \u0142atwiej.<\/p>\n\n\n\n<a href=\"#biblioteka-bim\"  class=\"button button--blackSpecial \">BIBLIOTEKA BIM<\/a>\n\n\n<div style=\"height:100px\" aria-hidden=\"true\" class=\"wp-block-spacer is-style-smaller-spacer\"><\/div>\n\n\n\n<figure style=\"padding:10px;\" class=\"wp-block-image size-full is-resized\"><img loading=\"lazy\" decoding=\"async\" src=\"https:\/\/vss.yoho.pl\/wp-content\/uploads\/2022\/07\/jak-korzystac.png\" alt=\"\" class=\"wp-image-11830\" width=\"90\" height=\"100\"><\/figure>\n\n\n\n<h2 class=\"has-text-align-left is-style-h2 has-large-font-size wp-block-heading\"><strong>Czym jest BIM?<\/strong><\/h2>\n\n\n\n<p class=\"has-text-align-left\"><strong>BIM<\/strong>, czyli <strong>Building Information Modeling<\/strong> to cyfrowy zapis r\u00f3\u017cnych fizycznych i funkcjonalnych w\u0142a\u015bciwo\u015bci budynku. Cz\u0119sto projektanci pracuj\u0105cy w programie <strong>Revit <\/strong>nie wiedz\u0105 jak samodzielnie modelowa\u0107 przygotowane obiekty, dlatego poni\u017cej przygotowali\u015bmy film instrukta\u017cowy, kt\u00f3ry u\u0142atwi Wam prac\u0119 z naszymi produktami.<\/p>\n\n\n\n<a href=\"https:\/\/www.youtube.com\/watch?v=jkm3OrWIZfU\" target=\"_blank\" class=\"button button--blackSpecial \">zobacz film<\/a><\/div><\/div>\n<\/div>\n<\/div>\n<\/div><\/div>\n\n\n\n<pre id=\"biblioteka-bim\" class=\"wp-block-code\"><code><\/code><\/pre>\n\n\n\r\n<div class=\"section__data\" data-section=\"BIBLIOTEKA BP2 BIM\"><\/div>\n\n\n<div class=\"wp-block-group is-style-default\"><div class=\"wp-block-group__inner-container is-layout-flow wp-block-group-is-layout-flow\">\n<div style=\"height:100px\" aria-hidden=\"true\" class=\"wp-block-spacer is-style-small-spacer\"><\/div>\n\n\n\n<div class=\"wp-block-columns is-layout-flex wp-container-core-columns-is-layout-9d6595d7 wp-block-columns-is-layout-flex\">\n<div class=\"wp-block-column is-style-default is-layout-flow wp-block-column-is-layout-flow\" style=\"flex-basis:100%\">\n<div style=\"position: relative; display: flex; justify-content: center;\">\n  <iframe style=\"display: block; width: 80%; height: 1000px; left: 0px; top: 0px;\" src=\"\/\/bimobject.com\/embed\/bp2\/privatecloud\/bp2-bimobject\" scrolling=\"auto\" frameborder=\"0\"><\/iframe>\n  <\/div>\n<\/div>\n<\/div>\n\n\n\n<div style=\"height:100px\" aria-hidden=\"true\" class=\"wp-block-spacer is-style-small-spacer\"><\/div>\n<\/div><\/div>\n\n\n\n<pre id=\"plugin-revit-bp2\" class=\"wp-block-code\"><code><\/code><\/pre>\n\n\n\n<div class=\"wp-block-group\"><div class=\"wp-block-group__inner-container is-layout-flow wp-block-group-is-layout-flow\">\r\n<div class=\"section__data\" data-section=\"Plugin Revit BP2\"><\/div>\n\n\n<div class=\"wp-block-columns is-style-grid fade-in is-layout-flex wp-container-core-columns-is-layout-9d6595d7 wp-block-columns-is-layout-flex\">\n<div class=\"wp-block-column is-layout-flow wp-block-column-is-layout-flow\">\n<div class=\"wp-block-cover is-light is-style-full-height\"><span aria-hidden=\"true\" class=\"wp-block-cover__background has-background-dim-0 has-background-dim\"><\/span><img loading=\"lazy\" decoding=\"async\" width=\"1306\" height=\"1864\" class=\"wp-block-cover__image-background wp-image-11856\" alt=\"\" src=\"https:\/\/vss.yoho.pl\/wp-content\/uploads\/2022\/07\/bim-block-left-right.jpg\" data-object-fit=\"cover\" srcset=\"https:\/\/vss.yoho.pl\/wp-content\/uploads\/2022\/07\/bim-block-left-right.jpg 1306w, https:\/\/vss.yoho.pl\/wp-content\/uploads\/2022\/07\/bim-block-left-right-673x960.jpg 673w, https:\/\/vss.yoho.pl\/wp-content\/uploads\/2022\/07\/bim-block-left-right-717x1024.jpg 717w, https:\/\/vss.yoho.pl\/wp-content\/uploads\/2022\/07\/bim-block-left-right-768x1096.jpg 768w, https:\/\/vss.yoho.pl\/wp-content\/uploads\/2022\/07\/bim-block-left-right-1076x1536.jpg 1076w\" sizes=\"auto, (max-width: 1306px) 100vw, 1306px\" \/><div class=\"wp-block-cover__inner-container is-layout-flow wp-block-cover-is-layout-flow\">\n<p class=\"has-text-align-center\"><\/p>\n<\/div><\/div>\n<\/div>\n\n\n\n<div class=\"wp-block-column is-vertically-aligned-top is-layout-flow wp-block-column-is-layout-flow\">\n<div class=\"wp-block-cover is-light is-style-full-width\"><span aria-hidden=\"true\" class=\"wp-block-cover__background has-dark-gray-background-color has-background-dim-100 has-background-dim\"><\/span><div class=\"wp-block-cover__inner-container is-layout-flow wp-block-cover-is-layout-flow\">\n<figure style=\"padding:10px;\" class=\"wp-block-image size-full is-resized\"><img loading=\"lazy\" decoding=\"async\" src=\"https:\/\/vss.yoho.pl\/wp-content\/uploads\/2022\/07\/plugin-bp2.png\" alt=\"\" class=\"wp-image-11884\" width=\"115\" height=\"105\"\/><\/figure>\n\n\n\n<h2 class=\"is-style-h3 wp-block-heading\" id=\"plugin-revit\">Plugin Revit BP2<\/h2>\n\n\n\n<p>Innowacyjne funkcje wtyczki <strong>BP2 Revit Plugin<\/strong> pozwalaj\u0105 na skr\u00f3cenie czasu projektowania oraz zapobieganie b\u0142\u0119dom projektowym.&nbsp;<\/p>\n\n\n\n<p>Dzi\u0119ki naszej wtyczce projektowanie jest \u0142atwe i przyjemne, a Ty po\u015bwi\u0119casz na to minimum czasu!&nbsp;<\/p>\n\n\n\n<p><strong><strong>Pobierz plugin i pracuj na bibliotece produkt\u00f3w BP2 bezpo\u015brednio w programie.<\/strong><\/strong><\/p>\n\n\n\n<a href=\"https:\/\/cloud.bp2.pl\/s\/LZHW99qXfCzzrne\" target=\"_blank\" class=\"button button--blackSpecial \">POBIERZ PLUGIN<\/a><\/div><\/div>\n\n\n\n<div class=\"wp-block-group\"><div class=\"wp-block-group__inner-container is-layout-flow wp-block-group-is-layout-flow\"><\/div><\/div>\n<\/div>\n<\/div>\n<\/div><\/div>\n\n\n\r\n<div class=\"section__data\" data-section=\"MODELE 3D\"><\/div>\n\n\n<div class=\"wp-block-group has-white-background-color has-background\"><div class=\"wp-block-group__inner-container is-layout-flow wp-block-group-is-layout-flow\">\n<div style=\"height:100px\" aria-hidden=\"true\" id=\"modellek-3d\" class=\"wp-block-spacer is-style-small-spacer\"><\/div>\n\n\n<div class=\"download__wrapper\">\n    <h2 class=\"noMarginTop uppercase download__sectiontitle\">MODELE 3D<\/h2>\n    <div class=\"download__table\">\n                                            <p class='uppercase'><strong>Modele 3D<\/strong><\/p>\n                                                    <p class='uppercase'><strong>Karty Produkt\u00f3w<\/strong><\/p>\n                            <\/div>\n<\/div>\n\n\n\n<div style=\"height:100px\" aria-hidden=\"true\" class=\"wp-block-spacer is-style-small-spacer\"><\/div>\n<\/div><\/div>\n\n\n\n<div class=\"wp-block-group has-dark-gray-background-color has-background\"><div class=\"wp-block-group__inner-container is-layout-flow wp-block-group-is-layout-flow\">\n<div style=\"height:100px\" aria-hidden=\"true\" class=\"wp-block-spacer is-style-small-spacer\"><\/div>\n\n\n\n<div class=\"wp-block-columns is-style-grid is-layout-flex wp-container-core-columns-is-layout-9d6595d7 wp-block-columns-is-layout-flex\">\n<div class=\"wp-block-column is-layout-flow wp-block-column-is-layout-flow\">\n<div class=\"wp-block-cover is-style-content-from-bottom\"><span aria-hidden=\"true\" class=\"wp-block-cover__background has-background-dim\"><\/span><img loading=\"lazy\" decoding=\"async\" width=\"1920\" height=\"1280\" class=\"wp-block-cover__image-background wp-image-6794\" alt=\"\" src=\"https:\/\/vss.yoho.pl\/wp-content\/uploads\/2022\/03\/bp2_skrin_realizacja-5.jpg\" data-object-fit=\"cover\" srcset=\"https:\/\/vss.yoho.pl\/wp-content\/uploads\/2022\/03\/bp2_skrin_realizacja-5.jpg 1920w, https:\/\/vss.yoho.pl\/wp-content\/uploads\/2022\/03\/bp2_skrin_realizacja-5-820x547.jpg 820w, https:\/\/vss.yoho.pl\/wp-content\/uploads\/2022\/03\/bp2_skrin_realizacja-5-1024x683.jpg 1024w, https:\/\/vss.yoho.pl\/wp-content\/uploads\/2022\/03\/bp2_skrin_realizacja-5-768x512.jpg 768w, https:\/\/vss.yoho.pl\/wp-content\/uploads\/2022\/03\/bp2_skrin_realizacja-5-1536x1024.jpg 1536w\" sizes=\"auto, (max-width: 1920px) 100vw, 1920px\" \/><div class=\"wp-block-cover__inner-container is-layout-flow wp-block-cover-is-layout-flow\">\n<div style=\"height:100px\" aria-hidden=\"true\" class=\"wp-block-spacer is-style-medium-spacer\"><\/div>\n\n\n\n<h2 class=\"is-style-h3 wp-block-heading\"><strong>R\u00d3LUNK<\/strong><\/h2>\n\n\n\n<p>Emberek, kapcsolatok, technol\u00f3gia, min\u0151s\u00e9g.<\/p>\n\n\n\n<div class=\"wp-block-group\"><div class=\"wp-block-group__inner-container is-layout-flow wp-block-group-is-layout-flow\">\n<a href=\"https:\/\/vss.yoho.pl\/hu\/rolunk\/\"  class=\"button button--red \">TUDJON MEG T\u00d6BBET A BP2-R\u0150L<\/a><\/div><\/div>\n<\/div><\/div>\n<\/div>\n\n\n\n<div class=\"wp-block-column is-layout-flow wp-block-column-is-layout-flow\">\n<div class=\"wp-block-cover is-style-content-from-bottom\"><span aria-hidden=\"true\" class=\"wp-block-cover__background has-background-dim\"><\/span><img loading=\"lazy\" decoding=\"async\" width=\"526\" height=\"534\" class=\"wp-block-cover__image-background wp-image-5514\" alt=\"\" src=\"https:\/\/vss.yoho.pl\/wp-content\/uploads\/2022\/03\/MASTER-ROOFER_01-07-2021-23.png\" data-object-fit=\"cover\"\/><div class=\"wp-block-cover__inner-container is-layout-flow wp-block-cover-is-layout-flow\">\n<div style=\"height:100px\" aria-hidden=\"true\" class=\"wp-block-spacer is-style-medium-spacer\"><\/div>\n\n\n\n<h2 class=\"is-style-h3 wp-block-heading\"><strong><strong><strong>BAJNOKOK AKAD\u00c9MI\u00c1JA<\/strong><\/strong><\/strong><\/h2>\n\n\n\n<p>Saj\u00e1t k\u00e9pz\u00e9si program \u00e9s tapasztalatmegoszt\u00f3 platform.<\/p>\n\n\n\n<div class=\"wp-block-group\"><div class=\"wp-block-group__inner-container is-layout-flow wp-block-group-is-layout-flow\">\n<a href=\"https:\/\/vss.yoho.pl\/hu\/tetofedok-es-kivitelezok\/#bp2-bajnokok-akad%C3%A9mi%C3%A1ja\"  class=\"button button--red \">CSATLAKOZZON A BAJNOKOK AKAD\u00c9MI\u00c1J\u00c1HOZ<\/a><\/div><\/div>\n<\/div><\/div>\n<\/div>\n\n\n\n<div class=\"wp-block-column is-layout-flow wp-block-column-is-layout-flow\">\n<div class=\"wp-block-cover is-light is-style-content-from-bottom\"><span aria-hidden=\"true\" class=\"wp-block-cover__background has-background-dim\"><\/span><img loading=\"lazy\" decoding=\"async\" width=\"1500\" height=\"1000\" class=\"wp-block-cover__image-background wp-image-8474\" alt=\"\" src=\"https:\/\/vss.yoho.pl\/wp-content\/uploads\/2022\/04\/BP2_LABORATORIUM_JAKOSCI-2-1.jpg\" data-object-fit=\"cover\" srcset=\"https:\/\/vss.yoho.pl\/wp-content\/uploads\/2022\/04\/BP2_LABORATORIUM_JAKOSCI-2-1.jpg 1500w, https:\/\/vss.yoho.pl\/wp-content\/uploads\/2022\/04\/BP2_LABORATORIUM_JAKOSCI-2-1-820x547.jpg 820w, https:\/\/vss.yoho.pl\/wp-content\/uploads\/2022\/04\/BP2_LABORATORIUM_JAKOSCI-2-1-1024x683.jpg 1024w, https:\/\/vss.yoho.pl\/wp-content\/uploads\/2022\/04\/BP2_LABORATORIUM_JAKOSCI-2-1-768x512.jpg 768w\" sizes=\"auto, (max-width: 1500px) 100vw, 1500px\" \/><div class=\"wp-block-cover__inner-container is-layout-flow wp-block-cover-is-layout-flow\">\n<div style=\"height:100px\" aria-hidden=\"true\" class=\"wp-block-spacer is-style-medium-spacer\"><\/div>\n\n\n\n<h2 class=\"is-style-h3 has-white-color has-text-color wp-block-heading\"><strong><strong><strong>MIN\u0150S\u00c9G-ELLEN\u0150RZ\u0150 LABORAT\u00d3RIUM<\/strong><\/strong><\/strong><\/h2>\n\n\n\n<p class=\"has-white-color has-text-color\">Term\u00e9keink megb\u00edzhat\u00f3 min\u0151s\u00e9g\u00e9t hossz\u00fa \u00e9vekre garant\u00e1ljuk.<\/p>\n\n\n\n<div class=\"wp-block-group\"><div class=\"wp-block-group__inner-container is-layout-flow wp-block-group-is-layout-flow\">\n<a href=\"https:\/\/vss.yoho.pl\/hu\/rolunk\/#laborat%C3%B3rium\"  class=\"button button--red \">TEKINTSE MEG, HOGYAN TESZTEL\u00dcNK<\/a><\/div><\/div>\n<\/div><\/div>\n<\/div>\n<\/div>\n\n\n\n<div style=\"height:100px\" aria-hidden=\"true\" class=\"wp-block-spacer is-style-small-spacer\"><\/div>\n<\/div><\/div>\n","protected":false},"excerpt":{"rendered":"<p>S\u0104 RZECZY, KT\u00d3RE MUSZ\u0104 BY\u0106 \u0141ATWO DOST\u0118PNE BIBLIOTEKA BP2 BIM Drogi Architekcie, doskonale wiemy, jak odpowiednie narz\u0119dzia potrafi\u0105 u\u0142atwi\u0107 prac\u0119. Jako producent kompleksowych rozwi\u0105za\u0144 dla budownictwa chcemy wyj\u015b\u0107 naprzeciwko Twoim potrzebom. Dok\u0142adamy wszelkich stara\u0144, aby w tej zak\u0142adce znalaz\u0142o si\u0119 wszystko, czego potrzebujesz do swojego projektu.&nbsp;<\/p>\n","protected":false},"author":3,"featured_media":0,"parent":0,"menu_order":56,"comment_status":"closed","ping_status":"closed","template":"","meta":{"_acf_changed":false,"inline_featured_image":false,"footnotes":""},"class_list":["post-48387","page","type-page","status-publish","hentry"],"acf":[],"yoast_head":"<!-- This site is optimized with the Yoast SEO plugin v26.5 - https:\/\/yoast.com\/wordpress\/plugins\/seo\/ -->\n<title>Architektai - VSS<\/title>\n<meta name=\"robots\" content=\"noindex, follow, max-snippet:-1, max-image-preview:large, max-video-preview:-1\" \/>\n<meta property=\"og:locale\" content=\"lt_LT\" \/>\n<meta property=\"og:type\" content=\"article\" \/>\n<meta property=\"og:title\" content=\"Architektai - VSS\" \/>\n<meta property=\"og:description\" content=\"S\u0104 RZECZY, KT\u00d3RE MUSZ\u0104 BY\u0106 \u0141ATWO DOST\u0118PNE BIBLIOTEKA BP2 BIM Drogi Architekcie, doskonale wiemy, jak odpowiednie narz\u0119dzia potrafi\u0105 u\u0142atwi\u0107 prac\u0119. Jako producent kompleksowych rozwi\u0105za\u0144 dla budownictwa chcemy wyj\u015b\u0107 naprzeciwko Twoim potrzebom. Dok\u0142adamy wszelkich stara\u0144, aby w tej zak\u0142adce znalaz\u0142o si\u0119 wszystko, czego potrzebujesz do swojego projektu.&nbsp;\" \/>\n<meta property=\"og:url\" content=\"https:\/\/vss.yoho.pl\/lt\/architektai\/\" \/>\n<meta property=\"og:site_name\" content=\"VSS\" \/>\n<meta property=\"article:modified_time\" content=\"2023-01-18T13:38:11+00:00\" \/>\n<meta property=\"og:image\" content=\"https:\/\/vss.yoho.pl\/wp-content\/uploads\/2022\/03\/BIM_cmyk_250_sp.jpg\" \/>\n<meta name=\"twitter:card\" content=\"summary_large_image\" \/>\n<meta name=\"twitter:label1\" content=\"Est. reading time\" \/>\n\t<meta name=\"twitter:data1\" content=\"1 minut\u0117\" \/>\n<script type=\"application\/ld+json\" class=\"yoast-schema-graph\">{\"@context\":\"https:\/\/schema.org\",\"@graph\":[{\"@type\":\"WebPage\",\"@id\":\"https:\/\/vss.yoho.pl\/lt\/architektai\/\",\"url\":\"https:\/\/vss.yoho.pl\/lt\/architektai\/\",\"name\":\"Architektai - VSS\",\"isPartOf\":{\"@id\":\"https:\/\/vss.yoho.pl\/#website\"},\"primaryImageOfPage\":{\"@id\":\"https:\/\/vss.yoho.pl\/lt\/architektai\/#primaryimage\"},\"image\":{\"@id\":\"https:\/\/vss.yoho.pl\/lt\/architektai\/#primaryimage\"},\"thumbnailUrl\":\"https:\/\/vss.yoho.pl\/wp-content\/uploads\/2022\/03\/BIM_cmyk_250_sp.jpg\",\"datePublished\":\"2022-03-28T12:14:19+00:00\",\"dateModified\":\"2023-01-18T13:38:11+00:00\",\"breadcrumb\":{\"@id\":\"https:\/\/vss.yoho.pl\/lt\/architektai\/#breadcrumb\"},\"inLanguage\":\"lt-LT\",\"potentialAction\":[{\"@type\":\"ReadAction\",\"target\":[\"https:\/\/vss.yoho.pl\/lt\/architektai\/\"]}]},{\"@type\":\"ImageObject\",\"inLanguage\":\"lt-LT\",\"@id\":\"https:\/\/vss.yoho.pl\/lt\/architektai\/#primaryimage\",\"url\":\"https:\/\/vss.yoho.pl\/wp-content\/uploads\/2022\/03\/BIM_cmyk_250_sp.jpg\",\"contentUrl\":\"https:\/\/vss.yoho.pl\/wp-content\/uploads\/2022\/03\/BIM_cmyk_250_sp.jpg\"},{\"@type\":\"BreadcrumbList\",\"@id\":\"https:\/\/vss.yoho.pl\/lt\/architektai\/#breadcrumb\",\"itemListElement\":[{\"@type\":\"ListItem\",\"position\":1,\"name\":\"Home\",\"item\":\"https:\/\/vss.yoho.pl\/lt\/\"},{\"@type\":\"ListItem\",\"position\":2,\"name\":\"Architektai\"}]},{\"@type\":\"WebSite\",\"@id\":\"https:\/\/vss.yoho.pl\/#website\",\"url\":\"https:\/\/vss.yoho.pl\/\",\"name\":\"VSS\",\"description\":\"Plieno paslaug\u0173 centras\",\"potentialAction\":[{\"@type\":\"SearchAction\",\"target\":{\"@type\":\"EntryPoint\",\"urlTemplate\":\"https:\/\/vss.yoho.pl\/?s={search_term_string}\"},\"query-input\":{\"@type\":\"PropertyValueSpecification\",\"valueRequired\":true,\"valueName\":\"search_term_string\"}}],\"inLanguage\":\"lt-LT\"}]}<\/script>\n<!-- \/ Yoast SEO plugin. -->","yoast_head_json":{"title":"Architektai - VSS","robots":{"index":"noindex","follow":"follow","max-snippet":"max-snippet:-1","max-image-preview":"max-image-preview:large","max-video-preview":"max-video-preview:-1"},"og_locale":"lt_LT","og_type":"article","og_title":"Architektai - VSS","og_description":"S\u0104 RZECZY, KT\u00d3RE MUSZ\u0104 BY\u0106 \u0141ATWO DOST\u0118PNE BIBLIOTEKA BP2 BIM Drogi Architekcie, doskonale wiemy, jak odpowiednie narz\u0119dzia potrafi\u0105 u\u0142atwi\u0107 prac\u0119. Jako producent kompleksowych rozwi\u0105za\u0144 dla budownictwa chcemy wyj\u015b\u0107 naprzeciwko Twoim potrzebom. Dok\u0142adamy wszelkich stara\u0144, aby w tej zak\u0142adce znalaz\u0142o si\u0119 wszystko, czego potrzebujesz do swojego projektu.&nbsp;","og_url":"https:\/\/vss.yoho.pl\/lt\/architektai\/","og_site_name":"VSS","article_modified_time":"2023-01-18T13:38:11+00:00","og_image":[{"url":"https:\/\/vss.yoho.pl\/wp-content\/uploads\/2022\/03\/BIM_cmyk_250_sp.jpg","type":"","width":"","height":""}],"twitter_card":"summary_large_image","twitter_misc":{"Est. reading time":"1 minut\u0117"},"schema":{"@context":"https:\/\/schema.org","@graph":[{"@type":"WebPage","@id":"https:\/\/vss.yoho.pl\/lt\/architektai\/","url":"https:\/\/vss.yoho.pl\/lt\/architektai\/","name":"Architektai - VSS","isPartOf":{"@id":"https:\/\/vss.yoho.pl\/#website"},"primaryImageOfPage":{"@id":"https:\/\/vss.yoho.pl\/lt\/architektai\/#primaryimage"},"image":{"@id":"https:\/\/vss.yoho.pl\/lt\/architektai\/#primaryimage"},"thumbnailUrl":"https:\/\/vss.yoho.pl\/wp-content\/uploads\/2022\/03\/BIM_cmyk_250_sp.jpg","datePublished":"2022-03-28T12:14:19+00:00","dateModified":"2023-01-18T13:38:11+00:00","breadcrumb":{"@id":"https:\/\/vss.yoho.pl\/lt\/architektai\/#breadcrumb"},"inLanguage":"lt-LT","potentialAction":[{"@type":"ReadAction","target":["https:\/\/vss.yoho.pl\/lt\/architektai\/"]}]},{"@type":"ImageObject","inLanguage":"lt-LT","@id":"https:\/\/vss.yoho.pl\/lt\/architektai\/#primaryimage","url":"https:\/\/vss.yoho.pl\/wp-content\/uploads\/2022\/03\/BIM_cmyk_250_sp.jpg","contentUrl":"https:\/\/vss.yoho.pl\/wp-content\/uploads\/2022\/03\/BIM_cmyk_250_sp.jpg"},{"@type":"BreadcrumbList","@id":"https:\/\/vss.yoho.pl\/lt\/architektai\/#breadcrumb","itemListElement":[{"@type":"ListItem","position":1,"name":"Home","item":"https:\/\/vss.yoho.pl\/lt\/"},{"@type":"ListItem","position":2,"name":"Architektai"}]},{"@type":"WebSite","@id":"https:\/\/vss.yoho.pl\/#website","url":"https:\/\/vss.yoho.pl\/","name":"VSS","description":"Plieno paslaug\u0173 centras","potentialAction":[{"@type":"SearchAction","target":{"@type":"EntryPoint","urlTemplate":"https:\/\/vss.yoho.pl\/?s={search_term_string}"},"query-input":{"@type":"PropertyValueSpecification","valueRequired":true,"valueName":"search_term_string"}}],"inLanguage":"lt-LT"}]}},"_links":{"self":[{"href":"https:\/\/vss.yoho.pl\/lt\/wp-json\/wp\/v2\/pages\/48387","targetHints":{"allow":["GET"]}}],"collection":[{"href":"https:\/\/vss.yoho.pl\/lt\/wp-json\/wp\/v2\/pages"}],"about":[{"href":"https:\/\/vss.yoho.pl\/lt\/wp-json\/wp\/v2\/types\/page"}],"author":[{"embeddable":true,"href":"https:\/\/vss.yoho.pl\/lt\/wp-json\/wp\/v2\/users\/3"}],"replies":[{"embeddable":true,"href":"https:\/\/vss.yoho.pl\/lt\/wp-json\/wp\/v2\/comments?post=48387"}],"version-history":[{"count":2,"href":"https:\/\/vss.yoho.pl\/lt\/wp-json\/wp\/v2\/pages\/48387\/revisions"}],"predecessor-version":[{"id":49162,"href":"https:\/\/vss.yoho.pl\/lt\/wp-json\/wp\/v2\/pages\/48387\/revisions\/49162"}],"wp:attachment":[{"href":"https:\/\/vss.yoho.pl\/lt\/wp-json\/wp\/v2\/media?parent=48387"}],"curies":[{"name":"wp","href":"https:\/\/api.w.org\/{rel}","templated":true}]}}