{"id":34486,"date":"2022-03-23T10:08:47","date_gmt":"2022-03-23T09:08:47","guid":{"rendered":"https:\/\/vss.yoho.pl\/produkt\/uslugi-ciecia-i-przewijania\/"},"modified":"2023-01-18T13:25:44","modified_gmt":"2023-01-18T12:25:44","slug":"pervyniojimo-ir-pjaustymo-paslaugos","status":"publish","type":"product","link":"https:\/\/vss.yoho.pl\/lt\/produkt\/pervyniojimo-ir-pjaustymo-paslaugos\/","title":{"rendered":"Pervyniojimo ir pjaustymo paslaugos"},"content":{"rendered":"\n<div class=\"wp-block-group\"><div class=\"wp-block-group__inner-container is-layout-flow wp-block-group-is-layout-flow\">\n<div style=\"height:100px\" aria-hidden=\"true\" class=\"wp-block-spacer is-style-small-spacer\"><\/div>\n\n\n\n<div class=\"wp-block-columns is-style-mobile-reverse is-layout-flex wp-container-core-columns-is-layout-9d6595d7 wp-block-columns-is-layout-flex\">\n<div class=\"wp-block-column has-dark-gray-background-color has-background is-layout-flow wp-block-column-is-layout-flow\">\n<div class=\"wp-block-cover is-light is-style-full-height\"><span aria-hidden=\"true\" class=\"wp-block-cover__background has-dark-gray-background-color has-background-dim-100 has-background-dim\"><\/span><div class=\"wp-block-cover__inner-container is-layout-flow wp-block-cover-is-layout-flow\">\n<p>Prie\u0161 pjaustant galime skard\u0105 padengti apsaugine pl\u0117vele arba antikondensacine danga.<\/p>\n\n\n\n<p>\u012evesties parametrai<\/p>\n\n\n\n<figure class=\"wp-block-table\"><table class=\"has-fixed-layout\"><tbody><tr><td>Max. ritini\u0173 svoris<\/td><td>10 T<\/td><\/tr><tr><td>Max. Juostos plotis<\/td><td>1500 mm<\/td><\/tr><tr><td>Skardos storis<\/td><td>0,4\u20132,0 mm<\/td><\/tr><\/tbody><\/table><\/figure>\n<\/div><\/div>\n<\/div>\n\n\n\n<div class=\"wp-block-column is-vertically-aligned-center has-white-background-color has-background is-layout-flow wp-block-column-is-layout-flow\"><div class=\"wp-block-image\">\n<figure class=\"aligncenter size-full\"><img loading=\"lazy\" decoding=\"async\" width=\"510\" height=\"216\" src=\"https:\/\/vss.yoho.pl\/wp-content\/uploads\/2022\/03\/SCS_ciecie_przewijanie_1.png\" alt=\"\" class=\"wp-image-21453\"\/><\/figure>\n<\/div><\/div>\n<\/div>\n\n\n\n<div class=\"wp-block-columns is-style-default is-layout-flex wp-container-core-columns-is-layout-9d6595d7 wp-block-columns-is-layout-flex\">\n<div class=\"wp-block-column is-vertically-aligned-center is-layout-flow wp-block-column-is-layout-flow\"><div class=\"wp-block-image\">\n<figure class=\"aligncenter size-full\"><img loading=\"lazy\" decoding=\"async\" width=\"510\" height=\"216\" src=\"https:\/\/vss.yoho.pl\/wp-content\/uploads\/2022\/03\/SCS_ciecie_przewijanie_2.png\" alt=\"\" class=\"wp-image-21460\"\/><\/figure>\n<\/div><\/div>\n\n\n\n<div class=\"wp-block-column is-vertically-aligned-center has-white-background-color has-background is-layout-flow wp-block-column-is-layout-flow\">\n<div class=\"wp-block-cover is-light is-style-full-height\"><span aria-hidden=\"true\" class=\"wp-block-cover__background has-dark-gray-background-color has-background-dim-100 has-background-dim\"><\/span><div class=\"wp-block-cover__inner-container is-layout-flow wp-block-cover-is-layout-flow\">\n<p>Ritini\u0173 pervyniojimas nepjaustant<\/p>\n\n\n\n<p><strong>Techniniai parametrai*<\/strong><\/p>\n\n\n\n<figure class=\"wp-block-table\"><table class=\"has-fixed-layout\"><tbody><tr><td>Max. ritini\u0173 svoris<\/td><td>10 T<\/td><\/tr><tr><td>Max. Juostos plotis<\/td><td>1500 mm<\/td><\/tr><tr><td>Skardos storis<\/td><td>0,4\u20132,0 mm<\/td><\/tr><\/tbody><\/table><\/figure>\n<\/div><\/div>\n<\/div>\n<\/div>\n\n\n\n<div class=\"wp-block-columns is-style-mobile-reverse is-layout-flex wp-container-core-columns-is-layout-9d6595d7 wp-block-columns-is-layout-flex\">\n<div class=\"wp-block-column has-dark-gray-background-color has-background is-layout-flow wp-block-column-is-layout-flow\">\n<div class=\"wp-block-cover is-light is-style-full-height\"><span aria-hidden=\"true\" class=\"wp-block-cover__background has-dark-gray-background-color has-background-dim-100 has-background-dim\"><\/span><div class=\"wp-block-cover__inner-container is-layout-flow wp-block-cover-is-layout-flow\">\n<p>Skersinis pjovimas lak\u0161tais ir formomis pagal individual\u0173<br>u\u017esakym\u0105.<\/p>\n\n\n\n<p><strong>Techniniai parametrai*<\/strong><\/p>\n\n\n\n<figure class=\"wp-block-table\"><table class=\"has-fixed-layout\"><tbody><tr><td>Skardos storis<\/td><td>0,4\u20132,0 mm<\/td><\/tr><tr><td>Min. formato dydis<\/td><td>70\u00d7100 mm<\/td><\/tr><tr><td>Max. modulio ilgis<\/td><td>6000 mm<\/td><\/tr><\/tbody><\/table><\/figure>\n<\/div><\/div>\n<\/div>\n\n\n\n<div class=\"wp-block-column is-vertically-aligned-center has-white-background-color has-background is-layout-flow wp-block-column-is-layout-flow\"><div class=\"wp-block-image\">\n<figure class=\"aligncenter size-full\"><img loading=\"lazy\" decoding=\"async\" width=\"510\" height=\"216\" src=\"https:\/\/vss.yoho.pl\/wp-content\/uploads\/2022\/03\/SCS_ciecie_przewijanie_3.png\" alt=\"\" class=\"wp-image-21464\"\/><\/figure>\n<\/div><\/div>\n<\/div>\n\n\n\n<div class=\"wp-block-columns is-style-default is-layout-flex wp-container-core-columns-is-layout-9d6595d7 wp-block-columns-is-layout-flex\">\n<div class=\"wp-block-column is-vertically-aligned-center is-layout-flow wp-block-column-is-layout-flow\"><div class=\"wp-block-image\">\n<figure class=\"aligncenter size-full\"><img loading=\"lazy\" decoding=\"async\" width=\"510\" height=\"216\" src=\"https:\/\/vss.yoho.pl\/wp-content\/uploads\/2022\/03\/SCS_ciecie_przewijanie_4.png\" alt=\"\" class=\"wp-image-21468\"\/><\/figure>\n<\/div><\/div>\n\n\n\n<div class=\"wp-block-column is-vertically-aligned-center has-white-background-color has-background is-layout-flow wp-block-column-is-layout-flow\">\n<div class=\"wp-block-cover is-light is-style-full-height\"><span aria-hidden=\"true\" class=\"wp-block-cover__background has-dark-gray-background-color has-background-dim-100 has-background-dim\"><\/span><div class=\"wp-block-cover__inner-container is-layout-flow wp-block-cover-is-layout-flow\">\n<p>Ritini\u0173 pervyniojimas nepjaustant.<\/p>\n\n\n\n<p><strong>Techniniai parametrai*<\/strong><\/p>\n\n\n\n<figure class=\"wp-block-table\"><table class=\"has-fixed-layout\"><tbody><tr><td>Skardos storis<\/td><td>0,4\u20132,0 mm<\/td><\/tr><tr><td>Min. Juostos plotis<\/td><td>70 mm<\/td><\/tr><\/tbody><\/table><\/figure>\n<\/div><\/div>\n<\/div>\n<\/div>\n\n\n\n<p>*Pateikiami duomenys taikomi BP2 pasi\u016blymo \u017ealiavinei med\u017eiagai. Prireikus suderinti patik\u0117t\u0173 med\u017eiag\u0173 parametrus, b\u016btina pasikonsultuoti su pardavimo skyriumi. Pervyniojant ir pjaustant i\u0161ilgai, nekei\u010diant \u017ealiavos plo\u010dio, galioja metalurgijos paklaidos, numatytos standartuose:<\/p>\n\n\n\n<ul class=\"wp-block-list\">\n<li>matmen\u0173 ir formos paklaida: EN 10143,<\/li>\n\n\n\n<li>metalin\u0117s dangos ir pavir\u0161iaus kokyb\u0117: EN 10326, EN 10327,<\/li>\n\n\n\n<li>organin\u0117s dangos ir pavir\u0161iaus kokyb\u0117: EN 10169.<\/li>\n<\/ul>\n<\/div><\/div>\n","protected":false},"featured_media":29191,"menu_order":262,"template":"","product_category":[572,587,590],"warranty":[],"product_serie":[],"class_list":["post-34486","product","type-product","status-publish","has-post-thumbnail","hentry","product_category-investicine-statyba","product_category-plieno-paslaugu-centras-vss","product_category-pjuviai"],"acf":[],"yoast_head":"<!-- This site is optimized with the Yoast SEO plugin v26.5 - https:\/\/yoast.com\/wordpress\/plugins\/seo\/ -->\n<title>Pervyniojimo ir pjaustymo paslaugos - VSS<\/title>\n<meta name=\"robots\" content=\"noindex, follow, max-snippet:-1, max-image-preview:large, max-video-preview:-1\" \/>\n<meta property=\"og:locale\" content=\"lt_LT\" \/>\n<meta property=\"og:type\" content=\"article\" \/>\n<meta property=\"og:title\" content=\"Pervyniojimo ir pjaustymo paslaugos - VSS\" \/>\n<meta property=\"og:description\" content=\"*Pateikiami duomenys taikomi BP2 pasi\u016blymo \u017ealiavinei med\u017eiagai. Prireikus suderinti patik\u0117t\u0173 med\u017eiag\u0173 parametrus, b\u016btina pasikonsultuoti su pardavimo skyriumi. Pervyniojant ir pjaustant i\u0161ilgai, nekei\u010diant \u017ealiavos plo\u010dio, galioja metalurgijos paklaidos, numatytos standartuose:\" \/>\n<meta property=\"og:url\" content=\"https:\/\/vss.yoho.pl\/vyrobok\/sluzby-previjania-a-rezania\/\" \/>\n<meta property=\"og:site_name\" content=\"VSS\" \/>\n<meta property=\"article:modified_time\" content=\"2023-01-18T12:25:44+00:00\" \/>\n<meta property=\"og:image\" content=\"https:\/\/vss.yoho.pl\/wp-content\/uploads\/2022\/03\/ciecie-i-przewijanie-1.png\" \/>\n\t<meta property=\"og:image:width\" content=\"820\" \/>\n\t<meta property=\"og:image:height\" content=\"547\" \/>\n\t<meta property=\"og:image:type\" content=\"image\/png\" \/>\n<meta name=\"twitter:card\" content=\"summary_large_image\" \/>\n<meta name=\"twitter:label1\" content=\"Est. reading time\" \/>\n\t<meta name=\"twitter:data1\" content=\"1 minut\u0117\" \/>\n<script type=\"application\/ld+json\" class=\"yoast-schema-graph\">{\"@context\":\"https:\/\/schema.org\",\"@graph\":[{\"@type\":\"WebPage\",\"@id\":\"https:\/\/vss.yoho.pl\/vyrobok\/sluzby-previjania-a-rezania\/\",\"url\":\"https:\/\/vss.yoho.pl\/vyrobok\/sluzby-previjania-a-rezania\/\",\"name\":\"Pervyniojimo ir pjaustymo paslaugos - VSS\",\"isPartOf\":{\"@id\":\"https:\/\/vss.yoho.pl\/#website\"},\"primaryImageOfPage\":{\"@id\":\"https:\/\/vss.yoho.pl\/vyrobok\/sluzby-previjania-a-rezania\/#primaryimage\"},\"image\":{\"@id\":\"https:\/\/vss.yoho.pl\/vyrobok\/sluzby-previjania-a-rezania\/#primaryimage\"},\"thumbnailUrl\":\"https:\/\/vss.yoho.pl\/wp-content\/uploads\/2022\/03\/ciecie-i-przewijanie-1.png\",\"datePublished\":\"2022-03-23T09:08:47+00:00\",\"dateModified\":\"2023-01-18T12:25:44+00:00\",\"breadcrumb\":{\"@id\":\"https:\/\/vss.yoho.pl\/vyrobok\/sluzby-previjania-a-rezania\/#breadcrumb\"},\"inLanguage\":\"lt-LT\",\"potentialAction\":[{\"@type\":\"ReadAction\",\"target\":[\"https:\/\/vss.yoho.pl\/vyrobok\/sluzby-previjania-a-rezania\/\"]}]},{\"@type\":\"ImageObject\",\"inLanguage\":\"lt-LT\",\"@id\":\"https:\/\/vss.yoho.pl\/vyrobok\/sluzby-previjania-a-rezania\/#primaryimage\",\"url\":\"https:\/\/vss.yoho.pl\/wp-content\/uploads\/2022\/03\/ciecie-i-przewijanie-1.png\",\"contentUrl\":\"https:\/\/vss.yoho.pl\/wp-content\/uploads\/2022\/03\/ciecie-i-przewijanie-1.png\",\"width\":820,\"height\":547},{\"@type\":\"BreadcrumbList\",\"@id\":\"https:\/\/vss.yoho.pl\/vyrobok\/sluzby-previjania-a-rezania\/#breadcrumb\",\"itemListElement\":[{\"@type\":\"ListItem\",\"position\":1,\"name\":\"Home\",\"item\":\"https:\/\/vss.yoho.pl\/lt\/\"},{\"@type\":\"ListItem\",\"position\":2,\"name\":\"Pervyniojimo ir pjaustymo paslaugos\"}]},{\"@type\":\"WebSite\",\"@id\":\"https:\/\/vss.yoho.pl\/#website\",\"url\":\"https:\/\/vss.yoho.pl\/\",\"name\":\"VSS\",\"description\":\"Plieno paslaug\u0173 centras\",\"potentialAction\":[{\"@type\":\"SearchAction\",\"target\":{\"@type\":\"EntryPoint\",\"urlTemplate\":\"https:\/\/vss.yoho.pl\/?s={search_term_string}\"},\"query-input\":{\"@type\":\"PropertyValueSpecification\",\"valueRequired\":true,\"valueName\":\"search_term_string\"}}],\"inLanguage\":\"lt-LT\"}]}<\/script>\n<!-- \/ Yoast SEO plugin. -->","yoast_head_json":{"title":"Pervyniojimo ir pjaustymo paslaugos - VSS","robots":{"index":"noindex","follow":"follow","max-snippet":"max-snippet:-1","max-image-preview":"max-image-preview:large","max-video-preview":"max-video-preview:-1"},"og_locale":"lt_LT","og_type":"article","og_title":"Pervyniojimo ir pjaustymo paslaugos - VSS","og_description":"*Pateikiami duomenys taikomi BP2 pasi\u016blymo \u017ealiavinei med\u017eiagai. Prireikus suderinti patik\u0117t\u0173 med\u017eiag\u0173 parametrus, b\u016btina pasikonsultuoti su pardavimo skyriumi. Pervyniojant ir pjaustant i\u0161ilgai, nekei\u010diant \u017ealiavos plo\u010dio, galioja metalurgijos paklaidos, numatytos standartuose:","og_url":"https:\/\/vss.yoho.pl\/vyrobok\/sluzby-previjania-a-rezania\/","og_site_name":"VSS","article_modified_time":"2023-01-18T12:25:44+00:00","og_image":[{"width":820,"height":547,"url":"https:\/\/vss.yoho.pl\/wp-content\/uploads\/2022\/03\/ciecie-i-przewijanie-1.png","type":"image\/png"}],"twitter_card":"summary_large_image","twitter_misc":{"Est. reading time":"1 minut\u0117"},"schema":{"@context":"https:\/\/schema.org","@graph":[{"@type":"WebPage","@id":"https:\/\/vss.yoho.pl\/vyrobok\/sluzby-previjania-a-rezania\/","url":"https:\/\/vss.yoho.pl\/vyrobok\/sluzby-previjania-a-rezania\/","name":"Pervyniojimo ir pjaustymo paslaugos - VSS","isPartOf":{"@id":"https:\/\/vss.yoho.pl\/#website"},"primaryImageOfPage":{"@id":"https:\/\/vss.yoho.pl\/vyrobok\/sluzby-previjania-a-rezania\/#primaryimage"},"image":{"@id":"https:\/\/vss.yoho.pl\/vyrobok\/sluzby-previjania-a-rezania\/#primaryimage"},"thumbnailUrl":"https:\/\/vss.yoho.pl\/wp-content\/uploads\/2022\/03\/ciecie-i-przewijanie-1.png","datePublished":"2022-03-23T09:08:47+00:00","dateModified":"2023-01-18T12:25:44+00:00","breadcrumb":{"@id":"https:\/\/vss.yoho.pl\/vyrobok\/sluzby-previjania-a-rezania\/#breadcrumb"},"inLanguage":"lt-LT","potentialAction":[{"@type":"ReadAction","target":["https:\/\/vss.yoho.pl\/vyrobok\/sluzby-previjania-a-rezania\/"]}]},{"@type":"ImageObject","inLanguage":"lt-LT","@id":"https:\/\/vss.yoho.pl\/vyrobok\/sluzby-previjania-a-rezania\/#primaryimage","url":"https:\/\/vss.yoho.pl\/wp-content\/uploads\/2022\/03\/ciecie-i-przewijanie-1.png","contentUrl":"https:\/\/vss.yoho.pl\/wp-content\/uploads\/2022\/03\/ciecie-i-przewijanie-1.png","width":820,"height":547},{"@type":"BreadcrumbList","@id":"https:\/\/vss.yoho.pl\/vyrobok\/sluzby-previjania-a-rezania\/#breadcrumb","itemListElement":[{"@type":"ListItem","position":1,"name":"Home","item":"https:\/\/vss.yoho.pl\/lt\/"},{"@type":"ListItem","position":2,"name":"Pervyniojimo ir pjaustymo paslaugos"}]},{"@type":"WebSite","@id":"https:\/\/vss.yoho.pl\/#website","url":"https:\/\/vss.yoho.pl\/","name":"VSS","description":"Plieno paslaug\u0173 centras","potentialAction":[{"@type":"SearchAction","target":{"@type":"EntryPoint","urlTemplate":"https:\/\/vss.yoho.pl\/?s={search_term_string}"},"query-input":{"@type":"PropertyValueSpecification","valueRequired":true,"valueName":"search_term_string"}}],"inLanguage":"lt-LT"}]}},"_links":{"self":[{"href":"https:\/\/vss.yoho.pl\/lt\/wp-json\/wp\/v2\/product\/34486","targetHints":{"allow":["GET"]}}],"collection":[{"href":"https:\/\/vss.yoho.pl\/lt\/wp-json\/wp\/v2\/product"}],"about":[{"href":"https:\/\/vss.yoho.pl\/lt\/wp-json\/wp\/v2\/types\/product"}],"wp:featuredmedia":[{"embeddable":true,"href":"https:\/\/vss.yoho.pl\/lt\/wp-json\/wp\/v2\/media\/29191"}],"wp:attachment":[{"href":"https:\/\/vss.yoho.pl\/lt\/wp-json\/wp\/v2\/media?parent=34486"}],"wp:term":[{"taxonomy":"product_category","embeddable":true,"href":"https:\/\/vss.yoho.pl\/lt\/wp-json\/wp\/v2\/product_category?post=34486"},{"taxonomy":"warranty","embeddable":true,"href":"https:\/\/vss.yoho.pl\/lt\/wp-json\/wp\/v2\/warranty?post=34486"},{"taxonomy":"product_serie","embeddable":true,"href":"https:\/\/vss.yoho.pl\/lt\/wp-json\/wp\/v2\/product_serie?post=34486"}],"curies":[{"name":"wp","href":"https:\/\/api.w.org\/{rel}","templated":true}]}}