{"id":34499,"date":"2022-03-23T11:22:49","date_gmt":"2022-03-23T10:22:49","guid":{"rendered":"https:\/\/vss.yoho.pl\/produkt\/perforacja-blach\/"},"modified":"2023-01-18T13:25:49","modified_gmt":"2023-01-18T12:25:49","slug":"skardos-perforacija","status":"publish","type":"product","link":"https:\/\/vss.yoho.pl\/lt\/produkt\/skardos-perforacija\/","title":{"rendered":"Skardos perforacija"},"content":{"rendered":"\n<div class=\"wp-block-group\"><div class=\"wp-block-group__inner-container is-layout-flow wp-block-group-is-layout-flow\">\n<div style=\"height:100px\" aria-hidden=\"true\" class=\"wp-block-spacer is-style-small-spacer\"><\/div>\n\n\n\n<h2 class=\"is-style-h3 wp-block-heading\"><strong>Perforuojame \u012fvairi\u0173 dyd\u017ei\u0173 ir form\u0173 angas<\/strong>:<\/h2>\n\n\n\n<div style=\"height:100px\" aria-hidden=\"true\" class=\"wp-block-spacer is-style-small-spacer\"><\/div>\n\n\n\n<div class=\"wp-block-columns is-layout-flex wp-container-core-columns-is-layout-9d6595d7 wp-block-columns-is-layout-flex\">\n<div class=\"wp-block-column is-layout-flow wp-block-column-is-layout-flow\">\n<div class=\"wp-block-columns is-layout-flex wp-container-core-columns-is-layout-9d6595d7 wp-block-columns-is-layout-flex\">\n<div class=\"wp-block-column is-layout-flow wp-block-column-is-layout-flow\"><div class=\"wp-block-image\">\n<figure class=\"aligncenter size-full\"><img loading=\"lazy\" decoding=\"async\" width=\"96\" height=\"96\" src=\"https:\/\/vss.yoho.pl\/wp-content\/uploads\/2022\/03\/SCS_perforacja_icon_1.png\" alt=\"\" class=\"wp-image-21523\"\/><\/figure>\n<\/div>\n\n\n<p class=\"has-text-align-center\">apvalias<\/p>\n<\/div>\n\n\n\n<div class=\"wp-block-column is-layout-flow wp-block-column-is-layout-flow\"><div class=\"wp-block-image\">\n<figure class=\"aligncenter size-full\"><img loading=\"lazy\" decoding=\"async\" width=\"150\" height=\"96\" src=\"https:\/\/vss.yoho.pl\/wp-content\/uploads\/2022\/03\/SCS_perforacja_icon_5.png\" alt=\"\" class=\"wp-image-21545\"\/><\/figure>\n<\/div>\n\n\n<p class=\"has-text-align-center\">pailgas<\/p>\n<\/div>\n\n\n\n<div class=\"wp-block-column is-layout-flow wp-block-column-is-layout-flow\"><div class=\"wp-block-image\">\n<figure class=\"aligncenter size-full\"><img loading=\"lazy\" decoding=\"async\" width=\"150\" height=\"96\" src=\"https:\/\/vss.yoho.pl\/wp-content\/uploads\/2022\/03\/SCS_perforacja_icon_6.png\" alt=\"\" class=\"wp-image-21539\"\/><\/figure>\n<\/div>\n\n\n<p class=\"has-text-align-center\">sta\u010diakampes<\/p>\n<\/div>\n<\/div>\n\n\n\n<div class=\"wp-block-columns is-layout-flex wp-container-core-columns-is-layout-9d6595d7 wp-block-columns-is-layout-flex\">\n<div class=\"wp-block-column is-layout-flow wp-block-column-is-layout-flow\"><div class=\"wp-block-image\">\n<figure class=\"aligncenter size-full\"><img loading=\"lazy\" decoding=\"async\" width=\"96\" height=\"96\" src=\"https:\/\/vss.yoho.pl\/wp-content\/uploads\/2022\/03\/SCS_perforacja_icon_2.png\" alt=\"\" class=\"wp-image-21527\"\/><\/figure>\n<\/div>\n\n\n<p class=\"has-text-align-center\">\u0161e\u0161iakampes<\/p>\n<\/div>\n\n\n\n<div class=\"wp-block-column is-layout-flow wp-block-column-is-layout-flow\"><div class=\"wp-block-image\">\n<figure class=\"aligncenter size-full\"><img loading=\"lazy\" decoding=\"async\" width=\"96\" height=\"96\" src=\"https:\/\/vss.yoho.pl\/wp-content\/uploads\/2022\/03\/SCS_perforacja_icon_3.png\" alt=\"\" class=\"wp-image-21531\"\/><\/figure>\n<\/div>\n\n\n<p class=\"has-text-align-center\">\u017evaig\u017edutes<\/p>\n<\/div>\n\n\n\n<div class=\"wp-block-column is-layout-flow wp-block-column-is-layout-flow\"><div class=\"wp-block-image\">\n<figure class=\"aligncenter size-full\"><img loading=\"lazy\" decoding=\"async\" width=\"96\" height=\"96\" src=\"https:\/\/vss.yoho.pl\/wp-content\/uploads\/2022\/03\/SCS_perforacja_icon_4.png\" alt=\"\" class=\"wp-image-21535\"\/><\/figure>\n<\/div>\n\n\n<p class=\"has-text-align-center\">nereguliarias<\/p>\n<\/div>\n<\/div>\n<\/div>\n\n\n\n<div class=\"wp-block-column is-layout-flow wp-block-column-is-layout-flow\">\n<div class=\"wp-block-cover is-light is-style-full-height\"><span aria-hidden=\"true\" class=\"wp-block-cover__background has-dark-gray-background-color has-background-dim-100 has-background-dim\"><\/span><div class=\"wp-block-cover__inner-container is-layout-flow wp-block-cover-is-layout-flow\">\n<p class=\"has-text-align-left\"><strong><strong>Techniniai parametrai<\/strong><\/strong><\/p>\n\n\n\n<figure class=\"wp-block-table\"><table><tbody><tr><td>Max. Juostos plotis<\/td><td>1500 mm<\/td><\/tr><tr><td>Skardos storis<\/td><td>0,4\u20132,0 mm<\/td><\/tr><\/tbody><\/table><\/figure>\n<\/div><\/div>\n<\/div>\n<\/div>\n\n\n\n<p><\/p>\n\n\n\n<p>*Taip pat galime perforuoti patik\u0117t\u0105 med\u017eiag\u0105. Detales b\u016btina suderinti individualiai su prekybos skyriumi.<\/p>\n<\/div><\/div>\n","protected":false},"featured_media":29114,"menu_order":269,"template":"","product_category":[589],"warranty":[],"product_serie":[],"class_list":["post-34499","product","type-product","status-publish","has-post-thumbnail","hentry","product_category-perforacija"],"acf":[],"yoast_head":"<!-- This site is optimized with the Yoast SEO plugin v26.5 - https:\/\/yoast.com\/wordpress\/plugins\/seo\/ -->\n<title>Skardos perforacija - VSS<\/title>\n<meta name=\"robots\" content=\"noindex, follow, max-snippet:-1, max-image-preview:large, max-video-preview:-1\" \/>\n<meta property=\"og:locale\" content=\"lt_LT\" \/>\n<meta property=\"og:type\" content=\"article\" \/>\n<meta property=\"og:title\" content=\"Skardos perforacija - VSS\" \/>\n<meta property=\"og:description\" content=\"Perforuojame \u012fvairi\u0173 dyd\u017ei\u0173 ir form\u0173 angas: apvalias pailgas sta\u010diakampes \u0161e\u0161iakampes \u017evaig\u017edutes nereguliarias *Taip pat galime perforuoti patik\u0117t\u0105 med\u017eiag\u0105. Detales b\u016btina suderinti individualiai su prekybos skyriumi.\" \/>\n<meta property=\"og:url\" content=\"https:\/\/vss.yoho.pl\/vyrobok\/perforacia-plechov\/\" \/>\n<meta property=\"og:site_name\" content=\"VSS\" \/>\n<meta property=\"article:modified_time\" content=\"2023-01-18T12:25:49+00:00\" \/>\n<meta property=\"og:image\" content=\"https:\/\/vss.yoho.pl\/wp-content\/uploads\/2022\/03\/perforacja.png\" \/>\n\t<meta property=\"og:image:width\" content=\"820\" \/>\n\t<meta property=\"og:image:height\" content=\"547\" \/>\n\t<meta property=\"og:image:type\" content=\"image\/png\" \/>\n<meta name=\"twitter:card\" content=\"summary_large_image\" \/>\n<script type=\"application\/ld+json\" class=\"yoast-schema-graph\">{\"@context\":\"https:\/\/schema.org\",\"@graph\":[{\"@type\":\"WebPage\",\"@id\":\"https:\/\/vss.yoho.pl\/vyrobok\/perforacia-plechov\/\",\"url\":\"https:\/\/vss.yoho.pl\/vyrobok\/perforacia-plechov\/\",\"name\":\"Skardos perforacija - VSS\",\"isPartOf\":{\"@id\":\"https:\/\/vss.yoho.pl\/#website\"},\"primaryImageOfPage\":{\"@id\":\"https:\/\/vss.yoho.pl\/vyrobok\/perforacia-plechov\/#primaryimage\"},\"image\":{\"@id\":\"https:\/\/vss.yoho.pl\/vyrobok\/perforacia-plechov\/#primaryimage\"},\"thumbnailUrl\":\"https:\/\/vss.yoho.pl\/wp-content\/uploads\/2022\/03\/perforacja.png\",\"datePublished\":\"2022-03-23T10:22:49+00:00\",\"dateModified\":\"2023-01-18T12:25:49+00:00\",\"breadcrumb\":{\"@id\":\"https:\/\/vss.yoho.pl\/vyrobok\/perforacia-plechov\/#breadcrumb\"},\"inLanguage\":\"lt-LT\",\"potentialAction\":[{\"@type\":\"ReadAction\",\"target\":[\"https:\/\/vss.yoho.pl\/vyrobok\/perforacia-plechov\/\"]}]},{\"@type\":\"ImageObject\",\"inLanguage\":\"lt-LT\",\"@id\":\"https:\/\/vss.yoho.pl\/vyrobok\/perforacia-plechov\/#primaryimage\",\"url\":\"https:\/\/vss.yoho.pl\/wp-content\/uploads\/2022\/03\/perforacja.png\",\"contentUrl\":\"https:\/\/vss.yoho.pl\/wp-content\/uploads\/2022\/03\/perforacja.png\",\"width\":820,\"height\":547},{\"@type\":\"BreadcrumbList\",\"@id\":\"https:\/\/vss.yoho.pl\/vyrobok\/perforacia-plechov\/#breadcrumb\",\"itemListElement\":[{\"@type\":\"ListItem\",\"position\":1,\"name\":\"Home\",\"item\":\"https:\/\/vss.yoho.pl\/lt\/\"},{\"@type\":\"ListItem\",\"position\":2,\"name\":\"Skardos perforacija\"}]},{\"@type\":\"WebSite\",\"@id\":\"https:\/\/vss.yoho.pl\/#website\",\"url\":\"https:\/\/vss.yoho.pl\/\",\"name\":\"VSS\",\"description\":\"Plieno paslaug\u0173 centras\",\"potentialAction\":[{\"@type\":\"SearchAction\",\"target\":{\"@type\":\"EntryPoint\",\"urlTemplate\":\"https:\/\/vss.yoho.pl\/?s={search_term_string}\"},\"query-input\":{\"@type\":\"PropertyValueSpecification\",\"valueRequired\":true,\"valueName\":\"search_term_string\"}}],\"inLanguage\":\"lt-LT\"}]}<\/script>\n<!-- \/ Yoast SEO plugin. -->","yoast_head_json":{"title":"Skardos perforacija - VSS","robots":{"index":"noindex","follow":"follow","max-snippet":"max-snippet:-1","max-image-preview":"max-image-preview:large","max-video-preview":"max-video-preview:-1"},"og_locale":"lt_LT","og_type":"article","og_title":"Skardos perforacija - VSS","og_description":"Perforuojame \u012fvairi\u0173 dyd\u017ei\u0173 ir form\u0173 angas: apvalias pailgas sta\u010diakampes \u0161e\u0161iakampes \u017evaig\u017edutes nereguliarias *Taip pat galime perforuoti patik\u0117t\u0105 med\u017eiag\u0105. Detales b\u016btina suderinti individualiai su prekybos skyriumi.","og_url":"https:\/\/vss.yoho.pl\/vyrobok\/perforacia-plechov\/","og_site_name":"VSS","article_modified_time":"2023-01-18T12:25:49+00:00","og_image":[{"width":820,"height":547,"url":"https:\/\/vss.yoho.pl\/wp-content\/uploads\/2022\/03\/perforacja.png","type":"image\/png"}],"twitter_card":"summary_large_image","schema":{"@context":"https:\/\/schema.org","@graph":[{"@type":"WebPage","@id":"https:\/\/vss.yoho.pl\/vyrobok\/perforacia-plechov\/","url":"https:\/\/vss.yoho.pl\/vyrobok\/perforacia-plechov\/","name":"Skardos perforacija - VSS","isPartOf":{"@id":"https:\/\/vss.yoho.pl\/#website"},"primaryImageOfPage":{"@id":"https:\/\/vss.yoho.pl\/vyrobok\/perforacia-plechov\/#primaryimage"},"image":{"@id":"https:\/\/vss.yoho.pl\/vyrobok\/perforacia-plechov\/#primaryimage"},"thumbnailUrl":"https:\/\/vss.yoho.pl\/wp-content\/uploads\/2022\/03\/perforacja.png","datePublished":"2022-03-23T10:22:49+00:00","dateModified":"2023-01-18T12:25:49+00:00","breadcrumb":{"@id":"https:\/\/vss.yoho.pl\/vyrobok\/perforacia-plechov\/#breadcrumb"},"inLanguage":"lt-LT","potentialAction":[{"@type":"ReadAction","target":["https:\/\/vss.yoho.pl\/vyrobok\/perforacia-plechov\/"]}]},{"@type":"ImageObject","inLanguage":"lt-LT","@id":"https:\/\/vss.yoho.pl\/vyrobok\/perforacia-plechov\/#primaryimage","url":"https:\/\/vss.yoho.pl\/wp-content\/uploads\/2022\/03\/perforacja.png","contentUrl":"https:\/\/vss.yoho.pl\/wp-content\/uploads\/2022\/03\/perforacja.png","width":820,"height":547},{"@type":"BreadcrumbList","@id":"https:\/\/vss.yoho.pl\/vyrobok\/perforacia-plechov\/#breadcrumb","itemListElement":[{"@type":"ListItem","position":1,"name":"Home","item":"https:\/\/vss.yoho.pl\/lt\/"},{"@type":"ListItem","position":2,"name":"Skardos perforacija"}]},{"@type":"WebSite","@id":"https:\/\/vss.yoho.pl\/#website","url":"https:\/\/vss.yoho.pl\/","name":"VSS","description":"Plieno paslaug\u0173 centras","potentialAction":[{"@type":"SearchAction","target":{"@type":"EntryPoint","urlTemplate":"https:\/\/vss.yoho.pl\/?s={search_term_string}"},"query-input":{"@type":"PropertyValueSpecification","valueRequired":true,"valueName":"search_term_string"}}],"inLanguage":"lt-LT"}]}},"_links":{"self":[{"href":"https:\/\/vss.yoho.pl\/lt\/wp-json\/wp\/v2\/product\/34499","targetHints":{"allow":["GET"]}}],"collection":[{"href":"https:\/\/vss.yoho.pl\/lt\/wp-json\/wp\/v2\/product"}],"about":[{"href":"https:\/\/vss.yoho.pl\/lt\/wp-json\/wp\/v2\/types\/product"}],"wp:featuredmedia":[{"embeddable":true,"href":"https:\/\/vss.yoho.pl\/lt\/wp-json\/wp\/v2\/media\/29114"}],"wp:attachment":[{"href":"https:\/\/vss.yoho.pl\/lt\/wp-json\/wp\/v2\/media?parent=34499"}],"wp:term":[{"taxonomy":"product_category","embeddable":true,"href":"https:\/\/vss.yoho.pl\/lt\/wp-json\/wp\/v2\/product_category?post=34499"},{"taxonomy":"warranty","embeddable":true,"href":"https:\/\/vss.yoho.pl\/lt\/wp-json\/wp\/v2\/warranty?post=34499"},{"taxonomy":"product_serie","embeddable":true,"href":"https:\/\/vss.yoho.pl\/lt\/wp-json\/wp\/v2\/product_serie?post=34499"}],"curies":[{"name":"wp","href":"https:\/\/api.w.org\/{rel}","templated":true}]}}