{"id":124,"date":"2022-01-12T14:52:23","date_gmt":"2022-01-12T13:52:23","guid":{"rendered":"http:\/\/local.bp2\/?page_id=124"},"modified":"2023-01-24T09:18:23","modified_gmt":"2023-01-24T08:18:23","slug":"strona-glowna-2","status":"publish","type":"page","link":"https:\/\/vss.yoho.pl\/pl\/","title":{"rendered":"Strona g\u0142\u00f3wna"},"content":{"rendered":"\n<div class=\"wp-block-group is-style-narrow-group\"><div class=\"wp-block-group__inner-container is-layout-flow wp-block-group-is-layout-flow\">\n<div class=\"wp-block-group is-style-with-b2-background\"><div class=\"wp-block-group__inner-container is-layout-flow wp-block-group-is-layout-flow\">\n<div style=\"height:100px\" aria-hidden=\"true\" class=\"wp-block-spacer is-style-small-spacer\"><\/div>\n\n\n\n<h2 class=\"has-text-align-center noMarginTop noMarginBottom is-style-h1 wp-block-heading\">Witamy w \u015bwiecie VSS<\/h2>\n\n\n\n<p class=\"has-text-align-center noMarginBottom has-red-color has-text-color\"><strong>Wybierz mark\u0119, kt\u00f3ra Ci\u0119 interesuje, aby przej\u015b\u0107 do dedykowanej strony<\/strong><\/p>\n\n\n\n<div style=\"height:100px\" aria-hidden=\"true\" class=\"wp-block-spacer is-style-small-spacer\"><\/div>\n<\/div><\/div>\n<\/div><\/div>\n\n\n\n<div class=\"wp-block-group\"><div class=\"wp-block-group__inner-container is-layout-constrained wp-block-group-is-layout-constrained\">\n<div style=\"height:100px\" aria-hidden=\"true\" class=\"wp-block-spacer is-style-small-spacer\"><\/div>\n\n\n\n<div class=\"brands-tiles\">\n        <div class=\"brands-tile\" style='background-image: url(\"https:\/\/vss.yoho.pl\/wp-content\/uploads\/2023\/01\/vss-nakladka-v4.jpeg\"); '>\n        <div class=\"brands-tile__inner\">\n            <img decoding=\"async\" src=\"https:\/\/vss.yoho.pl\/wp-content\/uploads\/2022\/12\/vss_white.svg\" class=\"brands-tile__logo\" alt=\"\">            <p class=\"brands-tile__desc\">Stalowe Centrum Serwisowe VSS.<\/p>        <\/div>\n        <a href=\"https:\/\/vss.yoho.pl\/o-nas\/\" target=\"self\" class=\"button button--red\">SPRAWD\u0179<\/a>    <\/div>\n        <div class=\"brands-tile\" style='background-image: url(\"https:\/\/vss.yoho.pl\/wp-content\/uploads\/2022\/10\/bp2-nakladka.jpg\"); '>\n        <div class=\"brands-tile__inner\">\n            <img decoding=\"async\" src=\"https:\/\/vss.yoho.pl\/wp-content\/uploads\/2022\/12\/bp2_white.svg\" class=\"brands-tile__logo\" alt=\"\">            <p class=\"brands-tile__desc\">Kompletne rozwi\u0105zania dachowe i elewacyjne.<\/p>        <\/div>\n        <a href=\"https:\/\/www.bp2.eu\/\" target=\"blank\" class=\"button button--red\">SPRAWD\u0179<\/a>    <\/div>\n        <div class=\"brands-tile\" style='background-image: url(\"https:\/\/vss.yoho.pl\/wp-content\/uploads\/2022\/10\/impro-nakladka.jpg\"); '>\n        <div class=\"brands-tile__inner\">\n            <img decoding=\"async\" src=\"https:\/\/vss.yoho.pl\/wp-content\/uploads\/2022\/12\/impro_white.svg\" class=\"brands-tile__logo\" alt=\"\">            <p class=\"brands-tile__desc\">Kompletne rozwi\u0105zania dachowe i elewacyjne w Rumunii.<\/p>        <\/div>\n        <a href=\"https:\/\/www.impro.ro\/\" target=\"blank\" class=\"button button--red\">SPRAWD\u0179<\/a>    <\/div>\n        <div class=\"brands-tile\" style='background-image: url(\"https:\/\/vss.yoho.pl\/wp-content\/uploads\/2022\/12\/solroof-nakladka-v2.jpeg\"); '>\n        <div class=\"brands-tile__inner\">\n            <img decoding=\"async\" src=\"https:\/\/vss.yoho.pl\/wp-content\/uploads\/2022\/12\/solroof-logo.svg\" class=\"brands-tile__logo\" alt=\"\">            <p class=\"brands-tile__desc\">Zintegrowany dach fotowoltaiczny.<\/p>        <\/div>\n        <a href=\"https:\/\/solroof.eu\/\" target=\"blank\" class=\"button button--red\">SPRAWD\u0179<\/a>    <\/div>\n    <\/div>\n\n\n<div style=\"height:100px\" aria-hidden=\"true\" class=\"wp-block-spacer is-style-small-spacer\"><\/div>\n<\/div><\/div>\n","protected":false},"excerpt":{"rendered":"<p>Witamy w \u015bwiecie VSS Wybierz mark\u0119, kt\u00f3ra Ci\u0119 interesuje, aby przej\u015b\u0107 do dedykowanej strony<\/p>\n","protected":false},"author":1,"featured_media":0,"parent":0,"menu_order":65,"comment_status":"closed","ping_status":"closed","template":"templates\/home.php","meta":{"_acf_changed":false,"inline_featured_image":false,"footnotes":""},"class_list":["post-124","page","type-page","status-publish","hentry"],"acf":[],"yoast_head":"<!-- This site is optimized with the Yoast SEO plugin v26.5 - https:\/\/yoast.com\/wordpress\/plugins\/seo\/ -->\n<title>Strona g\u0142\u00f3wna - VSS<\/title>\n<meta name=\"robots\" content=\"noindex, follow, max-snippet:-1, max-image-preview:large, max-video-preview:-1\" \/>\n<meta property=\"og:locale\" content=\"pl_PL\" \/>\n<meta property=\"og:type\" content=\"article\" \/>\n<meta property=\"og:title\" content=\"Strona g\u0142\u00f3wna - VSS\" \/>\n<meta property=\"og:description\" content=\"Witamy w \u015bwiecie VSS Wybierz mark\u0119, kt\u00f3ra Ci\u0119 interesuje, aby przej\u015b\u0107 do dedykowanej strony\" \/>\n<meta property=\"og:url\" content=\"https:\/\/vss.yoho.pl\/pl\/\" \/>\n<meta property=\"og:site_name\" content=\"VSS\" \/>\n<meta property=\"article:modified_time\" content=\"2023-01-24T08:18:23+00:00\" \/>\n<meta name=\"twitter:card\" content=\"summary_large_image\" \/>\n<script type=\"application\/ld+json\" class=\"yoast-schema-graph\">{\"@context\":\"https:\/\/schema.org\",\"@graph\":[{\"@type\":\"WebPage\",\"@id\":\"https:\/\/vss.yoho.pl\/pl\/\",\"url\":\"https:\/\/vss.yoho.pl\/pl\/\",\"name\":\"Strona g\u0142\u00f3wna - VSS\",\"isPartOf\":{\"@id\":\"https:\/\/vss.yoho.pl\/#website\"},\"datePublished\":\"2022-01-12T13:52:23+00:00\",\"dateModified\":\"2023-01-24T08:18:23+00:00\",\"breadcrumb\":{\"@id\":\"https:\/\/vss.yoho.pl\/pl\/#breadcrumb\"},\"inLanguage\":\"pl-PL\",\"potentialAction\":[{\"@type\":\"ReadAction\",\"target\":[\"https:\/\/vss.yoho.pl\/pl\/\"]}]},{\"@type\":\"BreadcrumbList\",\"@id\":\"https:\/\/vss.yoho.pl\/pl\/#breadcrumb\",\"itemListElement\":[{\"@type\":\"ListItem\",\"position\":1,\"name\":\"Home\",\"item\":\"https:\/\/vss.yoho.pl\/pl\/\"},{\"@type\":\"ListItem\",\"position\":2,\"name\":\"Strona g\u0142\u00f3wna\"}]},{\"@type\":\"WebSite\",\"@id\":\"https:\/\/vss.yoho.pl\/#website\",\"url\":\"https:\/\/vss.yoho.pl\/\",\"name\":\"VSS\",\"description\":\"Stalowe Centrum Serwisowe\",\"potentialAction\":[{\"@type\":\"SearchAction\",\"target\":{\"@type\":\"EntryPoint\",\"urlTemplate\":\"https:\/\/vss.yoho.pl\/?s={search_term_string}\"},\"query-input\":{\"@type\":\"PropertyValueSpecification\",\"valueRequired\":true,\"valueName\":\"search_term_string\"}}],\"inLanguage\":\"pl-PL\"}]}<\/script>\n<!-- \/ Yoast SEO plugin. -->","yoast_head_json":{"title":"Strona g\u0142\u00f3wna - VSS","robots":{"index":"noindex","follow":"follow","max-snippet":"max-snippet:-1","max-image-preview":"max-image-preview:large","max-video-preview":"max-video-preview:-1"},"og_locale":"pl_PL","og_type":"article","og_title":"Strona g\u0142\u00f3wna - VSS","og_description":"Witamy w \u015bwiecie VSS Wybierz mark\u0119, kt\u00f3ra Ci\u0119 interesuje, aby przej\u015b\u0107 do dedykowanej strony","og_url":"https:\/\/vss.yoho.pl\/pl\/","og_site_name":"VSS","article_modified_time":"2023-01-24T08:18:23+00:00","twitter_card":"summary_large_image","schema":{"@context":"https:\/\/schema.org","@graph":[{"@type":"WebPage","@id":"https:\/\/vss.yoho.pl\/pl\/","url":"https:\/\/vss.yoho.pl\/pl\/","name":"Strona g\u0142\u00f3wna - VSS","isPartOf":{"@id":"https:\/\/vss.yoho.pl\/#website"},"datePublished":"2022-01-12T13:52:23+00:00","dateModified":"2023-01-24T08:18:23+00:00","breadcrumb":{"@id":"https:\/\/vss.yoho.pl\/pl\/#breadcrumb"},"inLanguage":"pl-PL","potentialAction":[{"@type":"ReadAction","target":["https:\/\/vss.yoho.pl\/pl\/"]}]},{"@type":"BreadcrumbList","@id":"https:\/\/vss.yoho.pl\/pl\/#breadcrumb","itemListElement":[{"@type":"ListItem","position":1,"name":"Home","item":"https:\/\/vss.yoho.pl\/pl\/"},{"@type":"ListItem","position":2,"name":"Strona g\u0142\u00f3wna"}]},{"@type":"WebSite","@id":"https:\/\/vss.yoho.pl\/#website","url":"https:\/\/vss.yoho.pl\/","name":"VSS","description":"Stalowe Centrum Serwisowe","potentialAction":[{"@type":"SearchAction","target":{"@type":"EntryPoint","urlTemplate":"https:\/\/vss.yoho.pl\/?s={search_term_string}"},"query-input":{"@type":"PropertyValueSpecification","valueRequired":true,"valueName":"search_term_string"}}],"inLanguage":"pl-PL"}]}},"_links":{"self":[{"href":"https:\/\/vss.yoho.pl\/pl\/wp-json\/wp\/v2\/pages\/124","targetHints":{"allow":["GET"]}}],"collection":[{"href":"https:\/\/vss.yoho.pl\/pl\/wp-json\/wp\/v2\/pages"}],"about":[{"href":"https:\/\/vss.yoho.pl\/pl\/wp-json\/wp\/v2\/types\/page"}],"author":[{"embeddable":true,"href":"https:\/\/vss.yoho.pl\/pl\/wp-json\/wp\/v2\/users\/1"}],"replies":[{"embeddable":true,"href":"https:\/\/vss.yoho.pl\/pl\/wp-json\/wp\/v2\/comments?post=124"}],"version-history":[{"count":521,"href":"https:\/\/vss.yoho.pl\/pl\/wp-json\/wp\/v2\/pages\/124\/revisions"}],"predecessor-version":[{"id":49398,"href":"https:\/\/vss.yoho.pl\/pl\/wp-json\/wp\/v2\/pages\/124\/revisions\/49398"}],"wp:attachment":[{"href":"https:\/\/vss.yoho.pl\/pl\/wp-json\/wp\/v2\/media?parent=124"}],"curies":[{"name":"wp","href":"https:\/\/api.w.org\/{rel}","templated":true}]}}