{"id":31059,"date":"2022-10-10T10:47:56","date_gmt":"2022-10-10T08:47:56","guid":{"rendered":"https:\/\/vss.yoho.pl\/program-bp2-bpack-copy\/"},"modified":"2022-12-07T13:54:29","modified_gmt":"2022-12-07T12:54:29","slug":"program-bp2-eshop","status":"publish","type":"page","link":"https:\/\/vss.yoho.pl\/pl\/program-bp2-eshop\/","title":{"rendered":"BP2 ESHOP"},"content":{"rendered":"\n<div class=\"wp-block-group is-style-with-b2-background\"><div class=\"wp-block-group__inner-container is-layout-flow wp-block-group-is-layout-flow\">\n<div style=\"height:100px\" aria-hidden=\"true\" class=\"wp-block-spacer is-style-small-spacer\"><\/div>\n\n\n\n<p class=\"has-text-align-center noMarginBottom has-red-color has-text-color\"><strong>ZACZNIJ SPRZEDAWA\u0106 ONLINE BEZ OGRANICZE\u0143<\/strong><\/p>\n\n\n\n<h2 class=\"has-text-align-center noMarginTop noMarginBottom is-style-h1 wp-block-heading\" style=\"font-size:3.5em\">BP2 ESHOP<\/h2>\n\n\n\n<div style=\"height:100px\" aria-hidden=\"true\" class=\"wp-block-spacer is-style-small-spacer\"><\/div>\n<\/div><\/div>\n\n\n\n<div class=\"wp-block-group is-style-narrower-group\"><div class=\"wp-block-group__inner-container is-layout-flow wp-block-group-is-layout-flow\">\n<p class=\"has-text-align-center\" style=\"font-size:22px\">Internetowa platforma sprzeda\u017cowa, kt\u00f3rej administratorami s\u0105&nbsp;BP2&nbsp;wraz z autoryzowanym dystrybutorem. Poprawne dzia\u0142anie platformy pod k\u0105tem informatycznym jest w ca\u0142o\u015bci gwarantowane przez&nbsp;BP2. Dystrybutor posiada dowolno\u015b\u0107 w zakresie personalizacji strony oraz oferty, a tak\u017ce warunk\u00f3w handlowych.<\/p>\n<\/div><\/div>\n\n\n\n<div style=\"height:100px\" aria-hidden=\"true\" class=\"wp-block-spacer is-style-smaller-spacer\"><\/div>\n\n\n\n<div class=\"wp-block-group\"><div class=\"wp-block-group__inner-container is-layout-flow wp-block-group-is-layout-flow\">\n<div class=\"wp-block-columns is-style-grid fade-in is-layout-flex wp-container-core-columns-is-layout-9d6595d7 wp-block-columns-is-layout-flex\">\n<div class=\"wp-block-column is-layout-flow wp-block-column-is-layout-flow\">\n<div class=\"wp-block-cover is-light is-style-full-height\"><span aria-hidden=\"true\" class=\"wp-block-cover__background has-background-dim-0 has-background-dim\"><\/span><img loading=\"lazy\" decoding=\"async\" width=\"1306\" height=\"1864\" class=\"wp-block-cover__image-background wp-image-31207\" alt=\"\" src=\"https:\/\/vss.yoho.pl\/wp-content\/uploads\/2022\/10\/BPACK.jpg\" style=\"object-position:33% 46%\" data-object-fit=\"cover\" data-object-position=\"33% 46%\" srcset=\"https:\/\/vss.yoho.pl\/wp-content\/uploads\/2022\/10\/BPACK.jpg 1306w, https:\/\/vss.yoho.pl\/wp-content\/uploads\/2022\/10\/BPACK-673x960.jpg 673w, https:\/\/vss.yoho.pl\/wp-content\/uploads\/2022\/10\/BPACK-717x1024.jpg 717w, https:\/\/vss.yoho.pl\/wp-content\/uploads\/2022\/10\/BPACK-768x1096.jpg 768w, https:\/\/vss.yoho.pl\/wp-content\/uploads\/2022\/10\/BPACK-1076x1536.jpg 1076w\" sizes=\"auto, (max-width: 1306px) 100vw, 1306px\" \/><div class=\"wp-block-cover__inner-container is-layout-flow wp-block-cover-is-layout-flow\">\n<p class=\"has-text-align-center\"><\/p>\n<\/div><\/div>\n<\/div>\n\n\n\n<div class=\"wp-block-column is-vertically-aligned-center is-layout-flow wp-block-column-is-layout-flow\">\n<div class=\"wp-block-cover is-light is-style-full-width wp-duotone-8c00b7-fcff41-1\"><span aria-hidden=\"true\" class=\"wp-block-cover__background has-dark-gray-background-color has-background-dim-100 has-background-dim\"><\/span><div class=\"wp-block-cover__inner-container is-layout-flow wp-block-cover-is-layout-flow\">\n<figure class=\"wp-block-image size-large is-resized\"><img loading=\"lazy\" decoding=\"async\" src=\"https:\/\/vss.yoho.pl\/wp-content\/uploads\/2022\/12\/bp2eshop.svg\" alt=\"\" class=\"wp-image-46330\" width=\"185\" height=\"113\"\/><\/figure>\n\n\n\n<p>Sprzeda\u017c w Internecie na przestrzeni ostatnich lat znacz\u0105co wzros\u0142a. <strong>Wed\u0142ug raportu Gemius, a\u017c 77% u\u017cytkownik\u00f3w internetowych skorzysta\u0142o z formy zakup\u00f3w online w 2021 roku przynajmniej raz<\/strong>. Wsp\u00f3\u0142czesny \u015bwiat wymaga od nas zmian w narz\u0119dziach marketingowych i sposobie komunikacji z klientem, dlatego zdecydowali\u015bmy si\u0119 wprowadzi\u0107 dedykowane rozwi\u0105zania dla sprzeda\u017cy internetowej.&nbsp;<\/p>\n\n\n\n<p>Dzi\u0119ki naszemu rozwi\u0105zaniu w kilka dni b\u0119dziesz m\u00f3g\u0142 cieszy\u0107 si\u0119 funkcjonalnym i przyci\u0105gaj\u0105cym wzrok sklepem internetowym.&nbsp;<\/p>\n\n\n\n<p>Poprawne dzia\u0142anie platformy pod k\u0105tem informatycznym jest w ca\u0142o\u015bci zagwarantowane przez BP2. Korzystaj\u0105c z naszego rozwi\u0105zania, nie musisz martwi\u0107 o cyfrowe bezpiecze\u0144stwo i kupowa\u0107 dodatkowych przestrzeni serwerowych, a samo zarz\u0105dzanie sklepem nie wymaga zaawansowanej wiedzy technicznej.&nbsp;<\/p>\n\n\n\n<p>Dystrybutor posiada dowolno\u015b\u0107 w zakresie personalizacji strony oraz oferty, a tak\u017ce warunk\u00f3w handlowych. Twoi klienci b\u0119d\u0105 mogli cieszy\u0107 si\u0119 zakupami na wybranym urz\u0105dzeniu, a wbudowany modu\u0142 p\u0142atno\u015bci w sklepie pozwoli Ci bezproblemowo pobiera\u0107 op\u0142aty za swoje produkty przy pomocy operatora p\u0142atno\u015bci PayU.&nbsp;<\/p>\n\n\n\n<p><strong>Korzystaj\u0105c z naszego rozwi\u0105zania, b\u0119dziesz m\u00f3g\u0142 skupi\u0107 si\u0119 na sprzeda\u017cy, a my dostarczymy Ci reszt\u0119.<\/strong> <strong>Wi\u0119cej informacji uzyskasz kontaktuj\u0105c si\u0119 z naszym przedstawicielem handlowym.<\/strong>&nbsp;<\/p>\n\n\n\n<a href=\"https:\/\/vss.yoho.pl\/kontakt\/?cat=0&#038;subcat=2\"  class=\"button button--red \">SKONTAKTUJ SI\u0118\u00a0Z PRZEDSTAWICIELEM HANDLOWYM<\/a>\n\n\n<div style=\"height:100px\" aria-hidden=\"true\" class=\"wp-block-spacer\"><\/div>\n<\/div><\/div>\n<\/div>\n<\/div>\n<\/div><\/div>\n\n\n\n<div class=\"wp-block-group has-white-background-color has-background\"><div class=\"wp-block-group__inner-container is-layout-flow wp-block-group-is-layout-flow\">\n<div style=\"height:100px\" aria-hidden=\"true\" class=\"wp-block-spacer is-style-smaller-spacer\"><\/div>\n\n\n\n<div class=\"wp-block-columns is-style-grid is-layout-flex wp-container-core-columns-is-layout-9d6595d7 wp-block-columns-is-layout-flex\">\n<div class=\"wp-block-column is-layout-flow wp-block-column-is-layout-flow\">\n<div class=\"wp-block-cover is-style-content-from-bottom\"><span aria-hidden=\"true\" class=\"wp-block-cover__background has-background-dim\"><\/span><img loading=\"lazy\" decoding=\"async\" width=\"1306\" height=\"1864\" class=\"wp-block-cover__image-background wp-image-30254\" alt=\"\" src=\"https:\/\/vss.yoho.pl\/wp-content\/uploads\/2022\/09\/50-50-1.jpg\" style=\"object-position:83% 100%\" data-object-fit=\"cover\" data-object-position=\"83% 100%\" srcset=\"https:\/\/vss.yoho.pl\/wp-content\/uploads\/2022\/09\/50-50-1.jpg 1306w, https:\/\/vss.yoho.pl\/wp-content\/uploads\/2022\/09\/50-50-1-673x960.jpg 673w, https:\/\/vss.yoho.pl\/wp-content\/uploads\/2022\/09\/50-50-1-717x1024.jpg 717w, https:\/\/vss.yoho.pl\/wp-content\/uploads\/2022\/09\/50-50-1-768x1096.jpg 768w, https:\/\/vss.yoho.pl\/wp-content\/uploads\/2022\/09\/50-50-1-1076x1536.jpg 1076w\" sizes=\"auto, (max-width: 1306px) 100vw, 1306px\" \/><div class=\"wp-block-cover__inner-container is-layout-flow wp-block-cover-is-layout-flow\">\n<div style=\"height:100px\" aria-hidden=\"true\" class=\"wp-block-spacer is-style-medium-spacer\"><\/div>\n\n\n\n<figure class=\"wp-block-image size-large is-resized\"><img loading=\"lazy\" decoding=\"async\" src=\"https:\/\/vss.yoho.pl\/wp-content\/uploads\/2022\/12\/bp2-50-50.svg\" alt=\"\" class=\"wp-image-46309\" width=\"185\" height=\"113\"\/><\/figure>\n\n\n\n<p class=\"has-white-color has-text-color\">Program skierowany do dystrybutor\u00f3w oraz dekarzy, w kt\u00f3rym koszty produkcji oferowanej odzie\u017cy roboczej oraz gad\u017cet\u00f3w s\u0105 dzielone po po\u0142owie pomi\u0119dzy&nbsp;BP2, oraz zamawiaj\u0105cego. Na odzie\u017cy oraz gad\u017cetach s\u0105 umieszczone logotypy partner\u00f3w programu.&nbsp;<\/p>\n\n\n\n<div class=\"wp-block-group\"><div class=\"wp-block-group__inner-container is-layout-flow wp-block-group-is-layout-flow\">\n<a href=\"https:\/\/vss.yoho.pl\/program-bp2-50-50\/\"  class=\"button button--red \">DOWIEDZ SI\u0118\u00a0WI\u0118CEJ O PROGRAMIE<\/a><\/div><\/div>\n<\/div><\/div>\n<\/div>\n\n\n\n<div class=\"wp-block-column is-layout-flow wp-block-column-is-layout-flow\">\n<div class=\"wp-block-cover is-light is-style-content-from-bottom\"><span aria-hidden=\"true\" class=\"wp-block-cover__background has-background-dim\"><\/span><img loading=\"lazy\" decoding=\"async\" width=\"1306\" height=\"1864\" class=\"wp-block-cover__image-background wp-image-31334\" alt=\"\" src=\"https:\/\/vss.yoho.pl\/wp-content\/uploads\/2022\/10\/AD.jpg\" style=\"object-position:52% 97%\" data-object-fit=\"cover\" data-object-position=\"52% 97%\" srcset=\"https:\/\/vss.yoho.pl\/wp-content\/uploads\/2022\/10\/AD.jpg 1306w, https:\/\/vss.yoho.pl\/wp-content\/uploads\/2022\/10\/AD-673x960.jpg 673w, https:\/\/vss.yoho.pl\/wp-content\/uploads\/2022\/10\/AD-717x1024.jpg 717w, https:\/\/vss.yoho.pl\/wp-content\/uploads\/2022\/10\/AD-768x1096.jpg 768w, https:\/\/vss.yoho.pl\/wp-content\/uploads\/2022\/10\/AD-1076x1536.jpg 1076w\" sizes=\"auto, (max-width: 1306px) 100vw, 1306px\" \/><div class=\"wp-block-cover__inner-container is-layout-flow wp-block-cover-is-layout-flow\">\n<div style=\"height:100px\" aria-hidden=\"true\" class=\"wp-block-spacer is-style-medium-spacer\"><\/div>\n\n\n\n<figure class=\"wp-block-image size-large is-resized\"><img loading=\"lazy\" decoding=\"async\" src=\"https:\/\/vss.yoho.pl\/wp-content\/uploads\/2022\/12\/bp2-ad.svg\" alt=\"\" class=\"wp-image-46316\" width=\"185\" height=\"113\"\/><\/figure>\n\n\n\n<p class=\"has-white-color has-text-color\">Wychodz\u0105c naprzeciw oczekiwaniom naszych dystrybutor\u00f3w, stworzyli\u015bmy kompleksowy program wsparcia sprzeda\u017cy produkt\u00f3w&nbsp;BP2. Obecnie dzia\u0142ania wspieraj\u0105ce sprzeda\u017c koncentruj\u0105 si\u0119 wok\u00f3\u0142 digital marketingu, nasz dzia\u0142 jest got\u00f3w udzieli\u0107 wszelkich niezb\u0119dnych porad oraz aktywnie wsp\u00f3\u0142dzia\u0142a\u0107 dla uzyskania wsp\u00f3lnego celu.&nbsp;<\/p>\n\n\n\n<div class=\"wp-block-group\"><div class=\"wp-block-group__inner-container is-layout-flow wp-block-group-is-layout-flow\">\n<a href=\"https:\/\/vss.yoho.pl\/program-bp2-authorised-distributor\/\"  class=\"button button--red \">DOWIEDZ SI\u0118\u00a0WI\u0118CEJ O PROGRAMIE<\/a><\/div><\/div>\n<\/div><\/div>\n<\/div>\n\n\n\n<div class=\"wp-block-column is-layout-flow wp-block-column-is-layout-flow\">\n<div class=\"wp-block-cover is-light is-style-content-from-bottom\"><span aria-hidden=\"true\" class=\"wp-block-cover__background has-background-dim\"><\/span><img loading=\"lazy\" decoding=\"async\" width=\"1306\" height=\"1864\" class=\"wp-block-cover__image-background wp-image-31260\" alt=\"\" src=\"https:\/\/vss.yoho.pl\/wp-content\/uploads\/2022\/10\/BPACK-v2.jpg\" style=\"object-position:54% 90%\" data-object-fit=\"cover\" data-object-position=\"54% 90%\" srcset=\"https:\/\/vss.yoho.pl\/wp-content\/uploads\/2022\/10\/BPACK-v2.jpg 1306w, https:\/\/vss.yoho.pl\/wp-content\/uploads\/2022\/10\/BPACK-v2-673x960.jpg 673w, https:\/\/vss.yoho.pl\/wp-content\/uploads\/2022\/10\/BPACK-v2-717x1024.jpg 717w, https:\/\/vss.yoho.pl\/wp-content\/uploads\/2022\/10\/BPACK-v2-768x1096.jpg 768w, https:\/\/vss.yoho.pl\/wp-content\/uploads\/2022\/10\/BPACK-v2-1076x1536.jpg 1076w\" sizes=\"auto, (max-width: 1306px) 100vw, 1306px\" \/><div class=\"wp-block-cover__inner-container is-layout-flow wp-block-cover-is-layout-flow\">\n<div style=\"height:100px\" aria-hidden=\"true\" class=\"wp-block-spacer is-style-medium-spacer\"><\/div>\n\n\n\n<figure class=\"wp-block-image size-large is-resized\"><img loading=\"lazy\" decoding=\"async\" src=\"https:\/\/vss.yoho.pl\/wp-content\/uploads\/2022\/12\/bp2-bpack.svg\" alt=\"\" class=\"wp-image-46323\" width=\"163\" height=\"113\"\/><\/figure>\n\n\n\n<p class=\"has-white-color has-text-color\">Akcja marketingowa skierowana do dystrybutor\u00f3w, w ramach kt\u00f3rej na podstawie przyznanych punkt\u00f3w, dwukrotnie w ci\u0105gu roku za po\u015brednictwem naszego serwisu dystrybutor samodzielnie kompletuje koszyk materia\u0142\u00f3w marketingowych oferowanych w aktualnej edycji programu.<\/p>\n\n\n\n<div class=\"wp-block-group\"><div class=\"wp-block-group__inner-container is-layout-flow wp-block-group-is-layout-flow\">\n<a href=\"https:\/\/vss.yoho.pl\/program-bp2-bpack\/\"  class=\"button button--red \">DOWIEDZ SI\u0118\u00a0WI\u0118CEJ O PROGRAMIE<\/a><\/div><\/div>\n<\/div><\/div>\n<\/div>\n<\/div>\n\n\n\n<div style=\"height:100px\" aria-hidden=\"true\" class=\"wp-block-spacer is-style-small-spacer\"><\/div>\n<\/div><\/div>\n\n\n\n<div style=\"height:100px\" aria-hidden=\"true\" class=\"wp-block-spacer is-style-smaller-spacer\"><\/div>\n","protected":false},"excerpt":{"rendered":"<p>ZACZNIJ SPRZEDAWA\u0106 ONLINE BEZ OGRANICZE\u0143 BP2 ESHOP Internetowa platforma sprzeda\u017cowa, kt\u00f3rej administratorami s\u0105&nbsp;BP2&nbsp;wraz z autoryzowanym dystrybutorem. Poprawne dzia\u0142anie platformy pod k\u0105tem informatycznym jest w ca\u0142o\u015bci gwarantowane przez&nbsp;BP2. Dystrybutor posiada dowolno\u015b\u0107 w zakresie personalizacji strony oraz oferty, a tak\u017ce warunk\u00f3w handlowych.<\/p>\n","protected":false},"author":6,"featured_media":0,"parent":0,"menu_order":34,"comment_status":"closed","ping_status":"closed","template":"","meta":{"_acf_changed":false,"inline_featured_image":false,"footnotes":""},"class_list":["post-31059","page","type-page","status-publish","hentry"],"acf":[],"yoast_head":"<!-- This site is optimized with the Yoast SEO plugin v26.5 - https:\/\/yoast.com\/wordpress\/plugins\/seo\/ -->\n<title>BP2 ESHOP - VSS<\/title>\n<meta name=\"robots\" content=\"noindex, follow, max-snippet:-1, max-image-preview:large, max-video-preview:-1\" \/>\n<meta property=\"og:locale\" content=\"pl_PL\" \/>\n<meta property=\"og:type\" content=\"article\" \/>\n<meta property=\"og:title\" content=\"BP2 ESHOP - VSS\" \/>\n<meta property=\"og:description\" content=\"ZACZNIJ SPRZEDAWA\u0106 ONLINE BEZ OGRANICZE\u0143 BP2 ESHOP Internetowa platforma sprzeda\u017cowa, kt\u00f3rej administratorami s\u0105&nbsp;BP2&nbsp;wraz z autoryzowanym dystrybutorem. Poprawne dzia\u0142anie platformy pod k\u0105tem informatycznym jest w ca\u0142o\u015bci gwarantowane przez&nbsp;BP2. Dystrybutor posiada dowolno\u015b\u0107 w zakresie personalizacji strony oraz oferty, a tak\u017ce warunk\u00f3w handlowych.\" \/>\n<meta property=\"og:url\" content=\"https:\/\/vss.yoho.pl\/pl\/program-bp2-eshop\/\" \/>\n<meta property=\"og:site_name\" content=\"VSS\" \/>\n<meta property=\"article:modified_time\" content=\"2022-12-07T12:54:29+00:00\" \/>\n<meta property=\"og:image\" content=\"https:\/\/vss.yoho.pl\/wp-content\/uploads\/2022\/10\/BPACK.jpg\" \/>\n<meta name=\"twitter:card\" content=\"summary_large_image\" \/>\n<meta name=\"twitter:label1\" content=\"Est. reading time\" \/>\n\t<meta name=\"twitter:data1\" content=\"2 minuty\" \/>\n<script type=\"application\/ld+json\" class=\"yoast-schema-graph\">{\"@context\":\"https:\/\/schema.org\",\"@graph\":[{\"@type\":\"WebPage\",\"@id\":\"https:\/\/vss.yoho.pl\/pl\/program-bp2-eshop\/\",\"url\":\"https:\/\/vss.yoho.pl\/pl\/program-bp2-eshop\/\",\"name\":\"BP2 ESHOP - VSS\",\"isPartOf\":{\"@id\":\"https:\/\/vss.yoho.pl\/#website\"},\"primaryImageOfPage\":{\"@id\":\"https:\/\/vss.yoho.pl\/pl\/program-bp2-eshop\/#primaryimage\"},\"image\":{\"@id\":\"https:\/\/vss.yoho.pl\/pl\/program-bp2-eshop\/#primaryimage\"},\"thumbnailUrl\":\"https:\/\/vss.yoho.pl\/wp-content\/uploads\/2022\/10\/BPACK.jpg\",\"datePublished\":\"2022-10-10T08:47:56+00:00\",\"dateModified\":\"2022-12-07T12:54:29+00:00\",\"breadcrumb\":{\"@id\":\"https:\/\/vss.yoho.pl\/pl\/program-bp2-eshop\/#breadcrumb\"},\"inLanguage\":\"pl-PL\",\"potentialAction\":[{\"@type\":\"ReadAction\",\"target\":[\"https:\/\/vss.yoho.pl\/pl\/program-bp2-eshop\/\"]}]},{\"@type\":\"ImageObject\",\"inLanguage\":\"pl-PL\",\"@id\":\"https:\/\/vss.yoho.pl\/pl\/program-bp2-eshop\/#primaryimage\",\"url\":\"https:\/\/vss.yoho.pl\/wp-content\/uploads\/2022\/10\/BPACK.jpg\",\"contentUrl\":\"https:\/\/vss.yoho.pl\/wp-content\/uploads\/2022\/10\/BPACK.jpg\"},{\"@type\":\"BreadcrumbList\",\"@id\":\"https:\/\/vss.yoho.pl\/pl\/program-bp2-eshop\/#breadcrumb\",\"itemListElement\":[{\"@type\":\"ListItem\",\"position\":1,\"name\":\"Home\",\"item\":\"https:\/\/vss.yoho.pl\/pl\/\"},{\"@type\":\"ListItem\",\"position\":2,\"name\":\"BP2 ESHOP\"}]},{\"@type\":\"WebSite\",\"@id\":\"https:\/\/vss.yoho.pl\/#website\",\"url\":\"https:\/\/vss.yoho.pl\/\",\"name\":\"VSS\",\"description\":\"Stalowe Centrum Serwisowe\",\"potentialAction\":[{\"@type\":\"SearchAction\",\"target\":{\"@type\":\"EntryPoint\",\"urlTemplate\":\"https:\/\/vss.yoho.pl\/?s={search_term_string}\"},\"query-input\":{\"@type\":\"PropertyValueSpecification\",\"valueRequired\":true,\"valueName\":\"search_term_string\"}}],\"inLanguage\":\"pl-PL\"}]}<\/script>\n<!-- \/ Yoast SEO plugin. -->","yoast_head_json":{"title":"BP2 ESHOP - VSS","robots":{"index":"noindex","follow":"follow","max-snippet":"max-snippet:-1","max-image-preview":"max-image-preview:large","max-video-preview":"max-video-preview:-1"},"og_locale":"pl_PL","og_type":"article","og_title":"BP2 ESHOP - VSS","og_description":"ZACZNIJ SPRZEDAWA\u0106 ONLINE BEZ OGRANICZE\u0143 BP2 ESHOP Internetowa platforma sprzeda\u017cowa, kt\u00f3rej administratorami s\u0105&nbsp;BP2&nbsp;wraz z autoryzowanym dystrybutorem. Poprawne dzia\u0142anie platformy pod k\u0105tem informatycznym jest w ca\u0142o\u015bci gwarantowane przez&nbsp;BP2. Dystrybutor posiada dowolno\u015b\u0107 w zakresie personalizacji strony oraz oferty, a tak\u017ce warunk\u00f3w handlowych.","og_url":"https:\/\/vss.yoho.pl\/pl\/program-bp2-eshop\/","og_site_name":"VSS","article_modified_time":"2022-12-07T12:54:29+00:00","og_image":[{"url":"https:\/\/vss.yoho.pl\/wp-content\/uploads\/2022\/10\/BPACK.jpg","type":"","width":"","height":""}],"twitter_card":"summary_large_image","twitter_misc":{"Est. reading time":"2 minuty"},"schema":{"@context":"https:\/\/schema.org","@graph":[{"@type":"WebPage","@id":"https:\/\/vss.yoho.pl\/pl\/program-bp2-eshop\/","url":"https:\/\/vss.yoho.pl\/pl\/program-bp2-eshop\/","name":"BP2 ESHOP - VSS","isPartOf":{"@id":"https:\/\/vss.yoho.pl\/#website"},"primaryImageOfPage":{"@id":"https:\/\/vss.yoho.pl\/pl\/program-bp2-eshop\/#primaryimage"},"image":{"@id":"https:\/\/vss.yoho.pl\/pl\/program-bp2-eshop\/#primaryimage"},"thumbnailUrl":"https:\/\/vss.yoho.pl\/wp-content\/uploads\/2022\/10\/BPACK.jpg","datePublished":"2022-10-10T08:47:56+00:00","dateModified":"2022-12-07T12:54:29+00:00","breadcrumb":{"@id":"https:\/\/vss.yoho.pl\/pl\/program-bp2-eshop\/#breadcrumb"},"inLanguage":"pl-PL","potentialAction":[{"@type":"ReadAction","target":["https:\/\/vss.yoho.pl\/pl\/program-bp2-eshop\/"]}]},{"@type":"ImageObject","inLanguage":"pl-PL","@id":"https:\/\/vss.yoho.pl\/pl\/program-bp2-eshop\/#primaryimage","url":"https:\/\/vss.yoho.pl\/wp-content\/uploads\/2022\/10\/BPACK.jpg","contentUrl":"https:\/\/vss.yoho.pl\/wp-content\/uploads\/2022\/10\/BPACK.jpg"},{"@type":"BreadcrumbList","@id":"https:\/\/vss.yoho.pl\/pl\/program-bp2-eshop\/#breadcrumb","itemListElement":[{"@type":"ListItem","position":1,"name":"Home","item":"https:\/\/vss.yoho.pl\/pl\/"},{"@type":"ListItem","position":2,"name":"BP2 ESHOP"}]},{"@type":"WebSite","@id":"https:\/\/vss.yoho.pl\/#website","url":"https:\/\/vss.yoho.pl\/","name":"VSS","description":"Stalowe Centrum Serwisowe","potentialAction":[{"@type":"SearchAction","target":{"@type":"EntryPoint","urlTemplate":"https:\/\/vss.yoho.pl\/?s={search_term_string}"},"query-input":{"@type":"PropertyValueSpecification","valueRequired":true,"valueName":"search_term_string"}}],"inLanguage":"pl-PL"}]}},"_links":{"self":[{"href":"https:\/\/vss.yoho.pl\/pl\/wp-json\/wp\/v2\/pages\/31059","targetHints":{"allow":["GET"]}}],"collection":[{"href":"https:\/\/vss.yoho.pl\/pl\/wp-json\/wp\/v2\/pages"}],"about":[{"href":"https:\/\/vss.yoho.pl\/pl\/wp-json\/wp\/v2\/types\/page"}],"author":[{"embeddable":true,"href":"https:\/\/vss.yoho.pl\/pl\/wp-json\/wp\/v2\/users\/6"}],"replies":[{"embeddable":true,"href":"https:\/\/vss.yoho.pl\/pl\/wp-json\/wp\/v2\/comments?post=31059"}],"version-history":[{"count":48,"href":"https:\/\/vss.yoho.pl\/pl\/wp-json\/wp\/v2\/pages\/31059\/revisions"}],"predecessor-version":[{"id":46516,"href":"https:\/\/vss.yoho.pl\/pl\/wp-json\/wp\/v2\/pages\/31059\/revisions\/46516"}],"wp:attachment":[{"href":"https:\/\/vss.yoho.pl\/pl\/wp-json\/wp\/v2\/media?parent=31059"}],"curies":[{"name":"wp","href":"https:\/\/api.w.org\/{rel}","templated":true}]}}