{"id":81,"date":"2022-01-05T14:14:44","date_gmt":"2022-01-05T13:14:44","guid":{"rendered":"http:\/\/local.bp2\/?page_id=81"},"modified":"2022-12-19T11:56:03","modified_gmt":"2022-12-19T10:56:03","slug":"oferta","status":"publish","type":"page","link":"https:\/\/vss.yoho.pl\/pl\/oferta\/","title":{"rendered":"Oferta"},"content":{"rendered":"\n<h1 class=\"has-text-align-center is-style-h2 wp-block-heading\">NASZA OFERTA<\/h1>\n\n\n\n<div class=\"wp-block-group is-style-narrow-group\"><div class=\"wp-block-group__inner-container is-layout-flow wp-block-group-is-layout-flow\">\n<p class=\"has-text-align-center\"> Jeste\u015bmy producentem kompleksowych rozwi\u0105za\u0144 dla budownictwa. Oferujemy ca\u0142\u0105 gam\u0119 produkt\u00f3w dedykowanych budownictwu inwestycyjnemu oraz rodzinnemu tj. pokrycia dachowe, blachy konstrukcyjne, systemy elewacyjne, p\u0142yty warstwowe, kasetony \u015bcienne, systemy rynnowe, a tak\u017ce specjalistyczne us\u0142ugi obr\u00f3bki stali w ramach stalowego centrum us\u0142ugowego. Stale poszerzamy sw\u00f3j asortyment, dostosowuj\u0105c si\u0119 do wymaga\u0144 rynku oraz rozwoju technologicznego. <\/p>\n\n\n\n<div style=\"height:100px\" aria-hidden=\"true\" class=\"wp-block-spacer is-style-small-spacer\"><\/div>\n<\/div><\/div>\n\n\n\n<div class=\"wp-block-group\"><div class=\"wp-block-group__inner-container is-layout-flow wp-block-group-is-layout-flow\">\n<div class=\"wp-block-columns is-style-grid is-layout-flex wp-container-core-columns-is-layout-9d6595d7 wp-block-columns-is-layout-flex\">\n<div class=\"wp-block-column is-layout-flow wp-block-column-is-layout-flow\">\n<div class=\"wp-block-cover is-style-full-height\"><span aria-hidden=\"true\" class=\"wp-block-cover__background has-background-dim-0 has-background-dim\"><\/span><img loading=\"lazy\" decoding=\"async\" width=\"804\" height=\"538\" class=\"wp-block-cover__image-background wp-image-783\" alt=\"\" src=\"http:\/\/vss.yoho.pl\/wp-content\/uploads\/2022\/02\/bp2_oferta_1.png\" data-object-fit=\"cover\" srcset=\"https:\/\/vss.yoho.pl\/wp-content\/uploads\/2022\/02\/bp2_oferta_1.png 804w, https:\/\/vss.yoho.pl\/wp-content\/uploads\/2022\/02\/bp2_oferta_1-768x514.png 768w\" sizes=\"auto, (max-width: 804px) 100vw, 804px\" \/><div class=\"wp-block-cover__inner-container is-layout-flow wp-block-cover-is-layout-flow\">\n<p class=\"has-text-align-center has-large-font-size\"><\/p>\n<\/div><\/div>\n<\/div>\n\n\n\n<div class=\"wp-block-column is-layout-flow wp-block-column-is-layout-flow\">\n<div class=\"wp-block-cover is-light is-style-full-height\"><span aria-hidden=\"true\" class=\"wp-block-cover__background has-dark-gray-background-color has-background-dim-100 has-background-dim\"><\/span><div class=\"wp-block-cover__inner-container is-layout-flow wp-block-cover-is-layout-flow\">\n<h3 class=\"header-with-icon \">\n<span class=\"header-with-icon__icon\"><img decoding=\"async\" src=\"https:\/\/vss.yoho.pl\/wp-content\/uploads\/2022\/01\/home-icon.png\" alt=\"BUDOWNICTWO MIESZKANIOWE\"><\/span>\n<span class=\"header-with-icon__content\">BUDOWNICTWO MIESZKANIOWE<\/span>\n<\/h3>\n\n\n<ul class=\"links-list links-list--multiple \">\n                    <li class=\"links-list__item\">\n            <a href=\"http:\/\/bp2.yoho.pl\/oferta\/budownictwo-mieszkaniowe\/?type=modular-series-blachodachowki-modulowe\">\n                <span class=\"links-list__smallTitle\">Blachodach\u00f3wki modu\u0142owe<\/span>                <span class=\"links-list__title\">MODULAR SERIES<\/span>            <\/a>\n        <\/li>\n                    <li class=\"links-list__item\">\n            <a href=\"http:\/\/bp2.yoho.pl\/oferta\/budownictwo-mieszkaniowe?type=systemy-rynnowe-inguri\">\n                <span class=\"links-list__smallTitle\">Systemy rynnowe<\/span>                <span class=\"links-list__title\">INGURI<\/span>            <\/a>\n        <\/li>\n                    <li class=\"links-list__item\">\n            <a href=\"http:\/\/bp2.yoho.pl\/oferta\/budownictwo-mieszkaniowe?type=compact-series-blachodachowki-kompaktowe\">\n                <span class=\"links-list__smallTitle\">Blachodach\u00f3wki komapktowe<\/span>                <span class=\"links-list__title\">Compact SERIES<\/span>            <\/a>\n        <\/li>\n                    <li class=\"links-list__item\">\n            <a href=\"https:\/\/bp2.yoho.pl\/oferta\/budownictwo-mieszkaniowe?type=blachy-trapezowe\">\n                                <span class=\"links-list__title\">Blachy trapezowe<\/span>            <\/a>\n        <\/li>\n                    <li class=\"links-list__item\">\n            <a href=\"http:\/\/bp2.yoho.pl\/oferta\/budownictwo-mieszkaniowe?type=classic-series-blachodachowki-ciete-na-wymiar\">\n                <span class=\"links-list__smallTitle\">Blach\u00f3wki ci\u0119te na wymiar<\/span>                <span class=\"links-list__title\">CLASSIC SERIES<\/span>            <\/a>\n        <\/li>\n                    <li class=\"links-list__item\">\n            <a href=\"http:\/\/bp2.yoho.pl\/oferta\/budownictwo-mieszkaniowe?type=blachy-plaskie\">\n                                <span class=\"links-list__title\">Blachy p\u0142askie<\/span>            <\/a>\n        <\/li>\n                    <li class=\"links-list__item\">\n            <a href=\"https:\/\/bp2.yoho.pl\/oferta\/budownictwo-mieszkaniowe?type=panele-dachowe\">\n                <span class=\"links-list__smallTitle\">Panele dachowe<\/span>                <span class=\"links-list__title\">PANEL SERIES<\/span>            <\/a>\n        <\/li>\n                    <li class=\"links-list__item\">\n            <a href=\"http:\/\/bp2.yoho.pl\/oferta\/budownictwo-mieszkaniowe?type=obrobki-blacharskie\">\n                                <span class=\"links-list__title\">Obr\u00f3bki blacharskie<\/span>            <\/a>\n        <\/li>\n                    <li class=\"links-list__item\">\n            <a href=\"http:\/\/bp2.yoho.pl\/oferta\/budownictwo-mieszkaniowe?type=akcesoria-dachowe\">\n                                <span class=\"links-list__title\">Akcesoria dachowe<\/span>            <\/a>\n        <\/li>\n    <\/ul><\/div><\/div>\n<\/div>\n<\/div>\n\n\n\n<div class=\"wp-block-columns is-style-mobile-reverse is-style-grid fade-in is-layout-flex wp-container-core-columns-is-layout-9d6595d7 wp-block-columns-is-layout-flex\">\n<div class=\"wp-block-column is-layout-flow wp-block-column-is-layout-flow\">\n<div class=\"wp-block-cover is-light is-style-full-height\"><span aria-hidden=\"true\" class=\"wp-block-cover__background has-dark-gray-background-color has-background-dim-100 has-background-dim\"><\/span><div class=\"wp-block-cover__inner-container is-layout-flow wp-block-cover-is-layout-flow\">\n<h3 class=\"header-with-icon \">\n<span class=\"header-with-icon__icon\"><img decoding=\"async\" src=\"https:\/\/vss.yoho.pl\/wp-content\/uploads\/2022\/02\/noun_mall_3821276.png\" alt=\"BUDOWNICTWO INWESTYCYJNE\"><\/span>\n<span class=\"header-with-icon__content\">BUDOWNICTWO INWESTYCYJNE<\/span>\n<\/h3>\n\n\n<ul class=\"links-list links-list--multiple \">\n                    <li class=\"links-list__item\">\n            <a href=\"https:\/\/bp2.yoho.pl\/produkt\/kasetony-elewacyjne-skrin\/\">\n                <span class=\"links-list__smallTitle\">Kasetony elewacyjne<\/span>                <span class=\"links-list__title\">SKRIN<\/span>            <\/a>\n        <\/li>\n                    <li class=\"links-list__item\">\n            <a href=\"https:\/\/bp2.yoho.pl\/oferta\/budownictwo-inwestycyjne\/?type=plyty-warstwowe-scienne\">\n                <span class=\"links-list__smallTitle\">P\u0142yty warstwowe \u015bcienne<\/span>                <span class=\"links-list__title\">CorePIR, CorePUR, CoreWOOL<\/span>            <\/a>\n        <\/li>\n                    <li class=\"links-list__item\">\n            <a href=\"https:\/\/bp2.yoho.pl\/produkt\/panele-elewacyjne-linea\/\">\n                <span class=\"links-list__smallTitle\">Panele elewacyjne<\/span>                <span class=\"links-list__title\">LINEA<\/span>            <\/a>\n        <\/li>\n                    <li class=\"links-list__item\">\n            <a href=\"https:\/\/bp2.yoho.pl\/oferta\/budownictwo-inwestycyjne\/?type=plyty-warstwowe-dachowe\">\n                <span class=\"links-list__smallTitle\">P\u0142yty warstwowe dachowe<\/span>                <span class=\"links-list__title\">CorePIR, CorePUR, CoreWOOL<\/span>            <\/a>\n        <\/li>\n                    <li class=\"links-list__item\">\n            <a href=\"https:\/\/bp2.yoho.pl\/oferta\/budownictwo-inwestycyjne\/?type=kasety-scienne-i-prosystem\">\n                <span class=\"links-list__smallTitle\">Kasety<\/span>                <span class=\"links-list__title\">\u015acienne i PROSYSTEM<\/span>            <\/a>\n        <\/li>\n                    <li class=\"links-list__item\">\n            <a href=\"#\">\n                                <span class=\"links-list__title\">Profile konstrukcyjne Z i C<\/span>            <\/a>\n        <\/li>\n                    <li class=\"links-list__item\">\n            <a href=\"https:\/\/bp2.yoho.pl\/oferta\/budownictwo-inwestycyjne\/?type=blachy-trapezowe-inwestycje\">\n                                <span class=\"links-list__title\">Konstrukcyjne blachy trapezowe<\/span>            <\/a>\n        <\/li>\n    <\/ul><\/div><\/div>\n<\/div>\n\n\n\n<div class=\"wp-block-column is-layout-flow wp-block-column-is-layout-flow\">\n<div class=\"wp-block-cover is-light is-style-full-height\"><span aria-hidden=\"true\" class=\"wp-block-cover__background has-background-dim-0 has-background-dim\"><\/span><img loading=\"lazy\" decoding=\"async\" width=\"804\" height=\"487\" class=\"wp-block-cover__image-background wp-image-789\" alt=\"\" src=\"http:\/\/vss.yoho.pl\/wp-content\/uploads\/2022\/02\/bp2_oferta_2.png\" data-object-fit=\"cover\" srcset=\"https:\/\/vss.yoho.pl\/wp-content\/uploads\/2022\/02\/bp2_oferta_2.png 804w, https:\/\/vss.yoho.pl\/wp-content\/uploads\/2022\/02\/bp2_oferta_2-768x465.png 768w\" sizes=\"auto, (max-width: 804px) 100vw, 804px\" \/><div class=\"wp-block-cover__inner-container is-layout-flow wp-block-cover-is-layout-flow\">\n<p class=\"has-text-align-center has-large-font-size\"><\/p>\n<\/div><\/div>\n<\/div>\n<\/div>\n\n\n\n<div class=\"wp-block-columns is-style-grid is-layout-flex wp-container-core-columns-is-layout-9d6595d7 wp-block-columns-is-layout-flex\">\n<div class=\"wp-block-column is-layout-flow wp-block-column-is-layout-flow\">\n<div class=\"wp-block-cover is-style-full-height\"><span aria-hidden=\"true\" class=\"wp-block-cover__background has-background-dim-0 has-background-dim\"><\/span><img loading=\"lazy\" decoding=\"async\" width=\"804\" height=\"393\" class=\"wp-block-cover__image-background wp-image-805\" alt=\"\" src=\"http:\/\/vss.yoho.pl\/wp-content\/uploads\/2022\/02\/bp2_oferta_3.png\" data-object-fit=\"cover\" srcset=\"https:\/\/vss.yoho.pl\/wp-content\/uploads\/2022\/02\/bp2_oferta_3.png 804w, https:\/\/vss.yoho.pl\/wp-content\/uploads\/2022\/02\/bp2_oferta_3-768x375.png 768w\" sizes=\"auto, (max-width: 804px) 100vw, 804px\" \/><div class=\"wp-block-cover__inner-container is-layout-flow wp-block-cover-is-layout-flow\">\n<p class=\"has-text-align-center has-large-font-size\"><\/p>\n<\/div><\/div>\n<\/div>\n\n\n\n<div class=\"wp-block-column is-layout-flow wp-block-column-is-layout-flow\">\n<div class=\"wp-block-cover is-light is-style-full-height\"><span aria-hidden=\"true\" class=\"wp-block-cover__background has-dark-gray-background-color has-background-dim-100 has-background-dim\"><\/span><div class=\"wp-block-cover__inner-container is-layout-flow wp-block-cover-is-layout-flow\">\n<h3 class=\"header-with-icon \">\n<span class=\"header-with-icon__icon\"><img decoding=\"async\" src=\"https:\/\/vss.yoho.pl\/wp-content\/uploads\/2022\/02\/Path-99.png\" alt=\"Stalowe Centrum Us\u0142ugowe VSS\"><\/span>\n<span class=\"header-with-icon__content\">Stalowe Centrum Us\u0142ugowe VSS<\/span>\n<\/h3>\n\n\n<ul class=\"links-list links-list--multiple \">\n                    <li class=\"links-list__item\">\n            <a href=\"https:\/\/vss.yoho.pl\/pl\/oferta\/stalowe-centrum-serwisowe\/?type=rozkroje\">\n                                <span class=\"links-list__title\">Rozkroje<\/span>            <\/a>\n        <\/li>\n                    <li class=\"links-list__item\">\n            <a href=\"https:\/\/vss.yoho.pl\/pl\/oferta\/stalowe-centrum-serwisowe\/?type=formatki\">\n                                <span class=\"links-list__title\">Formatki<\/span>            <\/a>\n        <\/li>\n                    <li class=\"links-list__item\">\n            <a href=\"https:\/\/vss.yoho.pl\/pl\/oferta\/stalowe-centrum-serwisowe\/?type=perforacja-blach\">\n                                <span class=\"links-list__title\">Perforacja<\/span>            <\/a>\n        <\/li>\n    <\/ul><\/div><\/div>\n<\/div>\n<\/div>\n\n\n\n<div style=\"height:100px\" aria-hidden=\"true\" class=\"wp-block-spacer is-style-small-spacer\"><\/div>\n<\/div><\/div>\n","protected":false},"excerpt":{"rendered":"<p>NASZA OFERTA Jeste\u015bmy producentem kompleksowych rozwi\u0105za\u0144 dla budownictwa. Oferujemy ca\u0142\u0105 gam\u0119 produkt\u00f3w dedykowanych budownictwu inwestycyjnemu oraz rodzinnemu tj. pokrycia dachowe, blachy konstrukcyjne, systemy elewacyjne, p\u0142yty warstwowe, kasetony \u015bcienne, systemy rynnowe, a tak\u017ce specjalistyczne us\u0142ugi obr\u00f3bki stali w ramach stalowego centrum us\u0142ugowego. Stale poszerzamy sw\u00f3j asortyment, dostosowuj\u0105c si\u0119 do wymaga\u0144 rynku oraz rozwoju technologicznego.<\/p>\n","protected":false},"author":1,"featured_media":0,"parent":0,"menu_order":78,"comment_status":"closed","ping_status":"closed","template":"templates\/offer.php","meta":{"_acf_changed":false,"inline_featured_image":false,"footnotes":""},"class_list":["post-81","page","type-page","status-publish","hentry"],"acf":[],"yoast_head":"<!-- This site is optimized with the Yoast SEO plugin v26.5 - https:\/\/yoast.com\/wordpress\/plugins\/seo\/ -->\n<title>Oferta - VSS<\/title>\n<meta name=\"robots\" content=\"noindex, follow, max-snippet:-1, max-image-preview:large, max-video-preview:-1\" \/>\n<meta property=\"og:locale\" content=\"pl_PL\" \/>\n<meta property=\"og:type\" content=\"article\" \/>\n<meta property=\"og:title\" content=\"Oferta - VSS\" \/>\n<meta property=\"og:description\" content=\"NASZA OFERTA Jeste\u015bmy producentem kompleksowych rozwi\u0105za\u0144 dla budownictwa. Oferujemy ca\u0142\u0105 gam\u0119 produkt\u00f3w dedykowanych budownictwu inwestycyjnemu oraz rodzinnemu tj. pokrycia dachowe, blachy konstrukcyjne, systemy elewacyjne, p\u0142yty warstwowe, kasetony \u015bcienne, systemy rynnowe, a tak\u017ce specjalistyczne us\u0142ugi obr\u00f3bki stali w ramach stalowego centrum us\u0142ugowego. Stale poszerzamy sw\u00f3j asortyment, dostosowuj\u0105c si\u0119 do wymaga\u0144 rynku oraz rozwoju technologicznego.\" \/>\n<meta property=\"og:url\" content=\"https:\/\/vss.yoho.pl\/pl\/oferta\/\" \/>\n<meta property=\"og:site_name\" content=\"VSS\" \/>\n<meta property=\"article:modified_time\" content=\"2022-12-19T10:56:03+00:00\" \/>\n<meta property=\"og:image\" content=\"http:\/\/vss.yoho.pl\/wp-content\/uploads\/2022\/02\/bp2_oferta_1.png\" \/>\n<meta name=\"twitter:card\" content=\"summary_large_image\" \/>\n<script type=\"application\/ld+json\" class=\"yoast-schema-graph\">{\"@context\":\"https:\/\/schema.org\",\"@graph\":[{\"@type\":\"WebPage\",\"@id\":\"https:\/\/vss.yoho.pl\/pl\/oferta\/\",\"url\":\"https:\/\/vss.yoho.pl\/pl\/oferta\/\",\"name\":\"Oferta - VSS\",\"isPartOf\":{\"@id\":\"https:\/\/vss.yoho.pl\/#website\"},\"primaryImageOfPage\":{\"@id\":\"https:\/\/vss.yoho.pl\/pl\/oferta\/#primaryimage\"},\"image\":{\"@id\":\"https:\/\/vss.yoho.pl\/pl\/oferta\/#primaryimage\"},\"thumbnailUrl\":\"http:\/\/vss.yoho.pl\/wp-content\/uploads\/2022\/02\/bp2_oferta_1.png\",\"datePublished\":\"2022-01-05T13:14:44+00:00\",\"dateModified\":\"2022-12-19T10:56:03+00:00\",\"breadcrumb\":{\"@id\":\"https:\/\/vss.yoho.pl\/pl\/oferta\/#breadcrumb\"},\"inLanguage\":\"pl-PL\",\"potentialAction\":[{\"@type\":\"ReadAction\",\"target\":[\"https:\/\/vss.yoho.pl\/pl\/oferta\/\"]}]},{\"@type\":\"ImageObject\",\"inLanguage\":\"pl-PL\",\"@id\":\"https:\/\/vss.yoho.pl\/pl\/oferta\/#primaryimage\",\"url\":\"http:\/\/vss.yoho.pl\/wp-content\/uploads\/2022\/02\/bp2_oferta_1.png\",\"contentUrl\":\"http:\/\/vss.yoho.pl\/wp-content\/uploads\/2022\/02\/bp2_oferta_1.png\"},{\"@type\":\"BreadcrumbList\",\"@id\":\"https:\/\/vss.yoho.pl\/pl\/oferta\/#breadcrumb\",\"itemListElement\":[{\"@type\":\"ListItem\",\"position\":1,\"name\":\"Home\",\"item\":\"https:\/\/vss.yoho.pl\/pl\/\"},{\"@type\":\"ListItem\",\"position\":2,\"name\":\"Oferta\"}]},{\"@type\":\"WebSite\",\"@id\":\"https:\/\/vss.yoho.pl\/#website\",\"url\":\"https:\/\/vss.yoho.pl\/\",\"name\":\"VSS\",\"description\":\"Stalowe Centrum Serwisowe\",\"potentialAction\":[{\"@type\":\"SearchAction\",\"target\":{\"@type\":\"EntryPoint\",\"urlTemplate\":\"https:\/\/vss.yoho.pl\/?s={search_term_string}\"},\"query-input\":{\"@type\":\"PropertyValueSpecification\",\"valueRequired\":true,\"valueName\":\"search_term_string\"}}],\"inLanguage\":\"pl-PL\"}]}<\/script>\n<!-- \/ Yoast SEO plugin. -->","yoast_head_json":{"title":"Oferta - VSS","robots":{"index":"noindex","follow":"follow","max-snippet":"max-snippet:-1","max-image-preview":"max-image-preview:large","max-video-preview":"max-video-preview:-1"},"og_locale":"pl_PL","og_type":"article","og_title":"Oferta - VSS","og_description":"NASZA OFERTA Jeste\u015bmy producentem kompleksowych rozwi\u0105za\u0144 dla budownictwa. Oferujemy ca\u0142\u0105 gam\u0119 produkt\u00f3w dedykowanych budownictwu inwestycyjnemu oraz rodzinnemu tj. pokrycia dachowe, blachy konstrukcyjne, systemy elewacyjne, p\u0142yty warstwowe, kasetony \u015bcienne, systemy rynnowe, a tak\u017ce specjalistyczne us\u0142ugi obr\u00f3bki stali w ramach stalowego centrum us\u0142ugowego. Stale poszerzamy sw\u00f3j asortyment, dostosowuj\u0105c si\u0119 do wymaga\u0144 rynku oraz rozwoju technologicznego.","og_url":"https:\/\/vss.yoho.pl\/pl\/oferta\/","og_site_name":"VSS","article_modified_time":"2022-12-19T10:56:03+00:00","og_image":[{"url":"http:\/\/vss.yoho.pl\/wp-content\/uploads\/2022\/02\/bp2_oferta_1.png","type":"","width":"","height":""}],"twitter_card":"summary_large_image","schema":{"@context":"https:\/\/schema.org","@graph":[{"@type":"WebPage","@id":"https:\/\/vss.yoho.pl\/pl\/oferta\/","url":"https:\/\/vss.yoho.pl\/pl\/oferta\/","name":"Oferta - VSS","isPartOf":{"@id":"https:\/\/vss.yoho.pl\/#website"},"primaryImageOfPage":{"@id":"https:\/\/vss.yoho.pl\/pl\/oferta\/#primaryimage"},"image":{"@id":"https:\/\/vss.yoho.pl\/pl\/oferta\/#primaryimage"},"thumbnailUrl":"http:\/\/vss.yoho.pl\/wp-content\/uploads\/2022\/02\/bp2_oferta_1.png","datePublished":"2022-01-05T13:14:44+00:00","dateModified":"2022-12-19T10:56:03+00:00","breadcrumb":{"@id":"https:\/\/vss.yoho.pl\/pl\/oferta\/#breadcrumb"},"inLanguage":"pl-PL","potentialAction":[{"@type":"ReadAction","target":["https:\/\/vss.yoho.pl\/pl\/oferta\/"]}]},{"@type":"ImageObject","inLanguage":"pl-PL","@id":"https:\/\/vss.yoho.pl\/pl\/oferta\/#primaryimage","url":"http:\/\/vss.yoho.pl\/wp-content\/uploads\/2022\/02\/bp2_oferta_1.png","contentUrl":"http:\/\/vss.yoho.pl\/wp-content\/uploads\/2022\/02\/bp2_oferta_1.png"},{"@type":"BreadcrumbList","@id":"https:\/\/vss.yoho.pl\/pl\/oferta\/#breadcrumb","itemListElement":[{"@type":"ListItem","position":1,"name":"Home","item":"https:\/\/vss.yoho.pl\/pl\/"},{"@type":"ListItem","position":2,"name":"Oferta"}]},{"@type":"WebSite","@id":"https:\/\/vss.yoho.pl\/#website","url":"https:\/\/vss.yoho.pl\/","name":"VSS","description":"Stalowe Centrum Serwisowe","potentialAction":[{"@type":"SearchAction","target":{"@type":"EntryPoint","urlTemplate":"https:\/\/vss.yoho.pl\/?s={search_term_string}"},"query-input":{"@type":"PropertyValueSpecification","valueRequired":true,"valueName":"search_term_string"}}],"inLanguage":"pl-PL"}]}},"_links":{"self":[{"href":"https:\/\/vss.yoho.pl\/pl\/wp-json\/wp\/v2\/pages\/81","targetHints":{"allow":["GET"]}}],"collection":[{"href":"https:\/\/vss.yoho.pl\/pl\/wp-json\/wp\/v2\/pages"}],"about":[{"href":"https:\/\/vss.yoho.pl\/pl\/wp-json\/wp\/v2\/types\/page"}],"author":[{"embeddable":true,"href":"https:\/\/vss.yoho.pl\/pl\/wp-json\/wp\/v2\/users\/1"}],"replies":[{"embeddable":true,"href":"https:\/\/vss.yoho.pl\/pl\/wp-json\/wp\/v2\/comments?post=81"}],"version-history":[{"count":65,"href":"https:\/\/vss.yoho.pl\/pl\/wp-json\/wp\/v2\/pages\/81\/revisions"}],"predecessor-version":[{"id":48586,"href":"https:\/\/vss.yoho.pl\/pl\/wp-json\/wp\/v2\/pages\/81\/revisions\/48586"}],"wp:attachment":[{"href":"https:\/\/vss.yoho.pl\/pl\/wp-json\/wp\/v2\/media?parent=81"}],"curies":[{"name":"wp","href":"https:\/\/api.w.org\/{rel}","templated":true}]}}