{"id":8817,"date":"2022-04-19T08:11:31","date_gmt":"2022-04-19T06:11:31","guid":{"rendered":"http:\/\/vss.yoho.pl\/?page_id=8817"},"modified":"2022-09-02T14:25:43","modified_gmt":"2022-09-02T12:25:43","slug":"faq","status":"publish","type":"page","link":"https:\/\/vss.yoho.pl\/pl\/faq\/","title":{"rendered":"Najcz\u0119\u015bciej Zadawane Pytania (FAQ)"},"content":{"rendered":"\n<h2 class=\"is-style-h2 wp-block-heading\" style=\"font-size:24px\">Potrzebujesz pomocy? Tutaj sprawdzisz odpowiedzi na najcz\u0119\u015bciej zadawane pytania przez naszych klient\u00f3w.<\/h2>\n\n\n\n<p>Cenimy tw\u00f3j czas, dlatego szybkie rozwik\u0142anie wszelkich w\u0105tpliwo\u015bci jest naszym priorytetem.<\/p>\n\n\n\n<p>Je\u017celi nie znalaz\u0142e\u015b odpowiedzi na nurtuj\u0105ce Ci\u0119 pytanie mo\u017cesz je zada\u0107 naszym specjalistom, skorzystaj z zak\u0142adki <a rel=\"noreferrer noopener\" href=\"https:\/\/vss.yoho.pl\/kontakt\/\" target=\"_blank\"><u><strong>kontakt i napisz do nas<\/strong>.<\/u><\/a> <\/p>\n\n\n\n<p>Bardzo ch\u0119tnie Ci pomo\u017cemy i rozwiejemy wszelkie w\u0105tpliwo\u015bci.<\/p>\n","protected":false},"excerpt":{"rendered":"<p>Potrzebujesz pomocy? Tutaj sprawdzisz odpowiedzi na najcz\u0119\u015bciej zadawane pytania przez naszych klient\u00f3w. Cenimy tw\u00f3j czas, dlatego szybkie rozwik\u0142anie wszelkich w\u0105tpliwo\u015bci jest naszym priorytetem. Je\u017celi nie znalaz\u0142e\u015b odpowiedzi na nurtuj\u0105ce Ci\u0119 pytanie mo\u017cesz je zada\u0107 naszym specjalistom, skorzystaj z zak\u0142adki kontakt i napisz do nas. Bardzo ch\u0119tnie Ci pomo\u017cemy i rozwiejemy wszelkie w\u0105tpliwo\u015bci.<\/p>\n","protected":false},"author":1,"featured_media":0,"parent":0,"menu_order":17,"comment_status":"closed","ping_status":"closed","template":"templates\/faq.php","meta":{"_acf_changed":false,"inline_featured_image":false,"footnotes":""},"class_list":["post-8817","page","type-page","status-publish","hentry"],"acf":[],"yoast_head":"<!-- This site is optimized with the Yoast SEO plugin v26.5 - https:\/\/yoast.com\/wordpress\/plugins\/seo\/ -->\n<title>Najcz\u0119\u015bciej Zadawane Pytania (FAQ) - VSS<\/title>\n<meta name=\"robots\" content=\"noindex, follow, max-snippet:-1, max-image-preview:large, max-video-preview:-1\" \/>\n<meta property=\"og:locale\" content=\"pl_PL\" \/>\n<meta property=\"og:type\" content=\"article\" \/>\n<meta property=\"og:title\" content=\"Najcz\u0119\u015bciej Zadawane Pytania (FAQ) - VSS\" \/>\n<meta property=\"og:description\" content=\"Potrzebujesz pomocy? Tutaj sprawdzisz odpowiedzi na najcz\u0119\u015bciej zadawane pytania przez naszych klient\u00f3w. Cenimy tw\u00f3j czas, dlatego szybkie rozwik\u0142anie wszelkich w\u0105tpliwo\u015bci jest naszym priorytetem. Je\u017celi nie znalaz\u0142e\u015b odpowiedzi na nurtuj\u0105ce Ci\u0119 pytanie mo\u017cesz je zada\u0107 naszym specjalistom, skorzystaj z zak\u0142adki kontakt i napisz do nas. Bardzo ch\u0119tnie Ci pomo\u017cemy i rozwiejemy wszelkie w\u0105tpliwo\u015bci.\" \/>\n<meta property=\"og:url\" content=\"https:\/\/vss.yoho.pl\/pl\/faq\/\" \/>\n<meta property=\"og:site_name\" content=\"VSS\" \/>\n<meta property=\"article:modified_time\" content=\"2022-09-02T12:25:43+00:00\" \/>\n<meta name=\"twitter:card\" content=\"summary_large_image\" \/>\n<script type=\"application\/ld+json\" class=\"yoast-schema-graph\">{\"@context\":\"https:\/\/schema.org\",\"@graph\":[{\"@type\":\"WebPage\",\"@id\":\"https:\/\/vss.yoho.pl\/pl\/faq\/\",\"url\":\"https:\/\/vss.yoho.pl\/pl\/faq\/\",\"name\":\"Najcz\u0119\u015bciej Zadawane Pytania (FAQ) - VSS\",\"isPartOf\":{\"@id\":\"https:\/\/vss.yoho.pl\/#website\"},\"datePublished\":\"2022-04-19T06:11:31+00:00\",\"dateModified\":\"2022-09-02T12:25:43+00:00\",\"breadcrumb\":{\"@id\":\"https:\/\/vss.yoho.pl\/pl\/faq\/#breadcrumb\"},\"inLanguage\":\"pl-PL\",\"potentialAction\":[{\"@type\":\"ReadAction\",\"target\":[\"https:\/\/vss.yoho.pl\/pl\/faq\/\"]}]},{\"@type\":\"BreadcrumbList\",\"@id\":\"https:\/\/vss.yoho.pl\/pl\/faq\/#breadcrumb\",\"itemListElement\":[{\"@type\":\"ListItem\",\"position\":1,\"name\":\"Home\",\"item\":\"https:\/\/vss.yoho.pl\/pl\/\"},{\"@type\":\"ListItem\",\"position\":2,\"name\":\"Najcz\u0119\u015bciej Zadawane Pytania (FAQ)\"}]},{\"@type\":\"WebSite\",\"@id\":\"https:\/\/vss.yoho.pl\/#website\",\"url\":\"https:\/\/vss.yoho.pl\/\",\"name\":\"VSS\",\"description\":\"Stalowe Centrum Serwisowe\",\"potentialAction\":[{\"@type\":\"SearchAction\",\"target\":{\"@type\":\"EntryPoint\",\"urlTemplate\":\"https:\/\/vss.yoho.pl\/?s={search_term_string}\"},\"query-input\":{\"@type\":\"PropertyValueSpecification\",\"valueRequired\":true,\"valueName\":\"search_term_string\"}}],\"inLanguage\":\"pl-PL\"}]}<\/script>\n<!-- \/ Yoast SEO plugin. -->","yoast_head_json":{"title":"Najcz\u0119\u015bciej Zadawane Pytania (FAQ) - VSS","robots":{"index":"noindex","follow":"follow","max-snippet":"max-snippet:-1","max-image-preview":"max-image-preview:large","max-video-preview":"max-video-preview:-1"},"og_locale":"pl_PL","og_type":"article","og_title":"Najcz\u0119\u015bciej Zadawane Pytania (FAQ) - VSS","og_description":"Potrzebujesz pomocy? Tutaj sprawdzisz odpowiedzi na najcz\u0119\u015bciej zadawane pytania przez naszych klient\u00f3w. Cenimy tw\u00f3j czas, dlatego szybkie rozwik\u0142anie wszelkich w\u0105tpliwo\u015bci jest naszym priorytetem. Je\u017celi nie znalaz\u0142e\u015b odpowiedzi na nurtuj\u0105ce Ci\u0119 pytanie mo\u017cesz je zada\u0107 naszym specjalistom, skorzystaj z zak\u0142adki kontakt i napisz do nas. Bardzo ch\u0119tnie Ci pomo\u017cemy i rozwiejemy wszelkie w\u0105tpliwo\u015bci.","og_url":"https:\/\/vss.yoho.pl\/pl\/faq\/","og_site_name":"VSS","article_modified_time":"2022-09-02T12:25:43+00:00","twitter_card":"summary_large_image","schema":{"@context":"https:\/\/schema.org","@graph":[{"@type":"WebPage","@id":"https:\/\/vss.yoho.pl\/pl\/faq\/","url":"https:\/\/vss.yoho.pl\/pl\/faq\/","name":"Najcz\u0119\u015bciej Zadawane Pytania (FAQ) - VSS","isPartOf":{"@id":"https:\/\/vss.yoho.pl\/#website"},"datePublished":"2022-04-19T06:11:31+00:00","dateModified":"2022-09-02T12:25:43+00:00","breadcrumb":{"@id":"https:\/\/vss.yoho.pl\/pl\/faq\/#breadcrumb"},"inLanguage":"pl-PL","potentialAction":[{"@type":"ReadAction","target":["https:\/\/vss.yoho.pl\/pl\/faq\/"]}]},{"@type":"BreadcrumbList","@id":"https:\/\/vss.yoho.pl\/pl\/faq\/#breadcrumb","itemListElement":[{"@type":"ListItem","position":1,"name":"Home","item":"https:\/\/vss.yoho.pl\/pl\/"},{"@type":"ListItem","position":2,"name":"Najcz\u0119\u015bciej Zadawane Pytania (FAQ)"}]},{"@type":"WebSite","@id":"https:\/\/vss.yoho.pl\/#website","url":"https:\/\/vss.yoho.pl\/","name":"VSS","description":"Stalowe Centrum Serwisowe","potentialAction":[{"@type":"SearchAction","target":{"@type":"EntryPoint","urlTemplate":"https:\/\/vss.yoho.pl\/?s={search_term_string}"},"query-input":{"@type":"PropertyValueSpecification","valueRequired":true,"valueName":"search_term_string"}}],"inLanguage":"pl-PL"}]}},"_links":{"self":[{"href":"https:\/\/vss.yoho.pl\/pl\/wp-json\/wp\/v2\/pages\/8817","targetHints":{"allow":["GET"]}}],"collection":[{"href":"https:\/\/vss.yoho.pl\/pl\/wp-json\/wp\/v2\/pages"}],"about":[{"href":"https:\/\/vss.yoho.pl\/pl\/wp-json\/wp\/v2\/types\/page"}],"author":[{"embeddable":true,"href":"https:\/\/vss.yoho.pl\/pl\/wp-json\/wp\/v2\/users\/1"}],"replies":[{"embeddable":true,"href":"https:\/\/vss.yoho.pl\/pl\/wp-json\/wp\/v2\/comments?post=8817"}],"version-history":[{"count":23,"href":"https:\/\/vss.yoho.pl\/pl\/wp-json\/wp\/v2\/pages\/8817\/revisions"}],"predecessor-version":[{"id":29735,"href":"https:\/\/vss.yoho.pl\/pl\/wp-json\/wp\/v2\/pages\/8817\/revisions\/29735"}],"wp:attachment":[{"href":"https:\/\/vss.yoho.pl\/pl\/wp-json\/wp\/v2\/media?parent=8817"}],"curies":[{"name":"wp","href":"https:\/\/api.w.org\/{rel}","templated":true}]}}