{"id":4865,"date":"2022-03-22T13:53:58","date_gmt":"2022-03-22T12:53:58","guid":{"rendered":"http:\/\/vss.yoho.pl\/?post_type=product&#038;p=4865"},"modified":"2022-10-13T11:42:23","modified_gmt":"2022-10-13T09:42:23","slug":"formatki-i-blachy-plaskie","status":"publish","type":"product","link":"https:\/\/vss.yoho.pl\/pl\/produkt\/formatki-i-blachy-plaskie\/","title":{"rendered":"Formatki i blachy p\u0142askie"},"content":{"rendered":"\n<div class=\"wp-block-group\"><div class=\"wp-block-group__inner-container is-layout-flow wp-block-group-is-layout-flow\">\n<div style=\"height:100px\" aria-hidden=\"true\" class=\"wp-block-spacer is-style-small-spacer\"><\/div>\n\n\n\n<div class=\"wp-block-columns has-dark-gray-background-color has-background is-layout-flex wp-container-core-columns-is-layout-9d6595d7 wp-block-columns-is-layout-flex\">\n<div class=\"wp-block-column is-layout-flow wp-block-column-is-layout-flow\">\n<h2 class=\"is-style-h3 wp-block-heading\">Blachy ocynkowane [mm]<\/h2>\n\n\n\n<figure class=\"wp-block-table\"><table><tbody><tr><td class=\"has-text-align-left\" data-align=\"left\"><strong>Grubo\u015b\u0107 blachy<\/strong><\/td><td class=\"has-text-align-left\" data-align=\"left\"><strong>Szeroko\u015b\u0107 ta\u015bmy<\/strong><\/td><\/tr><tr><td class=\"has-text-align-left\" data-align=\"left\">0,40<\/td><td class=\"has-text-align-left\" data-align=\"left\">1000<\/td><\/tr><tr><td class=\"has-text-align-left\" data-align=\"left\">0,45<\/td><td class=\"has-text-align-left\" data-align=\"left\">1250<\/td><\/tr><tr><td class=\"has-text-align-left\" data-align=\"left\">0,50<\/td><td class=\"has-text-align-left\" data-align=\"left\">1000, 1250, 1500<\/td><\/tr><tr><td class=\"has-text-align-left\" data-align=\"left\">0,60<\/td><td class=\"has-text-align-left\" data-align=\"left\">1000, 1250, 1500<\/td><\/tr><tr><td class=\"has-text-align-left\" data-align=\"left\">0,70<\/td><td class=\"has-text-align-left\" data-align=\"left\">1000, 1250, 1500<\/td><\/tr><tr><td class=\"has-text-align-left\" data-align=\"left\">0,80<\/td><td class=\"has-text-align-left\" data-align=\"left\">1000, 1250, 1500<\/td><\/tr><tr><td class=\"has-text-align-left\" data-align=\"left\">0,90<\/td><td class=\"has-text-align-left\" data-align=\"left\">1250, 1500<\/td><\/tr><tr><td class=\"has-text-align-left\" data-align=\"left\">1,00<\/td><td class=\"has-text-align-left\" data-align=\"left\">1000, 1250, 1500<\/td><\/tr><tr><td class=\"has-text-align-left\" data-align=\"left\">1,25<\/td><td class=\"has-text-align-left\" data-align=\"left\">1000, 1250, 1500<\/td><\/tr><tr><td class=\"has-text-align-left\" data-align=\"left\">1,50<\/td><td class=\"has-text-align-left\" data-align=\"left\">1000, 1250, 1500<\/td><\/tr><tr><td class=\"has-text-align-left\" data-align=\"left\">2,00<\/td><td class=\"has-text-align-left\" data-align=\"left\">1000, 1250, 1500<\/td><\/tr><\/tbody><\/table><\/figure>\n<\/div>\n\n\n\n<div class=\"wp-block-column is-layout-flow wp-block-column-is-layout-flow\">\n<h2 class=\"is-style-h3 wp-block-heading\">Blachy Aluzinc [mm]<\/h2>\n\n\n\n<figure class=\"wp-block-table\"><table><tbody><tr><td class=\"has-text-align-left\" data-align=\"left\"><strong>Grubo\u015b\u0107 blachy<\/strong><\/td><td class=\"has-text-align-left\" data-align=\"left\"><strong>Szeroko\u015b\u0107 ta\u015bmy<\/strong><\/td><\/tr><tr><td class=\"has-text-align-left\" data-align=\"left\">0,50<\/td><td class=\"has-text-align-left\" data-align=\"left\">1250<\/td><\/tr><tr><td class=\"has-text-align-left\" data-align=\"left\">0,60<\/td><td class=\"has-text-align-left\" data-align=\"left\">1250<\/td><\/tr><tr><td class=\"has-text-align-left\" data-align=\"left\">0,70<\/td><td class=\"has-text-align-left\" data-align=\"left\">1250<\/td><\/tr><tr><td class=\"has-text-align-left\" data-align=\"left\">1,00<\/td><td class=\"has-text-align-left\" data-align=\"left\">1250<\/td><\/tr><\/tbody><\/table><\/figure>\n<\/div>\n\n\n\n<div class=\"wp-block-column is-layout-flow wp-block-column-is-layout-flow\">\n<h2 class=\"is-style-h3 wp-block-heading\">Blachy powlekane [mm]<\/h2>\n\n\n\n<figure class=\"wp-block-table\"><table><tbody><tr><td class=\"has-text-align-left\" data-align=\"left\"><strong>Grubo\u015b\u0107 blachy<\/strong><\/td><td class=\"has-text-align-left\" data-align=\"left\"><strong>Szeroko\u015b\u0107 ta\u015bmy<\/strong><\/td><\/tr><tr><td class=\"has-text-align-left\" data-align=\"left\">0,50<\/td><td class=\"has-text-align-left\" data-align=\"left\">1250<\/td><\/tr><tr><td class=\"has-text-align-left\" data-align=\"left\">0,70<\/td><td class=\"has-text-align-left\" data-align=\"left\">1250<\/td><\/tr><tr><td class=\"has-text-align-left\" data-align=\"left\">1,00<\/td><td class=\"has-text-align-left\" data-align=\"left\">1250<\/td><\/tr><tr><td class=\"has-text-align-left\" data-align=\"left\">1,25<\/td><td class=\"has-text-align-left\" data-align=\"left\">1250<\/td><\/tr><tr><td class=\"has-text-align-left\" data-align=\"left\">1,50<\/td><td class=\"has-text-align-left\" data-align=\"left\">1250<\/td><\/tr><\/tbody><\/table><\/figure>\n<\/div>\n<\/div>\n\n\n<div class=\"wp-block-image\">\n<figure class=\"aligncenter size-large\"><img loading=\"lazy\" decoding=\"async\" width=\"1024\" height=\"320\" src=\"http:\/\/vss.yoho.pl\/wp-content\/uploads\/2022\/03\/SCS_blachy_plaskie-1024x320.jpg\" alt=\"\" class=\"wp-image-5116\" srcset=\"https:\/\/vss.yoho.pl\/wp-content\/uploads\/2022\/03\/SCS_blachy_plaskie-1024x320.jpg 1024w, https:\/\/vss.yoho.pl\/wp-content\/uploads\/2022\/03\/SCS_blachy_plaskie-820x256.jpg 820w, https:\/\/vss.yoho.pl\/wp-content\/uploads\/2022\/03\/SCS_blachy_plaskie-768x240.jpg 768w, https:\/\/vss.yoho.pl\/wp-content\/uploads\/2022\/03\/SCS_blachy_plaskie-1536x480.jpg 1536w, https:\/\/vss.yoho.pl\/wp-content\/uploads\/2022\/03\/SCS_blachy_plaskie.jpg 1600w\" sizes=\"auto, (max-width: 1024px) 100vw, 1024px\" \/><\/figure>\n<\/div>\n\n\n<p class=\"has-text-align-center\"><strong>Inne wymiary arkuszy i formatek oraz grubo\u015bci blach dost\u0119pne s\u0105 na indywidualne zam\u00f3wienie.<\/strong><\/p>\n<\/div><\/div>\n","protected":false},"featured_media":11068,"menu_order":254,"template":"","product_category":[56,101,102],"warranty":[208,172,168,170,169],"product_serie":[],"class_list":["post-4865","product","type-product","status-publish","has-post-thumbnail","hentry","product_category-stalowe-centrum-serwisowe","product_category-rozkroje","product_category-formatki","warranty-10-lat","warranty-25-lat","warranty-30-lat","warranty-35-lat","warranty-40-lat"],"acf":[],"yoast_head":"<!-- This site is optimized with the Yoast SEO plugin v26.5 - https:\/\/yoast.com\/wordpress\/plugins\/seo\/ -->\n<title>Formatki i blachy p\u0142askie - VSS<\/title>\n<meta name=\"robots\" content=\"noindex, follow, max-snippet:-1, max-image-preview:large, max-video-preview:-1\" \/>\n<meta property=\"og:locale\" content=\"pl_PL\" \/>\n<meta property=\"og:type\" content=\"article\" \/>\n<meta property=\"og:title\" content=\"Formatki i blachy p\u0142askie - VSS\" \/>\n<meta property=\"og:description\" content=\"Blachy ocynkowane [mm] Grubo\u015b\u0107 blachy Szeroko\u015b\u0107 ta\u015bmy 0,40 1000 0,45 1250 0,50 1000, 1250, 1500 0,60 1000, 1250, 1500 0,70 1000, 1250, 1500 0,80 1000, 1250, 1500 0,90 1250, 1500 1,00 1000, 1250, 1500 1,25 1000, 1250, 1500 1,50 1000, 1250, 1500 2,00 1000, 1250, 1500 Blachy Aluzinc [mm] Grubo\u015b\u0107 blachy Szeroko\u015b\u0107 ta\u015bmy 0,50 1250 [&hellip;]\" \/>\n<meta property=\"og:url\" content=\"https:\/\/vss.yoho.pl\/vyrobok\/plechy-ploche-2\/\" \/>\n<meta property=\"og:site_name\" content=\"VSS\" \/>\n<meta property=\"article:modified_time\" content=\"2022-10-13T09:42:23+00:00\" \/>\n<meta property=\"og:image\" content=\"https:\/\/vss.yoho.pl\/wp-content\/uploads\/2022\/03\/BLACHYPLASKIE.png\" \/>\n\t<meta property=\"og:image:width\" content=\"820\" \/>\n\t<meta property=\"og:image:height\" content=\"547\" \/>\n\t<meta property=\"og:image:type\" content=\"image\/png\" \/>\n<meta name=\"twitter:card\" content=\"summary_large_image\" \/>\n<script type=\"application\/ld+json\" class=\"yoast-schema-graph\">{\"@context\":\"https:\/\/schema.org\",\"@graph\":[{\"@type\":\"WebPage\",\"@id\":\"https:\/\/vss.yoho.pl\/vyrobok\/plechy-ploche-2\/\",\"url\":\"https:\/\/vss.yoho.pl\/vyrobok\/plechy-ploche-2\/\",\"name\":\"Formatki i blachy p\u0142askie - VSS\",\"isPartOf\":{\"@id\":\"https:\/\/vss.yoho.pl\/#website\"},\"primaryImageOfPage\":{\"@id\":\"https:\/\/vss.yoho.pl\/vyrobok\/plechy-ploche-2\/#primaryimage\"},\"image\":{\"@id\":\"https:\/\/vss.yoho.pl\/vyrobok\/plechy-ploche-2\/#primaryimage\"},\"thumbnailUrl\":\"https:\/\/vss.yoho.pl\/wp-content\/uploads\/2022\/03\/BLACHYPLASKIE.png\",\"datePublished\":\"2022-03-22T12:53:58+00:00\",\"dateModified\":\"2022-10-13T09:42:23+00:00\",\"breadcrumb\":{\"@id\":\"https:\/\/vss.yoho.pl\/vyrobok\/plechy-ploche-2\/#breadcrumb\"},\"inLanguage\":\"pl-PL\",\"potentialAction\":[{\"@type\":\"ReadAction\",\"target\":[\"https:\/\/vss.yoho.pl\/vyrobok\/plechy-ploche-2\/\"]}]},{\"@type\":\"ImageObject\",\"inLanguage\":\"pl-PL\",\"@id\":\"https:\/\/vss.yoho.pl\/vyrobok\/plechy-ploche-2\/#primaryimage\",\"url\":\"https:\/\/vss.yoho.pl\/wp-content\/uploads\/2022\/03\/BLACHYPLASKIE.png\",\"contentUrl\":\"https:\/\/vss.yoho.pl\/wp-content\/uploads\/2022\/03\/BLACHYPLASKIE.png\",\"width\":820,\"height\":547},{\"@type\":\"BreadcrumbList\",\"@id\":\"https:\/\/vss.yoho.pl\/vyrobok\/plechy-ploche-2\/#breadcrumb\",\"itemListElement\":[{\"@type\":\"ListItem\",\"position\":1,\"name\":\"Home\",\"item\":\"https:\/\/vss.yoho.pl\/pl\/\"},{\"@type\":\"ListItem\",\"position\":2,\"name\":\"Formatki i blachy p\u0142askie\"}]},{\"@type\":\"WebSite\",\"@id\":\"https:\/\/vss.yoho.pl\/#website\",\"url\":\"https:\/\/vss.yoho.pl\/\",\"name\":\"VSS\",\"description\":\"Stalowe Centrum Serwisowe\",\"potentialAction\":[{\"@type\":\"SearchAction\",\"target\":{\"@type\":\"EntryPoint\",\"urlTemplate\":\"https:\/\/vss.yoho.pl\/?s={search_term_string}\"},\"query-input\":{\"@type\":\"PropertyValueSpecification\",\"valueRequired\":true,\"valueName\":\"search_term_string\"}}],\"inLanguage\":\"pl-PL\"}]}<\/script>\n<!-- \/ Yoast SEO plugin. -->","yoast_head_json":{"title":"Formatki i blachy p\u0142askie - VSS","robots":{"index":"noindex","follow":"follow","max-snippet":"max-snippet:-1","max-image-preview":"max-image-preview:large","max-video-preview":"max-video-preview:-1"},"og_locale":"pl_PL","og_type":"article","og_title":"Formatki i blachy p\u0142askie - VSS","og_description":"Blachy ocynkowane [mm] Grubo\u015b\u0107 blachy Szeroko\u015b\u0107 ta\u015bmy 0,40 1000 0,45 1250 0,50 1000, 1250, 1500 0,60 1000, 1250, 1500 0,70 1000, 1250, 1500 0,80 1000, 1250, 1500 0,90 1250, 1500 1,00 1000, 1250, 1500 1,25 1000, 1250, 1500 1,50 1000, 1250, 1500 2,00 1000, 1250, 1500 Blachy Aluzinc [mm] Grubo\u015b\u0107 blachy Szeroko\u015b\u0107 ta\u015bmy 0,50 1250 [&hellip;]","og_url":"https:\/\/vss.yoho.pl\/vyrobok\/plechy-ploche-2\/","og_site_name":"VSS","article_modified_time":"2022-10-13T09:42:23+00:00","og_image":[{"width":820,"height":547,"url":"https:\/\/vss.yoho.pl\/wp-content\/uploads\/2022\/03\/BLACHYPLASKIE.png","type":"image\/png"}],"twitter_card":"summary_large_image","schema":{"@context":"https:\/\/schema.org","@graph":[{"@type":"WebPage","@id":"https:\/\/vss.yoho.pl\/vyrobok\/plechy-ploche-2\/","url":"https:\/\/vss.yoho.pl\/vyrobok\/plechy-ploche-2\/","name":"Formatki i blachy p\u0142askie - VSS","isPartOf":{"@id":"https:\/\/vss.yoho.pl\/#website"},"primaryImageOfPage":{"@id":"https:\/\/vss.yoho.pl\/vyrobok\/plechy-ploche-2\/#primaryimage"},"image":{"@id":"https:\/\/vss.yoho.pl\/vyrobok\/plechy-ploche-2\/#primaryimage"},"thumbnailUrl":"https:\/\/vss.yoho.pl\/wp-content\/uploads\/2022\/03\/BLACHYPLASKIE.png","datePublished":"2022-03-22T12:53:58+00:00","dateModified":"2022-10-13T09:42:23+00:00","breadcrumb":{"@id":"https:\/\/vss.yoho.pl\/vyrobok\/plechy-ploche-2\/#breadcrumb"},"inLanguage":"pl-PL","potentialAction":[{"@type":"ReadAction","target":["https:\/\/vss.yoho.pl\/vyrobok\/plechy-ploche-2\/"]}]},{"@type":"ImageObject","inLanguage":"pl-PL","@id":"https:\/\/vss.yoho.pl\/vyrobok\/plechy-ploche-2\/#primaryimage","url":"https:\/\/vss.yoho.pl\/wp-content\/uploads\/2022\/03\/BLACHYPLASKIE.png","contentUrl":"https:\/\/vss.yoho.pl\/wp-content\/uploads\/2022\/03\/BLACHYPLASKIE.png","width":820,"height":547},{"@type":"BreadcrumbList","@id":"https:\/\/vss.yoho.pl\/vyrobok\/plechy-ploche-2\/#breadcrumb","itemListElement":[{"@type":"ListItem","position":1,"name":"Home","item":"https:\/\/vss.yoho.pl\/pl\/"},{"@type":"ListItem","position":2,"name":"Formatki i blachy p\u0142askie"}]},{"@type":"WebSite","@id":"https:\/\/vss.yoho.pl\/#website","url":"https:\/\/vss.yoho.pl\/","name":"VSS","description":"Stalowe Centrum Serwisowe","potentialAction":[{"@type":"SearchAction","target":{"@type":"EntryPoint","urlTemplate":"https:\/\/vss.yoho.pl\/?s={search_term_string}"},"query-input":{"@type":"PropertyValueSpecification","valueRequired":true,"valueName":"search_term_string"}}],"inLanguage":"pl-PL"}]}},"_links":{"self":[{"href":"https:\/\/vss.yoho.pl\/pl\/wp-json\/wp\/v2\/product\/4865","targetHints":{"allow":["GET"]}}],"collection":[{"href":"https:\/\/vss.yoho.pl\/pl\/wp-json\/wp\/v2\/product"}],"about":[{"href":"https:\/\/vss.yoho.pl\/pl\/wp-json\/wp\/v2\/types\/product"}],"wp:featuredmedia":[{"embeddable":true,"href":"https:\/\/vss.yoho.pl\/pl\/wp-json\/wp\/v2\/media\/11068"}],"wp:attachment":[{"href":"https:\/\/vss.yoho.pl\/pl\/wp-json\/wp\/v2\/media?parent=4865"}],"wp:term":[{"taxonomy":"product_category","embeddable":true,"href":"https:\/\/vss.yoho.pl\/pl\/wp-json\/wp\/v2\/product_category?post=4865"},{"taxonomy":"warranty","embeddable":true,"href":"https:\/\/vss.yoho.pl\/pl\/wp-json\/wp\/v2\/warranty?post=4865"},{"taxonomy":"product_serie","embeddable":true,"href":"https:\/\/vss.yoho.pl\/pl\/wp-json\/wp\/v2\/product_serie?post=4865"}],"curies":[{"name":"wp","href":"https:\/\/api.w.org\/{rel}","templated":true}]}}