{"id":5125,"date":"2022-03-23T10:08:47","date_gmt":"2022-03-23T09:08:47","guid":{"rendered":"http:\/\/vss.yoho.pl\/?post_type=product&#038;p=5125"},"modified":"2022-12-02T14:33:23","modified_gmt":"2022-12-02T13:33:23","slug":"uslugi-przewijania-i-rozkroje","status":"publish","type":"product","link":"https:\/\/vss.yoho.pl\/pl\/produkt\/uslugi-przewijania-i-rozkroje\/","title":{"rendered":"Us\u0142ugi przewijania i rozkroje"},"content":{"rendered":"\n<div class=\"wp-block-group\"><div class=\"wp-block-group__inner-container is-layout-flow wp-block-group-is-layout-flow\">\n<div style=\"height:100px\" aria-hidden=\"true\" class=\"wp-block-spacer is-style-small-spacer\"><\/div>\n\n\n\n<div class=\"wp-block-columns is-style-mobile-reverse is-layout-flex wp-container-core-columns-is-layout-9d6595d7 wp-block-columns-is-layout-flex\">\n<div class=\"wp-block-column has-dark-gray-background-color has-background is-layout-flow wp-block-column-is-layout-flow\">\n<div class=\"wp-block-cover is-light is-style-full-height\"><span aria-hidden=\"true\" class=\"wp-block-cover__background has-dark-gray-background-color has-background-dim-100 has-background-dim\"><\/span><div class=\"wp-block-cover__inner-container is-layout-flow wp-block-cover-is-layout-flow\">\n<p>Przed rozci\u0119ciem blach\u0119 mo\u017cemy oklei\u0107 foli\u0105 ochronn\u0105 lub pow\u0142ok\u0105 antykondensacyjn\u0105.<\/p>\n\n\n\n<p><strong>Parametry wej\u015bciowe<\/strong><\/p>\n\n\n\n<figure class=\"wp-block-table\"><table class=\"has-fixed-layout\"><tbody><tr><td>Maksymalna waga kr\u0119g\u00f3w<\/td><td>10 T<\/td><\/tr><tr><td>Maksymalna szeroko\u015b\u0107 ta\u015bmy<\/td><td>1500 mm<\/td><\/tr><tr><td>Grubo\u015b\u0107 blachy<\/td><td>0,4\u20132,0 mm<\/td><\/tr><\/tbody><\/table><\/figure>\n<\/div><\/div>\n<\/div>\n\n\n\n<div class=\"wp-block-column is-vertically-aligned-center has-white-background-color has-background is-layout-flow wp-block-column-is-layout-flow\"><div class=\"wp-block-image\">\n<figure class=\"aligncenter size-full\"><img loading=\"lazy\" decoding=\"async\" width=\"510\" height=\"216\" src=\"http:\/\/vss.yoho.pl\/wp-content\/uploads\/2022\/03\/SCS_ciecie_przewijanie_1.png\" alt=\"\" class=\"wp-image-5130\"\/><\/figure>\n<\/div><\/div>\n<\/div>\n\n\n\n<div class=\"wp-block-columns is-style-default is-layout-flex wp-container-core-columns-is-layout-9d6595d7 wp-block-columns-is-layout-flex\">\n<div class=\"wp-block-column is-vertically-aligned-center is-layout-flow wp-block-column-is-layout-flow\"><div class=\"wp-block-image\">\n<figure class=\"aligncenter size-full\"><img loading=\"lazy\" decoding=\"async\" width=\"510\" height=\"216\" src=\"http:\/\/vss.yoho.pl\/wp-content\/uploads\/2022\/03\/SCS_ciecie_przewijanie_2.png\" alt=\"\" class=\"wp-image-5139\"\/><\/figure>\n<\/div><\/div>\n\n\n\n<div class=\"wp-block-column is-vertically-aligned-center has-white-background-color has-background is-layout-flow wp-block-column-is-layout-flow\">\n<div class=\"wp-block-cover is-light is-style-full-height\"><span aria-hidden=\"true\" class=\"wp-block-cover__background has-dark-gray-background-color has-background-dim-100 has-background-dim\"><\/span><div class=\"wp-block-cover__inner-container is-layout-flow wp-block-cover-is-layout-flow\">\n<p>Przewijanie kr\u0119g\u00f3w bez rozcinania.<\/p>\n\n\n\n<p><strong>Parametry techniczne*<\/strong><\/p>\n\n\n\n<figure class=\"wp-block-table\"><table class=\"has-fixed-layout\"><tbody><tr><td>Maksymalna waga kr\u0119g\u00f3w<\/td><td>10 T<\/td><\/tr><tr><td>Maksymalna szeroko\u015b\u0107 ta\u015bmy<\/td><td>1500 mm<\/td><\/tr><tr><td>Grubo\u015b\u0107 blachy<\/td><td>0,4\u20132,0 mm<\/td><\/tr><\/tbody><\/table><\/figure>\n<\/div><\/div>\n<\/div>\n<\/div>\n\n\n\n<div class=\"wp-block-columns is-style-mobile-reverse is-layout-flex wp-container-core-columns-is-layout-9d6595d7 wp-block-columns-is-layout-flex\">\n<div class=\"wp-block-column has-dark-gray-background-color has-background is-layout-flow wp-block-column-is-layout-flow\">\n<div class=\"wp-block-cover is-light is-style-full-height\"><span aria-hidden=\"true\" class=\"wp-block-cover__background has-dark-gray-background-color has-background-dim-100 has-background-dim\"><\/span><div class=\"wp-block-cover__inner-container is-layout-flow wp-block-cover-is-layout-flow\">\n<p>Ci\u0119cie poprzeczne na arkusze i formatki wg. indywidualnych wymaga\u0144.<\/p>\n\n\n\n<p><strong>Parametry techniczne*<\/strong><\/p>\n\n\n\n<figure class=\"wp-block-table\"><table class=\"has-fixed-layout\"><tbody><tr><td>Grubo\u015b\u0107 blachy<\/td><td>0,4\u20132,0 mm<\/td><\/tr><tr><td>Minimalna wielko\u015b\u0107 formatki<\/td><td>70\u00d7100 mm<\/td><\/tr><tr><td>Maksymalna d\u0142ugo\u015b\u0107 arkusza<\/td><td>6000 mm<\/td><\/tr><\/tbody><\/table><\/figure>\n<\/div><\/div>\n<\/div>\n\n\n\n<div class=\"wp-block-column is-vertically-aligned-center has-white-background-color has-background is-layout-flow wp-block-column-is-layout-flow\"><div class=\"wp-block-image\">\n<figure class=\"aligncenter size-full\"><img loading=\"lazy\" decoding=\"async\" width=\"510\" height=\"216\" src=\"http:\/\/vss.yoho.pl\/wp-content\/uploads\/2022\/03\/SCS_ciecie_przewijanie_3.png\" alt=\"\" class=\"wp-image-5144\"\/><\/figure>\n<\/div><\/div>\n<\/div>\n\n\n\n<div class=\"wp-block-columns is-style-default is-layout-flex wp-container-core-columns-is-layout-9d6595d7 wp-block-columns-is-layout-flex\">\n<div class=\"wp-block-column is-vertically-aligned-center is-layout-flow wp-block-column-is-layout-flow\"><div class=\"wp-block-image\">\n<figure class=\"aligncenter size-full\"><img loading=\"lazy\" decoding=\"async\" width=\"510\" height=\"216\" src=\"http:\/\/vss.yoho.pl\/wp-content\/uploads\/2022\/03\/SCS_ciecie_przewijanie_4.png\" alt=\"\" class=\"wp-image-5149\"\/><\/figure>\n<\/div><\/div>\n\n\n\n<div class=\"wp-block-column is-vertically-aligned-center has-white-background-color has-background is-layout-flow wp-block-column-is-layout-flow\">\n<div class=\"wp-block-cover is-light is-style-full-height\"><span aria-hidden=\"true\" class=\"wp-block-cover__background has-dark-gray-background-color has-background-dim-100 has-background-dim\"><\/span><div class=\"wp-block-cover__inner-container is-layout-flow wp-block-cover-is-layout-flow\">\n<p>Przewijanie kr\u0119g\u00f3w bez rozcinania.<\/p>\n\n\n\n<p><strong>Parametry techniczne*<\/strong><\/p>\n\n\n\n<figure class=\"wp-block-table\"><table class=\"has-fixed-layout\"><tbody><tr><td>Grubo\u015b\u0107 blachy<\/td><td>0,4\u20132,0 mm<\/td><\/tr><tr><td>Minimalna szeroko\u015b\u0107 ta\u015bmy<\/td><td>70 mm<\/td><\/tr><\/tbody><\/table><\/figure>\n<\/div><\/div>\n<\/div>\n<\/div>\n\n\n\n<p>*Przedstawione dane dotycz\u0105 materia\u0142u wsadowego z oferty BP2. Ustalenie parametr\u00f3w dla materia\u0142u powierzonego wymaga konsultacji z dzia\u0142em sprzeda\u017cy. Przy przewijaniu i ci\u0119ciu wzd\u0142u\u017cnym bez ingerencji w szeroko\u015b\u0107 wsadu obowi\u0105zuj\u0105 tolerancje hutnicze wg norm:<\/p>\n\n\n\n<ul class=\"wp-block-list\">\n<li>tolerancja wymiar\u00f3w i kszta\u0142tu: EN 10143,<\/li>\n\n\n\n<li>pow\u0142oki metaliczne i jako\u015b\u0107 powierzchni: EN 10326, EN 10327,<\/li>\n\n\n\n<li>pow\u0142oki organiczne i jako\u015b\u0107 powierzchni: EN 10169<\/li>\n<\/ul>\n<\/div><\/div>\n","protected":false},"featured_media":17155,"menu_order":260,"template":"","product_category":[55,56,101],"warranty":[],"product_serie":[],"class_list":["post-5125","product","type-product","status-publish","has-post-thumbnail","hentry","product_category-budownictwo-przemyslowe","product_category-stalowe-centrum-serwisowe","product_category-rozkroje"],"acf":[],"yoast_head":"<!-- This site is optimized with the Yoast SEO plugin v26.5 - https:\/\/yoast.com\/wordpress\/plugins\/seo\/ -->\n<title>Us\u0142ugi przewijania i rozkroje - VSS<\/title>\n<meta name=\"robots\" content=\"noindex, follow, max-snippet:-1, max-image-preview:large, max-video-preview:-1\" \/>\n<meta property=\"og:locale\" content=\"pl_PL\" \/>\n<meta property=\"og:type\" content=\"article\" \/>\n<meta property=\"og:title\" content=\"Us\u0142ugi przewijania i rozkroje - VSS\" \/>\n<meta property=\"og:description\" content=\"*Przedstawione dane dotycz\u0105 materia\u0142u wsadowego z oferty BP2. Ustalenie parametr\u00f3w dla materia\u0142u powierzonego wymaga konsultacji z dzia\u0142em sprzeda\u017cy. Przy przewijaniu i ci\u0119ciu wzd\u0142u\u017cnym bez ingerencji w szeroko\u015b\u0107 wsadu obowi\u0105zuj\u0105 tolerancje hutnicze wg norm:\" \/>\n<meta property=\"og:url\" content=\"https:\/\/vss.yoho.pl\/vyrobok\/sluzby-previjania-a-rezania\/\" \/>\n<meta property=\"og:site_name\" content=\"VSS\" \/>\n<meta property=\"article:modified_time\" content=\"2022-12-02T13:33:23+00:00\" \/>\n<meta property=\"og:image\" content=\"https:\/\/vss.yoho.pl\/wp-content\/uploads\/2022\/03\/ciecie-i-przewijanie-1.png\" \/>\n\t<meta property=\"og:image:width\" content=\"820\" \/>\n\t<meta property=\"og:image:height\" content=\"547\" \/>\n\t<meta property=\"og:image:type\" content=\"image\/png\" \/>\n<meta name=\"twitter:card\" content=\"summary_large_image\" \/>\n<meta name=\"twitter:label1\" content=\"Est. reading time\" \/>\n\t<meta name=\"twitter:data1\" content=\"1 minuta\" \/>\n<script type=\"application\/ld+json\" class=\"yoast-schema-graph\">{\"@context\":\"https:\/\/schema.org\",\"@graph\":[{\"@type\":\"WebPage\",\"@id\":\"https:\/\/vss.yoho.pl\/vyrobok\/sluzby-previjania-a-rezania\/\",\"url\":\"https:\/\/vss.yoho.pl\/vyrobok\/sluzby-previjania-a-rezania\/\",\"name\":\"Us\u0142ugi przewijania i rozkroje - VSS\",\"isPartOf\":{\"@id\":\"https:\/\/vss.yoho.pl\/#website\"},\"primaryImageOfPage\":{\"@id\":\"https:\/\/vss.yoho.pl\/vyrobok\/sluzby-previjania-a-rezania\/#primaryimage\"},\"image\":{\"@id\":\"https:\/\/vss.yoho.pl\/vyrobok\/sluzby-previjania-a-rezania\/#primaryimage\"},\"thumbnailUrl\":\"https:\/\/vss.yoho.pl\/wp-content\/uploads\/2022\/03\/ciecie-i-przewijanie-1.png\",\"datePublished\":\"2022-03-23T09:08:47+00:00\",\"dateModified\":\"2022-12-02T13:33:23+00:00\",\"breadcrumb\":{\"@id\":\"https:\/\/vss.yoho.pl\/vyrobok\/sluzby-previjania-a-rezania\/#breadcrumb\"},\"inLanguage\":\"pl-PL\",\"potentialAction\":[{\"@type\":\"ReadAction\",\"target\":[\"https:\/\/vss.yoho.pl\/vyrobok\/sluzby-previjania-a-rezania\/\"]}]},{\"@type\":\"ImageObject\",\"inLanguage\":\"pl-PL\",\"@id\":\"https:\/\/vss.yoho.pl\/vyrobok\/sluzby-previjania-a-rezania\/#primaryimage\",\"url\":\"https:\/\/vss.yoho.pl\/wp-content\/uploads\/2022\/03\/ciecie-i-przewijanie-1.png\",\"contentUrl\":\"https:\/\/vss.yoho.pl\/wp-content\/uploads\/2022\/03\/ciecie-i-przewijanie-1.png\",\"width\":820,\"height\":547},{\"@type\":\"BreadcrumbList\",\"@id\":\"https:\/\/vss.yoho.pl\/vyrobok\/sluzby-previjania-a-rezania\/#breadcrumb\",\"itemListElement\":[{\"@type\":\"ListItem\",\"position\":1,\"name\":\"Home\",\"item\":\"https:\/\/vss.yoho.pl\/pl\/\"},{\"@type\":\"ListItem\",\"position\":2,\"name\":\"Us\u0142ugi przewijania i rozkroje\"}]},{\"@type\":\"WebSite\",\"@id\":\"https:\/\/vss.yoho.pl\/#website\",\"url\":\"https:\/\/vss.yoho.pl\/\",\"name\":\"VSS\",\"description\":\"Stalowe Centrum Serwisowe\",\"potentialAction\":[{\"@type\":\"SearchAction\",\"target\":{\"@type\":\"EntryPoint\",\"urlTemplate\":\"https:\/\/vss.yoho.pl\/?s={search_term_string}\"},\"query-input\":{\"@type\":\"PropertyValueSpecification\",\"valueRequired\":true,\"valueName\":\"search_term_string\"}}],\"inLanguage\":\"pl-PL\"}]}<\/script>\n<!-- \/ Yoast SEO plugin. -->","yoast_head_json":{"title":"Us\u0142ugi przewijania i rozkroje - VSS","robots":{"index":"noindex","follow":"follow","max-snippet":"max-snippet:-1","max-image-preview":"max-image-preview:large","max-video-preview":"max-video-preview:-1"},"og_locale":"pl_PL","og_type":"article","og_title":"Us\u0142ugi przewijania i rozkroje - VSS","og_description":"*Przedstawione dane dotycz\u0105 materia\u0142u wsadowego z oferty BP2. Ustalenie parametr\u00f3w dla materia\u0142u powierzonego wymaga konsultacji z dzia\u0142em sprzeda\u017cy. Przy przewijaniu i ci\u0119ciu wzd\u0142u\u017cnym bez ingerencji w szeroko\u015b\u0107 wsadu obowi\u0105zuj\u0105 tolerancje hutnicze wg norm:","og_url":"https:\/\/vss.yoho.pl\/vyrobok\/sluzby-previjania-a-rezania\/","og_site_name":"VSS","article_modified_time":"2022-12-02T13:33:23+00:00","og_image":[{"width":820,"height":547,"url":"https:\/\/vss.yoho.pl\/wp-content\/uploads\/2022\/03\/ciecie-i-przewijanie-1.png","type":"image\/png"}],"twitter_card":"summary_large_image","twitter_misc":{"Est. reading time":"1 minuta"},"schema":{"@context":"https:\/\/schema.org","@graph":[{"@type":"WebPage","@id":"https:\/\/vss.yoho.pl\/vyrobok\/sluzby-previjania-a-rezania\/","url":"https:\/\/vss.yoho.pl\/vyrobok\/sluzby-previjania-a-rezania\/","name":"Us\u0142ugi przewijania i rozkroje - VSS","isPartOf":{"@id":"https:\/\/vss.yoho.pl\/#website"},"primaryImageOfPage":{"@id":"https:\/\/vss.yoho.pl\/vyrobok\/sluzby-previjania-a-rezania\/#primaryimage"},"image":{"@id":"https:\/\/vss.yoho.pl\/vyrobok\/sluzby-previjania-a-rezania\/#primaryimage"},"thumbnailUrl":"https:\/\/vss.yoho.pl\/wp-content\/uploads\/2022\/03\/ciecie-i-przewijanie-1.png","datePublished":"2022-03-23T09:08:47+00:00","dateModified":"2022-12-02T13:33:23+00:00","breadcrumb":{"@id":"https:\/\/vss.yoho.pl\/vyrobok\/sluzby-previjania-a-rezania\/#breadcrumb"},"inLanguage":"pl-PL","potentialAction":[{"@type":"ReadAction","target":["https:\/\/vss.yoho.pl\/vyrobok\/sluzby-previjania-a-rezania\/"]}]},{"@type":"ImageObject","inLanguage":"pl-PL","@id":"https:\/\/vss.yoho.pl\/vyrobok\/sluzby-previjania-a-rezania\/#primaryimage","url":"https:\/\/vss.yoho.pl\/wp-content\/uploads\/2022\/03\/ciecie-i-przewijanie-1.png","contentUrl":"https:\/\/vss.yoho.pl\/wp-content\/uploads\/2022\/03\/ciecie-i-przewijanie-1.png","width":820,"height":547},{"@type":"BreadcrumbList","@id":"https:\/\/vss.yoho.pl\/vyrobok\/sluzby-previjania-a-rezania\/#breadcrumb","itemListElement":[{"@type":"ListItem","position":1,"name":"Home","item":"https:\/\/vss.yoho.pl\/pl\/"},{"@type":"ListItem","position":2,"name":"Us\u0142ugi przewijania i rozkroje"}]},{"@type":"WebSite","@id":"https:\/\/vss.yoho.pl\/#website","url":"https:\/\/vss.yoho.pl\/","name":"VSS","description":"Stalowe Centrum Serwisowe","potentialAction":[{"@type":"SearchAction","target":{"@type":"EntryPoint","urlTemplate":"https:\/\/vss.yoho.pl\/?s={search_term_string}"},"query-input":{"@type":"PropertyValueSpecification","valueRequired":true,"valueName":"search_term_string"}}],"inLanguage":"pl-PL"}]}},"_links":{"self":[{"href":"https:\/\/vss.yoho.pl\/pl\/wp-json\/wp\/v2\/product\/5125","targetHints":{"allow":["GET"]}}],"collection":[{"href":"https:\/\/vss.yoho.pl\/pl\/wp-json\/wp\/v2\/product"}],"about":[{"href":"https:\/\/vss.yoho.pl\/pl\/wp-json\/wp\/v2\/types\/product"}],"wp:featuredmedia":[{"embeddable":true,"href":"https:\/\/vss.yoho.pl\/pl\/wp-json\/wp\/v2\/media\/17155"}],"wp:attachment":[{"href":"https:\/\/vss.yoho.pl\/pl\/wp-json\/wp\/v2\/media?parent=5125"}],"wp:term":[{"taxonomy":"product_category","embeddable":true,"href":"https:\/\/vss.yoho.pl\/pl\/wp-json\/wp\/v2\/product_category?post=5125"},{"taxonomy":"warranty","embeddable":true,"href":"https:\/\/vss.yoho.pl\/pl\/wp-json\/wp\/v2\/warranty?post=5125"},{"taxonomy":"product_serie","embeddable":true,"href":"https:\/\/vss.yoho.pl\/pl\/wp-json\/wp\/v2\/product_serie?post=5125"}],"curies":[{"name":"wp","href":"https:\/\/api.w.org\/{rel}","templated":true}]}}