{"id":5192,"date":"2022-03-23T11:22:49","date_gmt":"2022-03-23T10:22:49","guid":{"rendered":"http:\/\/vss.yoho.pl\/?post_type=product&#038;p=5192"},"modified":"2022-09-02T11:40:09","modified_gmt":"2022-09-02T09:40:09","slug":"perforacja-blach","status":"publish","type":"product","link":"https:\/\/vss.yoho.pl\/pl\/produkt\/perforacja-blach\/","title":{"rendered":"Perforacja blach"},"content":{"rendered":"\n<div class=\"wp-block-group\"><div class=\"wp-block-group__inner-container is-layout-flow wp-block-group-is-layout-flow\">\n<div style=\"height:100px\" aria-hidden=\"true\" class=\"wp-block-spacer is-style-small-spacer\"><\/div>\n\n\n\n<h2 class=\"is-style-h3 wp-block-heading\">Wykonujemy perforacje w szerokim zakresie wielko\u015bci i kszta\u0142t\u00f3w:<\/h2>\n\n\n\n<div style=\"height:100px\" aria-hidden=\"true\" class=\"wp-block-spacer is-style-small-spacer\"><\/div>\n\n\n\n<div class=\"wp-block-columns is-layout-flex wp-container-core-columns-is-layout-9d6595d7 wp-block-columns-is-layout-flex\">\n<div class=\"wp-block-column is-layout-flow wp-block-column-is-layout-flow\">\n<div class=\"wp-block-columns is-layout-flex wp-container-core-columns-is-layout-9d6595d7 wp-block-columns-is-layout-flex\">\n<div class=\"wp-block-column is-layout-flow wp-block-column-is-layout-flow\"><div class=\"wp-block-image\">\n<figure class=\"aligncenter size-full\"><img loading=\"lazy\" decoding=\"async\" width=\"96\" height=\"96\" src=\"http:\/\/vss.yoho.pl\/wp-content\/uploads\/2022\/03\/SCS_perforacja_icon_1.png\" alt=\"\" class=\"wp-image-5206\"\/><\/figure>\n<\/div>\n\n\n<p class=\"has-text-align-center\">okr\u0105g\u0142e<\/p>\n<\/div>\n\n\n\n<div class=\"wp-block-column is-layout-flow wp-block-column-is-layout-flow\"><div class=\"wp-block-image\">\n<figure class=\"aligncenter size-full\"><img loading=\"lazy\" decoding=\"async\" width=\"150\" height=\"96\" src=\"http:\/\/vss.yoho.pl\/wp-content\/uploads\/2022\/03\/SCS_perforacja_icon_5.png\" alt=\"\" class=\"wp-image-5231\"\/><\/figure>\n<\/div>\n\n\n<p class=\"has-text-align-center\">pod\u0142u\u017cne<br>(tzw fasolki)<\/p>\n<\/div>\n\n\n\n<div class=\"wp-block-column is-layout-flow wp-block-column-is-layout-flow\"><div class=\"wp-block-image\">\n<figure class=\"aligncenter size-full\"><img loading=\"lazy\" decoding=\"async\" width=\"150\" height=\"96\" src=\"http:\/\/vss.yoho.pl\/wp-content\/uploads\/2022\/03\/SCS_perforacja_icon_6.png\" alt=\"\" class=\"wp-image-5227\"\/><\/figure>\n<\/div>\n\n\n<p class=\"has-text-align-center\">prostok\u0105tne<\/p>\n<\/div>\n<\/div>\n\n\n\n<div class=\"wp-block-columns is-layout-flex wp-container-core-columns-is-layout-9d6595d7 wp-block-columns-is-layout-flex\">\n<div class=\"wp-block-column is-layout-flow wp-block-column-is-layout-flow\"><div class=\"wp-block-image\">\n<figure class=\"aligncenter size-full\"><img loading=\"lazy\" decoding=\"async\" width=\"96\" height=\"96\" src=\"http:\/\/vss.yoho.pl\/wp-content\/uploads\/2022\/03\/SCS_perforacja_icon_2.png\" alt=\"\" class=\"wp-image-5214\"\/><\/figure>\n<\/div>\n\n\n<p class=\"has-text-align-center\">sze\u015bciok\u0105tne<\/p>\n<\/div>\n\n\n\n<div class=\"wp-block-column is-layout-flow wp-block-column-is-layout-flow\"><div class=\"wp-block-image\">\n<figure class=\"aligncenter size-full\"><img loading=\"lazy\" decoding=\"async\" width=\"96\" height=\"96\" src=\"http:\/\/vss.yoho.pl\/wp-content\/uploads\/2022\/03\/SCS_perforacja_icon_3.png\" alt=\"\" class=\"wp-image-5218\"\/><\/figure>\n<\/div>\n\n\n<p class=\"has-text-align-center\">gwiazdki<\/p>\n<\/div>\n\n\n\n<div class=\"wp-block-column is-layout-flow wp-block-column-is-layout-flow\"><div class=\"wp-block-image\">\n<figure class=\"aligncenter size-full\"><img loading=\"lazy\" decoding=\"async\" width=\"96\" height=\"96\" src=\"http:\/\/vss.yoho.pl\/wp-content\/uploads\/2022\/03\/SCS_perforacja_icon_4.png\" alt=\"\" class=\"wp-image-5223\"\/><\/figure>\n<\/div>\n\n\n<p class=\"has-text-align-center\">nieregularne<\/p>\n<\/div>\n<\/div>\n<\/div>\n\n\n\n<div class=\"wp-block-column is-layout-flow wp-block-column-is-layout-flow\">\n<div class=\"wp-block-cover is-light is-style-full-height\"><span aria-hidden=\"true\" class=\"wp-block-cover__background has-dark-gray-background-color has-background-dim-100 has-background-dim\"><\/span><div class=\"wp-block-cover__inner-container is-layout-flow wp-block-cover-is-layout-flow\">\n<p class=\"has-text-align-left\"><strong>Parametry techniczne<\/strong><\/p>\n\n\n\n<figure class=\"wp-block-table\"><table><tbody><tr><td>Maksymalna szeroko\u015b\u0107 ta\u015bmy<\/td><td>1500 mm<\/td><\/tr><tr><td>Grubo\u015b\u0107 blachy<\/td><td>0,4\u20132,0 mm<\/td><\/tr><\/tbody><\/table><\/figure>\n<\/div><\/div>\n<\/div>\n<\/div>\n\n\n\n<p><\/p>\n\n\n\n<p>*Dodatkowo oferujemy perforacj\u0119 materia\u0142u powierzonego. Szczeg\u00f3\u0142y ustalane s\u0105 indywidualnie z dzia\u0142em handlowym.<\/p>\n<\/div><\/div>\n","protected":false},"featured_media":16959,"menu_order":266,"template":"","product_category":[103],"warranty":[],"product_serie":[],"class_list":["post-5192","product","type-product","status-publish","has-post-thumbnail","hentry","product_category-perforacja-blach"],"acf":[],"yoast_head":"<!-- This site is optimized with the Yoast SEO plugin v26.5 - https:\/\/yoast.com\/wordpress\/plugins\/seo\/ -->\n<title>Perforacja blach - VSS<\/title>\n<meta name=\"robots\" content=\"noindex, follow, max-snippet:-1, max-image-preview:large, max-video-preview:-1\" \/>\n<meta property=\"og:locale\" content=\"pl_PL\" \/>\n<meta property=\"og:type\" content=\"article\" \/>\n<meta property=\"og:title\" content=\"Perforacja blach - VSS\" \/>\n<meta property=\"og:description\" content=\"Wykonujemy perforacje w szerokim zakresie wielko\u015bci i kszta\u0142t\u00f3w: okr\u0105g\u0142e pod\u0142u\u017cne(tzw fasolki) prostok\u0105tne sze\u015bciok\u0105tne gwiazdki nieregularne *Dodatkowo oferujemy perforacj\u0119 materia\u0142u powierzonego. Szczeg\u00f3\u0142y ustalane s\u0105 indywidualnie z dzia\u0142em handlowym.\" \/>\n<meta property=\"og:url\" content=\"https:\/\/vss.yoho.pl\/vyrobok\/perforacia-plechov\/\" \/>\n<meta property=\"og:site_name\" content=\"VSS\" \/>\n<meta property=\"article:modified_time\" content=\"2022-09-02T09:40:09+00:00\" \/>\n<meta property=\"og:image\" content=\"https:\/\/vss.yoho.pl\/wp-content\/uploads\/2022\/03\/perforacja.png\" \/>\n\t<meta property=\"og:image:width\" content=\"820\" \/>\n\t<meta property=\"og:image:height\" content=\"547\" \/>\n\t<meta property=\"og:image:type\" content=\"image\/png\" \/>\n<meta name=\"twitter:card\" content=\"summary_large_image\" \/>\n<script type=\"application\/ld+json\" class=\"yoast-schema-graph\">{\"@context\":\"https:\/\/schema.org\",\"@graph\":[{\"@type\":\"WebPage\",\"@id\":\"https:\/\/vss.yoho.pl\/vyrobok\/perforacia-plechov\/\",\"url\":\"https:\/\/vss.yoho.pl\/vyrobok\/perforacia-plechov\/\",\"name\":\"Perforacja blach - VSS\",\"isPartOf\":{\"@id\":\"https:\/\/vss.yoho.pl\/#website\"},\"primaryImageOfPage\":{\"@id\":\"https:\/\/vss.yoho.pl\/vyrobok\/perforacia-plechov\/#primaryimage\"},\"image\":{\"@id\":\"https:\/\/vss.yoho.pl\/vyrobok\/perforacia-plechov\/#primaryimage\"},\"thumbnailUrl\":\"https:\/\/vss.yoho.pl\/wp-content\/uploads\/2022\/03\/perforacja.png\",\"datePublished\":\"2022-03-23T10:22:49+00:00\",\"dateModified\":\"2022-09-02T09:40:09+00:00\",\"breadcrumb\":{\"@id\":\"https:\/\/vss.yoho.pl\/vyrobok\/perforacia-plechov\/#breadcrumb\"},\"inLanguage\":\"pl-PL\",\"potentialAction\":[{\"@type\":\"ReadAction\",\"target\":[\"https:\/\/vss.yoho.pl\/vyrobok\/perforacia-plechov\/\"]}]},{\"@type\":\"ImageObject\",\"inLanguage\":\"pl-PL\",\"@id\":\"https:\/\/vss.yoho.pl\/vyrobok\/perforacia-plechov\/#primaryimage\",\"url\":\"https:\/\/vss.yoho.pl\/wp-content\/uploads\/2022\/03\/perforacja.png\",\"contentUrl\":\"https:\/\/vss.yoho.pl\/wp-content\/uploads\/2022\/03\/perforacja.png\",\"width\":820,\"height\":547},{\"@type\":\"BreadcrumbList\",\"@id\":\"https:\/\/vss.yoho.pl\/vyrobok\/perforacia-plechov\/#breadcrumb\",\"itemListElement\":[{\"@type\":\"ListItem\",\"position\":1,\"name\":\"Home\",\"item\":\"https:\/\/vss.yoho.pl\/pl\/\"},{\"@type\":\"ListItem\",\"position\":2,\"name\":\"Perforacja blach\"}]},{\"@type\":\"WebSite\",\"@id\":\"https:\/\/vss.yoho.pl\/#website\",\"url\":\"https:\/\/vss.yoho.pl\/\",\"name\":\"VSS\",\"description\":\"Stalowe Centrum Serwisowe\",\"potentialAction\":[{\"@type\":\"SearchAction\",\"target\":{\"@type\":\"EntryPoint\",\"urlTemplate\":\"https:\/\/vss.yoho.pl\/?s={search_term_string}\"},\"query-input\":{\"@type\":\"PropertyValueSpecification\",\"valueRequired\":true,\"valueName\":\"search_term_string\"}}],\"inLanguage\":\"pl-PL\"}]}<\/script>\n<!-- \/ Yoast SEO plugin. -->","yoast_head_json":{"title":"Perforacja blach - VSS","robots":{"index":"noindex","follow":"follow","max-snippet":"max-snippet:-1","max-image-preview":"max-image-preview:large","max-video-preview":"max-video-preview:-1"},"og_locale":"pl_PL","og_type":"article","og_title":"Perforacja blach - VSS","og_description":"Wykonujemy perforacje w szerokim zakresie wielko\u015bci i kszta\u0142t\u00f3w: okr\u0105g\u0142e pod\u0142u\u017cne(tzw fasolki) prostok\u0105tne sze\u015bciok\u0105tne gwiazdki nieregularne *Dodatkowo oferujemy perforacj\u0119 materia\u0142u powierzonego. Szczeg\u00f3\u0142y ustalane s\u0105 indywidualnie z dzia\u0142em handlowym.","og_url":"https:\/\/vss.yoho.pl\/vyrobok\/perforacia-plechov\/","og_site_name":"VSS","article_modified_time":"2022-09-02T09:40:09+00:00","og_image":[{"width":820,"height":547,"url":"https:\/\/vss.yoho.pl\/wp-content\/uploads\/2022\/03\/perforacja.png","type":"image\/png"}],"twitter_card":"summary_large_image","schema":{"@context":"https:\/\/schema.org","@graph":[{"@type":"WebPage","@id":"https:\/\/vss.yoho.pl\/vyrobok\/perforacia-plechov\/","url":"https:\/\/vss.yoho.pl\/vyrobok\/perforacia-plechov\/","name":"Perforacja blach - VSS","isPartOf":{"@id":"https:\/\/vss.yoho.pl\/#website"},"primaryImageOfPage":{"@id":"https:\/\/vss.yoho.pl\/vyrobok\/perforacia-plechov\/#primaryimage"},"image":{"@id":"https:\/\/vss.yoho.pl\/vyrobok\/perforacia-plechov\/#primaryimage"},"thumbnailUrl":"https:\/\/vss.yoho.pl\/wp-content\/uploads\/2022\/03\/perforacja.png","datePublished":"2022-03-23T10:22:49+00:00","dateModified":"2022-09-02T09:40:09+00:00","breadcrumb":{"@id":"https:\/\/vss.yoho.pl\/vyrobok\/perforacia-plechov\/#breadcrumb"},"inLanguage":"pl-PL","potentialAction":[{"@type":"ReadAction","target":["https:\/\/vss.yoho.pl\/vyrobok\/perforacia-plechov\/"]}]},{"@type":"ImageObject","inLanguage":"pl-PL","@id":"https:\/\/vss.yoho.pl\/vyrobok\/perforacia-plechov\/#primaryimage","url":"https:\/\/vss.yoho.pl\/wp-content\/uploads\/2022\/03\/perforacja.png","contentUrl":"https:\/\/vss.yoho.pl\/wp-content\/uploads\/2022\/03\/perforacja.png","width":820,"height":547},{"@type":"BreadcrumbList","@id":"https:\/\/vss.yoho.pl\/vyrobok\/perforacia-plechov\/#breadcrumb","itemListElement":[{"@type":"ListItem","position":1,"name":"Home","item":"https:\/\/vss.yoho.pl\/pl\/"},{"@type":"ListItem","position":2,"name":"Perforacja blach"}]},{"@type":"WebSite","@id":"https:\/\/vss.yoho.pl\/#website","url":"https:\/\/vss.yoho.pl\/","name":"VSS","description":"Stalowe Centrum Serwisowe","potentialAction":[{"@type":"SearchAction","target":{"@type":"EntryPoint","urlTemplate":"https:\/\/vss.yoho.pl\/?s={search_term_string}"},"query-input":{"@type":"PropertyValueSpecification","valueRequired":true,"valueName":"search_term_string"}}],"inLanguage":"pl-PL"}]}},"_links":{"self":[{"href":"https:\/\/vss.yoho.pl\/pl\/wp-json\/wp\/v2\/product\/5192","targetHints":{"allow":["GET"]}}],"collection":[{"href":"https:\/\/vss.yoho.pl\/pl\/wp-json\/wp\/v2\/product"}],"about":[{"href":"https:\/\/vss.yoho.pl\/pl\/wp-json\/wp\/v2\/types\/product"}],"wp:featuredmedia":[{"embeddable":true,"href":"https:\/\/vss.yoho.pl\/pl\/wp-json\/wp\/v2\/media\/16959"}],"wp:attachment":[{"href":"https:\/\/vss.yoho.pl\/pl\/wp-json\/wp\/v2\/media?parent=5192"}],"wp:term":[{"taxonomy":"product_category","embeddable":true,"href":"https:\/\/vss.yoho.pl\/pl\/wp-json\/wp\/v2\/product_category?post=5192"},{"taxonomy":"warranty","embeddable":true,"href":"https:\/\/vss.yoho.pl\/pl\/wp-json\/wp\/v2\/warranty?post=5192"},{"taxonomy":"product_serie","embeddable":true,"href":"https:\/\/vss.yoho.pl\/pl\/wp-json\/wp\/v2\/product_serie?post=5192"}],"curies":[{"name":"wp","href":"https:\/\/api.w.org\/{rel}","templated":true}]}}